{"id":23,"date":"2021-07-20T11:01:46","date_gmt":"2021-07-20T11:01:46","guid":{"rendered":"https:\/\/kastenwagenzubehoer.de\/versandarten"},"modified":"2026-01-21T14:47:10","modified_gmt":"2026-01-21T14:47:10","slug":"versandkosten","status":"publish","type":"page","link":"https:\/\/kastenwagenzubehoer.de\/en\/versandkosten\/","title":{"rendered":"Shipping costs"},"content":{"rendered":"<p>[et_pb_section fb_built=&#8220;1&#8243; admin_label=&#8220;section&#8220; _builder_version=&#8220;4.27.5&#8243; background_color=&#8220;RGBA(255,255,255,0)&#8220; hover_enabled=&#8220;0&#8243; global_colors_info=&#8220;{}&#8220; sticky_enabled=&#8220;0&#8243;][et_pb_row _builder_version=&#8220;4.27.5&#8243; _module_preset=&#8220;default&#8220; width=&#8220;50%&#8220; hover_enabled=&#8220;0&#8243; sticky_enabled=&#8220;0&#8243; background_color=&#8220;RGBA(255,255,255,0)&#8220; custom_margin=&#8220;||-2px||false|false&#8220; custom_padding=&#8220;0px||0px||false|false&#8220; max_width_last_edited=&#8220;on|tablet&#8220; max_width_tablet=&#8220;2560%&#8220; width_last_edited=&#8220;on|tablet&#8220; width_tablet=&#8220;80%&#8220; max_width_phone=&#8220;2560%&#8220; width_phone=&#8220;95%&#8220; module_alignment_last_edited=&#8220;on|phone&#8220;][et_pb_column _builder_version=&#8220;4.27.5&#8243; _module_preset=&#8220;default&#8220; type=&#8220;4_4&#8243;][et_pb_text _builder_version=&#8220;4.27.5&#8243; _module_preset=&#8220;default&#8220; text_font=&#8220;Arial||||||||&#8220; text_font_size=&#8220;20px&#8220; text_text_color=&#8220;#FFFFFF&#8220; hover_enabled=&#8220;0&#8243; sticky_enabled=&#8220;0&#8243; background_color=&#8220;#000000&#8243; border_radii__hover_enabled=&#8220;off|desktop&#8220; text_line_height=&#8220;2em&#8220; module_alignment_last_edited=&#8220;on|tablet&#8220; text_font_size_last_edited=&#8220;on|phone&#8220; text_font_size_phone=&#8220;10px&#8220; text_font_size_tablet=&#8220;20px&#8220;]<\/p>\n<table border=\"1\" style=\"height: 120px; width: 100%; border-collapse: collapse; border-color: 0; background-color: 0;\">\n<tbody>\n<tr style=\"height: 24px;\">\n<td style=\"width: 25%; height: 24px;\"><\/td>\n<td style=\"width: 25%; height: 24px; text-align: center;\">Deutschland<\/td>\n<td style=\"width: 25%; height: 24px; text-align: center;\">Europa<\/td>\n<td style=\"width: 25%; height: 24px; text-align: center;\">Schweiz<\/td>\n<\/tr>\n<tr style=\"height: 24px;\">\n<td style=\"width: 25%; height: 24px; text-align: center;\">P\u00e4ckchen<\/td>\n<td style=\"width: 25%; height: 24px; text-align: center;\">6,95\u20ac<\/td>\n<td style=\"width: 25%; height: 24px; text-align: center;\">16,95\u20ac<\/td>\n<td style=\"width: 25%; height: 24px; text-align: center;\">45,95\u20ac<\/td>\n<\/tr>\n<tr style=\"height: 24px;\">\n<td style=\"width: 25%; height: 24px; text-align: center;\">Paket<\/td>\n<td style=\"width: 25%; height: 24px; text-align: center;\">8,95\u20ac<\/td>\n<td style=\"width: 25%; height: 24px; text-align: center;\">17,95\u20ac<\/td>\n<td style=\"width: 25%; height: 24px; text-align: center;\">45,95\u20ac<\/td>\n<\/tr>\n<tr style=\"height: 24px;\">\n<td style=\"width: 25%; height: 24px; text-align: center;\">Sperrgut<\/td>\n<td style=\"width: 25%; height: 24px; text-align: center;\">19,95\u20ac<\/td>\n<td style=\"width: 25%; height: 24px; text-align: center;\">41,95\u20ac<\/td>\n<td style=\"width: 25%; height: 24px; text-align: center;\">99,00\u20ac<\/td>\n<\/tr>\n<tr style=\"height: 24px;\">\n<td style=\"width: 25%; height: 24px; text-align: center;\">\u00dcbergr\u00f6\u00dfe<\/td>\n<td style=\"width: 25%; height: 24px; text-align: center;\">45,95\u20ac<\/td>\n<td style=\"width: 25%; height: 24px; text-align: center;\">45,95\u20ac<\/td>\n<td style=\"width: 25%; height: 24px; text-align: center;\">210,00\u20ac<\/td>\n<\/tr>\n<\/tbody>\n<\/table>\n<p>[\/et_pb_text][\/et_pb_column][\/et_pb_row][\/et_pb_section]<\/p>\n","protected":false},"excerpt":{"rendered":"<p>Deutschland Europa Schweiz P\u00e4ckchen 6,95\u20ac 16,95\u20ac 45,95\u20ac Paket 8,95\u20ac 17,95\u20ac 45,95\u20ac Sperrgut 19,95\u20ac 41,95\u20ac 99,00\u20ac \u00dcbergr\u00f6\u00dfe 45,95\u20ac 45,95\u20ac 210,00\u20ac<\/p>","protected":false},"author":1,"featured_media":0,"parent":0,"menu_order":0,"comment_status":"closed","ping_status":"closed","template":"","meta":{"_et_pb_use_builder":"on","_et_pb_old_content":"<style>\/*! elementor - v3.7.8 - 02-10-2022 *\/\n.elementor-widget-image{text-align:center}.elementor-widget-image a{display:inline-block}.elementor-widget-image a img[src$=\".svg\"]{width:48px}.elementor-widget-image img{vertical-align:middle;display:inline-block}<\/style>\t\t\t\t\t\t\t\t\t\t\t\t<img width=\"1000\" height=\"500\" src=\"https:\/\/kastenwagenzubehoer.de\/wp-content\/uploads\/2022\/10\/PCS-Versandarten-2.png\" alt=\"\" loading=\"lazy\" srcset=\"https:\/\/kastenwagenzubehoer.de\/wp-content\/uploads\/2022\/10\/PCS-Versandarten-2.png 1000w, https:\/\/kastenwagenzubehoer.de\/wp-content\/uploads\/2022\/10\/PCS-Versandarten-2-300x150.png 300w, https:\/\/kastenwagenzubehoer.de\/wp-content\/uploads\/2022\/10\/PCS-Versandarten-2-768x384.png 768w, https:\/\/kastenwagenzubehoer.de\/wp-content\/uploads\/2022\/10\/PCS-Versandarten-2-400x200.png 400w\" sizes=\"(max-width: 1000px) 100vw, 1000px\" \/>","_et_gb_content_width":"","footnotes":""},"class_list":["post-23","page","type-page","status-publish","hentry"],"aioseo_notices":[],"_links":{"self":[{"href":"https:\/\/kastenwagenzubehoer.de\/en\/wp-json\/wp\/v2\/pages\/23","targetHints":{"allow":["GET"]}}],"collection":[{"href":"https:\/\/kastenwagenzubehoer.de\/en\/wp-json\/wp\/v2\/pages"}],"about":[{"href":"https:\/\/kastenwagenzubehoer.de\/en\/wp-json\/wp\/v2\/types\/page"}],"author":[{"embeddable":true,"href":"https:\/\/kastenwagenzubehoer.de\/en\/wp-json\/wp\/v2\/users\/1"}],"replies":[{"embeddable":true,"href":"https:\/\/kastenwagenzubehoer.de\/en\/wp-json\/wp\/v2\/comments?post=23"}],"version-history":[{"count":30,"href":"https:\/\/kastenwagenzubehoer.de\/en\/wp-json\/wp\/v2\/pages\/23\/revisions"}],"predecessor-version":[{"id":9377,"href":"https:\/\/kastenwagenzubehoer.de\/en\/wp-json\/wp\/v2\/pages\/23\/revisions\/9377"}],"wp:attachment":[{"href":"https:\/\/kastenwagenzubehoer.de\/en\/wp-json\/wp\/v2\/media?parent=23"}],"curies":[{"name":"wp","href":"https:\/\/api.w.org\/{rel}","templated":true}]}}