{"id":8526,"date":"2025-11-25T09:22:52","date_gmt":"2025-11-25T09:22:52","guid":{"rendered":"https:\/\/kastenwagenzubehoer.de\/?page_id=8526"},"modified":"2025-12-08T12:25:06","modified_gmt":"2025-12-08T12:25:06","slug":"renogy","status":"publish","type":"page","link":"https:\/\/kastenwagenzubehoer.de\/en\/renogy\/","title":{"rendered":"Renogy"},"content":{"rendered":"<p>[et_pb_section fb_built=&#8220;1&#8243; _builder_version=&#8220;4.27.4&#8243; _module_preset=&#8220;default&#8220; background_video_mp4=&#8220;https:\/\/kastenwagenzubehoer.de\/wp-content\/uploads\/2025\/11\/Off-Grid-ower-system.B9pQ8L55.mp4&#8243; min_height=&#8220;1000px&#8220; height=&#8220;1000px&#8220; custom_padding=&#8220;0px||||false|false&#8220; global_colors_info=&#8220;{}&#8220;][\/et_pb_section][et_pb_section fb_built=&#8220;1&#8243; _builder_version=&#8220;4.27.5&#8243; _module_preset=&#8220;default&#8220; background_color=&#8220;#000000&#8243; width=&#8220;100%&#8220; module_alignment=&#8220;center&#8220; hover_enabled=&#8220;0&#8243; global_colors_info=&#8220;{}&#8220; sticky_enabled=&#8220;0&#8243;][et_pb_row _builder_version=&#8220;4.27.4&#8243; _module_preset=&#8220;default&#8220; custom_padding=&#8220;0px||0px||false|false&#8220; global_colors_info=&#8220;{}&#8220;][et_pb_column type=&#8220;4_4&#8243; _builder_version=&#8220;4.27.4&#8243; _module_preset=&#8220;default&#8220; global_colors_info=&#8220;{}&#8220;][et_pb_text _builder_version=&#8220;4.27.4&#8243; _module_preset=&#8220;default&#8220; text_font=&#8220;Arial||||||||&#8220; header_font=&#8220;Arial|700|||||||&#8220; header_text_color=&#8220;#FFFFFF&#8220; header_font_size=&#8220;34px&#8220; header_2_font=&#8220;Arial|700|||||||&#8220; global_colors_info=&#8220;{}&#8220;]<\/p>\n<h1 class=\"home_main_title section__block section__block--heading md-down:px-gutter h2\" style=\"text-align: center;\"><span class=\"contained-heading inline-block\">RENOGY STEHT F\u00dcR INNOVATION &amp; ERNEUERBARE ENERGIE<\/span><\/h1>\n<p>[\/et_pb_text][et_pb_text _builder_version=&#8220;4.27.4&#8243; _module_preset=&#8220;default&#8220; text_font=&#8220;Arial||||||||&#8220; text_text_color=&#8220;#FFFFFF&#8220; global_colors_info=&#8220;{}&#8220;]<\/p>\n<p style=\"text-align: left;\">Wir befinden uns an einem entscheidenden Moment in der Geschichte. Der Klimawandel und die wachsende Weltbev\u00f6lkerung beeinflussen unsere Lebensweise und unsere Zukunft. Renogy will die Welt mit umweltfreundlicher Energie versorgen. Damit bieten wir komplettes Solarsystem- ganz unabh\u00e4ngig von jedem Stromanschluss, um eine sauberere, gr\u00fcnere und nachhaltigere Welt f\u00fcr zuk\u00fcnftige Generationen zu entwickeln.<\/p>\n<p>[\/et_pb_text][\/et_pb_column][\/et_pb_row][\/et_pb_section][et_pb_section fb_built=&#8220;1&#8243; _builder_version=&#8220;4.27.4&#8243; _module_preset=&#8220;default&#8220; background_color=&#8220;#FFFFFF&#8220; global_colors_info=&#8220;{}&#8220;][et_pb_row column_structure=&#8220;1_2,1_2&#8243; _builder_version=&#8220;4.27.4&#8243; _module_preset=&#8220;default&#8220; custom_padding=&#8220;0px||||false|false&#8220; global_colors_info=&#8220;{}&#8220;][et_pb_column type=&#8220;1_2&#8243; _builder_version=&#8220;4.27.4&#8243; _module_preset=&#8220;default&#8220; global_colors_info=&#8220;{}&#8220;][et_pb_image src=&#8220;https:\/\/kastenwagenzubehoer.de\/wp-content\/uploads\/2025\/12\/XdCYxu-g.jpeg&#8220; title_text=&#8220;XdCYxu-g&#8220; _builder_version=&#8220;4.27.4&#8243; _module_preset=&#8220;default&#8220; border_radii=&#8220;on|5px|5px|5px|5px&#8220; global_colors_info=&#8220;{}&#8220;][\/et_pb_image][\/et_pb_column][et_pb_column type=&#8220;1_2&#8243; _builder_version=&#8220;4.27.4&#8243; _module_preset=&#8220;default&#8220; global_colors_info=&#8220;{}&#8220;][et_pb_image src=&#8220;https:\/\/kastenwagenzubehoer.de\/wp-content\/uploads\/2025\/12\/Pd9mAO_A.jpeg&#8220; title_text=&#8220;Pd9mAO_A&#8220; _builder_version=&#8220;4.27.4&#8243; _module_preset=&#8220;default&#8220; border_radii=&#8220;on|5px|5px|5px|5px&#8220; global_colors_info=&#8220;{}&#8220;][\/et_pb_image][\/et_pb_column][\/et_pb_row][et_pb_row column_structure=&#8220;2_3,1_3&#8243; _builder_version=&#8220;4.27.4&#8243; _module_preset=&#8220;default&#8220; global_colors_info=&#8220;{}&#8220;][et_pb_column type=&#8220;2_3&#8243; _builder_version=&#8220;4.27.4&#8243; _module_preset=&#8220;default&#8220; global_colors_info=&#8220;{}&#8220;][et_pb_image src=&#8220;https:\/\/kastenwagenzubehoer.de\/wp-content\/uploads\/2025\/12\/02-\u623f\u5b50-renogy-1.jpg&#8220; title_text=&#8220;02-\u623f\u5b50-renogy (1)&#8220; _builder_version=&#8220;4.27.4&#8243; _module_preset=&#8220;default&#8220; border_radii=&#8220;on|5px|5px|5px|5px&#8220; global_colors_info=&#8220;{}&#8220;][\/et_pb_image][\/et_pb_column][et_pb_column type=&#8220;1_3&#8243; _builder_version=&#8220;4.27.4&#8243; _module_preset=&#8220;default&#8220; global_colors_info=&#8220;{}&#8220;][et_pb_image src=&#8220;https:\/\/kastenwagenzubehoer.de\/wp-content\/uploads\/2025\/12\/03-\u70ed\u6591-scaled.jpg&#8220; title_text=&#8220;03-\u70ed\u6591&#8220; _builder_version=&#8220;4.27.4&#8243; _module_preset=&#8220;default&#8220; custom_padding=&#8220;||58px||false|false&#8220; border_radii=&#8220;on|5px|5px|5px|5px&#8220; global_colors_info=&#8220;{}&#8220;][\/et_pb_image][et_pb_image src=&#8220;https:\/\/kastenwagenzubehoer.de\/wp-content\/uploads\/2025\/12\/03-\u8868\u683c-scaled.png&#8220; title_text=&#8220;03-\u8868\u683c&#8220; _builder_version=&#8220;4.27.4&#8243; _module_preset=&#8220;default&#8220; border_radii=&#8220;on|5px|5px|5px|5px&#8220; global_colors_info=&#8220;{}&#8220;][\/et_pb_image][\/et_pb_column][\/et_pb_row][\/et_pb_section][et_pb_section fb_built=&#8220;1&#8243; _builder_version=&#8220;4.27.5&#8243; _module_preset=&#8220;default&#8220; background_color=&#8220;#FFFFFF&#8220; hover_enabled=&#8220;0&#8243; global_colors_info=&#8220;{}&#8220; sticky_enabled=&#8220;0&#8243;][et_pb_row column_structure=&#8220;1_2,1_2&#8243; _builder_version=&#8220;4.27.4&#8243; _module_preset=&#8220;default&#8220; width=&#8220;50%&#8220; hover_enabled=&#8220;0&#8243; global_colors_info=&#8220;{}&#8220; sticky_enabled=&#8220;0&#8243;][et_pb_column type=&#8220;1_2&#8243; _builder_version=&#8220;4.27.4&#8243; _module_preset=&#8220;default&#8220; global_colors_info=&#8220;{}&#8220;][et_pb_image src=&#8220;https:\/\/kastenwagenzubehoer.de\/wp-content\/uploads\/2025\/04\/120W_Solarmodul__30122.jpg&#8220; title_text=&#8220;120W_Solarmodul__30122&#8243; url=&#8220;https:\/\/kastenwagenzubehoer.de\/produkt\/120w-shadowflux-anti-beschattung-n-typ-solarmodul\/&#8220; show_bottom_space=&#8220;off&#8220; _builder_version=&#8220;4.27.5&#8243; _module_preset=&#8220;default&#8220; hover_enabled=&#8220;0&#8243; border_radii=&#8220;off|5px|5px||&#8220; global_colors_info=&#8220;{}&#8220; sticky_enabled=&#8220;0&#8243; box_shadow_style=&#8220;preset1&#8243;][\/et_pb_image][et_pb_text _builder_version=&#8220;4.27.5&#8243; _module_preset=&#8220;default&#8220; text_font=&#8220;Arial||||||||&#8220; text_text_color=&#8220;#FFFFFF&#8220; text_font_size=&#8220;16px&#8220; text_orientation=&#8220;center&#8220; custom_padding=&#8220;10px||10px||false|false&#8220; link_option_url=&#8220;https:\/\/kastenwagenzubehoer.de\/produkt\/120w-shadowflux-anti-beschattung-n-typ-solarmodul\/&#8220; hover_enabled=&#8220;0&#8243; border_radii=&#8220;off|||5px|5px&#8220; border_color_all=&#8220;#000000&#8243; global_colors_info=&#8220;{}&#8220; background__hover_enabled=&#8220;on|desktop&#8220; sticky_enabled=&#8220;0&#8243; background_color=&#8220;#000000&#8243;]<\/p>\n<p>RENOGY 120 W SHADOWFLUX ANTI-SHADING N-TYPE<\/p>\n<p>[\/et_pb_text][\/et_pb_column][et_pb_column type=&#8220;1_2&#8243; _builder_version=&#8220;4.27.4&#8243; _module_preset=&#8220;default&#8220; global_colors_info=&#8220;{}&#8220;][et_pb_image src=&#8220;https:\/\/kastenwagenzubehoer.de\/wp-content\/uploads\/2025\/04\/200W_Solarmodul__33058.webp&#8220; title_text=&#8220;200W_Solarmodul__33058&#8243; url=&#8220;https:\/\/kastenwagenzubehoer.de\/produkt\/200w-shadowflux-anti-beschattung-n-typ-solarmodul\/&#8220; show_bottom_space=&#8220;off&#8220; _builder_version=&#8220;4.27.5&#8243; _module_preset=&#8220;default&#8220; hover_enabled=&#8220;0&#8243; border_radii=&#8220;off|5px|5px||&#8220; global_colors_info=&#8220;{}&#8220; sticky_enabled=&#8220;0&#8243; box_shadow_style=&#8220;preset1&#8243;][\/et_pb_image][et_pb_text _builder_version=&#8220;4.27.5&#8243; _module_preset=&#8220;default&#8220; text_font=&#8220;Arial||||||||&#8220; text_text_color=&#8220;#FFFFFF&#8220; text_font_size=&#8220;16px&#8220; text_orientation=&#8220;center&#8220; custom_padding=&#8220;10px||10px||false|false&#8220; link_option_url=&#8220;https:\/\/kastenwagenzubehoer.de\/produkt\/200w-shadowflux-anti-beschattung-n-typ-solarmodul\/&#8220; hover_enabled=&#8220;0&#8243; border_radii=&#8220;off|||5px|5px&#8220; border_color_all=&#8220;#000000&#8243; global_colors_info=&#8220;{}&#8220; background__hover_enabled=&#8220;on|hover&#8220; sticky_enabled=&#8220;0&#8243; background_color=&#8220;#000000&#8243;]<\/p>\n<p>RENOGY 200 W SHADOWFLUX ANTI-SHADING N-TYPE<\/p>\n<p>[\/et_pb_text][\/et_pb_column][\/et_pb_row][\/et_pb_section][et_pb_section fb_built=&#8220;1&#8243; _builder_version=&#8220;4.27.4&#8243; _module_preset=&#8220;default&#8220; background_color=&#8220;#FFFFFF&#8220; global_colors_info=&#8220;{}&#8220;][et_pb_row column_structure=&#8220;1_3,1_3,1_3&#8243; _builder_version=&#8220;4.27.4&#8243; _module_preset=&#8220;default&#8220; global_colors_info=&#8220;{}&#8220;][et_pb_column type=&#8220;1_3&#8243; _builder_version=&#8220;4.27.4&#8243; _module_preset=&#8220;default&#8220; global_colors_info=&#8220;{}&#8220;][et_pb_image src=&#8220;https:\/\/kastenwagenzubehoer.de\/wp-content\/uploads\/2025\/12\/2.jpg&#8220; title_text=&#8220;2&#8243; _builder_version=&#8220;4.27.4&#8243; _module_preset=&#8220;default&#8220; border_radii=&#8220;on|5px|5px|5px|5px&#8220; global_colors_info=&#8220;{}&#8220;][\/et_pb_image][\/et_pb_column][et_pb_column type=&#8220;1_3&#8243; _builder_version=&#8220;4.27.4&#8243; _module_preset=&#8220;default&#8220; global_colors_info=&#8220;{}&#8220;][et_pb_image src=&#8220;https:\/\/kastenwagenzubehoer.de\/wp-content\/uploads\/2025\/12\/3.jpg&#8220; title_text=&#8220;3&#8243; _builder_version=&#8220;4.27.4&#8243; _module_preset=&#8220;default&#8220; border_radii=&#8220;on|5px|5px|5px|5px&#8220; global_colors_info=&#8220;{}&#8220;][\/et_pb_image][\/et_pb_column][et_pb_column type=&#8220;1_3&#8243; _builder_version=&#8220;4.27.4&#8243; _module_preset=&#8220;default&#8220; global_colors_info=&#8220;{}&#8220;][et_pb_image src=&#8220;https:\/\/kastenwagenzubehoer.de\/wp-content\/uploads\/2025\/12\/4.jpg&#8220; title_text=&#8220;4&#8243; _builder_version=&#8220;4.27.4&#8243; _module_preset=&#8220;default&#8220; border_radii=&#8220;on|5px|5px|5px|5px&#8220; global_colors_info=&#8220;{}&#8220;][\/et_pb_image][\/et_pb_column][\/et_pb_row][et_pb_row column_structure=&#8220;1_2,1_2&#8243; _builder_version=&#8220;4.27.4&#8243; _module_preset=&#8220;default&#8220; global_colors_info=&#8220;{}&#8220;][et_pb_column type=&#8220;1_2&#8243; _builder_version=&#8220;4.27.4&#8243; _module_preset=&#8220;default&#8220; global_colors_info=&#8220;{}&#8220;][et_pb_image src=&#8220;https:\/\/kastenwagenzubehoer.de\/wp-content\/uploads\/2025\/12\/5.jpg&#8220; title_text=&#8220;5&#8243; _builder_version=&#8220;4.27.4&#8243; _module_preset=&#8220;default&#8220; border_radii=&#8220;on|5px|5px|5px|5px&#8220; global_colors_info=&#8220;{}&#8220;][\/et_pb_image][\/et_pb_column][et_pb_column type=&#8220;1_2&#8243; _builder_version=&#8220;4.27.4&#8243; _module_preset=&#8220;default&#8220; global_colors_info=&#8220;{}&#8220;][et_pb_image src=&#8220;https:\/\/kastenwagenzubehoer.de\/wp-content\/uploads\/2025\/12\/6.jpg&#8220; title_text=&#8220;6&#8243; _builder_version=&#8220;4.27.4&#8243; _module_preset=&#8220;default&#8220; border_radii=&#8220;on|5px|5px|5px|5px&#8220; global_colors_info=&#8220;{}&#8220;][\/et_pb_image][\/et_pb_column][\/et_pb_row][\/et_pb_section][et_pb_section fb_built=&#8220;1&#8243; _builder_version=&#8220;4.27.5&#8243; _module_preset=&#8220;default&#8220; background_color=&#8220;#FFFFFF&#8220; hover_enabled=&#8220;0&#8243; global_colors_info=&#8220;{}&#8220; sticky_enabled=&#8220;0&#8243;][et_pb_row column_structure=&#8220;1_3,1_3,1_3&#8243; _builder_version=&#8220;4.27.4&#8243; _module_preset=&#8220;default&#8220; global_colors_info=&#8220;{}&#8220;][et_pb_column type=&#8220;1_3&#8243; _builder_version=&#8220;4.27.4&#8243; _module_preset=&#8220;default&#8220; global_colors_info=&#8220;{}&#8220;][et_pb_image src=&#8220;https:\/\/kastenwagenzubehoer.de\/wp-content\/uploads\/2025\/12\/1-135ah.jpg&#8220; title_text=&#8220;1-135ah&#8220; url=&#8220;https:\/\/kastenwagenzubehoer.de\/produkt\/renogy-pro-series-12volt-135ah-smart-lihtium-iron-phosphate-battery-w-self-heating-bluetooth-5000-cycles\/&#8220; show_bottom_space=&#8220;off&#8220; _builder_version=&#8220;4.27.5&#8243; _module_preset=&#8220;default&#8220; hover_enabled=&#8220;0&#8243; border_radii=&#8220;off|5px|5px||&#8220; global_colors_info=&#8220;{}&#8220; sticky_enabled=&#8220;0&#8243; box_shadow_style=&#8220;preset1&#8243;][\/et_pb_image][et_pb_text _builder_version=&#8220;4.27.5&#8243; _module_preset=&#8220;default&#8220; text_font=&#8220;Arial||||||||&#8220; text_text_color=&#8220;#FFFFFF&#8220; text_font_size=&#8220;16px&#8220; text_orientation=&#8220;center&#8220; custom_padding=&#8220;10px||10px||false|false&#8220; link_option_url=&#8220;https:\/\/kastenwagenzubehoer.de\/produkt\/renogy-pro-series-12volt-135ah-smart-lihtium-iron-phosphate-battery-w-self-heating-bluetooth-5000-cycles\/&#8220; hover_enabled=&#8220;0&#8243; border_radii=&#8220;off|||5px|5px&#8220; border_color_all=&#8220;#000000&#8243; global_colors_info=&#8220;{}&#8220; background__hover_enabled=&#8220;on|hover&#8220; sticky_enabled=&#8220;0&#8243; background_color=&#8220;#000000&#8243;]<\/p>\n<p>RENOGY PRO 135 AH<\/p>\n<p>[\/et_pb_text][\/et_pb_column][et_pb_column type=&#8220;1_3&#8243; _builder_version=&#8220;4.27.4&#8243; _module_preset=&#8220;default&#8220; global_colors_info=&#8220;{}&#8220;][et_pb_image src=&#8220;https:\/\/kastenwagenzubehoer.de\/wp-content\/uploads\/2025\/12\/RBT12200LFP-SHBT-1.jpg&#8220; title_text=&#8220;RBT12200LFP-SHBT (1)&#8220; url=&#8220;https:\/\/kastenwagenzubehoer.de\/produkt\/renogy-pro-series-12volt-200ah-smart-lihtium-iron-phosphate-battery-w-self-heating-bluetooth-5000-cycles\/&#8220; show_bottom_space=&#8220;off&#8220; _builder_version=&#8220;4.27.5&#8243; _module_preset=&#8220;default&#8220; hover_enabled=&#8220;0&#8243; border_radii=&#8220;off|5px|5px||&#8220; global_colors_info=&#8220;{}&#8220; sticky_enabled=&#8220;0&#8243; box_shadow_style=&#8220;preset1&#8243;][\/et_pb_image][et_pb_text _builder_version=&#8220;4.27.5&#8243; _module_preset=&#8220;default&#8220; text_font=&#8220;Arial||||||||&#8220; text_text_color=&#8220;#FFFFFF&#8220; text_font_size=&#8220;16px&#8220; text_orientation=&#8220;center&#8220; custom_padding=&#8220;10px||10px||false|false&#8220; link_option_url=&#8220;https:\/\/kastenwagenzubehoer.de\/produkt\/renogy-pro-series-12volt-200ah-smart-lihtium-iron-phosphate-battery-w-self-heating-bluetooth-5000-cycles\/&#8220; hover_enabled=&#8220;0&#8243; border_radii=&#8220;off|||5px|5px&#8220; border_color_all=&#8220;#FFFFFF&#8220; global_colors_info=&#8220;{}&#8220; background__hover_enabled=&#8220;on|hover&#8220; background_color=&#8220;#000000&#8243; sticky_enabled=&#8220;0&#8243;]<\/p>\n<p>RENOGY PRO 200 AH<\/p>\n<p>[\/et_pb_text][\/et_pb_column][et_pb_column type=&#8220;1_3&#8243; _builder_version=&#8220;4.27.4&#8243; _module_preset=&#8220;default&#8220; global_colors_info=&#8220;{}&#8220;][et_pb_image src=&#8220;https:\/\/kastenwagenzubehoer.de\/wp-content\/uploads\/2025\/12\/RBT12500LFP-SHBT.jpeg&#8220; title_text=&#8220;RBT12500LFP-SHBT&#8220; url=&#8220;https:\/\/kastenwagenzubehoer.de\/produkt\/renogy-pro-series-12volt-500ah-smart-lihtium-iron-phosphate-battery-w-self-heating-bluetooth-5000-cycles\/&#8220; show_bottom_space=&#8220;off&#8220; _builder_version=&#8220;4.27.5&#8243; _module_preset=&#8220;default&#8220; hover_enabled=&#8220;0&#8243; border_radii=&#8220;off|5px|5px||&#8220; global_colors_info=&#8220;{}&#8220; sticky_enabled=&#8220;0&#8243; box_shadow_style=&#8220;preset1&#8243;][\/et_pb_image][et_pb_text _builder_version=&#8220;4.27.5&#8243; _module_preset=&#8220;default&#8220; text_font=&#8220;Arial||||||||&#8220; text_text_color=&#8220;#FFFFFF&#8220; text_font_size=&#8220;16px&#8220; text_orientation=&#8220;center&#8220; custom_padding=&#8220;10px||10px||false|false&#8220; link_option_url=&#8220;https:\/\/kastenwagenzubehoer.de\/produkt\/renogy-pro-series-12volt-500ah-smart-lihtium-iron-phosphate-battery-w-self-heating-bluetooth-5000-cycles\/&#8220; hover_enabled=&#8220;0&#8243; border_radii=&#8220;off|||5px|5px&#8220; border_color_all=&#8220;#FFFFFF&#8220; global_colors_info=&#8220;{}&#8220; background__hover_enabled=&#8220;on|hover&#8220; background_color=&#8220;#000000&#8243; sticky_enabled=&#8220;0&#8243; text_text_color__hover_enabled=&#8220;on|hover&#8220; text_text_color__hover=&#8220;#FFFFFF&#8220;]<\/p>\n<p>RENOGY PRO 500 AH<\/p>\n<p>[\/et_pb_text][\/et_pb_column][\/et_pb_row][\/et_pb_section][et_pb_section fb_built=&#8220;1&#8243; _builder_version=&#8220;4.27.4&#8243; _module_preset=&#8220;default&#8220; background_color=&#8220;#000000&#8243; global_colors_info=&#8220;{}&#8220;][et_pb_row _builder_version=&#8220;4.27.4&#8243; _module_preset=&#8220;default&#8220; global_colors_info=&#8220;{}&#8220;][et_pb_column type=&#8220;4_4&#8243; _builder_version=&#8220;4.27.4&#8243; _module_preset=&#8220;default&#8220; global_colors_info=&#8220;{}&#8220;][et_pb_text _builder_version=&#8220;4.27.5&#8243; _module_preset=&#8220;default&#8220; text_font=&#8220;Arial|700|||||||&#8220; text_text_color=&#8220;#FFFFFF&#8220; text_font_size=&#8220;32px&#8220; text_orientation=&#8220;center&#8220; custom_padding=&#8220;25px||25px||false|false&#8220; link_option_url=&#8220;https:\/\/kastenwagenzubehoer.de\/produkt-kategorie\/renogy-2\/&#8220; text_font_size_tablet=&#8220;32px&#8220; text_font_size_phone=&#8220;22px&#8220; text_font_size_last_edited=&#8220;on|phone&#8220; border_radii=&#8220;on|5px|5px|5px|5px&#8220; border_width_all=&#8220;1px&#8220; border_color_all=&#8220;#FFFFFF&#8220; global_colors_info=&#8220;{}&#8220; background__hover_enabled=&#8220;on|hover&#8220; background_color__hover=&#8220;#c2b035&#8243; background_enable_color__hover=&#8220;on&#8220;]<\/p>\n<p>ALLE RENOGY-PRODUKTE ANZEIGEN<\/p>\n<p>[\/et_pb_text][\/et_pb_column][\/et_pb_row][\/et_pb_section]<\/p>\n","protected":false},"excerpt":{"rendered":"<p>RENOGY STEHT F\u00dcR INNOVATION &amp; ERNEUERBARE ENERGIEWir befinden uns an einem entscheidenden Moment in der Geschichte. Der Klimawandel und die wachsende Weltbev\u00f6lkerung beeinflussen unsere Lebensweise und unsere Zukunft. Renogy will die Welt mit umweltfreundlicher Energie versorgen. Damit bieten wir komplettes Solarsystem- ganz unabh\u00e4ngig von jedem Stromanschluss, um eine sauberere, gr\u00fcnere und nachhaltigere Welt f\u00fcr zuk\u00fcnftige [&hellip;]<\/p>\n","protected":false},"author":1,"featured_media":0,"parent":0,"menu_order":0,"comment_status":"closed","ping_status":"closed","template":"","meta":{"_et_pb_use_builder":"on","_et_pb_old_content":"","_et_gb_content_width":"","footnotes":""},"class_list":["post-8526","page","type-page","status-publish","hentry"],"aioseo_notices":[],"_links":{"self":[{"href":"https:\/\/kastenwagenzubehoer.de\/en\/wp-json\/wp\/v2\/pages\/8526","targetHints":{"allow":["GET"]}}],"collection":[{"href":"https:\/\/kastenwagenzubehoer.de\/en\/wp-json\/wp\/v2\/pages"}],"about":[{"href":"https:\/\/kastenwagenzubehoer.de\/en\/wp-json\/wp\/v2\/types\/page"}],"author":[{"embeddable":true,"href":"https:\/\/kastenwagenzubehoer.de\/en\/wp-json\/wp\/v2\/users\/1"}],"replies":[{"embeddable":true,"href":"https:\/\/kastenwagenzubehoer.de\/en\/wp-json\/wp\/v2\/comments?post=8526"}],"version-history":[{"count":32,"href":"https:\/\/kastenwagenzubehoer.de\/en\/wp-json\/wp\/v2\/pages\/8526\/revisions"}],"predecessor-version":[{"id":8643,"href":"https:\/\/kastenwagenzubehoer.de\/en\/wp-json\/wp\/v2\/pages\/8526\/revisions\/8643"}],"wp:attachment":[{"href":"https:\/\/kastenwagenzubehoer.de\/en\/wp-json\/wp\/v2\/media?parent=8526"}],"curies":[{"name":"wp","href":"https:\/\/api.w.org\/{rel}","templated":true}]}}