{"id":10012,"date":"2026-03-02T13:45:18","date_gmt":"2026-03-02T13:45:18","guid":{"rendered":"https:\/\/kastenwagenzubehoer.de\/?post_type=product&#038;p=10012"},"modified":"2026-03-04T08:26:55","modified_gmt":"2026-03-04T08:26:55","slug":"renogy-one-vision-7","status":"publish","type":"product","link":"https:\/\/kastenwagenzubehoer.de\/en\/product\/renogy-one-vision-7\/","title":{"rendered":"Renogy ONE Vision 7&#8220;"},"content":{"rendered":"<h1 data-start=\"87\" data-end=\"119\"><span style=\"color: #ffffff;\"><strong>Technische Spezifikationen<\/strong><\/span><\/h1>\n<p data-start=\"121\" data-end=\"154\"><strong data-start=\"121\" data-end=\"135\">Modellname<\/strong><br data-start=\"135\" data-end=\"138\" \/>RSHSN-W02W7-G1<\/p>\n<p data-start=\"156\" data-end=\"208\"><strong data-start=\"156\" data-end=\"176\">Eingangsspannung<\/strong><br data-start=\"176\" data-end=\"179\" \/>8\u201360 V DC (typisch 12 V DC)<\/p>\n<p data-start=\"210\" data-end=\"285\"><strong data-start=\"210\" data-end=\"231\">Leistungsaufnahme<\/strong><br data-start=\"231\" data-end=\"234\" \/>0,5 W @ 12 V (Bildschirm aus, WLAN eingeschaltet)<\/p>\n<p data-start=\"287\" data-end=\"320\"><strong data-start=\"287\" data-end=\"305\">Betriebssystem<\/strong><br data-start=\"305\" data-end=\"308\" \/>Android 12<\/p>\n<p data-start=\"322\" data-end=\"420\"><strong data-start=\"322\" data-end=\"342\">CPU und Speicher<\/strong><br data-start=\"342\" data-end=\"345\" \/>Quad-Core Cortex-A53 64-Bit CPU<br data-start=\"376\" data-end=\"379\" \/>Arbeitsspeicher: 2 GB<br data-start=\"400\" data-end=\"403\" \/>Speicher: 32 GB<\/p>\n<p data-start=\"422\" data-end=\"510\"><strong data-start=\"422\" data-end=\"433\">Display<\/strong><br data-start=\"433\" data-end=\"436\" \/>7-Zoll-Touchscreen<br data-start=\"454\" data-end=\"457\" \/>Aufl\u00f6sung: 600 \u00d7 1024 Pixel<br data-start=\"484\" data-end=\"487\" \/>Helligkeit: 300 cd\/m\u00b2<\/p>\n<p data-start=\"512\" data-end=\"558\"><strong data-start=\"512\" data-end=\"520\">WLAN<\/strong><br data-start=\"520\" data-end=\"523\" \/>2,4 GHz Wi-Fi (IEEE 802.11 b\/g\/n)<\/p>\n<p data-start=\"560\" data-end=\"606\"><strong data-start=\"560\" data-end=\"573\">Bluetooth<\/strong><br data-start=\"573\" data-end=\"576\" \/>2,4 GHz Bluetooth Low Energy<\/p>\n<p data-start=\"608\" data-end=\"633\"><strong data-start=\"608\" data-end=\"620\">Ethernet<\/strong><br data-start=\"620\" data-end=\"623\" \/>100 Mbps<\/p>\n<p data-start=\"635\" data-end=\"674\"><strong data-start=\"635\" data-end=\"644\">USB-A<\/strong><br data-start=\"644\" data-end=\"647\" \/>USB-Flashlaufwerk f\u00fcr OTG<\/p>\n<p data-start=\"676\" data-end=\"707\"><strong data-start=\"676\" data-end=\"687\">Montage<\/strong><br data-start=\"687\" data-end=\"690\" \/>B\u00fcndige Montage<\/p>\n<p data-start=\"709\" data-end=\"742\"><strong data-start=\"709\" data-end=\"730\">Brandschutzklasse<\/strong><br data-start=\"730\" data-end=\"733\" \/>UL94V-0<\/p>\n<p data-start=\"744\" data-end=\"811\"><strong data-start=\"744\" data-end=\"759\">Abmessungen<\/strong><br data-start=\"759\" data-end=\"762\" \/>7,1 \u00d7 4,7 \u00d7 0,99 Zoll (181,4 \u00d7 118,4 \u00d7 25,2 mm)<\/p>\n<p data-start=\"813\" data-end=\"844\"><strong data-start=\"813\" data-end=\"824\">Gewicht<\/strong><br data-start=\"824\" data-end=\"827\" \/>0,77 lb (350 g)<\/p>\n<p data-start=\"846\" data-end=\"908\"><strong data-start=\"846\" data-end=\"868\">Betriebstemperatur<\/strong><br data-start=\"868\" data-end=\"871\" \/>-4 \u00b0F bis 158 \u00b0F (-20 \u00b0C bis 70 \u00b0C)<\/p>\n<p data-start=\"910\" data-end=\"970\"><strong data-start=\"910\" data-end=\"929\">Lagertemperatur<\/strong><br data-start=\"929\" data-end=\"932\" \/>-22 \u00b0F bis 176 \u00b0F (-30 \u00b0C bis 80 \u00b0C)<\/p>\n<p data-start=\"972\" data-end=\"1060\"><strong data-start=\"972\" data-end=\"996\">Betriebsfeuchtigkeit<\/strong><br data-start=\"996\" data-end=\"999\" \/>10 % \u2013 90 % relative Luftfeuchtigkeit (nicht kondensierend)<\/p>\n<p data-start=\"1062\" data-end=\"1114\"><strong data-start=\"1062\" data-end=\"1078\">Betriebsh\u00f6he<\/strong><br data-start=\"1078\" data-end=\"1081\" \/>Weniger als 5000 m (16404,2 ft)<\/p>\n<p data-start=\"1116\" data-end=\"1179\"><strong data-start=\"1116\" data-end=\"1136\">Zertifizierungen<\/strong><br data-start=\"1136\" data-end=\"1139\" \/>RCM, FCC, CE, IC, UKCA, RoHS und REACH<\/p>\n<p data-start=\"1181\" data-end=\"1205\"><strong data-start=\"1181\" data-end=\"1193\">Garantie<\/strong><br data-start=\"1193\" data-end=\"1196\" \/>2 Jahre<\/p>\n<hr \/>\n<p>&nbsp;<\/p>\n<a href='https:\/\/kastenwagenzubehoer.de\/wp-content\/uploads\/2026\/03\/Renogy-One-Vision\uff08RSHSN-W02W7-G1-User-Manual.pdf' class='small-button smallsilver' target=\"_blank\">(Englisch) Bedienungsanleitung<\/a>","protected":false},"excerpt":{"rendered":"<p>Technische Spezifikationen ModellnameRSHSN-W02W7-G1 Eingangsspannung8\u201360 V DC (typisch 12 V DC) Leistungsaufnahme0,5 W @ 12 V (Bildschirm aus, WLAN eingeschaltet) BetriebssystemAndroid 12 CPU und SpeicherQuad-Core Cortex-A53 64-Bit CPUArbeitsspeicher: 2 GBSpeicher: 32 GB Display7-Zoll-TouchscreenAufl\u00f6sung: 600 \u00d7 1024 PixelHelligkeit: 300 cd\/m\u00b2 WLAN2,4 GHz Wi-Fi (IEEE 802.11 b\/g\/n) Bluetooth2,4 GHz Bluetooth Low Energy Ethernet100 Mbps USB-AUSB-Flashlaufwerk f\u00fcr OTG MontageB\u00fcndige [&hellip;]<\/p>\n","protected":false},"featured_media":10013,"comment_status":"open","ping_status":"closed","template":"","meta":{"_et_pb_use_builder":"","_et_pb_old_content":"","_et_gb_content_width":""},"product_brand":[],"product_cat":[276,286],"product_tag":[],"class_list":{"0":"post-10012","1":"product","2":"type-product","3":"status-publish","4":"has-post-thumbnail","6":"product_cat-energie","7":"product_cat-ueberwachung","8":"product_shipping_class-versandkostenpauschale-i","10":"first","11":"instock","12":"taxable","13":"shipping-taxable","14":"purchasable","15":"product-type-simple"},"aioseo_notices":[],"_links":{"self":[{"href":"https:\/\/kastenwagenzubehoer.de\/en\/wp-json\/wp\/v2\/product\/10012","targetHints":{"allow":["GET"]}}],"collection":[{"href":"https:\/\/kastenwagenzubehoer.de\/en\/wp-json\/wp\/v2\/product"}],"about":[{"href":"https:\/\/kastenwagenzubehoer.de\/en\/wp-json\/wp\/v2\/types\/product"}],"replies":[{"embeddable":true,"href":"https:\/\/kastenwagenzubehoer.de\/en\/wp-json\/wp\/v2\/comments?post=10012"}],"wp:featuredmedia":[{"embeddable":true,"href":"https:\/\/kastenwagenzubehoer.de\/en\/wp-json\/wp\/v2\/media\/10013"}],"wp:attachment":[{"href":"https:\/\/kastenwagenzubehoer.de\/en\/wp-json\/wp\/v2\/media?parent=10012"}],"wp:term":[{"taxonomy":"product_brand","embeddable":true,"href":"https:\/\/kastenwagenzubehoer.de\/en\/wp-json\/wp\/v2\/product_brand?post=10012"},{"taxonomy":"product_cat","embeddable":true,"href":"https:\/\/kastenwagenzubehoer.de\/en\/wp-json\/wp\/v2\/product_cat?post=10012"},{"taxonomy":"product_tag","embeddable":true,"href":"https:\/\/kastenwagenzubehoer.de\/en\/wp-json\/wp\/v2\/product_tag?post=10012"}],"curies":[{"name":"wp","href":"https:\/\/api.w.org\/{rel}","templated":true}]}}