{"id":10059,"date":"2026-03-03T09:54:27","date_gmt":"2026-03-03T09:54:27","guid":{"rendered":"https:\/\/kastenwagenzubehoer.de\/?post_type=product&#038;p=10059"},"modified":"2026-03-04T08:26:06","modified_gmt":"2026-03-04T08:26:06","slug":"renogy-core-solarpanel-zu-laderegler-adapterset-20-fuss-10-awg","status":"publish","type":"product","link":"https:\/\/kastenwagenzubehoer.de\/en\/product\/renogy-core-solarpanel-zu-laderegler-adapterset-20-fuss-10-awg\/","title":{"rendered":"Renogy CORE Solarpanel-zu-Laderegler-Adapterset 20 Fu\u00df 10 AWG"},"content":{"rendered":"<h1 data-start=\"132\" data-end=\"169\"><span style=\"color: #ffffff;\">Technische Daten<\/span><\/h1>\n<p>&nbsp;<\/p>\n<h1 data-start=\"132\" data-end=\"169\"><span style=\"color: #ffffff;\">Verbindungskabel (jeweils ein Paar)<\/span><\/h1>\n<hr data-start=\"171\" data-end=\"174\" \/>\n<h2 data-start=\"176\" data-end=\"207\"><span style=\"color: #ffffff;\">3 m \u2013 5 mm\u00b2 Verbindungskabel<\/span><\/h2>\n<p data-start=\"208\" data-end=\"504\">L\u00e4nge: 3 m<br data-start=\"218\" data-end=\"221\" \/>Drahtquerschnitt: 5 mm\u00b2<br data-start=\"244\" data-end=\"247\" \/>Bemessungsspannung: 600\/1000 V<br data-start=\"277\" data-end=\"280\" \/>Temperaturbereich: -40 \u00b0C bis +85 \u00b0C<br data-start=\"316\" data-end=\"319\" \/>Normale Querschnittsfl\u00e4che: 6,0 mm\u00b2<br data-start=\"354\" data-end=\"357\" \/>Drahtdurchmesser: 3,02 \u00b1 0,08 mm<br data-start=\"389\" data-end=\"392\" \/>Min. Wandst\u00e4rke Isolierung: 0,85 mm<br data-start=\"427\" data-end=\"430\" \/>Min. Wandst\u00e4rke H\u00fclle: 1,08 mm<br data-start=\"460\" data-end=\"463\" \/>Anzahl der Dr\u00e4hte: 84<br data-start=\"484\" data-end=\"487\" \/>Schutzart: IP65<\/p>\n<hr data-start=\"506\" data-end=\"509\" \/>\n<h2 data-start=\"511\" data-end=\"542\"><span style=\"color: #ffffff;\">3 m \u2013 3 mm\u00b2 Verbindungskabel<\/span><\/h2>\n<p data-start=\"543\" data-end=\"839\">L\u00e4nge: 3 m<br data-start=\"553\" data-end=\"556\" \/>Drahtquerschnitt: 3 mm\u00b2<br data-start=\"579\" data-end=\"582\" \/>Bemessungsspannung: 600\/1000 V<br data-start=\"612\" data-end=\"615\" \/>Temperaturbereich: -40 \u00b0C bis +85 \u00b0C<br data-start=\"651\" data-end=\"654\" \/>Normale Querschnittsfl\u00e4che: 4,0 mm\u00b2<br data-start=\"689\" data-end=\"692\" \/>Drahtdurchmesser: 3,02 \u00b1 0,08 mm<br data-start=\"724\" data-end=\"727\" \/>Min. Wandst\u00e4rke Isolierung: 0,78 mm<br data-start=\"762\" data-end=\"765\" \/>Min. Wandst\u00e4rke H\u00fclle: 0,97 mm<br data-start=\"795\" data-end=\"798\" \/>Anzahl der Dr\u00e4hte: 56<br data-start=\"819\" data-end=\"822\" \/>Schutzart: IP65<\/p>\n<hr data-start=\"841\" data-end=\"844\" \/>\n<h2 data-start=\"846\" data-end=\"877\"><span style=\"color: #ffffff;\">6 m \u2013 5 mm\u00b2 Verbindungskabel<\/span><\/h2>\n<p data-start=\"878\" data-end=\"1174\">L\u00e4nge: 6 m<br data-start=\"888\" data-end=\"891\" \/>Drahtquerschnitt: 5 mm\u00b2<br data-start=\"914\" data-end=\"917\" \/>Bemessungsspannung: 600\/1000 V<br data-start=\"947\" data-end=\"950\" \/>Temperaturbereich: -40 \u00b0C bis +85 \u00b0C<br data-start=\"986\" data-end=\"989\" \/>Normale Querschnittsfl\u00e4che: 6,0 mm\u00b2<br data-start=\"1024\" data-end=\"1027\" \/>Drahtdurchmesser: 3,02 \u00b1 0,08 mm<br data-start=\"1059\" data-end=\"1062\" \/>Min. Wandst\u00e4rke Isolierung: 0,85 mm<br data-start=\"1097\" data-end=\"1100\" \/>Min. Wandst\u00e4rke H\u00fclle: 1,08 mm<br data-start=\"1130\" data-end=\"1133\" \/>Anzahl der Dr\u00e4hte: 84<br data-start=\"1154\" data-end=\"1157\" \/>Schutzart: IP65<\/p>\n<hr data-start=\"1176\" data-end=\"1179\" \/>\n<h2 data-start=\"1181\" data-end=\"1212\"><span style=\"color: #ffffff;\">6 m \u2013 3 mm\u00b2 Verbindungskabel<\/span><\/h2>\n<p data-start=\"1213\" data-end=\"1509\">L\u00e4nge: 6 m<br data-start=\"1223\" data-end=\"1226\" \/>Drahtquerschnitt: 3 mm\u00b2<br data-start=\"1249\" data-end=\"1252\" \/>Bemessungsspannung: 600\/1000 V<br data-start=\"1282\" data-end=\"1285\" \/>Temperaturbereich: -40 \u00b0C bis +85 \u00b0C<br data-start=\"1321\" data-end=\"1324\" \/>Normale Querschnittsfl\u00e4che: 4,0 mm\u00b2<br data-start=\"1359\" data-end=\"1362\" \/>Drahtdurchmesser: 3,02 \u00b1 0,08 mm<br data-start=\"1394\" data-end=\"1397\" \/>Min. Wandst\u00e4rke Isolierung: 0,78 mm<br data-start=\"1432\" data-end=\"1435\" \/>Min. Wandst\u00e4rke H\u00fclle: 0,97 mm<br data-start=\"1465\" data-end=\"1468\" \/>Anzahl der Dr\u00e4hte: 56<br data-start=\"1489\" data-end=\"1492\" \/>Schutzart: IP65<\/p>\n<hr data-start=\"1511\" data-end=\"1514\" \/>\n<h2 data-start=\"1516\" data-end=\"1547\"><span style=\"color: #ffffff;\">9 m \u2013 5 mm\u00b2 Verbindungskabel<\/span><\/h2>\n<p data-start=\"1548\" data-end=\"1844\">L\u00e4nge: 9 m<br data-start=\"1558\" data-end=\"1561\" \/>Drahtquerschnitt: 5 mm\u00b2<br data-start=\"1584\" data-end=\"1587\" \/>Bemessungsspannung: 600\/1000 V<br data-start=\"1617\" data-end=\"1620\" \/>Temperaturbereich: -40 \u00b0C bis +85 \u00b0C<br data-start=\"1656\" data-end=\"1659\" \/>Normale Querschnittsfl\u00e4che: 6,0 mm\u00b2<br data-start=\"1694\" data-end=\"1697\" \/>Drahtdurchmesser: 3,02 \u00b1 0,08 mm<br data-start=\"1729\" data-end=\"1732\" \/>Min. Wandst\u00e4rke Isolierung: 0,85 mm<br data-start=\"1767\" data-end=\"1770\" \/>Min. Wandst\u00e4rke H\u00fclle: 1,08 mm<br data-start=\"1800\" data-end=\"1803\" \/>Anzahl der Dr\u00e4hte: 84<br data-start=\"1824\" data-end=\"1827\" \/>Schutzart: IP65<\/p>\n<hr data-start=\"1846\" data-end=\"1849\" \/>\n<h2 data-start=\"1851\" data-end=\"1882\"><span style=\"color: #ffffff;\">9 m \u2013 3 mm\u00b2 Verbindungskabel<\/span><\/h2>\n<p data-start=\"1883\" data-end=\"2179\">L\u00e4nge: 9 m<br data-start=\"1893\" data-end=\"1896\" \/>Drahtquerschnitt: 3 mm\u00b2<br data-start=\"1919\" data-end=\"1922\" \/>Bemessungsspannung: 600\/1000 V<br data-start=\"1952\" data-end=\"1955\" \/>Temperaturbereich: -40 \u00b0C bis +85 \u00b0C<br data-start=\"1991\" data-end=\"1994\" \/>Normale Querschnittsfl\u00e4che: 4,0 mm\u00b2<br data-start=\"2029\" data-end=\"2032\" \/>Drahtdurchmesser: 3,02 \u00b1 0,08 mm<br data-start=\"2064\" data-end=\"2067\" \/>Min. Wandst\u00e4rke Isolierung: 0,78 mm<br data-start=\"2102\" data-end=\"2105\" \/>Min. Wandst\u00e4rke H\u00fclle: 0,97 mm<br data-start=\"2135\" data-end=\"2138\" \/>Anzahl der Dr\u00e4hte: 56<br data-start=\"2159\" data-end=\"2162\" \/>Schutzart: IP65<\/p>\n<hr data-start=\"2181\" data-end=\"2184\" \/>\n<h2 data-start=\"2186\" data-end=\"2218\"><span style=\"color: #ffffff;\">12 m \u2013 5 mm\u00b2 Verbindungskabel<\/span><\/h2>\n<p data-start=\"2219\" data-end=\"2516\">L\u00e4nge: 12 m<br data-start=\"2230\" data-end=\"2233\" \/>Drahtquerschnitt: 5 mm\u00b2<br data-start=\"2256\" data-end=\"2259\" \/>Bemessungsspannung: 600\/1000 V<br data-start=\"2289\" data-end=\"2292\" \/>Temperaturbereich: -40 \u00b0C bis +85 \u00b0C<br data-start=\"2328\" data-end=\"2331\" \/>Normale Querschnittsfl\u00e4che: 6,0 mm\u00b2<br data-start=\"2366\" data-end=\"2369\" \/>Drahtdurchmesser: 3,02 \u00b1 0,08 mm<br data-start=\"2401\" data-end=\"2404\" \/>Min. Wandst\u00e4rke Isolierung: 0,85 mm<br data-start=\"2439\" data-end=\"2442\" \/>Min. Wandst\u00e4rke H\u00fclle: 1,08 mm<br data-start=\"2472\" data-end=\"2475\" \/>Anzahl der Dr\u00e4hte: 84<br data-start=\"2496\" data-end=\"2499\" \/>Schutzart: IP65<\/p>\n<hr data-start=\"2518\" data-end=\"2521\" \/>\n<h2 data-start=\"2523\" data-end=\"2555\"><span style=\"color: #ffffff;\">12 m \u2013 3 mm\u00b2 Verbindungskabel<\/span><\/h2>\n<p data-start=\"2556\" data-end=\"2853\">L\u00e4nge: 12 m<br data-start=\"2567\" data-end=\"2570\" \/>Drahtquerschnitt: 3 mm\u00b2<br data-start=\"2593\" data-end=\"2596\" \/>Bemessungsspannung: 600\/1000 V<br data-start=\"2626\" data-end=\"2629\" \/>Temperaturbereich: -40 \u00b0C bis +85 \u00b0C<br data-start=\"2665\" data-end=\"2668\" \/>Normale Querschnittsfl\u00e4che: 4,0 mm\u00b2<br data-start=\"2703\" data-end=\"2706\" \/>Drahtdurchmesser: 3,02 \u00b1 0,08 mm<br data-start=\"2738\" data-end=\"2741\" \/>Min. Wandst\u00e4rke Isolierung: 0,78 mm<br data-start=\"2776\" data-end=\"2779\" \/>Min. Wandst\u00e4rke H\u00fclle: 0,97 mm<br data-start=\"2809\" data-end=\"2812\" \/>Anzahl der Dr\u00e4hte: 56<br data-start=\"2833\" data-end=\"2836\" \/>Schutzart: IP65<\/p>\n<hr data-start=\"2855\" data-end=\"2858\" \/>\n<h2 data-start=\"2860\" data-end=\"2893\"><span style=\"color: #ffffff;\">23 cm \u2013 3 mm\u00b2 Verbindungskabel<\/span><\/h2>\n<p data-start=\"2894\" data-end=\"3192\">L\u00e4nge: 23 cm<br data-start=\"2906\" data-end=\"2909\" \/>Drahtquerschnitt: 3 mm\u00b2<br data-start=\"2932\" data-end=\"2935\" \/>Bemessungsspannung: 600\/1000 V<br data-start=\"2965\" data-end=\"2968\" \/>Temperaturbereich: -40 \u00b0C bis +85 \u00b0C<br data-start=\"3004\" data-end=\"3007\" \/>Normale Querschnittsfl\u00e4che: 4,0 mm\u00b2<br data-start=\"3042\" data-end=\"3045\" \/>Drahtdurchmesser: 3,02 \u00b1 0,08 mm<br data-start=\"3077\" data-end=\"3080\" \/>Min. Wandst\u00e4rke Isolierung: 0,78 mm<br data-start=\"3115\" data-end=\"3118\" \/>Min. Wandst\u00e4rke H\u00fclle: 0,97 mm<br data-start=\"3148\" data-end=\"3151\" \/>Anzahl der Dr\u00e4hte: 56<br data-start=\"3172\" data-end=\"3175\" \/>Schutzart: IP65<\/p>\n<hr data-start=\"3194\" data-end=\"3197\" \/>\n<h1 data-start=\"3199\" data-end=\"3209\"><span style=\"color: #ffffff;\">Garantie<\/span><\/h1>\n<p data-start=\"3211\" data-end=\"3249\"><strong data-start=\"3211\" data-end=\"3223\">Zubeh\u00f6r:<\/strong> 1 Jahr Materialgarantie<\/p>\n<hr \/>\n<a href='https:\/\/kastenwagenzubehoer.de\/wp-content\/uploads\/2026\/03\/Handbuch-1.pdf' class='small-button smallsilver' target=\"_blank\">(Deutsch) Handbuch &#8211; RNG-AK-20FT-10<\/a>","protected":false},"excerpt":{"rendered":"<p>Technische Daten &nbsp; Verbindungskabel (jeweils ein Paar) 3 m \u2013 5 mm\u00b2 Verbindungskabel L\u00e4nge: 3 mDrahtquerschnitt: 5 mm\u00b2Bemessungsspannung: 600\/1000 VTemperaturbereich: -40 \u00b0C bis +85 \u00b0CNormale Querschnittsfl\u00e4che: 6,0 mm\u00b2Drahtdurchmesser: 3,02 \u00b1 0,08 mmMin. Wandst\u00e4rke Isolierung: 0,85 mmMin. Wandst\u00e4rke H\u00fclle: 1,08 mmAnzahl der Dr\u00e4hte: 84Schutzart: IP65 3 m \u2013 3 mm\u00b2 Verbindungskabel L\u00e4nge: 3 mDrahtquerschnitt: 3 mm\u00b2Bemessungsspannung: [&hellip;]<\/p>\n","protected":false},"featured_media":10060,"comment_status":"open","ping_status":"closed","template":"","meta":{"_et_pb_use_builder":"","_et_pb_old_content":"","_et_gb_content_width":""},"product_brand":[],"product_cat":[287,276],"product_tag":[],"class_list":{"0":"post-10059","1":"product","2":"type-product","3":"status-publish","4":"has-post-thumbnail","6":"product_cat-adapter-kabel","7":"product_cat-energie","8":"product_shipping_class-versandkostenpauschale-i","10":"first","11":"outofstock","12":"taxable","13":"shipping-taxable","14":"purchasable","15":"product-type-simple"},"aioseo_notices":[],"_links":{"self":[{"href":"https:\/\/kastenwagenzubehoer.de\/en\/wp-json\/wp\/v2\/product\/10059","targetHints":{"allow":["GET"]}}],"collection":[{"href":"https:\/\/kastenwagenzubehoer.de\/en\/wp-json\/wp\/v2\/product"}],"about":[{"href":"https:\/\/kastenwagenzubehoer.de\/en\/wp-json\/wp\/v2\/types\/product"}],"replies":[{"embeddable":true,"href":"https:\/\/kastenwagenzubehoer.de\/en\/wp-json\/wp\/v2\/comments?post=10059"}],"wp:featuredmedia":[{"embeddable":true,"href":"https:\/\/kastenwagenzubehoer.de\/en\/wp-json\/wp\/v2\/media\/10060"}],"wp:attachment":[{"href":"https:\/\/kastenwagenzubehoer.de\/en\/wp-json\/wp\/v2\/media?parent=10059"}],"wp:term":[{"taxonomy":"product_brand","embeddable":true,"href":"https:\/\/kastenwagenzubehoer.de\/en\/wp-json\/wp\/v2\/product_brand?post=10059"},{"taxonomy":"product_cat","embeddable":true,"href":"https:\/\/kastenwagenzubehoer.de\/en\/wp-json\/wp\/v2\/product_cat?post=10059"},{"taxonomy":"product_tag","embeddable":true,"href":"https:\/\/kastenwagenzubehoer.de\/en\/wp-json\/wp\/v2\/product_tag?post=10059"}],"curies":[{"name":"wp","href":"https:\/\/api.w.org\/{rel}","templated":true}]}}