{"id":10062,"date":"2026-03-03T10:04:08","date_gmt":"2026-03-03T10:04:08","guid":{"rendered":"https:\/\/kastenwagenzubehoer.de\/?post_type=product&#038;p=10062"},"modified":"2026-03-04T08:26:04","modified_gmt":"2026-03-04T08:26:04","slug":"renogy-core-solarpanel-zu-laderegler-adapterset-30-ft-10-awg","status":"publish","type":"product","link":"https:\/\/kastenwagenzubehoer.de\/en\/product\/renogy-core-solarpanel-zu-laderegler-adapterset-30-ft-10-awg\/","title":{"rendered":"Renogy CORE Solarpanel-zu-Laderegler-Adapterset 30 Ft 10 AWG"},"content":{"rendered":"<h1 data-start=\"147\" data-end=\"184\"><span style=\"color: #ffffff;\">Technische Daten<\/span><\/h1>\n<h1 data-start=\"147\" data-end=\"184\"><\/h1>\n<h1 data-start=\"147\" data-end=\"184\"><span style=\"color: #ffffff;\">Verbindungskabel (jeweils ein Paar)<\/span><\/h1>\n<h2 data-start=\"186\" data-end=\"217\"><span style=\"color: #ffffff;\">3 m \u2013 5 mm\u00b2 Verbindungskabel<\/span><\/h2>\n<ul data-start=\"218\" data-end=\"534\">\n<li data-start=\"218\" data-end=\"232\">\n<p data-start=\"220\" data-end=\"232\">L\u00e4nge: 3 m<\/p>\n<\/li>\n<li data-start=\"233\" data-end=\"260\">\n<p data-start=\"235\" data-end=\"260\">Drahtquerschnitt: 5 mm\u00b2<\/p>\n<\/li>\n<li data-start=\"261\" data-end=\"295\">\n<p data-start=\"263\" data-end=\"295\">Bemessungsspannung: 600\/1000 V<\/p>\n<\/li>\n<li data-start=\"296\" data-end=\"336\">\n<p data-start=\"298\" data-end=\"336\">Temperaturbereich: -40 \u00b0C bis +85 \u00b0C<\/p>\n<\/li>\n<li data-start=\"337\" data-end=\"376\">\n<p data-start=\"339\" data-end=\"376\">Normale Querschnittsfl\u00e4che: 6,0 mm\u00b2<\/p>\n<\/li>\n<li data-start=\"377\" data-end=\"413\">\n<p data-start=\"379\" data-end=\"413\">Drahtdurchmesser: 3,02 \u00b1 0,08 mm<\/p>\n<\/li>\n<li data-start=\"414\" data-end=\"453\">\n<p data-start=\"416\" data-end=\"453\">Min. Wandst\u00e4rke Isolierung: 0,85 mm<\/p>\n<\/li>\n<li data-start=\"454\" data-end=\"488\">\n<p data-start=\"456\" data-end=\"488\">Min. Wandst\u00e4rke H\u00fclle: 1,08 mm<\/p>\n<\/li>\n<li data-start=\"489\" data-end=\"514\">\n<p data-start=\"491\" data-end=\"514\">Anzahl der Dr\u00e4hte: 84<\/p>\n<\/li>\n<li data-start=\"515\" data-end=\"534\">\n<p data-start=\"517\" data-end=\"534\">Schutzart: IP65<\/p>\n<\/li>\n<\/ul>\n<hr data-start=\"536\" data-end=\"539\" \/>\n<h2 data-start=\"541\" data-end=\"572\"><span style=\"color: #ffffff;\">3 m \u2013 3 mm\u00b2 Verbindungskabel<\/span><\/h2>\n<ul data-start=\"573\" data-end=\"889\">\n<li data-start=\"573\" data-end=\"587\">\n<p data-start=\"575\" data-end=\"587\">L\u00e4nge: 3 m<\/p>\n<\/li>\n<li data-start=\"588\" data-end=\"615\">\n<p data-start=\"590\" data-end=\"615\">Drahtquerschnitt: 3 mm\u00b2<\/p>\n<\/li>\n<li data-start=\"616\" data-end=\"650\">\n<p data-start=\"618\" data-end=\"650\">Bemessungsspannung: 600\/1000 V<\/p>\n<\/li>\n<li data-start=\"651\" data-end=\"691\">\n<p data-start=\"653\" data-end=\"691\">Temperaturbereich: -40 \u00b0C bis +85 \u00b0C<\/p>\n<\/li>\n<li data-start=\"692\" data-end=\"731\">\n<p data-start=\"694\" data-end=\"731\">Normale Querschnittsfl\u00e4che: 4,0 mm\u00b2<\/p>\n<\/li>\n<li data-start=\"732\" data-end=\"768\">\n<p data-start=\"734\" data-end=\"768\">Drahtdurchmesser: 3,02 \u00b1 0,08 mm<\/p>\n<\/li>\n<li data-start=\"769\" data-end=\"808\">\n<p data-start=\"771\" data-end=\"808\">Min. Wandst\u00e4rke Isolierung: 0,78 mm<\/p>\n<\/li>\n<li data-start=\"809\" data-end=\"843\">\n<p data-start=\"811\" data-end=\"843\">Min. Wandst\u00e4rke H\u00fclle: 0,97 mm<\/p>\n<\/li>\n<li data-start=\"844\" data-end=\"869\">\n<p data-start=\"846\" data-end=\"869\">Anzahl der Dr\u00e4hte: 56<\/p>\n<\/li>\n<li data-start=\"870\" data-end=\"889\">\n<p data-start=\"872\" data-end=\"889\">Schutzart: IP65<\/p>\n<\/li>\n<\/ul>\n<hr data-start=\"891\" data-end=\"894\" \/>\n<h2 data-start=\"896\" data-end=\"927\"><span style=\"color: #ffffff;\">6 m \u2013 5 mm\u00b2 Verbindungskabel<\/span><\/h2>\n<p data-start=\"928\" data-end=\"979\">(spezifikationsgleich mit 3 m Version, au\u00dfer L\u00e4nge)<\/p>\n<ul data-start=\"980\" data-end=\"1296\">\n<li data-start=\"980\" data-end=\"994\">\n<p data-start=\"982\" data-end=\"994\">L\u00e4nge: 6 m<\/p>\n<\/li>\n<li data-start=\"995\" data-end=\"1022\">\n<p data-start=\"997\" data-end=\"1022\">Drahtquerschnitt: 5 mm\u00b2<\/p>\n<\/li>\n<li data-start=\"1023\" data-end=\"1057\">\n<p data-start=\"1025\" data-end=\"1057\">Bemessungsspannung: 600\/1000 V<\/p>\n<\/li>\n<li data-start=\"1058\" data-end=\"1098\">\n<p data-start=\"1060\" data-end=\"1098\">Temperaturbereich: -40 \u00b0C bis +85 \u00b0C<\/p>\n<\/li>\n<li data-start=\"1099\" data-end=\"1138\">\n<p data-start=\"1101\" data-end=\"1138\">Normale Querschnittsfl\u00e4che: 6,0 mm\u00b2<\/p>\n<\/li>\n<li data-start=\"1139\" data-end=\"1175\">\n<p data-start=\"1141\" data-end=\"1175\">Drahtdurchmesser: 3,02 \u00b1 0,08 mm<\/p>\n<\/li>\n<li data-start=\"1176\" data-end=\"1215\">\n<p data-start=\"1178\" data-end=\"1215\">Min. Wandst\u00e4rke Isolierung: 0,85 mm<\/p>\n<\/li>\n<li data-start=\"1216\" data-end=\"1250\">\n<p data-start=\"1218\" data-end=\"1250\">Min. Wandst\u00e4rke H\u00fclle: 1,08 mm<\/p>\n<\/li>\n<li data-start=\"1251\" data-end=\"1276\">\n<p data-start=\"1253\" data-end=\"1276\">Anzahl der Dr\u00e4hte: 84<\/p>\n<\/li>\n<li data-start=\"1277\" data-end=\"1296\">\n<p data-start=\"1279\" data-end=\"1296\">Schutzart: IP65<\/p>\n<\/li>\n<\/ul>\n<hr data-start=\"1298\" data-end=\"1301\" \/>\n<h2 data-start=\"1303\" data-end=\"1334\"><span style=\"color: #ffffff;\">6 m \u2013 3 mm\u00b2 Verbindungskabel<\/span><\/h2>\n<ul data-start=\"1335\" data-end=\"1651\">\n<li data-start=\"1335\" data-end=\"1349\">\n<p data-start=\"1337\" data-end=\"1349\">L\u00e4nge: 6 m<\/p>\n<\/li>\n<li data-start=\"1350\" data-end=\"1377\">\n<p data-start=\"1352\" data-end=\"1377\">Drahtquerschnitt: 3 mm\u00b2<\/p>\n<\/li>\n<li data-start=\"1378\" data-end=\"1412\">\n<p data-start=\"1380\" data-end=\"1412\">Bemessungsspannung: 600\/1000 V<\/p>\n<\/li>\n<li data-start=\"1413\" data-end=\"1453\">\n<p data-start=\"1415\" data-end=\"1453\">Temperaturbereich: -40 \u00b0C bis +85 \u00b0C<\/p>\n<\/li>\n<li data-start=\"1454\" data-end=\"1493\">\n<p data-start=\"1456\" data-end=\"1493\">Normale Querschnittsfl\u00e4che: 4,0 mm\u00b2<\/p>\n<\/li>\n<li data-start=\"1494\" data-end=\"1530\">\n<p data-start=\"1496\" data-end=\"1530\">Drahtdurchmesser: 3,02 \u00b1 0,08 mm<\/p>\n<\/li>\n<li data-start=\"1531\" data-end=\"1570\">\n<p data-start=\"1533\" data-end=\"1570\">Min. Wandst\u00e4rke Isolierung: 0,78 mm<\/p>\n<\/li>\n<li data-start=\"1571\" data-end=\"1605\">\n<p data-start=\"1573\" data-end=\"1605\">Min. Wandst\u00e4rke H\u00fclle: 0,97 mm<\/p>\n<\/li>\n<li data-start=\"1606\" data-end=\"1631\">\n<p data-start=\"1608\" data-end=\"1631\">Anzahl der Dr\u00e4hte: 56<\/p>\n<\/li>\n<li data-start=\"1632\" data-end=\"1651\">\n<p data-start=\"1634\" data-end=\"1651\">Schutzart: IP65<\/p>\n<\/li>\n<\/ul>\n<hr data-start=\"1653\" data-end=\"1656\" \/>\n<h2 data-start=\"1658\" data-end=\"1689\"><span style=\"color: #ffffff;\">9 m \u2013 5 mm\u00b2 Verbindungskabel<\/span><\/h2>\n<ul data-start=\"1690\" data-end=\"2006\">\n<li data-start=\"1690\" data-end=\"1704\">\n<p data-start=\"1692\" data-end=\"1704\">L\u00e4nge: 9 m<\/p>\n<\/li>\n<li data-start=\"1705\" data-end=\"1732\">\n<p data-start=\"1707\" data-end=\"1732\">Drahtquerschnitt: 5 mm\u00b2<\/p>\n<\/li>\n<li data-start=\"1733\" data-end=\"1767\">\n<p data-start=\"1735\" data-end=\"1767\">Bemessungsspannung: 600\/1000 V<\/p>\n<\/li>\n<li data-start=\"1768\" data-end=\"1808\">\n<p data-start=\"1770\" data-end=\"1808\">Temperaturbereich: -40 \u00b0C bis +85 \u00b0C<\/p>\n<\/li>\n<li data-start=\"1809\" data-end=\"1848\">\n<p data-start=\"1811\" data-end=\"1848\">Normale Querschnittsfl\u00e4che: 6,0 mm\u00b2<\/p>\n<\/li>\n<li data-start=\"1849\" data-end=\"1885\">\n<p data-start=\"1851\" data-end=\"1885\">Drahtdurchmesser: 3,02 \u00b1 0,08 mm<\/p>\n<\/li>\n<li data-start=\"1886\" data-end=\"1925\">\n<p data-start=\"1888\" data-end=\"1925\">Min. Wandst\u00e4rke Isolierung: 0,85 mm<\/p>\n<\/li>\n<li data-start=\"1926\" data-end=\"1960\">\n<p data-start=\"1928\" data-end=\"1960\">Min. Wandst\u00e4rke H\u00fclle: 1,08 mm<\/p>\n<\/li>\n<li data-start=\"1961\" data-end=\"1986\">\n<p data-start=\"1963\" data-end=\"1986\">Anzahl der Dr\u00e4hte: 84<\/p>\n<\/li>\n<li data-start=\"1987\" data-end=\"2006\">\n<p data-start=\"1989\" data-end=\"2006\">Schutzart: IP65<\/p>\n<\/li>\n<\/ul>\n<hr data-start=\"2008\" data-end=\"2011\" \/>\n<h2 data-start=\"2013\" data-end=\"2044\"><span style=\"color: #ffffff;\">9 m \u2013 3 mm\u00b2 Verbindungskabel<\/span><\/h2>\n<ul data-start=\"2045\" data-end=\"2361\">\n<li data-start=\"2045\" data-end=\"2059\">\n<p data-start=\"2047\" data-end=\"2059\">L\u00e4nge: 9 m<\/p>\n<\/li>\n<li data-start=\"2060\" data-end=\"2087\">\n<p data-start=\"2062\" data-end=\"2087\">Drahtquerschnitt: 3 mm\u00b2<\/p>\n<\/li>\n<li data-start=\"2088\" data-end=\"2122\">\n<p data-start=\"2090\" data-end=\"2122\">Bemessungsspannung: 600\/1000 V<\/p>\n<\/li>\n<li data-start=\"2123\" data-end=\"2163\">\n<p data-start=\"2125\" data-end=\"2163\">Temperaturbereich: -40 \u00b0C bis +85 \u00b0C<\/p>\n<\/li>\n<li data-start=\"2164\" data-end=\"2203\">\n<p data-start=\"2166\" data-end=\"2203\">Normale Querschnittsfl\u00e4che: 4,0 mm\u00b2<\/p>\n<\/li>\n<li data-start=\"2204\" data-end=\"2240\">\n<p data-start=\"2206\" data-end=\"2240\">Drahtdurchmesser: 3,02 \u00b1 0,08 mm<\/p>\n<\/li>\n<li data-start=\"2241\" data-end=\"2280\">\n<p data-start=\"2243\" data-end=\"2280\">Min. Wandst\u00e4rke Isolierung: 0,78 mm<\/p>\n<\/li>\n<li data-start=\"2281\" data-end=\"2315\">\n<p data-start=\"2283\" data-end=\"2315\">Min. Wandst\u00e4rke H\u00fclle: 0,97 mm<\/p>\n<\/li>\n<li data-start=\"2316\" data-end=\"2341\">\n<p data-start=\"2318\" data-end=\"2341\">Anzahl der Dr\u00e4hte: 56<\/p>\n<\/li>\n<li data-start=\"2342\" data-end=\"2361\">\n<p data-start=\"2344\" data-end=\"2361\">Schutzart: IP65<\/p>\n<\/li>\n<\/ul>\n<hr data-start=\"2363\" data-end=\"2366\" \/>\n<h2 data-start=\"2368\" data-end=\"2400\"><span style=\"color: #ffffff;\">12 m \u2013 5 mm\u00b2 Verbindungskabel<\/span><\/h2>\n<ul data-start=\"2401\" data-end=\"2718\">\n<li data-start=\"2401\" data-end=\"2416\">\n<p data-start=\"2403\" data-end=\"2416\">L\u00e4nge: 12 m<\/p>\n<\/li>\n<li data-start=\"2417\" data-end=\"2444\">\n<p data-start=\"2419\" data-end=\"2444\">Drahtquerschnitt: 5 mm\u00b2<\/p>\n<\/li>\n<li data-start=\"2445\" data-end=\"2479\">\n<p data-start=\"2447\" data-end=\"2479\">Bemessungsspannung: 600\/1000 V<\/p>\n<\/li>\n<li data-start=\"2480\" data-end=\"2520\">\n<p data-start=\"2482\" data-end=\"2520\">Temperaturbereich: -40 \u00b0C bis +85 \u00b0C<\/p>\n<\/li>\n<li data-start=\"2521\" data-end=\"2560\">\n<p data-start=\"2523\" data-end=\"2560\">Normale Querschnittsfl\u00e4che: 6,0 mm\u00b2<\/p>\n<\/li>\n<li data-start=\"2561\" data-end=\"2597\">\n<p data-start=\"2563\" data-end=\"2597\">Drahtdurchmesser: 3,02 \u00b1 0,08 mm<\/p>\n<\/li>\n<li data-start=\"2598\" data-end=\"2637\">\n<p data-start=\"2600\" data-end=\"2637\">Min. Wandst\u00e4rke Isolierung: 0,85 mm<\/p>\n<\/li>\n<li data-start=\"2638\" data-end=\"2672\">\n<p data-start=\"2640\" data-end=\"2672\">Min. Wandst\u00e4rke H\u00fclle: 1,08 mm<\/p>\n<\/li>\n<li data-start=\"2673\" data-end=\"2698\">\n<p data-start=\"2675\" data-end=\"2698\">Anzahl der Dr\u00e4hte: 84<\/p>\n<\/li>\n<li data-start=\"2699\" data-end=\"2718\">\n<p data-start=\"2701\" data-end=\"2718\">Schutzart: IP65<\/p>\n<\/li>\n<\/ul>\n<hr data-start=\"2720\" data-end=\"2723\" \/>\n<h2 data-start=\"2725\" data-end=\"2757\"><span style=\"color: #ffffff;\">12 m \u2013 3 mm\u00b2 Verbindungskabel<\/span><\/h2>\n<ul data-start=\"2758\" data-end=\"3075\">\n<li data-start=\"2758\" data-end=\"2773\">\n<p data-start=\"2760\" data-end=\"2773\">L\u00e4nge: 12 m<\/p>\n<\/li>\n<li data-start=\"2774\" data-end=\"2801\">\n<p data-start=\"2776\" data-end=\"2801\">Drahtquerschnitt: 3 mm\u00b2<\/p>\n<\/li>\n<li data-start=\"2802\" data-end=\"2836\">\n<p data-start=\"2804\" data-end=\"2836\">Bemessungsspannung: 600\/1000 V<\/p>\n<\/li>\n<li data-start=\"2837\" data-end=\"2877\">\n<p data-start=\"2839\" data-end=\"2877\">Temperaturbereich: -40 \u00b0C bis +85 \u00b0C<\/p>\n<\/li>\n<li data-start=\"2878\" data-end=\"2917\">\n<p data-start=\"2880\" data-end=\"2917\">Normale Querschnittsfl\u00e4che: 4,0 mm\u00b2<\/p>\n<\/li>\n<li data-start=\"2918\" data-end=\"2954\">\n<p data-start=\"2920\" data-end=\"2954\">Drahtdurchmesser: 3,02 \u00b1 0,08 mm<\/p>\n<\/li>\n<li data-start=\"2955\" data-end=\"2994\">\n<p data-start=\"2957\" data-end=\"2994\">Min. Wandst\u00e4rke Isolierung: 0,78 mm<\/p>\n<\/li>\n<li data-start=\"2995\" data-end=\"3029\">\n<p data-start=\"2997\" data-end=\"3029\">Min. Wandst\u00e4rke H\u00fclle: 0,97 mm<\/p>\n<\/li>\n<li data-start=\"3030\" data-end=\"3055\">\n<p data-start=\"3032\" data-end=\"3055\">Anzahl der Dr\u00e4hte: 56<\/p>\n<\/li>\n<li data-start=\"3056\" data-end=\"3075\">\n<p data-start=\"3058\" data-end=\"3075\">Schutzart: IP65<\/p>\n<\/li>\n<\/ul>\n<hr data-start=\"3077\" data-end=\"3080\" \/>\n<h2 data-start=\"3082\" data-end=\"3115\"><span style=\"color: #ffffff;\">23 cm \u2013 3 mm\u00b2 Verbindungskabel<\/span><\/h2>\n<ul data-start=\"3116\" data-end=\"3434\">\n<li data-start=\"3116\" data-end=\"3132\">\n<p data-start=\"3118\" data-end=\"3132\">L\u00e4nge: 23 cm<\/p>\n<\/li>\n<li data-start=\"3133\" data-end=\"3160\">\n<p data-start=\"3135\" data-end=\"3160\">Drahtquerschnitt: 3 mm\u00b2<\/p>\n<\/li>\n<li data-start=\"3161\" data-end=\"3195\">\n<p data-start=\"3163\" data-end=\"3195\">Bemessungsspannung: 600\/1000 V<\/p>\n<\/li>\n<li data-start=\"3196\" data-end=\"3236\">\n<p data-start=\"3198\" data-end=\"3236\">Temperaturbereich: -40 \u00b0C bis +85 \u00b0C<\/p>\n<\/li>\n<li data-start=\"3237\" data-end=\"3276\">\n<p data-start=\"3239\" data-end=\"3276\">Normale Querschnittsfl\u00e4che: 4,0 mm\u00b2<\/p>\n<\/li>\n<li data-start=\"3277\" data-end=\"3313\">\n<p data-start=\"3279\" data-end=\"3313\">Drahtdurchmesser: 3,02 \u00b1 0,08 mm<\/p>\n<\/li>\n<li data-start=\"3314\" data-end=\"3353\">\n<p data-start=\"3316\" data-end=\"3353\">Min. Wandst\u00e4rke Isolierung: 0,78 mm<\/p>\n<\/li>\n<li data-start=\"3354\" data-end=\"3388\">\n<p data-start=\"3356\" data-end=\"3388\">Min. Wandst\u00e4rke H\u00fclle: 0,97 mm<\/p>\n<\/li>\n<li data-start=\"3389\" data-end=\"3414\">\n<p data-start=\"3391\" data-end=\"3414\">Anzahl der Dr\u00e4hte: 56<\/p>\n<\/li>\n<li data-start=\"3415\" data-end=\"3434\">\n<p data-start=\"3417\" data-end=\"3434\">Schutzart: IP65<\/p>\n<\/li>\n<\/ul>\n<hr data-start=\"3436\" data-end=\"3439\" \/>\n<h1 data-start=\"3441\" data-end=\"3451\"><span style=\"color: #ffffff;\">Garantie<\/span><\/h1>\n<p data-start=\"3452\" data-end=\"3490\"><strong data-start=\"3452\" data-end=\"3464\">Zubeh\u00f6r:<\/strong> 1 Jahr Materialgarantie<\/p>\n<hr \/>\n<a href='https:\/\/kastenwagenzubehoer.de\/wp-content\/uploads\/2026\/03\/RNG-AK.pdf' class='small-button smallsilver' target=\"_blank\">(Deutsch) Handbuch &#8211; RNG-AK-30FT-10<\/a>","protected":false},"excerpt":{"rendered":"<p>Technische Daten Verbindungskabel (jeweils ein Paar) 3 m \u2013 5 mm\u00b2 Verbindungskabel L\u00e4nge: 3 m Drahtquerschnitt: 5 mm\u00b2 Bemessungsspannung: 600\/1000 V Temperaturbereich: -40 \u00b0C bis +85 \u00b0C Normale Querschnittsfl\u00e4che: 6,0 mm\u00b2 Drahtdurchmesser: 3,02 \u00b1 0,08 mm Min. Wandst\u00e4rke Isolierung: 0,85 mm Min. Wandst\u00e4rke H\u00fclle: 1,08 mm Anzahl der Dr\u00e4hte: 84 Schutzart: IP65 3 m \u2013 [&hellip;]<\/p>\n","protected":false},"featured_media":10063,"comment_status":"open","ping_status":"closed","template":"","meta":{"_et_pb_use_builder":"","_et_pb_old_content":"","_et_gb_content_width":""},"product_brand":[],"product_cat":[287,276],"product_tag":[],"class_list":{"0":"post-10062","1":"product","2":"type-product","3":"status-publish","4":"has-post-thumbnail","6":"product_cat-adapter-kabel","7":"product_cat-energie","8":"product_shipping_class-versandkostenpauschale-i","10":"first","11":"outofstock","12":"taxable","13":"shipping-taxable","14":"purchasable","15":"product-type-simple"},"aioseo_notices":[],"_links":{"self":[{"href":"https:\/\/kastenwagenzubehoer.de\/en\/wp-json\/wp\/v2\/product\/10062","targetHints":{"allow":["GET"]}}],"collection":[{"href":"https:\/\/kastenwagenzubehoer.de\/en\/wp-json\/wp\/v2\/product"}],"about":[{"href":"https:\/\/kastenwagenzubehoer.de\/en\/wp-json\/wp\/v2\/types\/product"}],"replies":[{"embeddable":true,"href":"https:\/\/kastenwagenzubehoer.de\/en\/wp-json\/wp\/v2\/comments?post=10062"}],"wp:featuredmedia":[{"embeddable":true,"href":"https:\/\/kastenwagenzubehoer.de\/en\/wp-json\/wp\/v2\/media\/10063"}],"wp:attachment":[{"href":"https:\/\/kastenwagenzubehoer.de\/en\/wp-json\/wp\/v2\/media?parent=10062"}],"wp:term":[{"taxonomy":"product_brand","embeddable":true,"href":"https:\/\/kastenwagenzubehoer.de\/en\/wp-json\/wp\/v2\/product_brand?post=10062"},{"taxonomy":"product_cat","embeddable":true,"href":"https:\/\/kastenwagenzubehoer.de\/en\/wp-json\/wp\/v2\/product_cat?post=10062"},{"taxonomy":"product_tag","embeddable":true,"href":"https:\/\/kastenwagenzubehoer.de\/en\/wp-json\/wp\/v2\/product_tag?post=10062"}],"curies":[{"name":"wp","href":"https:\/\/api.w.org\/{rel}","templated":true}]}}