{"id":10067,"date":"2026-03-03T10:38:29","date_gmt":"2026-03-03T10:38:29","guid":{"rendered":"https:\/\/kastenwagenzubehoer.de\/?post_type=product&#038;p=10067"},"modified":"2026-03-03T10:40:21","modified_gmt":"2026-03-03T10:40:21","slug":"renogy-solar-kabeleinfuehrungsduese","status":"publish","type":"product","link":"https:\/\/kastenwagenzubehoer.de\/en\/product\/renogy-solar-kabeleinfuehrungsduese\/","title":{"rendered":"Renogy Solar-Kabeleinf\u00fchrungsd\u00fcse"},"content":{"rendered":"<h1 data-start=\"106\" data-end=\"134\"><span style=\"color: #ffffff;\">Technische Spezifikationen<\/span><\/h1>\n<div class=\"TyagGW_tableContainer\">\n<div class=\"group TyagGW_tableWrapper flex flex-col-reverse w-fit\" tabindex=\"-1\">\n<p data-start=\"93\" data-end=\"138\"><strong data-start=\"93\" data-end=\"106\">Material:<\/strong> UV-best\u00e4ndiger ABS-Kunststoff<\/p>\n<p data-start=\"140\" data-end=\"164\"><strong data-start=\"140\" data-end=\"152\">Gewicht:<\/strong> ca. 122 g<\/p>\n<p data-start=\"166\" data-end=\"216\"><strong data-start=\"166\" data-end=\"194\">Abmessungen (L \u00d7 B \u00d7 H):<\/strong> ca. 99 \u00d7 89 \u00d7 51 mm<\/p>\n<p data-start=\"218\" data-end=\"277\"><strong data-start=\"218\" data-end=\"244\">Empfohlener Klebstoff:<\/strong> Sikaflex 252 oder vergleichbar<\/p>\n<p data-start=\"279\" data-end=\"343\"><strong data-start=\"279\" data-end=\"328\">Kabeldurchmesserbereich (Kabelverschraubung):<\/strong> 6 mm \u2013 12 mm<\/p>\n<\/div>\n<hr \/>\n<a href='https:\/\/kastenwagenzubehoer.de\/wp-content\/uploads\/2026\/03\/RNG-MTS-CE-Manual.pdf' class='small-button smallsilver' target=\"_blank\">(Englisch) Handbuch &#8211; RNG-MTS-CE<\/a>\n<\/div>","protected":false},"excerpt":{"rendered":"<p>Technische Spezifikationen Material: UV-best\u00e4ndiger ABS-Kunststoff Gewicht: ca. 122 g Abmessungen (L \u00d7 B \u00d7 H): ca. 99 \u00d7 89 \u00d7 51 mm Empfohlener Klebstoff: Sikaflex 252 oder vergleichbar Kabeldurchmesserbereich (Kabelverschraubung): 6 mm \u2013 12 mm<\/p>","protected":false},"featured_media":10068,"comment_status":"open","ping_status":"closed","template":"","meta":{"_et_pb_use_builder":"","_et_pb_old_content":"","_et_gb_content_width":""},"product_brand":[],"product_cat":[276,227,93],"product_tag":[],"class_list":{"0":"post-10067","1":"product","2":"type-product","3":"status-publish","4":"has-post-thumbnail","6":"product_cat-energie","7":"product_cat-kabeldurchfuehrungen","8":"product_cat-energie-solartechnik","9":"product_shipping_class-versandkostenpauschale-i","11":"first","12":"instock","13":"taxable","14":"shipping-taxable","15":"purchasable","16":"product-type-simple"},"aioseo_notices":[],"_links":{"self":[{"href":"https:\/\/kastenwagenzubehoer.de\/en\/wp-json\/wp\/v2\/product\/10067","targetHints":{"allow":["GET"]}}],"collection":[{"href":"https:\/\/kastenwagenzubehoer.de\/en\/wp-json\/wp\/v2\/product"}],"about":[{"href":"https:\/\/kastenwagenzubehoer.de\/en\/wp-json\/wp\/v2\/types\/product"}],"replies":[{"embeddable":true,"href":"https:\/\/kastenwagenzubehoer.de\/en\/wp-json\/wp\/v2\/comments?post=10067"}],"wp:featuredmedia":[{"embeddable":true,"href":"https:\/\/kastenwagenzubehoer.de\/en\/wp-json\/wp\/v2\/media\/10068"}],"wp:attachment":[{"href":"https:\/\/kastenwagenzubehoer.de\/en\/wp-json\/wp\/v2\/media?parent=10067"}],"wp:term":[{"taxonomy":"product_brand","embeddable":true,"href":"https:\/\/kastenwagenzubehoer.de\/en\/wp-json\/wp\/v2\/product_brand?post=10067"},{"taxonomy":"product_cat","embeddable":true,"href":"https:\/\/kastenwagenzubehoer.de\/en\/wp-json\/wp\/v2\/product_cat?post=10067"},{"taxonomy":"product_tag","embeddable":true,"href":"https:\/\/kastenwagenzubehoer.de\/en\/wp-json\/wp\/v2\/product_tag?post=10067"}],"curies":[{"name":"wp","href":"https:\/\/api.w.org\/{rel}","templated":true}]}}