{"id":10091,"date":"2026-03-03T14:34:36","date_gmt":"2026-03-03T14:34:36","guid":{"rendered":"https:\/\/kastenwagenzubehoer.de\/?post_type=product&#038;p=10091"},"modified":"2026-03-03T15:20:47","modified_gmt":"2026-03-03T15:20:47","slug":"renogy-12v-20a-dc-dc-battery-charger","status":"publish","type":"product","link":"https:\/\/kastenwagenzubehoer.de\/en\/product\/renogy-12v-20a-dc-dc-battery-charger\/","title":{"rendered":"Renogy 12V 20A DC-DC Battery Charger"},"content":{"rendered":"<p data-start=\"41\" data-end=\"231\">Kompatibel mit intelligenten und herk\u00f6mmlichen Generatoren sorgt dieses 12V 20A Onboard-Batterieladeger\u00e4t f\u00fcr eine effiziente Energienutzung und sch\u00fctzt gleichzeitig die Fahrzeugbatterien.<\/p>\n<p data-start=\"233\" data-end=\"395\">Dank mehrerer elektronischer Schutzfunktionen bietet das Ger\u00e4t ein zuverl\u00e4ssiges Ladeerlebnis w\u00e4hrend der Fahrt und erreicht eine Ladeeffizienz von bis zu 94 %.<\/p>\n<p data-start=\"397\" data-end=\"497\">Mit integrierter intelligenter Ladesteuerung optimiert es den Ladevorgang nahtlos und automatisch.<\/p>\n<h1 data-start=\"102\" data-end=\"135\"><span style=\"color: #ffffff;\">Technische Daten<\/span><\/h1>\n<p data-start=\"102\" data-end=\"135\"><strong data-start=\"102\" data-end=\"121\">Systemspannung:<\/strong> 12 V \u2013 12 V<\/p>\n<p data-start=\"137\" data-end=\"266\"><strong data-start=\"137\" data-end=\"168\">Unterst\u00fctzte Batterietypen:<\/strong><br data-start=\"168\" data-end=\"171\" \/>Starterbatterie: Gel<br data-start=\"191\" data-end=\"194\" \/>Zusatzbatterie: SLD, AGM, Nassbatterie, Lithium und Gel; Benutzermodus<\/p>\n<p data-start=\"268\" data-end=\"304\"><strong data-start=\"268\" data-end=\"294\">Leerlaufstromaufnahme:<\/strong> &lt; 15 mA<\/p>\n<p data-start=\"306\" data-end=\"338\"><strong data-start=\"306\" data-end=\"325\">Wandlermethode:<\/strong> Buck-Boost<\/p>\n<p data-start=\"340\" data-end=\"382\"><strong data-start=\"340\" data-end=\"369\">Eingangsspannungsbereich:<\/strong> 9 V \u2013 16 V<\/p>\n<p data-start=\"384\" data-end=\"426\"><strong data-start=\"384\" data-end=\"413\">Ausgangsspannungsbereich:<\/strong> 9 V \u2013 16 V<\/p>\n<p data-start=\"428\" data-end=\"463\"><strong data-start=\"428\" data-end=\"456\">Maximaler Nennladestrom:<\/strong> 20 A<\/p>\n<p data-start=\"465\" data-end=\"512\"><strong data-start=\"465\" data-end=\"495\">Maximale Eingangsleistung:<\/strong> 300 W bei 20 A<\/p>\n<p data-start=\"514\" data-end=\"544\"><strong data-start=\"514\" data-end=\"532\">Kommunikation:<\/strong> Bluetooth<\/p>\n<hr \/>\n<h2 data-start=\"1159\" data-end=\"1179\"><span style=\"color: #ffffff;\">Schutzmechanismen<\/span><\/h2>\n<p data-start=\"1181\" data-end=\"1272\"><strong data-start=\"1181\" data-end=\"1200\">Zusatzbatterie:<\/strong><br data-start=\"1200\" data-end=\"1203\" \/>\u00dcberspannungs-, Tiefentlade-, \u00dcbertemperatur- und Kurzschlussschutz<\/p>\n<p data-start=\"1274\" data-end=\"1332\"><strong data-start=\"1274\" data-end=\"1294\">Starterbatterie:<\/strong><br data-start=\"1294\" data-end=\"1297\" \/>Verpolungs- und Kurzschlussschutz<\/p>\n<p data-start=\"546\" data-end=\"588\"><strong data-start=\"546\" data-end=\"569\">Betriebstemperatur:<\/strong> -25 \u00b0C bis 60 \u00b0C<\/p>\n<hr \/>\n<h2 data-start=\"2131\" data-end=\"2165\"><span style=\"color: #ffffff;\">Derating (Leistungsreduzierung)<\/span><\/h2>\n<p data-start=\"2169\" data-end=\"2188\">&lt; 45 \u00b0C: Volllast<\/p>\n<p data-start=\"2193\" data-end=\"2222\">&gt; 45 \u00b0C: Unterlast<\/p>\n<p data-start=\"2225\" data-end=\"2261\">\u2265 60 \u00b0C: Nicht mehr funktionsf\u00e4hig<\/p>\n<hr \/>\n<p data-start=\"590\" data-end=\"629\"><strong data-start=\"590\" data-end=\"610\">Lagertemperatur:<\/strong> -40 \u00b0C bis 85 \u00b0C<\/p>\n<p data-start=\"631\" data-end=\"718\"><strong data-start=\"631\" data-end=\"656\">Betriebsfeuchtigkeit:<\/strong> 0 % bis 95 % relative Luftfeuchtigkeit, nicht kondensierend<\/p>\n<p data-start=\"720\" data-end=\"753\"><strong data-start=\"720\" data-end=\"737\">IP-Schutzart:<\/strong> &gt; IP20 (IP32)<\/p>\n<p data-start=\"755\" data-end=\"787\"><strong data-start=\"755\" data-end=\"770\">Montagemethode:<\/strong> Aufputzmontage<\/p>\n<p data-start=\"789\" data-end=\"822\"><strong data-start=\"789\" data-end=\"801\">K\u00fchlung:<\/strong> Nat\u00fcrliche K\u00fchlung<\/p>\n<p data-start=\"824\" data-end=\"852\"><strong data-start=\"824\" data-end=\"841\">Betriebsh\u00f6he:<\/strong> \u2264 3000 m<\/p>\n<p data-start=\"854\" data-end=\"888\"><strong data-start=\"854\" data-end=\"878\">Ger\u00e4uschentwicklung:<\/strong> &lt; 40 dB<\/p>\n<p data-start=\"890\" data-end=\"911\"><strong data-start=\"890\" data-end=\"902\">Gewicht:<\/strong> \u2264 1,5 kg<\/p>\n<p data-start=\"913\" data-end=\"953\"><strong data-start=\"913\" data-end=\"929\">Abmessungen:<\/strong> 236,5 \u00d7 131,5 \u00d7 58 mm<\/p>\n<p data-start=\"955\" data-end=\"1003\"><strong data-start=\"955\" data-end=\"976\">Zertifizierungen:<\/strong> RoHS, FCC, CE, RCM, UKCA<\/p>\n<p data-start=\"1005\" data-end=\"1028\"><strong data-start=\"1005\" data-end=\"1018\">Garantie:<\/strong> 2 Jahre<\/p>\n<hr \/>\n<a href='https:\/\/kastenwagenzubehoer.de\/wp-content\/uploads\/2026\/03\/RBC40D1U-G2RBC20D1U-G1\u3010RENOGY-12V-20A40A-Battery-ChargerDE\u3011_UM_A0_20250327.pdf' class='small-button smallsilver' target=\"_blank\">(Deutsch) Bedienungsanleitung &#8211; RBC40D1U &amp; RBC20D1U<\/a>\n<p data-start=\"1005\" data-end=\"1028\"><a href='https:\/\/kastenwagenzubehoer.de\/wp-content\/uploads\/2026\/03\/QG_RENOGY_2012V_2020A40A_20Battery_20Charger_A0.pdf' class='small-button smallsilver' target=\"_blank\">(Englisch) Schnellstartanleitung &#8211; RBC40D1U &amp; RBC20D1U<\/a><\/p>","protected":false},"excerpt":{"rendered":"<p>Kompatibel mit intelligenten und herk\u00f6mmlichen Generatoren sorgt dieses 12V 20A Onboard-Batterieladeger\u00e4t f\u00fcr eine effiziente Energienutzung und sch\u00fctzt gleichzeitig die Fahrzeugbatterien. Dank mehrerer elektronischer Schutzfunktionen bietet das Ger\u00e4t ein zuverl\u00e4ssiges Ladeerlebnis w\u00e4hrend der Fahrt und erreicht eine Ladeeffizienz von bis zu 94 %. Mit integrierter intelligenter Ladesteuerung optimiert es den Ladevorgang nahtlos und automatisch. Technische Daten [&hellip;]<\/p>\n","protected":false},"featured_media":10093,"comment_status":"open","ping_status":"closed","template":"","meta":{"_et_pb_use_builder":"","_et_pb_old_content":"","_et_gb_content_width":""},"product_brand":[],"product_cat":[282,145,276,215],"product_tag":[],"class_list":{"0":"post-10091","1":"product","2":"type-product","3":"status-publish","4":"has-post-thumbnail","6":"product_cat-batterie-ladegeraete","7":"product_cat-batterien","8":"product_cat-energie","9":"product_cat-ladegeraete","10":"product_shipping_class-versandkostenpauschale-i","12":"first","13":"instock","14":"taxable","15":"shipping-taxable","16":"purchasable","17":"product-type-simple"},"aioseo_notices":[],"_links":{"self":[{"href":"https:\/\/kastenwagenzubehoer.de\/en\/wp-json\/wp\/v2\/product\/10091","targetHints":{"allow":["GET"]}}],"collection":[{"href":"https:\/\/kastenwagenzubehoer.de\/en\/wp-json\/wp\/v2\/product"}],"about":[{"href":"https:\/\/kastenwagenzubehoer.de\/en\/wp-json\/wp\/v2\/types\/product"}],"replies":[{"embeddable":true,"href":"https:\/\/kastenwagenzubehoer.de\/en\/wp-json\/wp\/v2\/comments?post=10091"}],"wp:featuredmedia":[{"embeddable":true,"href":"https:\/\/kastenwagenzubehoer.de\/en\/wp-json\/wp\/v2\/media\/10093"}],"wp:attachment":[{"href":"https:\/\/kastenwagenzubehoer.de\/en\/wp-json\/wp\/v2\/media?parent=10091"}],"wp:term":[{"taxonomy":"product_brand","embeddable":true,"href":"https:\/\/kastenwagenzubehoer.de\/en\/wp-json\/wp\/v2\/product_brand?post=10091"},{"taxonomy":"product_cat","embeddable":true,"href":"https:\/\/kastenwagenzubehoer.de\/en\/wp-json\/wp\/v2\/product_cat?post=10091"},{"taxonomy":"product_tag","embeddable":true,"href":"https:\/\/kastenwagenzubehoer.de\/en\/wp-json\/wp\/v2\/product_tag?post=10091"}],"curies":[{"name":"wp","href":"https:\/\/api.w.org\/{rel}","templated":true}]}}