{"id":10192,"date":"2026-03-12T09:27:59","date_gmt":"2026-03-12T09:27:59","guid":{"rendered":"https:\/\/kastenwagenzubehoer.de\/?post_type=product&#038;p=10192"},"modified":"2026-03-12T09:28:58","modified_gmt":"2026-03-12T09:28:58","slug":"helipott-e-drive-standard-size-m-vekehrsgrau-magic","status":"publish","type":"product","link":"https:\/\/kastenwagenzubehoer.de\/en\/product\/helipott-e-drive-standard-size-m-vekehrsgrau-magic\/","title":{"rendered":"Helipott E-Drive Standard, Size M, Vekehrsgrau &#8211; MAGIC"},"content":{"rendered":"<p data-start=\"79\" data-end=\"815\">Beim Modell\u00a0<strong data-start=\"91\" data-end=\"111\">HELIPOTT E-Drive<\/strong>\u00a0handelt es sich um eine programmgesteuerte Trenntoilette mit integrierter Kompostierfunktion. Der komfortable Trennaufsatz sorgt f\u00fcr eine saubere und zuverl\u00e4ssige Trennung. Die Feststoffe werden automatisch mit einem Substrat im R\u00fchrwerk vermischt. Gesteuert wird die Toilette ausschlie\u00dflich \u00fcber den Deckel, die Programme f\u00fcr L\u00fcftung und R\u00fchrwerk laufen automatisch. Eine intelligente Sensorik \u00fcberwacht Kanistervorhandensein, F\u00fcllstand und den Deckelstatus. Durch die spezielle Gestaltung des R\u00fchrwerks und das abgestimmte Programm entsteht eine optimale Durchmischung, eine verl\u00e4ngerte Nutzungsdauer von etwa 20\u201330 Anwendungen bis zur n\u00e4chsten Leerung sowie ein stabiler pH-Wert zwischen 7 und 7,5.<\/p>\n<h4 data-start=\"817\" data-end=\"833\"><span style=\"color: #ffffff;\">Highlights<\/span><\/h4>\n<ul data-start=\"834\" data-end=\"1116\">\n<li data-start=\"834\" data-end=\"893\">\n<p data-start=\"836\" data-end=\"893\">Programmgesteuerte Trenntoilette mit Kompostierfunktion<\/p>\n<\/li>\n<li data-start=\"894\" data-end=\"948\">\n<p data-start=\"896\" data-end=\"948\">Komfortabler Trennaufsatz f\u00fcr zuverl\u00e4ssige Nutzung<\/p>\n<\/li>\n<li data-start=\"949\" data-end=\"1000\">\n<p data-start=\"951\" data-end=\"1000\">Automatische Steuerung von L\u00fcftung und R\u00fchrwerk<\/p>\n<\/li>\n<li data-start=\"1001\" data-end=\"1063\">\n<p data-start=\"1003\" data-end=\"1063\">Sensor\u00fcberwachung f\u00fcr Kanister, F\u00fcllstand und Deckelstatus<\/p>\n<\/li>\n<li data-start=\"1064\" data-end=\"1116\">\n<p data-start=\"1066\" data-end=\"1116\">Lange Nutzungsintervalle von ca. 20\u201330 Sitzungen<\/p>\n<\/li>\n<\/ul>\n<p>&nbsp;<\/p>\n<p><span class=\"metafield-multi_line_text_field\">Betriebsspannung: 12 V<br \/>\nMaterial: Aluminium<br \/>\nFarbe: Verkehrsgrau<br \/>\nGr\u00f6\u00dfe: M<\/span><\/p>\n<h6><strong><span style=\"color: #ffffff;\">Lieferumfang:<\/span><br \/>\n<\/strong><\/h6>\n<p><span class=\"metafield-multi_line_text_field\">Helipott M eDrive MAGIC 12V<br \/>\nAnschlusskabel<br \/>\nBedienungsanleitung<\/span><\/p>","protected":false},"excerpt":{"rendered":"<p>Beim Modell\u00a0HELIPOTT E-Drive\u00a0handelt es sich um eine programmgesteuerte Trenntoilette mit integrierter Kompostierfunktion. Der komfortable Trennaufsatz sorgt f\u00fcr eine saubere und zuverl\u00e4ssige Trennung. Die Feststoffe werden automatisch mit einem Substrat im R\u00fchrwerk vermischt. Gesteuert wird die Toilette ausschlie\u00dflich \u00fcber den Deckel, die Programme f\u00fcr L\u00fcftung und R\u00fchrwerk laufen automatisch. Eine intelligente Sensorik \u00fcberwacht Kanistervorhandensein, F\u00fcllstand und [&hellip;]<\/p>\n","protected":false},"featured_media":10193,"comment_status":"open","ping_status":"closed","template":"","meta":{"_et_pb_use_builder":"","_et_pb_old_content":"","_et_gb_content_width":""},"product_brand":[],"product_cat":[252,95],"product_tag":[],"class_list":{"0":"post-10192","1":"product","2":"type-product","3":"status-publish","4":"has-post-thumbnail","6":"product_cat-toiletten","7":"product_cat-zubehoer","8":"product_shipping_class-versandkostenpauschale-iii","10":"first","11":"instock","12":"taxable","13":"shipping-taxable","14":"purchasable","15":"product-type-simple"},"aioseo_notices":[],"_links":{"self":[{"href":"https:\/\/kastenwagenzubehoer.de\/en\/wp-json\/wp\/v2\/product\/10192","targetHints":{"allow":["GET"]}}],"collection":[{"href":"https:\/\/kastenwagenzubehoer.de\/en\/wp-json\/wp\/v2\/product"}],"about":[{"href":"https:\/\/kastenwagenzubehoer.de\/en\/wp-json\/wp\/v2\/types\/product"}],"replies":[{"embeddable":true,"href":"https:\/\/kastenwagenzubehoer.de\/en\/wp-json\/wp\/v2\/comments?post=10192"}],"wp:featuredmedia":[{"embeddable":true,"href":"https:\/\/kastenwagenzubehoer.de\/en\/wp-json\/wp\/v2\/media\/10193"}],"wp:attachment":[{"href":"https:\/\/kastenwagenzubehoer.de\/en\/wp-json\/wp\/v2\/media?parent=10192"}],"wp:term":[{"taxonomy":"product_brand","embeddable":true,"href":"https:\/\/kastenwagenzubehoer.de\/en\/wp-json\/wp\/v2\/product_brand?post=10192"},{"taxonomy":"product_cat","embeddable":true,"href":"https:\/\/kastenwagenzubehoer.de\/en\/wp-json\/wp\/v2\/product_cat?post=10192"},{"taxonomy":"product_tag","embeddable":true,"href":"https:\/\/kastenwagenzubehoer.de\/en\/wp-json\/wp\/v2\/product_tag?post=10192"}],"curies":[{"name":"wp","href":"https:\/\/api.w.org\/{rel}","templated":true}]}}