{"id":10213,"date":"2026-03-12T10:12:27","date_gmt":"2026-03-12T10:12:27","guid":{"rendered":"https:\/\/kastenwagenzubehoer.de\/?post_type=product&#038;p=10213"},"modified":"2026-03-17T10:34:50","modified_gmt":"2026-03-17T10:34:50","slug":"thinsulate-3m-schall-und-waermedaemmung-fuer-caravans-41mm-zuschnittware-preis-je-qm","status":"publish","type":"product","link":"https:\/\/kastenwagenzubehoer.de\/en\/product\/thinsulate-3m-schall-und-waermedaemmung-fuer-caravans-41mm-zuschnittware-preis-je-qm\/","title":{"rendered":"Thinsulate 3M Schall- und W\u00e4rmed\u00e4mmung f\u00fcr Caravans, 41mm, Zuschnittware, Preis je m\u00b2"},"content":{"rendered":"<h4><span style=\"color: #ffffff;\"><strong>3M Thinsulate Isoliermaterial \u2013 leistungsstarke W\u00e4rme- &amp; Schalld\u00e4mmung f\u00fcr den Fahrzeugausbau<\/strong><\/span><\/h4>\n<p>Das 3M Thinsulate Isoliermaterial ist eine besonders leistungsstarke L\u00f6sung f\u00fcr den Fahrzeugausbau. Es \u00fcberzeugt durch exzellente W\u00e4rme- und Schalld\u00e4mmung und sorgt damit f\u00fcr sp\u00fcrbaren Komfort \u2013 auch bei extremen Temperaturen. Ideal geeignet f\u00fcr Camper, Vans und Wohnmobile, steigert es die Energieeffizienz im Fahrzeug und tr\u00e4gt zu einem ruhigen, behaglichen Raumklima bei. Das Material l\u00e4sst sich leicht zuschneiden und montieren und ist dabei frei von Glasfasern \u2013 also besonders hautfreundlich und sicher in der Verarbeitung.<\/p>\n<h4><span style=\"color: #ffffff;\">Highlights<\/span><\/h4>\n<ul>\n<li>Hervorragende W\u00e4rmed\u00e4mmung \u2013 zuverl\u00e4ssiger Schutz vor K\u00e4lte<\/li>\n<li>Effektive Schalld\u00e4mmung \u2013 reduziert Fahrger\u00e4usche f\u00fcr mehr Ruhe im Innenraum<\/li>\n<li>Einfach zu verarbeiten \u2013 leicht zuzuschneiden und flexibel montierbar<\/li>\n<li>Feuchtigkeitsresistent \u2013 sch\u00fctzt vor Kondenswasser und Schimmelbildung<\/li>\n<li>Nachhaltiges Material \u2013 umweltfreundlich und wiederverwertbar<\/li>\n<li>Keine Glasfasern \u2013 hautfreundlich und sicher in der Anwendung<\/li>\n<li>Langlebig \u2013 beh\u00e4lt seine Isoliereigenschaften \u00fcber viele Jahre hinweg<\/li>\n<\/ul>\n<h4><span style=\"color: #ffffff;\">Rechtlicher Hinweis<\/span><\/h4>\n<p><em>Kundenindividuell zugeschnittene Ware ist vom Umtausch und R\u00fcckgaberecht ausgeschlossen. F\u00fcr Meterware besteht generell kein R\u00fcckgaberecht.<\/em><\/p>\n<p><span class=\"metafield-multi_line_text_field\">Material: Polyesterfasern<br \/>\nW\u00e4rmeleitf\u00e4higkeit: Sehr niedrig f\u00fcr maximale D\u00e4mmwirkung<br \/>\nVerarbeitung: Zuschneidbar, verkleb- oder verspannbar<\/span><\/p>\n<h6><strong><span style=\"color: #ffffff;\">Lieferumfang:<\/span><br \/>\n<\/strong><\/h6>\n<p><span class=\"metafield-multi_line_text_field\">3M Thinsulate Isoliermaterial (Menge nach Auswahl)<\/span><\/p>\n<p>&nbsp;<\/p>\n<p><strong><span style=\"color: #ff0000;\">Hinweis: Die bestellte Ware muss bei der Firma VanWeekend GmbH abgeholt werden:<\/span><\/strong><\/p>\n<p><span style=\"color: #000000;\"><strong>VanWeekend GmbH<\/strong><\/span><\/p>\n<p><span style=\"color: #000000;\"><strong>Lachener Str. 96<\/strong><\/span><\/p>\n<p><span style=\"color: #000000;\"><strong>67433 Neustadt an der Weinstra\u00dfe<\/strong><\/span><\/p>\n<p>&nbsp;<\/p>","protected":false},"excerpt":{"rendered":"<p>3M Thinsulate Isoliermaterial \u2013 leistungsstarke W\u00e4rme- &amp; Schalld\u00e4mmung f\u00fcr den Fahrzeugausbau Das 3M Thinsulate Isoliermaterial ist eine besonders leistungsstarke L\u00f6sung f\u00fcr den Fahrzeugausbau. Es \u00fcberzeugt durch exzellente W\u00e4rme- und Schalld\u00e4mmung und sorgt damit f\u00fcr sp\u00fcrbaren Komfort \u2013 auch bei extremen Temperaturen. Ideal geeignet f\u00fcr Camper, Vans und Wohnmobile, steigert es die Energieeffizienz im Fahrzeug und [&hellip;]<\/p>\n","protected":false},"featured_media":10211,"comment_status":"open","ping_status":"closed","template":"","meta":{"_et_pb_use_builder":"","_et_pb_old_content":"","_et_gb_content_width":""},"product_brand":[],"product_cat":[96,338],"product_tag":[],"class_list":{"0":"post-10213","1":"product","2":"type-product","3":"status-publish","4":"has-post-thumbnail","6":"product_cat-aufbau","7":"product_cat-zuschnittwaren","8":"product_shipping_class-abholung","10":"first","11":"instock","12":"taxable","13":"shipping-taxable","14":"purchasable","15":"product-type-simple"},"aioseo_notices":[],"_links":{"self":[{"href":"https:\/\/kastenwagenzubehoer.de\/en\/wp-json\/wp\/v2\/product\/10213","targetHints":{"allow":["GET"]}}],"collection":[{"href":"https:\/\/kastenwagenzubehoer.de\/en\/wp-json\/wp\/v2\/product"}],"about":[{"href":"https:\/\/kastenwagenzubehoer.de\/en\/wp-json\/wp\/v2\/types\/product"}],"replies":[{"embeddable":true,"href":"https:\/\/kastenwagenzubehoer.de\/en\/wp-json\/wp\/v2\/comments?post=10213"}],"wp:featuredmedia":[{"embeddable":true,"href":"https:\/\/kastenwagenzubehoer.de\/en\/wp-json\/wp\/v2\/media\/10211"}],"wp:attachment":[{"href":"https:\/\/kastenwagenzubehoer.de\/en\/wp-json\/wp\/v2\/media?parent=10213"}],"wp:term":[{"taxonomy":"product_brand","embeddable":true,"href":"https:\/\/kastenwagenzubehoer.de\/en\/wp-json\/wp\/v2\/product_brand?post=10213"},{"taxonomy":"product_cat","embeddable":true,"href":"https:\/\/kastenwagenzubehoer.de\/en\/wp-json\/wp\/v2\/product_cat?post=10213"},{"taxonomy":"product_tag","embeddable":true,"href":"https:\/\/kastenwagenzubehoer.de\/en\/wp-json\/wp\/v2\/product_tag?post=10213"}],"curies":[{"name":"wp","href":"https:\/\/api.w.org\/{rel}","templated":true}]}}