{"id":10228,"date":"2026-03-12T12:10:11","date_gmt":"2026-03-12T12:10:11","guid":{"rendered":"https:\/\/kastenwagenzubehoer.de\/?post_type=product&#038;p=10228"},"modified":"2026-03-12T12:26:38","modified_gmt":"2026-03-12T12:26:38","slug":"klapphocker-color","status":"publish","type":"product","link":"https:\/\/kastenwagenzubehoer.de\/en\/product\/klapphocker-color\/","title":{"rendered":"Klapphocker Color, grau (B-Ware)"},"content":{"rendered":"<h4><span style=\"color: #ffffff;\">Klapphocker Color &#8211; der ideale Begleiter f\u00fcr deine Reisen<\/span><\/h4>\n<p>Der Klapphocker Color ist der ideale Begleiter f\u00fcr alle, die unterwegs oder im Alltag eine stabile und praktische Sitz- oder Trittm\u00f6glichkeit brauchen. Egal ob beim Camping, im Van, in der Garage oder im Haushalt \u2013 dieser Hocker \u00fcberzeugt durch Funktionalit\u00e4t, geringes Gewicht und platzsparendes Design.<\/p>\n<p>Erh\u00e4ltlich in zwei Gr\u00f6\u00dfen, deckt er verschiedene Anforderungen ab \u2013 von der schnellen Sitzgelegenheit bis hin zum kleinen Tritthocker mit sicherem Stand. Dank rutschhemmender Oberfl\u00e4che, gummierter F\u00fc\u00dfe und stabilem Kunststoff ist der Klapphocker auch auf unebenen B\u00f6den zuverl\u00e4ssig einsetzbar.<\/p>\n<h4><span style=\"color: #ffffff;\">Highlights<\/span><\/h4>\n<ul>\n<li>Robuste Konstruktion aus stabilem Kunststoff<\/li>\n<li>Rutschfeste Oberfl\u00e4che f\u00fcr sicheren Stand<\/li>\n<li>Gummierte F\u00fc\u00dfe f\u00fcr festen Halt auch auf glatten Untergr\u00fcnden<\/li>\n<li>Integrierter Tragegriff f\u00fcr leichten Transport<\/li>\n<li>L\u00e4sst sich mit einem Handgriff flach zusammenklappen<\/li>\n<\/ul>\n<p>&nbsp;<\/p>\n<p><span class=\"metafield-multi_line_text_field\">Gr\u00f6\u00dfe M: H\u00f6he 32\u202fcm, Breite 32\u202fcm, belastbar bis 100\u202fkg<br \/>\nGewicht: ca. 1\u202fkg<br \/>\nMaterial: Kunststoff<\/span><\/p>\n<h6><strong><span style=\"color: #ffffff;\">Lieferumfang:<\/span><br \/>\n<\/strong><\/h6>\n<p><span class=\"metafield-multi_line_text_field\">1x Klapphocker Color in grau, 32 cm<\/span><\/p>","protected":false},"excerpt":{"rendered":"<p>Klapphocker Color &#8211; der ideale Begleiter f\u00fcr deine Reisen Der Klapphocker Color ist der ideale Begleiter f\u00fcr alle, die unterwegs oder im Alltag eine stabile und praktische Sitz- oder Trittm\u00f6glichkeit brauchen. Egal ob beim Camping, im Van, in der Garage oder im Haushalt \u2013 dieser Hocker \u00fcberzeugt durch Funktionalit\u00e4t, geringes Gewicht und platzsparendes Design. Erh\u00e4ltlich [&hellip;]<\/p>\n","protected":false},"featured_media":10233,"comment_status":"open","ping_status":"closed","template":"","meta":{"_et_pb_use_builder":"","_et_pb_old_content":"","_et_gb_content_width":""},"product_brand":[],"product_cat":[118],"product_tag":[],"class_list":{"0":"post-10228","1":"product","2":"type-product","3":"status-publish","4":"has-post-thumbnail","6":"product_cat-aktionen-sonderposten","7":"product_shipping_class-versandkostenpauschale-i","9":"first","10":"instock","11":"sale","12":"taxable","13":"shipping-taxable","14":"purchasable","15":"product-type-simple"},"aioseo_notices":[],"_links":{"self":[{"href":"https:\/\/kastenwagenzubehoer.de\/en\/wp-json\/wp\/v2\/product\/10228","targetHints":{"allow":["GET"]}}],"collection":[{"href":"https:\/\/kastenwagenzubehoer.de\/en\/wp-json\/wp\/v2\/product"}],"about":[{"href":"https:\/\/kastenwagenzubehoer.de\/en\/wp-json\/wp\/v2\/types\/product"}],"replies":[{"embeddable":true,"href":"https:\/\/kastenwagenzubehoer.de\/en\/wp-json\/wp\/v2\/comments?post=10228"}],"wp:featuredmedia":[{"embeddable":true,"href":"https:\/\/kastenwagenzubehoer.de\/en\/wp-json\/wp\/v2\/media\/10233"}],"wp:attachment":[{"href":"https:\/\/kastenwagenzubehoer.de\/en\/wp-json\/wp\/v2\/media?parent=10228"}],"wp:term":[{"taxonomy":"product_brand","embeddable":true,"href":"https:\/\/kastenwagenzubehoer.de\/en\/wp-json\/wp\/v2\/product_brand?post=10228"},{"taxonomy":"product_cat","embeddable":true,"href":"https:\/\/kastenwagenzubehoer.de\/en\/wp-json\/wp\/v2\/product_cat?post=10228"},{"taxonomy":"product_tag","embeddable":true,"href":"https:\/\/kastenwagenzubehoer.de\/en\/wp-json\/wp\/v2\/product_tag?post=10228"}],"curies":[{"name":"wp","href":"https:\/\/api.w.org\/{rel}","templated":true}]}}