{"id":1221,"date":"2022-02-15T12:42:37","date_gmt":"2022-02-15T12:42:37","guid":{"rendered":"https:\/\/kastenwagenzubehoer.de\/?post_type=product&#038;p=1221"},"modified":"2025-11-12T09:06:24","modified_gmt":"2025-11-12T09:06:24","slug":"rueckfahrkamera-ford-transit-2014-2018","status":"publish","type":"product","link":"https:\/\/kastenwagenzubehoer.de\/en\/product\/rueckfahrkamera-ford-transit-2014-2018\/","title":{"rendered":"R\u00fcckfahrkamera 7 POL Doppelkamera Ford Transit 2014-2018"},"content":{"rendered":"<h2 data-start=\"108\" data-end=\"124\"><span style=\"color: #ffffff;\">Sensor &amp; Bild<\/span><\/h2>\n<ul data-start=\"125\" data-end=\"286\">\n<li data-start=\"125\" data-end=\"145\">\n<p data-start=\"127\" data-end=\"145\"><strong data-start=\"127\" data-end=\"138\">Sensor:<\/strong> Sony<\/p>\n<\/li>\n<li data-start=\"146\" data-end=\"180\">\n<p data-start=\"148\" data-end=\"180\"><strong data-start=\"148\" data-end=\"168\">Effektive Pixel:<\/strong> 510 \u00d7 582<\/p>\n<\/li>\n<li data-start=\"181\" data-end=\"212\">\n<p data-start=\"183\" data-end=\"212\"><strong data-start=\"183\" data-end=\"197\">Aufl\u00f6sung:<\/strong> 420 TV-Lines<\/p>\n<\/li>\n<li data-start=\"213\" data-end=\"256\">\n<p data-start=\"215\" data-end=\"256\"><strong data-start=\"215\" data-end=\"246\">Minimum Beleuchtungsst\u00e4rke:<\/strong> 0,8 Lux<\/p>\n<\/li>\n<li data-start=\"257\" data-end=\"286\">\n<p data-start=\"259\" data-end=\"286\"><strong data-start=\"259\" data-end=\"278\">S\/N Verh\u00e4ltnis:<\/strong> 48 dB<\/p>\n<\/li>\n<\/ul>\n<hr data-start=\"288\" data-end=\"291\" \/>\n<h2 data-start=\"293\" data-end=\"320\"><span style=\"color: #ffffff;\">Synchronisation &amp; Signal<\/span><\/h2>\n<ul data-start=\"321\" data-end=\"496\">\n<li data-start=\"321\" data-end=\"377\">\n<p data-start=\"323\" data-end=\"377\"><strong data-start=\"323\" data-end=\"364\">Horizontale Synchronisationsfrequenz:<\/strong> 15,625 kHz<\/p>\n<\/li>\n<li data-start=\"378\" data-end=\"418\">\n<p data-start=\"380\" data-end=\"418\"><strong data-start=\"380\" data-end=\"410\">Vertikale Synchronisation:<\/strong> 50 Hz<\/p>\n<\/li>\n<li data-start=\"419\" data-end=\"457\">\n<p data-start=\"421\" data-end=\"457\"><strong data-start=\"421\" data-end=\"448\">Synchronisationssystem:<\/strong> intern<\/p>\n<\/li>\n<li data-start=\"458\" data-end=\"496\">\n<p data-start=\"460\" data-end=\"496\"><strong data-start=\"460\" data-end=\"477\">Videoausgang:<\/strong> 1.0 Vp-p, 75 Ohm<\/p>\n<\/li>\n<\/ul>\n<hr data-start=\"498\" data-end=\"501\" \/>\n<h2 data-start=\"503\" data-end=\"526\"><span style=\"color: #ffffff;\">Kamera-Einstellungen<\/span><\/h2>\n<ul data-start=\"527\" data-end=\"613\">\n<li data-start=\"527\" data-end=\"569\">\n<p data-start=\"529\" data-end=\"569\"><strong data-start=\"529\" data-end=\"562\">AGC (Automatic Gain Control):<\/strong> Auto<\/p>\n<\/li>\n<li data-start=\"570\" data-end=\"613\">\n<p data-start=\"572\" data-end=\"613\"><strong data-start=\"572\" data-end=\"606\">BLC (Back Light Compensation):<\/strong> Auto<\/p>\n<\/li>\n<\/ul>\n<hr data-start=\"615\" data-end=\"618\" \/>\n<h2 data-start=\"620\" data-end=\"628\"><span style=\"color: #ffffff;\">Optik<\/span><\/h2>\n<ul data-start=\"629\" data-end=\"687\">\n<li data-start=\"629\" data-end=\"655\">\n<p data-start=\"631\" data-end=\"655\"><strong data-start=\"631\" data-end=\"648\">Linsenwinkel:<\/strong> 110\u00b0<\/p>\n<\/li>\n<li data-start=\"656\" data-end=\"687\">\n<p data-start=\"658\" data-end=\"687\"><strong data-start=\"658\" data-end=\"680\">Horizontale Linse:<\/strong> 120\u00b0<\/p>\n<\/li>\n<\/ul>\n<hr data-start=\"689\" data-end=\"692\" \/>\n<h2 data-start=\"694\" data-end=\"716\"><span style=\"color: #ffffff;\">Energie &amp; Verbrauch<\/span><\/h2>\n<ul data-start=\"717\" data-end=\"776\">\n<li data-start=\"717\" data-end=\"742\">\n<p data-start=\"719\" data-end=\"742\"><strong data-start=\"719\" data-end=\"733\">Verbrauch:<\/strong> 300 mA<\/p>\n<\/li>\n<li data-start=\"743\" data-end=\"776\">\n<p data-start=\"745\" data-end=\"776\"><strong data-start=\"745\" data-end=\"767\">Energieversorgung:<\/strong> DC 12V<\/p>\n<\/li>\n<\/ul>\n<hr data-start=\"778\" data-end=\"781\" \/>\n<h2 data-start=\"783\" data-end=\"804\"><span style=\"color: #ffffff;\">Temperaturbereiche<\/span><\/h2>\n<ul data-start=\"805\" data-end=\"893\">\n<li data-start=\"805\" data-end=\"850\">\n<p data-start=\"807\" data-end=\"850\"><strong data-start=\"807\" data-end=\"830\">Betriebstemperatur:<\/strong> -20 \u00b0C bis +60 \u00b0C<\/p>\n<\/li>\n<li data-start=\"851\" data-end=\"893\">\n<p data-start=\"853\" data-end=\"893\"><strong data-start=\"853\" data-end=\"873\">Lagertemperatur:<\/strong> -30 \u00b0C bis +60 \u00b0C<\/p>\n<\/li>\n<\/ul>","protected":false},"excerpt":{"rendered":"<p>Sensor &amp; Bild Sensor: Sony Effektive Pixel: 510 \u00d7 582 Aufl\u00f6sung: 420 TV-Lines Minimum Beleuchtungsst\u00e4rke: 0,8 Lux S\/N Verh\u00e4ltnis: 48 dB Synchronisation &amp; Signal Horizontale Synchronisationsfrequenz: 15,625 kHz Vertikale Synchronisation: 50 Hz Synchronisationssystem: intern Videoausgang: 1.0 Vp-p, 75 Ohm Kamera-Einstellungen AGC (Automatic Gain Control): Auto BLC (Back Light Compensation): Auto Optik Linsenwinkel: 110\u00b0 Horizontale Linse: [&hellip;]<\/p>\n","protected":false},"featured_media":1650,"comment_status":"open","ping_status":"closed","template":"","meta":{"_et_pb_use_builder":"","_et_pb_old_content":"","_et_gb_content_width":""},"product_brand":[],"product_cat":[240,147],"product_tag":[],"class_list":{"0":"post-1221","1":"product","2":"type-product","3":"status-publish","4":"has-post-thumbnail","6":"product_cat-rueckfahrkameras-rueckfahrkamera","7":"product_cat-rueckfahrkameras","8":"product_shipping_class-versandkostenpauschale-ii","10":"first","11":"instock","12":"taxable","13":"shipping-taxable","14":"purchasable","15":"product-type-simple"},"aioseo_notices":[],"_links":{"self":[{"href":"https:\/\/kastenwagenzubehoer.de\/en\/wp-json\/wp\/v2\/product\/1221","targetHints":{"allow":["GET"]}}],"collection":[{"href":"https:\/\/kastenwagenzubehoer.de\/en\/wp-json\/wp\/v2\/product"}],"about":[{"href":"https:\/\/kastenwagenzubehoer.de\/en\/wp-json\/wp\/v2\/types\/product"}],"replies":[{"embeddable":true,"href":"https:\/\/kastenwagenzubehoer.de\/en\/wp-json\/wp\/v2\/comments?post=1221"}],"wp:featuredmedia":[{"embeddable":true,"href":"https:\/\/kastenwagenzubehoer.de\/en\/wp-json\/wp\/v2\/media\/1650"}],"wp:attachment":[{"href":"https:\/\/kastenwagenzubehoer.de\/en\/wp-json\/wp\/v2\/media?parent=1221"}],"wp:term":[{"taxonomy":"product_brand","embeddable":true,"href":"https:\/\/kastenwagenzubehoer.de\/en\/wp-json\/wp\/v2\/product_brand?post=1221"},{"taxonomy":"product_cat","embeddable":true,"href":"https:\/\/kastenwagenzubehoer.de\/en\/wp-json\/wp\/v2\/product_cat?post=1221"},{"taxonomy":"product_tag","embeddable":true,"href":"https:\/\/kastenwagenzubehoer.de\/en\/wp-json\/wp\/v2\/product_tag?post=1221"}],"curies":[{"name":"wp","href":"https:\/\/api.w.org\/{rel}","templated":true}]}}