{"id":1236,"date":"2022-02-10T12:19:08","date_gmt":"2022-02-10T12:19:08","guid":{"rendered":"https:\/\/kastenwagenzubehoer.de\/?post_type=product&#038;p=1236"},"modified":"2026-01-27T12:38:18","modified_gmt":"2026-01-27T12:38:18","slug":"pcs-faltbarer-muelleimer-beige","status":"publish","type":"product","link":"https:\/\/kastenwagenzubehoer.de\/en\/product\/pcs-faltbarer-muelleimer-beige\/","title":{"rendered":"PCS Camping-M\u00fclleimer (faltbar, in beige)"},"content":{"rendered":"<h3 data-start=\"148\" data-end=\"156\"><span style=\"color: #ffffff;\">Ma\u00dfe<\/span><\/h3>\n<ul data-start=\"157\" data-end=\"264\">\n<li data-start=\"157\" data-end=\"178\">\n<p data-start=\"159\" data-end=\"178\"><strong data-start=\"159\" data-end=\"168\">H\u00f6he:<\/strong> 25,5 cm<\/p>\n<\/li>\n<li data-start=\"179\" data-end=\"242\">\n<p data-start=\"181\" data-end=\"193\"><strong data-start=\"181\" data-end=\"191\">Tiefe:<\/strong><\/p>\n<ul data-start=\"196\" data-end=\"242\">\n<li data-start=\"196\" data-end=\"218\">\n<p data-start=\"198\" data-end=\"218\">ausgefaltet: 14 cm<\/p>\n<\/li>\n<li data-start=\"221\" data-end=\"242\">\n<p data-start=\"223\" data-end=\"242\">eingefaltet: 6 cm<\/p>\n<\/li>\n<\/ul>\n<\/li>\n<li data-start=\"243\" data-end=\"264\">\n<p data-start=\"245\" data-end=\"264\"><strong data-start=\"245\" data-end=\"256\">Breite:<\/strong> 24 cm<\/p>\n<\/li>\n<\/ul>\n<h3 data-start=\"266\" data-end=\"279\"><span style=\"color: #ffffff;\">Kapazit\u00e4t<\/span><\/h3>\n<ul data-start=\"280\" data-end=\"304\">\n<li data-start=\"280\" data-end=\"304\">\n<p data-start=\"282\" data-end=\"304\"><strong data-start=\"282\" data-end=\"294\">Volumen:<\/strong> 9 Liter<\/p>\n<\/li>\n<\/ul>\n<h3 data-start=\"306\" data-end=\"326\"><span style=\"color: #ffffff;\">Material &amp; Farbe<\/span><\/h3>\n<ul data-start=\"327\" data-end=\"376\">\n<li data-start=\"327\" data-end=\"355\">\n<p data-start=\"329\" data-end=\"355\"><strong data-start=\"329\" data-end=\"342\">Material:<\/strong> Kunststoff<\/p>\n<\/li>\n<li data-start=\"356\" data-end=\"376\">\n<p data-start=\"358\" data-end=\"376\"><strong data-start=\"358\" data-end=\"368\">Farbe:<\/strong> Beige<\/p>\n<\/li>\n<\/ul>","protected":false},"excerpt":{"rendered":"<p>Ma\u00dfe H\u00f6he: 25,5 cm Tiefe: ausgefaltet: 14 cm eingefaltet: 6 cm Breite: 24 cm Kapazit\u00e4t Volumen: 9 Liter Material &amp; Farbe Material: Kunststoff Farbe: Beige<\/p>","protected":false},"featured_media":9608,"comment_status":"open","ping_status":"closed","template":"","meta":{"_et_pb_use_builder":"","_et_pb_old_content":"","_et_gb_content_width":""},"product_brand":[],"product_cat":[246,95],"product_tag":[],"class_list":{"0":"post-1236","1":"product","2":"type-product","3":"status-publish","4":"has-post-thumbnail","6":"product_cat-muelleimer","7":"product_cat-zubehoer","8":"product_shipping_class-versandkostenpauschale-i","10":"first","11":"instock","12":"taxable","13":"shipping-taxable","14":"purchasable","15":"product-type-simple"},"aioseo_notices":[],"_links":{"self":[{"href":"https:\/\/kastenwagenzubehoer.de\/en\/wp-json\/wp\/v2\/product\/1236","targetHints":{"allow":["GET"]}}],"collection":[{"href":"https:\/\/kastenwagenzubehoer.de\/en\/wp-json\/wp\/v2\/product"}],"about":[{"href":"https:\/\/kastenwagenzubehoer.de\/en\/wp-json\/wp\/v2\/types\/product"}],"replies":[{"embeddable":true,"href":"https:\/\/kastenwagenzubehoer.de\/en\/wp-json\/wp\/v2\/comments?post=1236"}],"wp:featuredmedia":[{"embeddable":true,"href":"https:\/\/kastenwagenzubehoer.de\/en\/wp-json\/wp\/v2\/media\/9608"}],"wp:attachment":[{"href":"https:\/\/kastenwagenzubehoer.de\/en\/wp-json\/wp\/v2\/media?parent=1236"}],"wp:term":[{"taxonomy":"product_brand","embeddable":true,"href":"https:\/\/kastenwagenzubehoer.de\/en\/wp-json\/wp\/v2\/product_brand?post=1236"},{"taxonomy":"product_cat","embeddable":true,"href":"https:\/\/kastenwagenzubehoer.de\/en\/wp-json\/wp\/v2\/product_cat?post=1236"},{"taxonomy":"product_tag","embeddable":true,"href":"https:\/\/kastenwagenzubehoer.de\/en\/wp-json\/wp\/v2\/product_tag?post=1236"}],"curies":[{"name":"wp","href":"https:\/\/api.w.org\/{rel}","templated":true}]}}