{"id":1241,"date":"2022-02-10T10:57:14","date_gmt":"2022-02-10T10:57:14","guid":{"rendered":"https:\/\/kastenwagenzubehoer.de\/?post_type=product&#038;p=1241"},"modified":"2025-09-16T07:54:26","modified_gmt":"2025-09-16T07:54:26","slug":"pcs-faltbarer-muelleimer","status":"publish","type":"product","link":"https:\/\/kastenwagenzubehoer.de\/en\/product\/pcs-faltbarer-muelleimer\/","title":{"rendered":"PCS Camping-M\u00fclleimer (faltbar, in wei\u00df)"},"content":{"rendered":"<h3 data-start=\"129\" data-end=\"139\"><span style=\"color: #ffffff;\">Ma\u00dfe<\/span><\/h3>\n<ul data-start=\"140\" data-end=\"247\">\n<li data-start=\"140\" data-end=\"161\">\n<p data-start=\"142\" data-end=\"161\"><strong data-start=\"142\" data-end=\"151\">H\u00f6he:<\/strong> 25,5 cm<\/p>\n<\/li>\n<li data-start=\"162\" data-end=\"225\">\n<p data-start=\"164\" data-end=\"176\"><strong data-start=\"164\" data-end=\"174\">Tiefe:<\/strong><\/p>\n<ul data-start=\"179\" data-end=\"225\">\n<li data-start=\"179\" data-end=\"201\">\n<p data-start=\"181\" data-end=\"201\">Ausgefaltet: 14 cm<\/p>\n<\/li>\n<li data-start=\"204\" data-end=\"225\">\n<p data-start=\"206\" data-end=\"225\">Eingefaltet: 6 cm<\/p>\n<\/li>\n<\/ul>\n<\/li>\n<li data-start=\"226\" data-end=\"247\">\n<p data-start=\"228\" data-end=\"247\"><strong data-start=\"228\" data-end=\"239\">Breite:<\/strong> 24 cm<\/p>\n<\/li>\n<\/ul>\n<h3 data-start=\"249\" data-end=\"264\"><span style=\"color: #ffffff;\">Kapazit\u00e4t<\/span><\/h3>\n<ul data-start=\"265\" data-end=\"289\">\n<li data-start=\"265\" data-end=\"289\">\n<p data-start=\"267\" data-end=\"289\"><strong data-start=\"267\" data-end=\"279\">Volumen:<\/strong> 9 Liter<\/p>\n<\/li>\n<\/ul>\n<h3 data-start=\"291\" data-end=\"313\"><span style=\"color: #ffffff;\">Material &amp; Farbe<\/span><\/h3>\n<ul data-start=\"314\" data-end=\"362\">\n<li data-start=\"314\" data-end=\"342\">\n<p data-start=\"316\" data-end=\"342\"><strong data-start=\"316\" data-end=\"329\">Material:<\/strong> Kunststoff<\/p>\n<\/li>\n<li data-start=\"343\" data-end=\"362\">\n<p data-start=\"345\" data-end=\"362\"><strong data-start=\"345\" data-end=\"355\">Farbe:<\/strong> Wei\u00df<\/p>\n<\/li>\n<\/ul>","protected":false},"excerpt":{"rendered":"<p>Ma\u00dfe H\u00f6he: 25,5 cm Tiefe: Ausgefaltet: 14 cm Eingefaltet: 6 cm Breite: 24 cm Kapazit\u00e4t Volumen: 9 Liter Material &amp; Farbe Material: Kunststoff Farbe: Wei\u00df<\/p>","protected":false},"featured_media":8389,"comment_status":"open","ping_status":"closed","template":"","meta":{"_et_pb_use_builder":"","_et_pb_old_content":"","_et_gb_content_width":""},"product_brand":[],"product_cat":[246,95],"product_tag":[],"class_list":{"0":"post-1241","1":"product","2":"type-product","3":"status-publish","4":"has-post-thumbnail","6":"product_cat-muelleimer","7":"product_cat-zubehoer","8":"product_shipping_class-versandkostenpauschale-i","10":"first","11":"instock","12":"taxable","13":"shipping-taxable","14":"purchasable","15":"product-type-simple"},"aioseo_notices":[],"_links":{"self":[{"href":"https:\/\/kastenwagenzubehoer.de\/en\/wp-json\/wp\/v2\/product\/1241","targetHints":{"allow":["GET"]}}],"collection":[{"href":"https:\/\/kastenwagenzubehoer.de\/en\/wp-json\/wp\/v2\/product"}],"about":[{"href":"https:\/\/kastenwagenzubehoer.de\/en\/wp-json\/wp\/v2\/types\/product"}],"replies":[{"embeddable":true,"href":"https:\/\/kastenwagenzubehoer.de\/en\/wp-json\/wp\/v2\/comments?post=1241"}],"wp:featuredmedia":[{"embeddable":true,"href":"https:\/\/kastenwagenzubehoer.de\/en\/wp-json\/wp\/v2\/media\/8389"}],"wp:attachment":[{"href":"https:\/\/kastenwagenzubehoer.de\/en\/wp-json\/wp\/v2\/media?parent=1241"}],"wp:term":[{"taxonomy":"product_brand","embeddable":true,"href":"https:\/\/kastenwagenzubehoer.de\/en\/wp-json\/wp\/v2\/product_brand?post=1241"},{"taxonomy":"product_cat","embeddable":true,"href":"https:\/\/kastenwagenzubehoer.de\/en\/wp-json\/wp\/v2\/product_cat?post=1241"},{"taxonomy":"product_tag","embeddable":true,"href":"https:\/\/kastenwagenzubehoer.de\/en\/wp-json\/wp\/v2\/product_tag?post=1241"}],"curies":[{"name":"wp","href":"https:\/\/api.w.org\/{rel}","templated":true}]}}