{"id":1277,"date":"2022-02-14T11:48:11","date_gmt":"2022-02-14T11:48:11","guid":{"rendered":"https:\/\/kastenwagenzubehoer.de\/?post_type=product&#038;p=1277"},"modified":"2025-08-27T14:15:52","modified_gmt":"2025-08-27T14:15:52","slug":"rueckfahrkamera-mit-auto-abschattung-4-pol","status":"publish","type":"product","link":"https:\/\/kastenwagenzubehoer.de\/en\/product\/rueckfahrkamera-mit-auto-abschattung-4-pol\/","title":{"rendered":"R\u00fcckfahrkamera (mit auto. Abschattung 4 POL)"},"content":{"rendered":"<h1 data-start=\"102\" data-end=\"162\"><span style=\"color: #ffffff;\"><strong data-start=\"104\" data-end=\"162\">Motorisierte Auto-Shutter R\u00fcckfahrkamera f\u00fcr LKW &amp; Bus<\/strong><\/span><\/h1>\n<p>&nbsp;<\/p>\n<h2 data-start=\"164\" data-end=\"183\"><span style=\"color: #ffffff;\"><strong data-start=\"167\" data-end=\"183\">Beschreibung<\/strong><\/span><\/h2>\n<p data-start=\"184\" data-end=\"602\">Die motorisierte Auto-Shutter-R\u00fcckfahrkamera ist speziell f\u00fcr den Einsatz in Nutzfahrzeugen wie LKWs und Bussen entwickelt.<br data-start=\"307\" data-end=\"310\" \/>Das robuste Aluminiumgeh\u00e4use sch\u00fctzt die Kamera zuverl\u00e4ssig vor \u00e4u\u00dferen Einfl\u00fcssen.<br data-start=\"393\" data-end=\"396\" \/>Dank des automatischen motorisierten Verschlusses \u00f6ffnet sich die Kameraabdeckung selbstst\u00e4ndig bei Betrieb und schlie\u00dft sich, sobald sie nicht verwendet wird \u2013 ideal gegen Schmutz, Staub und Vandalismus.<\/p>\n<p data-start=\"604\" data-end=\"848\">Mit moderner CMOS\/CCD-Technologie und wahlweise CVBS- oder AHD-Ausgabe in 720P\/960P\/1080P liefert sie gestochen scharfe Bilder.<br data-start=\"731\" data-end=\"734\" \/>Die Kamera ist nach IP69K zertifiziert und damit maximal gegen Wasser, Schmutz und Hochdruckreinigung gesch\u00fctzt.<\/p>\n<hr data-start=\"850\" data-end=\"853\" \/>\n<h2 data-start=\"855\" data-end=\"878\"><span style=\"color: #ffffff;\"><strong data-start=\"858\" data-end=\"878\">Technische Daten<\/strong><\/span><\/h2>\n<ul data-start=\"879\" data-end=\"1872\">\n<li data-start=\"879\" data-end=\"914\">\n<p data-start=\"881\" data-end=\"914\"><strong data-start=\"881\" data-end=\"893\">Geh\u00e4use:<\/strong> Aluminiumlegierung<\/p>\n<\/li>\n<li data-start=\"915\" data-end=\"980\">\n<p data-start=\"917\" data-end=\"980\"><strong data-start=\"917\" data-end=\"932\">Verschluss:<\/strong> Automatische Clamshell-Funktion (motorisiert)<\/p>\n<\/li>\n<li data-start=\"981\" data-end=\"1020\">\n<p data-start=\"983\" data-end=\"1020\"><strong data-start=\"983\" data-end=\"998\">Bildsensor:<\/strong> CMOS\/CCD (optional)<\/p>\n<\/li>\n<li data-start=\"1021\" data-end=\"1104\">\n<p data-start=\"1023\" data-end=\"1045\"><strong data-start=\"1023\" data-end=\"1043\">Effektive Pixel:<\/strong><\/p>\n<ul data-start=\"1048\" data-end=\"1104\">\n<li data-start=\"1048\" data-end=\"1074\">\n<p data-start=\"1050\" data-end=\"1074\">PAL: 976 (H) \u00d7 582 (V)<\/p>\n<\/li>\n<li data-start=\"1077\" data-end=\"1104\">\n<p data-start=\"1079\" data-end=\"1104\">NTSC: 976 (H) \u00d7 494 (V)<\/p>\n<\/li>\n<\/ul>\n<\/li>\n<li data-start=\"1105\" data-end=\"1129\">\n<p data-start=\"1107\" data-end=\"1129\"><strong data-start=\"1107\" data-end=\"1118\">System:<\/strong> PAL\/NTSC<\/p>\n<\/li>\n<li data-start=\"1130\" data-end=\"1200\">\n<p data-start=\"1132\" data-end=\"1200\"><strong data-start=\"1132\" data-end=\"1155\">Betrachtungswinkel:<\/strong> 80\u00b0 \/ 90\u00b0 \/ 100\u00b0 \/ 110\u00b0 \/ 120\u00b0 (wahlweise)<\/p>\n<\/li>\n<li data-start=\"1201\" data-end=\"1251\">\n<p data-start=\"1203\" data-end=\"1251\"><strong data-start=\"1203\" data-end=\"1226\">Mindestbeleuchtung:<\/strong> 0,2 Lux \/ F1,2 \/ 50IRE<\/p>\n<\/li>\n<li data-start=\"1252\" data-end=\"1301\">\n<p data-start=\"1254\" data-end=\"1301\"><strong data-start=\"1254\" data-end=\"1269\">Nachtsicht:<\/strong> Bis 10 m (8\u00d7 IR-LEDs, 850 nm)<\/p>\n<\/li>\n<li data-start=\"1302\" data-end=\"1333\">\n<p data-start=\"1304\" data-end=\"1333\"><strong data-start=\"1304\" data-end=\"1323\">S\/N-Verh\u00e4ltnis:<\/strong> &gt; 50 dB<\/p>\n<\/li>\n<li data-start=\"1334\" data-end=\"1367\">\n<p data-start=\"1336\" data-end=\"1367\"><strong data-start=\"1336\" data-end=\"1353\">Wei\u00dfabgleich:<\/strong> Automatisch<\/p>\n<\/li>\n<li data-start=\"1368\" data-end=\"1420\">\n<p data-start=\"1370\" data-end=\"1420\"><strong data-start=\"1370\" data-end=\"1406\">Elektronischer Verschluss<\/strong><\/p>\n<\/li>\n<li data-start=\"1368\" data-end=\"1420\">\n<p data-start=\"1370\" data-end=\"1420\"><strong data-start=\"1370\" data-end=\"1406\">AGC:<\/strong> Automatisch<\/p>\n<\/li>\n<li data-start=\"1421\" data-end=\"1464\">\n<p data-start=\"1423\" data-end=\"1464\"><strong data-start=\"1423\" data-end=\"1440\">Videoausgang:<\/strong> FBAS \u2264 75 \u03a9, 1,0 Vp-p<\/p>\n<\/li>\n<li data-start=\"1465\" data-end=\"1498\">\n<p data-start=\"1467\" data-end=\"1498\"><strong data-start=\"1467\" data-end=\"1477\">Audio:<\/strong> Optional verf\u00fcgbar<\/p>\n<\/li>\n<li data-start=\"1499\" data-end=\"1559\">\n<p data-start=\"1501\" data-end=\"1559\"><strong data-start=\"1501\" data-end=\"1515\">Anschluss:<\/strong> 4-poliger Luftfahrtstecker (optional RCA)<\/p>\n<\/li>\n<li data-start=\"1560\" data-end=\"1599\">\n<p data-start=\"1562\" data-end=\"1599\"><strong data-start=\"1562\" data-end=\"1582\">Stromversorgung:<\/strong> DC 12 V \u00b1 10 %<\/p>\n<\/li>\n<li data-start=\"1600\" data-end=\"1645\">\n<p data-start=\"1602\" data-end=\"1645\"><strong data-start=\"1602\" data-end=\"1624\">Leistungsaufnahme:<\/strong> Geringer Verbrauch<\/p>\n<\/li>\n<li data-start=\"1646\" data-end=\"1684\">\n<p data-start=\"1648\" data-end=\"1684\"><strong data-start=\"1648\" data-end=\"1666\">Betriebsmodus:<\/strong> AUTO (ICR AUTO)<\/p>\n<\/li>\n<li data-start=\"1685\" data-end=\"1739\">\n<p data-start=\"1687\" data-end=\"1739\"><strong data-start=\"1687\" data-end=\"1704\">Schutzklasse:<\/strong> IP69K (wasserdicht &amp; staubdicht)<\/p>\n<\/li>\n<li data-start=\"1740\" data-end=\"1781\">\n<p data-start=\"1742\" data-end=\"1781\"><strong data-start=\"1742\" data-end=\"1761\">Sto\u00dffestigkeit:<\/strong> ISO 16750-3 (10G)<\/p>\n<\/li>\n<li data-start=\"1782\" data-end=\"1827\">\n<p data-start=\"1784\" data-end=\"1827\"><strong data-start=\"1784\" data-end=\"1807\">Betriebstemperatur:<\/strong> -20 \u00b0C bis +70 \u00b0C<\/p>\n<\/li>\n<li data-start=\"1828\" data-end=\"1872\">\n<p data-start=\"1830\" data-end=\"1872\"><strong data-start=\"1830\" data-end=\"1854\">Abmessungen (L\u00d7B\u00d7H):<\/strong> 95 \u00d7 78 \u00d7 60 mm<\/p>\n<\/li>\n<\/ul>","protected":false},"excerpt":{"rendered":"<p>Motorisierte Auto-Shutter R\u00fcckfahrkamera f\u00fcr LKW &amp; Bus &nbsp; Beschreibung Die motorisierte Auto-Shutter-R\u00fcckfahrkamera ist speziell f\u00fcr den Einsatz in Nutzfahrzeugen wie LKWs und Bussen entwickelt.Das robuste Aluminiumgeh\u00e4use sch\u00fctzt die Kamera zuverl\u00e4ssig vor \u00e4u\u00dferen Einfl\u00fcssen.Dank des automatischen motorisierten Verschlusses \u00f6ffnet sich die Kameraabdeckung selbstst\u00e4ndig bei Betrieb und schlie\u00dft sich, sobald sie nicht verwendet wird \u2013 ideal gegen [&hellip;]<\/p>\n","protected":false},"featured_media":8314,"comment_status":"open","ping_status":"closed","template":"","meta":{"_et_pb_use_builder":"","_et_pb_old_content":"","_et_gb_content_width":""},"product_brand":[],"product_cat":[240,147],"product_tag":[],"class_list":{"0":"post-1277","1":"product","2":"type-product","3":"status-publish","4":"has-post-thumbnail","6":"product_cat-rueckfahrkameras-rueckfahrkamera","7":"product_cat-rueckfahrkameras","8":"product_shipping_class-versandkostenpauschale-i","10":"first","11":"instock","12":"taxable","13":"shipping-taxable","14":"purchasable","15":"product-type-simple"},"aioseo_notices":[],"_links":{"self":[{"href":"https:\/\/kastenwagenzubehoer.de\/en\/wp-json\/wp\/v2\/product\/1277","targetHints":{"allow":["GET"]}}],"collection":[{"href":"https:\/\/kastenwagenzubehoer.de\/en\/wp-json\/wp\/v2\/product"}],"about":[{"href":"https:\/\/kastenwagenzubehoer.de\/en\/wp-json\/wp\/v2\/types\/product"}],"replies":[{"embeddable":true,"href":"https:\/\/kastenwagenzubehoer.de\/en\/wp-json\/wp\/v2\/comments?post=1277"}],"wp:featuredmedia":[{"embeddable":true,"href":"https:\/\/kastenwagenzubehoer.de\/en\/wp-json\/wp\/v2\/media\/8314"}],"wp:attachment":[{"href":"https:\/\/kastenwagenzubehoer.de\/en\/wp-json\/wp\/v2\/media?parent=1277"}],"wp:term":[{"taxonomy":"product_brand","embeddable":true,"href":"https:\/\/kastenwagenzubehoer.de\/en\/wp-json\/wp\/v2\/product_brand?post=1277"},{"taxonomy":"product_cat","embeddable":true,"href":"https:\/\/kastenwagenzubehoer.de\/en\/wp-json\/wp\/v2\/product_cat?post=1277"},{"taxonomy":"product_tag","embeddable":true,"href":"https:\/\/kastenwagenzubehoer.de\/en\/wp-json\/wp\/v2\/product_tag?post=1277"}],"curies":[{"name":"wp","href":"https:\/\/api.w.org\/{rel}","templated":true}]}}