{"id":137,"date":"2021-07-20T14:10:25","date_gmt":"2021-07-20T14:10:25","guid":{"rendered":"https:\/\/kastenwagenzubehoer.de\/?post_type=product&#038;p=137"},"modified":"2026-02-26T15:50:30","modified_gmt":"2026-02-26T15:50:30","slug":"pcs-wechselrichter2000w","status":"publish","type":"product","link":"https:\/\/kastenwagenzubehoer.de\/en\/product\/pcs-wechselrichter2000w\/","title":{"rendered":"PCS Wechselrichter 2000 Watt mit ByPass-Schaltung"},"content":{"rendered":"<h1 data-start=\"191\" data-end=\"260\">\u26a1<span style=\"color: #ffffff;\"> PCS Reiner Sinus Wechselrichter 12V \u2192 230V, 2000W Dauerleistung<\/span><\/h1>\n<p data-start=\"262\" data-end=\"500\">Mit diesem <strong data-start=\"273\" data-end=\"308\">leistungsstarken Wechselrichter<\/strong> erzeugen Sie aus <strong data-start=\"326\" data-end=\"349\">12 V Gleichspannung<\/strong> (z. B. Autobatterie oder Solaranlage) eine saubere <strong data-start=\"401\" data-end=\"426\">230 V Wechselspannung<\/strong> \u2013 perfekt, um unterwegs viele Haushaltsger\u00e4te zuverl\u00e4ssig zu betreiben.<\/p>\n<p data-start=\"502\" data-end=\"714\">Dank der integrierten <strong data-start=\"524\" data-end=\"544\">ByPass-Schaltung<\/strong> wird bei vorhandener externer 230 V Spannungsquelle diese automatisch bevorzugt genutzt. Nur wenn kein Netzstrom zur Verf\u00fcgung steht, \u00fcbernimmt die Batterieversorgung.<\/p>\n<p data-start=\"716\" data-end=\"1051\">Der <strong data-start=\"720\" data-end=\"743\">reine Sinus-Ausgang<\/strong> sorgt f\u00fcr eine stabile Spannung, die auch empfindliche Ger\u00e4te wie Laptops, Kaffeemaschinen oder medizinische Technik sicher versorgt. Eine intelligente <strong data-start=\"896\" data-end=\"915\">L\u00fcftersteuerung<\/strong> sowie umfassende Schutzmechanismen (Unter-\/\u00dcberspannung, \u00dcberlast, Kurzschluss, Temperatur) machen den Betrieb besonders zuverl\u00e4ssig.<\/p>\n<hr data-start=\"1053\" data-end=\"1056\" \/>\n<h2 data-start=\"1058\" data-end=\"1073\">\u2705 <span style=\"color: #ffffff;\">Highlights<\/span><\/h2>\n<ul data-start=\"1074\" data-end=\"1786\">\n<li data-start=\"1074\" data-end=\"1150\">\n<p data-start=\"1076\" data-end=\"1150\"><strong data-start=\"1076\" data-end=\"1107\">Reiner Sinus-Wechselrichter<\/strong> \u2013 ideal auch f\u00fcr empfindliche Elektronik<\/p>\n<\/li>\n<li data-start=\"1151\" data-end=\"1210\">\n<p data-start=\"1153\" data-end=\"1210\"><strong data-start=\"1153\" data-end=\"1173\">ByPass-Schaltung<\/strong> \u2013 Netzstrom wird bevorzugt genutzt<\/p>\n<\/li>\n<li data-start=\"1211\" data-end=\"1284\">\n<p data-start=\"1213\" data-end=\"1284\"><strong data-start=\"1213\" data-end=\"1237\">2000 W Dauerleistung<\/strong>, <strong data-start=\"1239\" data-end=\"1265\">4000 W Spitzenleistung<\/strong> f\u00fcr Anlaufstr\u00f6me<\/p>\n<\/li>\n<li data-start=\"1285\" data-end=\"1334\">\n<p data-start=\"1287\" data-end=\"1334\"><strong data-start=\"1287\" data-end=\"1309\">Softstart-Funktion<\/strong> f\u00fcr schonenden Betrieb<\/p>\n<\/li>\n<li data-start=\"1335\" data-end=\"1392\">\n<p data-start=\"1337\" data-end=\"1392\"><strong data-start=\"1337\" data-end=\"1349\">USB-Port<\/strong> (5 V \/ 2,1 A) zum Laden von Mobilger\u00e4ten<\/p>\n<\/li>\n<li data-start=\"1393\" data-end=\"1450\">\n<p data-start=\"1395\" data-end=\"1450\"><strong data-start=\"1395\" data-end=\"1414\">L\u00fcftersteuerung<\/strong> lastabh\u00e4ngig (ab 10 % Last aktiv)<\/p>\n<\/li>\n<li data-start=\"1451\" data-end=\"1541\">\n<p data-start=\"1453\" data-end=\"1541\"><strong data-start=\"1453\" data-end=\"1487\">Automatische Schutzabschaltung<\/strong> bei \u00dcberhitzung (&gt; 60 \u00b0C), \u00dcber- oder Unterspannung<\/p>\n<\/li>\n<li data-start=\"1542\" data-end=\"1594\">\n<p data-start=\"1544\" data-end=\"1594\"><strong data-start=\"1544\" data-end=\"1564\">Robustes Geh\u00e4use<\/strong> aus Aluminium und Formblech<\/p>\n<\/li>\n<li data-start=\"1595\" data-end=\"1654\">\n<p data-start=\"1597\" data-end=\"1654\"><strong data-start=\"1597\" data-end=\"1623\">Fernbedienung optional<\/strong> (Kabel oder Funk) erh\u00e4ltlich<\/p>\n<\/li>\n<li data-start=\"1655\" data-end=\"1713\">\n<p data-start=\"1657\" data-end=\"1713\">Zertifiziert nach <strong data-start=\"1675\" data-end=\"1711\">CE, RoHS, E8 \/ DIN ISO 9001:2000<\/strong><\/p>\n<\/li>\n<li data-start=\"1714\" data-end=\"1786\">\n<p data-start=\"1716\" data-end=\"1786\">Speziell f\u00fcr <strong data-start=\"1729\" data-end=\"1762\">Caravan- und Wohnmobilbereich<\/strong> \u2013 nicht MwSt.-befreit<\/p>\n<\/li>\n<\/ul>\n<hr data-start=\"1788\" data-end=\"1791\" \/>\n<h2 data-start=\"1793\" data-end=\"1815\">\ud83d\udcd0 <span style=\"color: #ffffff;\">Technische Daten<\/span><\/h2>\n<div class=\"_tableContainer_sk2ct_1\">\n<div class=\"_tableWrapper_sk2ct_13 group flex w-fit flex-col-reverse\" tabindex=\"-1\">\n<table class=\"w-fit min-w-(--thread-content-width)\" style=\"height: 414px;\" data-start=\"1817\" data-end=\"2879\">\n<thead data-start=\"1817\" data-end=\"1861\">\n<tr style=\"height: 23px;\" data-start=\"1817\" data-end=\"1861\">\n<th style=\"height: 23px; width: 202.234px;\" data-start=\"1817\" data-end=\"1853\" data-col-size=\"sm\">Merkmal<\/th>\n<th style=\"height: 23px; width: 327px;\" data-start=\"1853\" data-end=\"1861\" data-col-size=\"md\">Wert<\/th>\n<\/tr>\n<\/thead>\n<tbody data-start=\"1907\" data-end=\"2879\">\n<tr style=\"height: 23px;\" data-start=\"1907\" data-end=\"1951\">\n<td style=\"height: 23px; width: 202.234px;\" data-start=\"1907\" data-end=\"1943\" data-col-size=\"sm\"><strong data-start=\"1909\" data-end=\"1929\">Eingangsspannung<\/strong><\/td>\n<td style=\"height: 23px; width: 327px;\" data-col-size=\"md\" data-start=\"1943\" data-end=\"1951\">12 V<\/td>\n<\/tr>\n<tr style=\"height: 23px;\" data-start=\"1952\" data-end=\"2007\">\n<td style=\"height: 23px; width: 202.234px;\" data-start=\"1952\" data-end=\"1988\" data-col-size=\"sm\"><strong data-start=\"1954\" data-end=\"1974\">Ausgangsspannung<\/strong><\/td>\n<td style=\"height: 23px; width: 327px;\" data-col-size=\"md\" data-start=\"1988\" data-end=\"2007\">230 V AC, 50 Hz<\/td>\n<\/tr>\n<tr style=\"height: 23px;\" data-start=\"2008\" data-end=\"2054\">\n<td style=\"height: 23px; width: 202.234px;\" data-start=\"2008\" data-end=\"2044\" data-col-size=\"sm\"><strong data-start=\"2010\" data-end=\"2027\">Dauerleistung<\/strong><\/td>\n<td style=\"height: 23px; width: 327px;\" data-col-size=\"md\" data-start=\"2044\" data-end=\"2054\">2000 W<\/td>\n<\/tr>\n<tr style=\"height: 23px;\" data-start=\"2055\" data-end=\"2101\">\n<td style=\"height: 23px; width: 202.234px;\" data-start=\"2055\" data-end=\"2091\" data-col-size=\"sm\"><strong data-start=\"2057\" data-end=\"2084\">Spitzenleistung (20 ms)<\/strong><\/td>\n<td style=\"height: 23px; width: 327px;\" data-col-size=\"md\" data-start=\"2091\" data-end=\"2101\">4000 W<\/td>\n<\/tr>\n<tr style=\"height: 23px;\" data-start=\"2102\" data-end=\"2156\">\n<td style=\"height: 23px; width: 202.234px;\" data-start=\"2102\" data-end=\"2138\" data-col-size=\"sm\"><strong data-start=\"2104\" data-end=\"2119\">USB-Ausgang<\/strong><\/td>\n<td style=\"height: 23px; width: 327px;\" data-col-size=\"md\" data-start=\"2138\" data-end=\"2156\">1\u00d7 5 V \/ 2,1 A<\/td>\n<\/tr>\n<tr style=\"height: 23px;\" data-start=\"2157\" data-end=\"2206\">\n<td style=\"height: 23px; width: 202.234px;\" data-start=\"2157\" data-end=\"2193\" data-col-size=\"sm\"><strong data-start=\"2159\" data-end=\"2172\">Steckdose<\/strong><\/td>\n<td style=\"height: 23px; width: 327px;\" data-col-size=\"md\" data-start=\"2193\" data-end=\"2206\">1\u00d7 Schuko<\/td>\n<\/tr>\n<tr style=\"height: 23px;\" data-start=\"2207\" data-end=\"2269\">\n<td style=\"height: 23px; width: 202.234px;\" data-start=\"2207\" data-end=\"2243\" data-col-size=\"sm\"><strong data-start=\"2209\" data-end=\"2225\">Wirkungsgrad<\/strong><\/td>\n<td style=\"height: 23px; width: 327px;\" data-col-size=\"md\" data-start=\"2243\" data-end=\"2269\">&gt; 85 % (typ. ca. 92 %)<\/td>\n<\/tr>\n<tr style=\"height: 23px;\" data-start=\"2270\" data-end=\"2347\">\n<td style=\"height: 23px; width: 202.234px;\" data-start=\"2270\" data-end=\"2306\" data-col-size=\"sm\"><strong data-start=\"2272\" data-end=\"2293\">Standby-Verbrauch<\/strong><\/td>\n<td style=\"height: 23px; width: 327px;\" data-col-size=\"md\" data-start=\"2306\" data-end=\"2347\">&gt; 12,5 V ca. 13 W \/ &lt; 11,5 V bis 35 W<\/td>\n<\/tr>\n<tr style=\"height: 23px;\" data-start=\"2348\" data-end=\"2396\">\n<td style=\"height: 23px; width: 202.234px;\" data-start=\"2348\" data-end=\"2384\" data-col-size=\"sm\"><strong data-start=\"2350\" data-end=\"2379\">Unterspannungsabschaltung<\/strong><\/td>\n<td style=\"height: 23px; width: 327px;\" data-col-size=\"md\" data-start=\"2384\" data-end=\"2396\">&lt; 10,4 V<\/td>\n<\/tr>\n<tr style=\"height: 23px;\" data-start=\"2397\" data-end=\"2445\">\n<td style=\"height: 23px; width: 202.234px;\" data-start=\"2397\" data-end=\"2433\" data-col-size=\"sm\"><strong data-start=\"2399\" data-end=\"2427\">\u00dcberspannungsabschaltung<\/strong><\/td>\n<td style=\"height: 23px; width: 327px;\" data-col-size=\"md\" data-start=\"2433\" data-end=\"2445\">&gt; 15,0 V<\/td>\n<\/tr>\n<tr style=\"height: 23px;\" data-start=\"2446\" data-end=\"2493\">\n<td style=\"height: 23px; width: 202.234px;\" data-start=\"2446\" data-end=\"2482\" data-col-size=\"sm\"><strong data-start=\"2448\" data-end=\"2477\">\u00dcbertemperaturabschaltung<\/strong><\/td>\n<td style=\"height: 23px; width: 327px;\" data-col-size=\"md\" data-start=\"2482\" data-end=\"2493\">&gt; 60 \u00b0C<\/td>\n<\/tr>\n<tr style=\"height: 23px;\" data-start=\"2494\" data-end=\"2552\">\n<td style=\"height: 23px; width: 202.234px;\" data-start=\"2494\" data-end=\"2530\" data-col-size=\"sm\"><strong data-start=\"2496\" data-end=\"2512\">Ma\u00dfe (L\u00d7B\u00d7H)<\/strong><\/td>\n<td style=\"height: 23px; width: 327px;\" data-col-size=\"md\" data-start=\"2530\" data-end=\"2552\">325 \u00d7 261 \u00d7 112 mm<\/td>\n<\/tr>\n<tr style=\"height: 23px;\" data-start=\"2553\" data-end=\"2599\">\n<td style=\"height: 23px; width: 202.234px;\" data-start=\"2553\" data-end=\"2589\" data-col-size=\"sm\"><strong data-start=\"2555\" data-end=\"2566\">Gewicht<\/strong><\/td>\n<td style=\"height: 23px; width: 327px;\" data-col-size=\"md\" data-start=\"2589\" data-end=\"2599\">4,5 kg<\/td>\n<\/tr>\n<tr style=\"height: 23px;\" data-start=\"2600\" data-end=\"2662\">\n<td style=\"height: 23px; width: 202.234px;\" data-start=\"2600\" data-end=\"2636\" data-col-size=\"sm\"><strong data-start=\"2602\" data-end=\"2615\">Zulassung<\/strong><\/td>\n<td style=\"height: 23px; width: 327px;\" data-col-size=\"md\" data-start=\"2636\" data-end=\"2662\">Betrieb im KFZ erlaubt<\/td>\n<\/tr>\n<tr style=\"height: 23px;\" data-start=\"2663\" data-end=\"2709\">\n<td style=\"height: 23px; width: 202.234px;\" data-start=\"2663\" data-end=\"2699\" data-col-size=\"sm\"><strong data-start=\"2665\" data-end=\"2689\">Relative Luftfeuchte<\/strong><\/td>\n<td style=\"height: 23px; width: 327px;\" data-col-size=\"md\" data-start=\"2699\" data-end=\"2709\">&lt; 60 %<\/td>\n<\/tr>\n<tr style=\"height: 23px;\" data-start=\"2710\" data-end=\"2787\">\n<td style=\"height: 23px; width: 202.234px;\" data-start=\"2710\" data-end=\"2746\" data-col-size=\"sm\"><strong data-start=\"2712\" data-end=\"2730\">Anschlusskabel<\/strong><\/td>\n<td style=\"height: 23px; width: 327px;\" data-col-size=\"md\" data-start=\"2746\" data-end=\"2787\">1\u00d7 Plus, 1\u00d7 Minus (10 mm\u00b2, ca. 50 cm)<\/td>\n<\/tr>\n<tr style=\"height: 23px;\" data-start=\"2788\" data-end=\"2879\">\n<td style=\"height: 23px; width: 202.234px;\" data-start=\"2788\" data-end=\"2824\" data-col-size=\"sm\"><strong data-start=\"2790\" data-end=\"2806\">Lieferumfang<\/strong><\/td>\n<td style=\"height: 23px; width: 327px;\" data-col-size=\"md\" data-start=\"2824\" data-end=\"2879\">Wechselrichter, Netzkabel, Bedienungsanleitung<\/td>\n<\/tr>\n<\/tbody>\n<\/table>\n<\/div>\n<\/div>\n<hr data-start=\"2881\" data-end=\"2884\" \/>\n<p data-start=\"2886\" data-end=\"3046\">\ud83d\udc49 Damit ist der <strong data-start=\"2903\" data-end=\"2938\">PCS 2000 W Sinus-Wechselrichter<\/strong> die ideale L\u00f6sung f\u00fcr <strong data-start=\"2961\" data-end=\"3007\">Wohnmobil, Caravan oder Solar-Inselanlagen<\/strong> \u2013 zuverl\u00e4ssig, sicher und effizient.<\/p>\n<p>&nbsp;<\/p>\n<p>Oft benutztes Zubeh\u00f6r:<\/p>\n<table style=\"width: 410px;\">\n<tbody>\n<tr>\n<td style=\"width: 197px;\">\n<p style=\"text-align: center;\">PCS Remote Controller mit Display<\/p>\n<\/td>\n<td style=\"width: 197px;\">\n<p style=\"text-align: center;\">PCS Remote Controller mit Display<\/p>\n<\/td>\n<\/tr>\n<tr>\n<td style=\"width: 197px;\"><a href=\"https:\/\/kastenwagenzubehoer.de\/en\/product\/pcs-remote-controller-mit-display-2\/\" target=\"_blank\" rel=\"noopener\"><img loading=\"lazy\" decoding=\"async\" class=\"aligncenter wp-image-1569 size-medium\" src=\"https:\/\/kastenwagenzubehoer.de\/wp-content\/uploads\/2022\/02\/PCS-Remote-Controller-300x300.png\" alt=\"\" width=\"300\" height=\"300\" srcset=\"https:\/\/kastenwagenzubehoer.de\/wp-content\/uploads\/2022\/02\/PCS-Remote-Controller-300x300.png 300w, https:\/\/kastenwagenzubehoer.de\/wp-content\/uploads\/2022\/02\/PCS-Remote-Controller-100x100.png 100w, https:\/\/kastenwagenzubehoer.de\/wp-content\/uploads\/2022\/02\/PCS-Remote-Controller-400x400.png 400w, https:\/\/kastenwagenzubehoer.de\/wp-content\/uploads\/2022\/02\/PCS-Remote-Controller-150x150.png 150w, https:\/\/kastenwagenzubehoer.de\/wp-content\/uploads\/2022\/02\/PCS-Remote-Controller-768x768.png 768w, https:\/\/kastenwagenzubehoer.de\/wp-content\/uploads\/2022\/02\/PCS-Remote-Controller.png 800w\" sizes=\"(max-width: 300px) 100vw, 300px\" \/><\/a><\/td>\n<td style=\"width: 197px;\"><a href=\"https:\/\/kastenwagenzubehoer.de\/en\/product\/pcs-remote-controller-mit-display\/\" target=\"_blank\" rel=\"noopener\"><img loading=\"lazy\" decoding=\"async\" class=\"aligncenter wp-image-559 size-medium\" src=\"https:\/\/kastenwagenzubehoer.de\/wp-content\/uploads\/2021\/08\/PCS-Remote-Controller-mit-Display-300x300.jpg\" alt=\"PCS-Remote Controller mit Display\" width=\"300\" height=\"300\" srcset=\"https:\/\/kastenwagenzubehoer.de\/wp-content\/uploads\/2021\/08\/PCS-Remote-Controller-mit-Display-300x300.jpg 300w, https:\/\/kastenwagenzubehoer.de\/wp-content\/uploads\/2021\/08\/PCS-Remote-Controller-mit-Display-100x100.jpg 100w, https:\/\/kastenwagenzubehoer.de\/wp-content\/uploads\/2021\/08\/PCS-Remote-Controller-mit-Display-400x400.jpg 400w, https:\/\/kastenwagenzubehoer.de\/wp-content\/uploads\/2021\/08\/PCS-Remote-Controller-mit-Display-150x150.jpg 150w, https:\/\/kastenwagenzubehoer.de\/wp-content\/uploads\/2021\/08\/PCS-Remote-Controller-mit-Display-768x768.jpg 768w, https:\/\/kastenwagenzubehoer.de\/wp-content\/uploads\/2021\/08\/PCS-Remote-Controller-mit-Display.jpg 800w\" sizes=\"(max-width: 300px) 100vw, 300px\" \/><\/a><\/td>\n<\/tr>\n<\/tbody>\n<\/table>\n<p>&nbsp;<\/p>","protected":false},"excerpt":{"rendered":"<p>\u26a1 PCS Reiner Sinus Wechselrichter 12V \u2192 230V, 2000W Dauerleistung Mit diesem leistungsstarken Wechselrichter erzeugen Sie aus 12 V Gleichspannung (z. B. Autobatterie oder Solaranlage) eine saubere 230 V Wechselspannung \u2013 perfekt, um unterwegs viele Haushaltsger\u00e4te zuverl\u00e4ssig zu betreiben. Dank der integrierten ByPass-Schaltung wird bei vorhandener externer 230 V Spannungsquelle diese automatisch bevorzugt genutzt. Nur [&hellip;]<\/p>\n","protected":false},"featured_media":1505,"comment_status":"open","ping_status":"closed","template":"","meta":{"_et_pb_use_builder":"","_et_pb_old_content":"","_et_gb_content_width":""},"product_brand":[],"product_cat":[276,279],"product_tag":[74,71,72,44,75,73],"class_list":{"0":"post-137","1":"product","2":"type-product","3":"status-publish","4":"has-post-thumbnail","6":"product_cat-energie","7":"product_cat-wechselrichter-energie","8":"product_tag-220v","9":"product_tag-energieversorgung","10":"product_tag-inverter","11":"product_tag-strom","12":"product_tag-stromwandler","13":"product_tag-wechselrichter","14":"product_shipping_class-versandkostenpauschale-ii","16":"first","17":"instock","18":"taxable","19":"shipping-taxable","20":"purchasable","21":"product-type-simple"},"aioseo_notices":[],"_links":{"self":[{"href":"https:\/\/kastenwagenzubehoer.de\/en\/wp-json\/wp\/v2\/product\/137","targetHints":{"allow":["GET"]}}],"collection":[{"href":"https:\/\/kastenwagenzubehoer.de\/en\/wp-json\/wp\/v2\/product"}],"about":[{"href":"https:\/\/kastenwagenzubehoer.de\/en\/wp-json\/wp\/v2\/types\/product"}],"replies":[{"embeddable":true,"href":"https:\/\/kastenwagenzubehoer.de\/en\/wp-json\/wp\/v2\/comments?post=137"}],"wp:featuredmedia":[{"embeddable":true,"href":"https:\/\/kastenwagenzubehoer.de\/en\/wp-json\/wp\/v2\/media\/1505"}],"wp:attachment":[{"href":"https:\/\/kastenwagenzubehoer.de\/en\/wp-json\/wp\/v2\/media?parent=137"}],"wp:term":[{"taxonomy":"product_brand","embeddable":true,"href":"https:\/\/kastenwagenzubehoer.de\/en\/wp-json\/wp\/v2\/product_brand?post=137"},{"taxonomy":"product_cat","embeddable":true,"href":"https:\/\/kastenwagenzubehoer.de\/en\/wp-json\/wp\/v2\/product_cat?post=137"},{"taxonomy":"product_tag","embeddable":true,"href":"https:\/\/kastenwagenzubehoer.de\/en\/wp-json\/wp\/v2\/product_tag?post=137"}],"curies":[{"name":"wp","href":"https:\/\/api.w.org\/{rel}","templated":true}]}}