{"id":1513,"date":"2022-04-01T09:15:34","date_gmt":"2022-04-01T09:15:34","guid":{"rendered":"https:\/\/kastenwagenzubehoer.de\/?post_type=product&#038;p=1513"},"modified":"2025-09-15T08:11:29","modified_gmt":"2025-09-15T08:11:29","slug":"led-schrankleuchten-kaltweiss-10-set-inkl-batterie","status":"publish","type":"product","link":"https:\/\/kastenwagenzubehoer.de\/en\/product\/led-schrankleuchten-kaltweiss-10-set-inkl-batterie\/","title":{"rendered":"LED Schrankleuchten kaltwei\u00df 10 Set inkl. Batterie"},"content":{"rendered":"<h2 data-start=\"70\" data-end=\"90\"><span style=\"color: #ffffff;\">Produkthighlights<\/span><\/h2>\n<ul data-start=\"91\" data-end=\"636\">\n<li data-start=\"91\" data-end=\"171\">\n<p data-start=\"93\" data-end=\"171\">Automatisches Ein- und Ausschalten beim \u00d6ffnen bzw. Schlie\u00dfen der Schrankt\u00fcr<\/p>\n<\/li>\n<li data-start=\"172\" data-end=\"250\">\n<p data-start=\"174\" data-end=\"250\">Keine zus\u00e4tzliche Taschenlampe n\u00f6tig \u2013 Schrank wird direkt hell erleuchtet<\/p>\n<\/li>\n<li data-start=\"251\" data-end=\"307\">\n<p data-start=\"253\" data-end=\"307\">Hergestellt aus robustem, langlebigem ABS-Kunststoff<\/p>\n<\/li>\n<li data-start=\"308\" data-end=\"372\">\n<p data-start=\"310\" data-end=\"372\">3 LED-Perlen f\u00fcr hohe Helligkeit bei geringem Stromverbrauch<\/p>\n<\/li>\n<li data-start=\"373\" data-end=\"475\">\n<p data-start=\"375\" data-end=\"475\">Praktisch und vielseitig einsetzbar: K\u00fcche, Schlafzimmer, Kleiderschrank, B\u00fcro, Hotel oder Caravan<\/p>\n<\/li>\n<li data-start=\"476\" data-end=\"519\">\n<p data-start=\"478\" data-end=\"519\">Einfache Montage direkt am T\u00fcrscharnier<\/p>\n<\/li>\n<li data-start=\"520\" data-end=\"636\">\n<p data-start=\"522\" data-end=\"636\">Lange Batterielaufzeit: bis zu 3.000 Minuten (ca. 8.000 \u00d6ffnungen, entspricht etwa 1 Jahr bei normalem Gebrauch)<\/p>\n<\/li>\n<\/ul>\n<hr data-start=\"638\" data-end=\"641\" \/>\n<h2 data-start=\"643\" data-end=\"662\"><span style=\"color: #ffffff;\">Technische Daten<\/span><\/h2>\n<ul data-start=\"663\" data-end=\"859\">\n<li data-start=\"663\" data-end=\"683\">\n<p data-start=\"665\" data-end=\"683\">Lichtquelle: LED<\/p>\n<\/li>\n<li data-start=\"684\" data-end=\"764\">\n<p data-start=\"686\" data-end=\"764\">Eingangsspannung: 12 V (Betrieb mit 23A Batterie, im Lieferumfang enthalten)<\/p>\n<\/li>\n<li data-start=\"765\" data-end=\"803\">\n<p data-start=\"767\" data-end=\"803\">Lichttemperatur: 5300 K (kaltwei\u00df)<\/p>\n<\/li>\n<li data-start=\"804\" data-end=\"821\">\n<p data-start=\"806\" data-end=\"821\">Material: ABS<\/p>\n<\/li>\n<li data-start=\"822\" data-end=\"859\">\n<p data-start=\"824\" data-end=\"859\">Abmessungen: ca. 4,8 \u00d7 2,6 \u00d7 2 cm<\/p>\n<\/li>\n<\/ul>\n<hr data-start=\"861\" data-end=\"864\" \/>\n<h2 data-start=\"866\" data-end=\"881\"><span style=\"color: #ffffff;\">Lieferumfang<\/span><\/h2>\n<ul data-start=\"882\" data-end=\"960\">\n<li data-start=\"882\" data-end=\"926\">\n<p data-start=\"884\" data-end=\"926\">10 St\u00fcck LED Schrankleuchten in Kaltwei\u00df<\/p>\n<\/li>\n<li data-start=\"927\" data-end=\"960\">\n<p data-start=\"929\" data-end=\"960\">Batterien (12V 23A) inklusive<\/p>\n<\/li>\n<\/ul>","protected":false},"excerpt":{"rendered":"<p>Produkthighlights Automatisches Ein- und Ausschalten beim \u00d6ffnen bzw. Schlie\u00dfen der Schrankt\u00fcr Keine zus\u00e4tzliche Taschenlampe n\u00f6tig \u2013 Schrank wird direkt hell erleuchtet Hergestellt aus robustem, langlebigem ABS-Kunststoff 3 LED-Perlen f\u00fcr hohe Helligkeit bei geringem Stromverbrauch Praktisch und vielseitig einsetzbar: K\u00fcche, Schlafzimmer, Kleiderschrank, B\u00fcro, Hotel oder Caravan Einfache Montage direkt am T\u00fcrscharnier Lange Batterielaufzeit: bis zu 3.000 [&hellip;]<\/p>\n","protected":false},"featured_media":1522,"comment_status":"open","ping_status":"closed","template":"","meta":{"_et_pb_use_builder":"","_et_pb_old_content":"","_et_gb_content_width":""},"product_brand":[],"product_cat":[148],"product_tag":[],"class_list":{"0":"post-1513","1":"product","2":"type-product","3":"status-publish","4":"has-post-thumbnail","6":"product_cat-beleuchtung","7":"product_shipping_class-versandkostenpauschale-i","9":"first","10":"instock","11":"taxable","12":"shipping-taxable","13":"purchasable","14":"product-type-simple"},"aioseo_notices":[],"_links":{"self":[{"href":"https:\/\/kastenwagenzubehoer.de\/en\/wp-json\/wp\/v2\/product\/1513","targetHints":{"allow":["GET"]}}],"collection":[{"href":"https:\/\/kastenwagenzubehoer.de\/en\/wp-json\/wp\/v2\/product"}],"about":[{"href":"https:\/\/kastenwagenzubehoer.de\/en\/wp-json\/wp\/v2\/types\/product"}],"replies":[{"embeddable":true,"href":"https:\/\/kastenwagenzubehoer.de\/en\/wp-json\/wp\/v2\/comments?post=1513"}],"wp:featuredmedia":[{"embeddable":true,"href":"https:\/\/kastenwagenzubehoer.de\/en\/wp-json\/wp\/v2\/media\/1522"}],"wp:attachment":[{"href":"https:\/\/kastenwagenzubehoer.de\/en\/wp-json\/wp\/v2\/media?parent=1513"}],"wp:term":[{"taxonomy":"product_brand","embeddable":true,"href":"https:\/\/kastenwagenzubehoer.de\/en\/wp-json\/wp\/v2\/product_brand?post=1513"},{"taxonomy":"product_cat","embeddable":true,"href":"https:\/\/kastenwagenzubehoer.de\/en\/wp-json\/wp\/v2\/product_cat?post=1513"},{"taxonomy":"product_tag","embeddable":true,"href":"https:\/\/kastenwagenzubehoer.de\/en\/wp-json\/wp\/v2\/product_tag?post=1513"}],"curies":[{"name":"wp","href":"https:\/\/api.w.org\/{rel}","templated":true}]}}