{"id":1544,"date":"2022-04-12T13:24:34","date_gmt":"2022-04-12T13:24:34","guid":{"rendered":"https:\/\/kastenwagenzubehoer.de\/?post_type=product&#038;p=1544"},"modified":"2026-01-27T12:49:02","modified_gmt":"2026-01-27T12:49:02","slug":"video-switch-mit-2x-cinch-buchse-auf-1x-cinch-stecker","status":"publish","type":"product","link":"https:\/\/kastenwagenzubehoer.de\/en\/product\/video-switch-mit-2x-cinch-buchse-auf-1x-cinch-stecker\/","title":{"rendered":"Video-Switch mit 2x Cinch-Buchse auf 1x Cinch-Stecker"},"content":{"rendered":"<ul class=\"a-unordered-list a-vertical a-spacing-mini\">\n<li><span class=\"a-list-item\">Video-Switch mit 2x Cinch-Buchse auf 1x Cinch-Stecker<\/span><\/li>\n<li><span class=\"a-list-item\">Funktion : Umschalt-Logik mit Master\/Slave-Signal | Master: Hauptkanal | Slave: Untergeordnetes Videosignal<\/span><\/li>\n<li><span class=\"a-list-item\">Verwendung : Automatische Umschaltung von Videokanal 1 auf Videokanal 2 | Beispiel: Durch Einlegen des R\u00fcckw\u00e4rtsganges<\/span><\/li>\n<li><span class=\"a-list-item\">Vorteile : Einfach und platzsparend zu installieren | Gut geeignet beispielsweise um 2 Kameras in einem Wohnmobil zu steuern und nach Priorit\u00e4t zu schalten.<\/span><\/li>\n<\/ul>\n<p>&nbsp;<\/p>\n<p>Der Cinch-Switch erm\u00f6glicht den Anschluss von zwei Videoquellen an einem Cinch-Eingang (z.B. Monitor oder Autoradio) und deren geregelte Wiedergabe. So k\u00f6nnen Sie als Videoquelle beispielsweise eine R\u00fcckfahrkamera und eine Frontkamera anschlie\u00dfen. Nat\u00fcrlich ist auch das Anbinden anderer Videoquellen wie DVD-Player, DVB-T-Tuner etc. m\u00f6glich (nur Bild, kein Ton).<\/p>\n<p>Der Switch ist mit einer Umschalt-Logik ausgestattet: Dazu legen Sie beim Einbau einen Master- und einen Slave-Eingang fest. Der Master wird stets vorrangig wiedergegeben. Nur wenn das Master-Signal nicht verf\u00fcgbar ist und der Slave sendet, wird das Slave-Signal an den Monitor gesendet.<\/p>\n<p>Bitte beachten: Die automatische Umschaltung erfolgt \u00fcber die Erkennung der Bildsignale von Master\/Slave, nicht \u00fcber das Vorhandensein bzw. Fehlen der 12V-Stromversorgung (wie beispielsweise via R\u00fcckfahrleuchte).<\/p>\n<p>Neben den Cinch-Anschl\u00fcssen von Eing\u00e4ngen (Videoquellen) und Ausgang (Monitor) muss nur ein 12V-Stromanschluss und ein Masse-Anschluss erfolgen.<\/p>","protected":false},"excerpt":{"rendered":"<p>Video-Switch mit 2x Cinch-Buchse auf 1x Cinch-Stecker Funktion : Umschalt-Logik mit Master\/Slave-Signal | Master: Hauptkanal | Slave: Untergeordnetes Videosignal Verwendung : Automatische Umschaltung von Videokanal 1 auf Videokanal 2 | Beispiel: Durch Einlegen des R\u00fcckw\u00e4rtsganges Vorteile : Einfach und platzsparend zu installieren | Gut geeignet beispielsweise um 2 Kameras in einem Wohnmobil zu steuern und [&hellip;]<\/p>\n","protected":false},"featured_media":9610,"comment_status":"open","ping_status":"closed","template":"","meta":{"_et_pb_use_builder":"","_et_pb_old_content":"","_et_gb_content_width":""},"product_brand":[],"product_cat":[241,147],"product_tag":[],"class_list":{"0":"post-1544","1":"product","2":"type-product","3":"status-publish","4":"has-post-thumbnail","6":"product_cat-kabel","7":"product_cat-rueckfahrkameras","8":"product_shipping_class-versandkostenpauschale-i","10":"first","11":"outofstock","12":"taxable","13":"shipping-taxable","14":"purchasable","15":"product-type-simple"},"aioseo_notices":[],"_links":{"self":[{"href":"https:\/\/kastenwagenzubehoer.de\/en\/wp-json\/wp\/v2\/product\/1544","targetHints":{"allow":["GET"]}}],"collection":[{"href":"https:\/\/kastenwagenzubehoer.de\/en\/wp-json\/wp\/v2\/product"}],"about":[{"href":"https:\/\/kastenwagenzubehoer.de\/en\/wp-json\/wp\/v2\/types\/product"}],"replies":[{"embeddable":true,"href":"https:\/\/kastenwagenzubehoer.de\/en\/wp-json\/wp\/v2\/comments?post=1544"}],"wp:featuredmedia":[{"embeddable":true,"href":"https:\/\/kastenwagenzubehoer.de\/en\/wp-json\/wp\/v2\/media\/9610"}],"wp:attachment":[{"href":"https:\/\/kastenwagenzubehoer.de\/en\/wp-json\/wp\/v2\/media?parent=1544"}],"wp:term":[{"taxonomy":"product_brand","embeddable":true,"href":"https:\/\/kastenwagenzubehoer.de\/en\/wp-json\/wp\/v2\/product_brand?post=1544"},{"taxonomy":"product_cat","embeddable":true,"href":"https:\/\/kastenwagenzubehoer.de\/en\/wp-json\/wp\/v2\/product_cat?post=1544"},{"taxonomy":"product_tag","embeddable":true,"href":"https:\/\/kastenwagenzubehoer.de\/en\/wp-json\/wp\/v2\/product_tag?post=1544"}],"curies":[{"name":"wp","href":"https:\/\/api.w.org\/{rel}","templated":true}]}}