{"id":1562,"date":"2022-04-20T09:58:56","date_gmt":"2022-04-20T09:58:56","guid":{"rendered":"https:\/\/kastenwagenzubehoer.de\/?post_type=product&#038;p=1562"},"modified":"2026-01-27T13:13:52","modified_gmt":"2026-01-27T13:13:52","slug":"pcs-fet-battery-isolator-100a","status":"publish","type":"product","link":"https:\/\/kastenwagenzubehoer.de\/en\/produkt\/pcs-fet-battery-isolator-100a\/","title":{"rendered":"PCS Battery Isolator 100A"},"content":{"rendered":"<h2 data-start=\"98\" data-end=\"118\"><span style=\"color: #ffffff;\">Product highlights<\/span><\/h2>\n<ul data-start=\"119\" data-end=\"636\">\n<li data-start=\"119\" data-end=\"217\">\n<p data-start=\"121\" data-end=\"217\">Allows simultaneous charging of up to 3 batteries via a generator or battery charger<\/p>\n<\/li>\n<li data-start=\"218\" data-end=\"304\">\n<p data-start=\"220\" data-end=\"304\">Batteries are connected separately via 3 outputs \u2013 no parallel connection necessary<\/p>\n<\/li>\n<li data-start=\"305\" data-end=\"377\">\n<p data-start=\"307\" data-end=\"377\">Discharged batteries do not draw power from each other.<\/p>\n<\/li>\n<li data-start=\"378\" data-end=\"450\">\n<p data-start=\"380\" data-end=\"450\">Usage of the <strong data-start=\"395\" data-end=\"417\">MOSFET technology<\/strong> for minimal voltage drop<\/p>\n<\/li>\n<li data-start=\"451\" data-end=\"540\">\n<p data-start=\"453\" data-end=\"540\">Automatic detection of 12V and 24V \u2013 automatically adapts to system voltage<\/p>\n<\/li>\n<li data-start=\"541\" data-end=\"636\">\n<p data-start=\"543\" data-end=\"636\">Robust aluminum housing with adhesive filling for high durability and vibration resistance<\/p>\n<\/li>\n<\/ul>\n<hr data-start=\"638\" data-end=\"641\" \/>\n<h2 data-start=\"643\" data-end=\"694\"><span style=\"color: #ffffff;\">Advantages over traditional diode isolators<\/span><\/h2>\n<ul data-start=\"695\" data-end=\"988\">\n<li data-start=\"695\" data-end=\"811\">\n<p data-start=\"697\" data-end=\"730\">Very low voltage drop:<\/p>\n<ul data-start=\"733\" data-end=\"811\">\n<li data-start=\"733\" data-end=\"766\">\n<p data-start=\"735\" data-end=\"766\">only 0.02 V at low current<\/p>\n<\/li>\n<li data-start=\"769\" data-end=\"811\">\n<p data-start=\"771\" data-end=\"811\">average 0.1 V at high current<\/p>\n<\/li>\n<\/ul>\n<\/li>\n<li data-start=\"812\" data-end=\"883\">\n<p data-start=\"814\" data-end=\"883\">Protective function for generators: prevents reverse current to the B+ output<\/p>\n<\/li>\n<li data-start=\"884\" data-end=\"988\">\n<p data-start=\"886\" data-end=\"988\">Special control input activates B+ when the engine is running or the stop switch is closed<\/p>\n<\/li>\n<\/ul>\n<hr data-start=\"990\" data-end=\"993\" \/>\n<h2 data-start=\"995\" data-end=\"1014\"><span style=\"color: #ffffff;\">Technical Data<\/span><\/h2>\n<ul>\n<li style=\"list-style-type: none;\">\n<ul data-start=\"1015\" data-end=\"1272\">\n<li data-start=\"1015\" data-end=\"1045\">\n<p data-start=\"1017\" data-end=\"1045\">Maximum charging current: 100 A<\/p>\n<\/li>\n<li data-start=\"1046\" data-end=\"1081\">\n<p data-start=\"1048\" data-end=\"1081\">Maximum generator current: 100 A<\/p>\n<\/li>\n<li data-start=\"1082\" data-end=\"1145\">\n<p data-start=\"1084\" data-end=\"1145\">Battery voltage: 12 V \/ 24 V (automatic identification)<\/p>\n<\/li>\n<li data-start=\"1146\" data-end=\"1184\">\n<p data-start=\"1148\" data-end=\"1184\">Number of connectable batteries: 3<\/p>\n<\/li>\n<li data-start=\"1185\" data-end=\"1212\">\n<p data-start=\"1187\" data-end=\"1212\">Connection: M8 screws<\/p>\n<\/li>\n<li data-start=\"1213\" data-end=\"1251\">\n<p data-start=\"1215\" data-end=\"1251\">Dimensions (L x W x H): 200 x 90 x 65 mm<\/p>\n<\/li>\n<li data-start=\"1252\" data-end=\"1272\">\n<p data-start=\"1254\" data-end=\"1272\">Weight: 1.12 kg<\/p>\n<\/li>\n<\/ul>\n<\/li>\n<\/ul>","protected":false},"excerpt":{"rendered":"<p>Produkthighlights Erm\u00f6glicht gleichzeitiges Laden von bis zu 3 Batterien \u00fcber einen Generator oder Batterielader Batterien werden separat \u00fcber 3 Ausg\u00e4nge verbunden \u2013 keine Parallelschaltung n\u00f6tig Entladene Batterien greifen nicht auf die Energie der anderen zur\u00fcck Verwendung der MOSFET-Technologie f\u00fcr minimalen Spannungsverlust Automatische Erkennung von 12V und 24V \u2013 passt sich automatisch der Systemspannung an Robustes [&hellip;]<\/p>\n","protected":false},"featured_media":9615,"comment_status":"open","ping_status":"closed","template":"","meta":{"_et_pb_use_builder":"","_et_pb_old_content":"","_et_gb_content_width":""},"product_brand":[],"product_cat":[145,217],"product_tag":[],"class_list":{"0":"post-1562","1":"product","2":"type-product","3":"status-publish","4":"has-post-thumbnail","6":"product_cat-batterien","7":"product_cat-isolatoren","8":"product_shipping_class-versandkostenpauschale-i","10":"first","11":"instock","12":"taxable","13":"shipping-taxable","14":"purchasable","15":"product-type-simple"},"aioseo_notices":[],"_links":{"self":[{"href":"https:\/\/kastenwagenzubehoer.de\/en\/wp-json\/wp\/v2\/product\/1562","targetHints":{"allow":["GET"]}}],"collection":[{"href":"https:\/\/kastenwagenzubehoer.de\/en\/wp-json\/wp\/v2\/product"}],"about":[{"href":"https:\/\/kastenwagenzubehoer.de\/en\/wp-json\/wp\/v2\/types\/product"}],"replies":[{"embeddable":true,"href":"https:\/\/kastenwagenzubehoer.de\/en\/wp-json\/wp\/v2\/comments?post=1562"}],"wp:featuredmedia":[{"embeddable":true,"href":"https:\/\/kastenwagenzubehoer.de\/en\/wp-json\/wp\/v2\/media\/9615"}],"wp:attachment":[{"href":"https:\/\/kastenwagenzubehoer.de\/en\/wp-json\/wp\/v2\/media?parent=1562"}],"wp:term":[{"taxonomy":"product_brand","embeddable":true,"href":"https:\/\/kastenwagenzubehoer.de\/en\/wp-json\/wp\/v2\/product_brand?post=1562"},{"taxonomy":"product_cat","embeddable":true,"href":"https:\/\/kastenwagenzubehoer.de\/en\/wp-json\/wp\/v2\/product_cat?post=1562"},{"taxonomy":"product_tag","embeddable":true,"href":"https:\/\/kastenwagenzubehoer.de\/en\/wp-json\/wp\/v2\/product_tag?post=1562"}],"curies":[{"name":"wp","href":"https:\/\/api.w.org\/{rel}","templated":true}]}}