{"id":1603,"date":"2022-05-03T10:51:14","date_gmt":"2022-05-03T10:51:14","guid":{"rendered":"https:\/\/kastenwagenzubehoer.de\/?post_type=product&#038;p=1603"},"modified":"2026-04-10T09:14:24","modified_gmt":"2026-04-10T09:14:24","slug":"teleskop-leiter","status":"publish","type":"product","link":"https:\/\/kastenwagenzubehoer.de\/en\/product\/teleskop-leiter\/","title":{"rendered":"PCS Teleskopleiter"},"content":{"rendered":"<p>Hochwertige und stabile Leiter aus eloxiertem Aluminium mit 6 stufenweise ausziehbaren Sprossen f\u00fcr jede gew\u00fcnschte H\u00f6he. Mit Teleskopfunktion f\u00fcr besonders platzsparende Aufbewahrung und einfachen Transport.<\/p>\n<p>Der Soft Close der PCS Teleskopleiter sorgt daf\u00fcr, dass beim einfahren der Leiter die einzelnen Etagen ged\u00e4mpft zur\u00fcckfahren.<\/p>\n<p>Optionale Halterung f\u00fcr Teleskopleiter 2,15m: <a href=\"https:\/\/kastenwagenzubehoer.de\/en\/product\/teleskopleiter-halterung\/\" target=\"_blank\" rel=\"noopener\">https:\/\/kastenwagenzubehoer.de\/produkt\/teleskopleiter-halterung\/<\/a><\/p>\n<p>Vorschau auf die PCS Teleskopleiter (2,15m):<\/p>\n<div style=\"width: 1080px;\" class=\"wp-video\"><video class=\"wp-video-shortcode\" id=\"video-1603-1\" width=\"1080\" height=\"608\" preload=\"metadata\" controls=\"controls\"><source type=\"video\/mp4\" src=\"https:\/\/kastenwagenzubehoer.de\/wp-content\/uploads\/2024\/09\/PCS-Teleskopleiter-Website.mp4?_=1\" \/><a href=\"https:\/\/kastenwagenzubehoer.de\/wp-content\/uploads\/2024\/09\/PCS-Teleskopleiter-Website.mp4\">https:\/\/kastenwagenzubehoer.de\/wp-content\/uploads\/2024\/09\/PCS-Teleskopleiter-Website.mp4<\/a><\/video><\/div>","protected":false},"excerpt":{"rendered":"<p>Hochwertige und stabile Leiter aus eloxiertem Aluminium mit 6 stufenweise ausziehbaren Sprossen f\u00fcr jede gew\u00fcnschte H\u00f6he. Mit Teleskopfunktion f\u00fcr besonders platzsparende Aufbewahrung und einfachen Transport. Der Soft Close der PCS Teleskopleiter sorgt daf\u00fcr, dass beim einfahren der Leiter die einzelnen Etagen ged\u00e4mpft zur\u00fcckfahren. Optionale Halterung f\u00fcr Teleskopleiter 2,15m: https:\/\/kastenwagenzubehoer.de\/produkt\/teleskopleiter-halterung\/ Vorschau auf die PCS Teleskopleiter (2,15m):<\/p>","protected":false},"featured_media":11129,"comment_status":"open","ping_status":"closed","template":"","meta":{"_et_pb_use_builder":"","_et_pb_old_content":"","_et_gb_content_width":""},"product_brand":[],"product_cat":[248,95],"product_tag":[],"class_list":{"0":"post-1603","1":"product","2":"type-product","3":"status-publish","4":"has-post-thumbnail","6":"product_cat-teleskopleitern","7":"product_cat-zubehoer","8":"product_shipping_class-versandkostenpauschale-ii","10":"first","11":"instock","12":"taxable","13":"shipping-taxable","14":"purchasable","15":"product-type-variable"},"aioseo_notices":[],"_links":{"self":[{"href":"https:\/\/kastenwagenzubehoer.de\/en\/wp-json\/wp\/v2\/product\/1603","targetHints":{"allow":["GET"]}}],"collection":[{"href":"https:\/\/kastenwagenzubehoer.de\/en\/wp-json\/wp\/v2\/product"}],"about":[{"href":"https:\/\/kastenwagenzubehoer.de\/en\/wp-json\/wp\/v2\/types\/product"}],"replies":[{"embeddable":true,"href":"https:\/\/kastenwagenzubehoer.de\/en\/wp-json\/wp\/v2\/comments?post=1603"}],"wp:featuredmedia":[{"embeddable":true,"href":"https:\/\/kastenwagenzubehoer.de\/en\/wp-json\/wp\/v2\/media\/11129"}],"wp:attachment":[{"href":"https:\/\/kastenwagenzubehoer.de\/en\/wp-json\/wp\/v2\/media?parent=1603"}],"wp:term":[{"taxonomy":"product_brand","embeddable":true,"href":"https:\/\/kastenwagenzubehoer.de\/en\/wp-json\/wp\/v2\/product_brand?post=1603"},{"taxonomy":"product_cat","embeddable":true,"href":"https:\/\/kastenwagenzubehoer.de\/en\/wp-json\/wp\/v2\/product_cat?post=1603"},{"taxonomy":"product_tag","embeddable":true,"href":"https:\/\/kastenwagenzubehoer.de\/en\/wp-json\/wp\/v2\/product_tag?post=1603"}],"curies":[{"name":"wp","href":"https:\/\/api.w.org\/{rel}","templated":true}]}}