{"id":1618,"date":"2022-05-05T07:38:40","date_gmt":"2022-05-05T07:38:40","guid":{"rendered":"https:\/\/kastenwagenzubehoer.de\/?post_type=product&#038;p=1618"},"modified":"2025-09-15T07:53:51","modified_gmt":"2025-09-15T07:53:51","slug":"vdb-gt-sat-6-8-schwarze-edition","status":"publish","type":"product","link":"https:\/\/kastenwagenzubehoer.de\/en\/product\/vdb-gt-sat-6-8-schwarze-edition\/","title":{"rendered":"VDB GT Sat 6.8 &#8211; Schwarze Edition"},"content":{"rendered":"<h2 data-start=\"94\" data-end=\"114\"><span style=\"color: #ffffff;\">Produkthighlights<\/span><\/h2>\n<ul data-start=\"115\" data-end=\"609\">\n<li data-start=\"115\" data-end=\"158\">\n<p data-start=\"117\" data-end=\"158\">Nahezu ausfallsicher und \u00e4u\u00dferst robust<\/p>\n<\/li>\n<li data-start=\"159\" data-end=\"182\">\n<p data-start=\"161\" data-end=\"182\">Gewicht unter 10 kg<\/p>\n<\/li>\n<li data-start=\"183\" data-end=\"275\">\n<p data-start=\"185\" data-end=\"275\">Off-Set-Spiegel aus Aluminium (65\u201368 cm) f\u00fcr starken Empfang auch bei schwachen Signalen<\/p>\n<\/li>\n<li data-start=\"276\" data-end=\"359\">\n<p data-start=\"278\" data-end=\"359\">Steuerger\u00e4t speichert 2 Favoriten-Satelliten, einfache Bedienung per Knopfdruck<\/p>\n<\/li>\n<li data-start=\"360\" data-end=\"449\">\n<p data-start=\"362\" data-end=\"449\">Geringe Aufbauh\u00f6he im eingeklappten Zustand (19,5 cm) \u2013 ideal auch f\u00fcr hohe Fahrzeuge<\/p>\n<\/li>\n<li data-start=\"450\" data-end=\"513\">\n<p data-start=\"452\" data-end=\"513\">Grundplatte speziell f\u00fcr Fiat Ducato Kastenwagen entwickelt<\/p>\n<\/li>\n<li data-start=\"514\" data-end=\"590\">\n<p data-start=\"516\" data-end=\"590\">Mit optionaler Montageplatte auf nahezu jedem Fahrzeugdach installierbar<\/p>\n<\/li>\n<li data-start=\"591\" data-end=\"609\">\n<p data-start=\"593\" data-end=\"609\">Farbe: Schwarz<\/p>\n<\/li>\n<\/ul>\n<hr data-start=\"611\" data-end=\"614\" \/>\n<h2 data-start=\"616\" data-end=\"643\"><span style=\"color: #ffffff;\">Vorteile auf einen Blick<\/span><\/h2>\n<ul data-start=\"644\" data-end=\"1146\">\n<li data-start=\"644\" data-end=\"715\">\n<p data-start=\"646\" data-end=\"715\">Kugelgelagerter Vollmetall-Antrieb mit Motoren aus dem Rollladenbau<\/p>\n<\/li>\n<li data-start=\"716\" data-end=\"768\">\n<p data-start=\"718\" data-end=\"768\">Keine empfindliche Elektronik in der Dacheinheit<\/p>\n<\/li>\n<li data-start=\"769\" data-end=\"819\">\n<p data-start=\"771\" data-end=\"819\">Sehr hochwertiges LNB, gesch\u00fctzte Kabelf\u00fchrung<\/p>\n<\/li>\n<li data-start=\"820\" data-end=\"848\">\n<p data-start=\"822\" data-end=\"848\">TWIN-Nachr\u00fcstung m\u00f6glich<\/p>\n<\/li>\n<li data-start=\"849\" data-end=\"907\">\n<p data-start=\"851\" data-end=\"907\">Automatische Hinderniserkennung (z. B. Zweige, Schnee)<\/p>\n<\/li>\n<li data-start=\"908\" data-end=\"937\">\n<p data-start=\"910\" data-end=\"937\">Updatesichere Transponder<\/p>\n<\/li>\n<li data-start=\"938\" data-end=\"970\">\n<p data-start=\"940\" data-end=\"970\">Einfache Ein-Knopf-Bedienung<\/p>\n<\/li>\n<li data-start=\"971\" data-end=\"1011\">\n<p data-start=\"973\" data-end=\"1011\">Diagnosefunktion und Fehlererkennung<\/p>\n<\/li>\n<li data-start=\"1012\" data-end=\"1064\">\n<p data-start=\"1014\" data-end=\"1064\">Europaweites Servicenetz mit 41 Servicestationen<\/p>\n<\/li>\n<li data-start=\"1065\" data-end=\"1146\">\n<p data-start=\"1067\" data-end=\"1146\">Optional: kompaktes Bedienpanel (Bohrloch 16 mm) f\u00fcr Zugriff auf 4 Satelliten<\/p>\n<\/li>\n<\/ul>\n<hr data-start=\"1148\" data-end=\"1151\" \/>\n<h2 data-start=\"1153\" data-end=\"1172\"><span style=\"color: #ffffff;\">Technische Daten<\/span><\/h2>\n<ul data-start=\"1173\" data-end=\"1469\">\n<li data-start=\"1173\" data-end=\"1205\">\n<p data-start=\"1175\" data-end=\"1205\">Antennentyp: Off-Set-Spiegel<\/p>\n<\/li>\n<li data-start=\"1206\" data-end=\"1225\">\n<p data-start=\"1208\" data-end=\"1225\">LNB-Typ: Single<\/p>\n<\/li>\n<li data-start=\"1226\" data-end=\"1263\">\n<p data-start=\"1228\" data-end=\"1263\">Ausrichtungszeit: ca. 90 Sekunden<\/p>\n<\/li>\n<li data-start=\"1264\" data-end=\"1290\">\n<p data-start=\"1266\" data-end=\"1290\">Neigungswinkel: 0\u00b0\u201390\u00b0<\/p>\n<\/li>\n<li data-start=\"1291\" data-end=\"1320\">\n<p data-start=\"1293\" data-end=\"1320\">Suchwinkel (Azimut): 362\u00b0<\/p>\n<\/li>\n<li data-start=\"1321\" data-end=\"1363\">\n<p data-start=\"1323\" data-end=\"1363\">Motor: hochwertige 2-Achsen DC Motoren<\/p>\n<\/li>\n<li data-start=\"1364\" data-end=\"1399\">\n<p data-start=\"1366\" data-end=\"1399\">Spannungsversorgung: 12 V \/ 3 A<\/p>\n<\/li>\n<li data-start=\"1400\" data-end=\"1448\">\n<p data-start=\"1402\" data-end=\"1448\">Abmessungen (L x B x H): 83 x 65,8 x 19,5 cm<\/p>\n<\/li>\n<li data-start=\"1449\" data-end=\"1469\">\n<p data-start=\"1451\" data-end=\"1469\">Gewicht: &lt; 10 kg<\/p>\n<\/li>\n<\/ul>\n<hr data-start=\"1471\" data-end=\"1474\" \/>\n<h2 data-start=\"1476\" data-end=\"1499\"><span style=\"color: #ffffff;\">Satelliten (Auswahl)<\/span><\/h2>\n<ul data-start=\"1500\" data-end=\"1693\">\n<li data-start=\"1500\" data-end=\"1523\">\n<p data-start=\"1502\" data-end=\"1523\">Astra 1 \u2013 19.2\u00b0 Ost<\/p>\n<\/li>\n<li data-start=\"1524\" data-end=\"1547\">\n<p data-start=\"1526\" data-end=\"1547\">Astra 2 \u2013 28.0\u00b0 Ost<\/p>\n<\/li>\n<li data-start=\"1548\" data-end=\"1571\">\n<p data-start=\"1550\" data-end=\"1571\">Astra 3 \u2013 23.5\u00b0 Ost<\/p>\n<\/li>\n<li data-start=\"1572\" data-end=\"1596\">\n<p data-start=\"1574\" data-end=\"1596\">Hot-Bird \u2013 13.0\u00b0 Ost<\/p>\n<\/li>\n<li data-start=\"1597\" data-end=\"1626\">\n<p data-start=\"1599\" data-end=\"1626\">Atlantic Bird \u2013 5.0\u00b0 West<\/p>\n<\/li>\n<li data-start=\"1627\" data-end=\"1651\">\n<p data-start=\"1629\" data-end=\"1651\">Eutelsat \u2013 5.0\u00b0 West<\/p>\n<\/li>\n<li data-start=\"1652\" data-end=\"1677\">\n<p data-start=\"1654\" data-end=\"1677\">Hispasat \u2013 30.0\u00b0 West<\/p>\n<\/li>\n<li data-start=\"1678\" data-end=\"1693\">\n<p data-start=\"1680\" data-end=\"1693\">und weitere<\/p>\n<\/li>\n<\/ul>\n<hr data-start=\"1695\" data-end=\"1698\" \/>\n<h2 data-start=\"1700\" data-end=\"1715\"><span style=\"color: #ffffff;\">Lieferumfang<\/span><\/h2>\n<ul data-start=\"1716\" data-end=\"1811\">\n<li data-start=\"1716\" data-end=\"1742\">\n<p data-start=\"1718\" data-end=\"1742\">GT Sat 6.8 Dachantenne<\/p>\n<\/li>\n<li data-start=\"1743\" data-end=\"1758\">\n<p data-start=\"1745\" data-end=\"1758\">Steuerger\u00e4t<\/p>\n<\/li>\n<li data-start=\"1759\" data-end=\"1777\">\n<p data-start=\"1761\" data-end=\"1777\">Anschlusskabel<\/p>\n<\/li>\n<li data-start=\"1778\" data-end=\"1811\">\n<p data-start=\"1780\" data-end=\"1811\">Bedienungsanleitung (Deutsch)<\/p>\n<\/li>\n<\/ul>","protected":false},"excerpt":{"rendered":"<p>Produkthighlights Nahezu ausfallsicher und \u00e4u\u00dferst robust Gewicht unter 10 kg Off-Set-Spiegel aus Aluminium (65\u201368 cm) f\u00fcr starken Empfang auch bei schwachen Signalen Steuerger\u00e4t speichert 2 Favoriten-Satelliten, einfache Bedienung per Knopfdruck Geringe Aufbauh\u00f6he im eingeklappten Zustand (19,5 cm) \u2013 ideal auch f\u00fcr hohe Fahrzeuge Grundplatte speziell f\u00fcr Fiat Ducato Kastenwagen entwickelt Mit optionaler Montageplatte auf nahezu [&hellip;]<\/p>\n","protected":false},"featured_media":1619,"comment_status":"open","ping_status":"closed","template":"","meta":{"_et_pb_use_builder":"","_et_pb_old_content":"","_et_gb_content_width":""},"product_brand":[],"product_cat":[146],"product_tag":[],"class_list":{"0":"post-1618","1":"product","2":"type-product","3":"status-publish","4":"has-post-thumbnail","6":"product_cat-fernseher-satellitenanlagen","7":"product_shipping_class-versandkostenpauschale-iv","9":"first","10":"instock","11":"taxable","12":"shipping-taxable","13":"purchasable","14":"product-type-simple"},"aioseo_notices":[],"_links":{"self":[{"href":"https:\/\/kastenwagenzubehoer.de\/en\/wp-json\/wp\/v2\/product\/1618","targetHints":{"allow":["GET"]}}],"collection":[{"href":"https:\/\/kastenwagenzubehoer.de\/en\/wp-json\/wp\/v2\/product"}],"about":[{"href":"https:\/\/kastenwagenzubehoer.de\/en\/wp-json\/wp\/v2\/types\/product"}],"replies":[{"embeddable":true,"href":"https:\/\/kastenwagenzubehoer.de\/en\/wp-json\/wp\/v2\/comments?post=1618"}],"wp:featuredmedia":[{"embeddable":true,"href":"https:\/\/kastenwagenzubehoer.de\/en\/wp-json\/wp\/v2\/media\/1619"}],"wp:attachment":[{"href":"https:\/\/kastenwagenzubehoer.de\/en\/wp-json\/wp\/v2\/media?parent=1618"}],"wp:term":[{"taxonomy":"product_brand","embeddable":true,"href":"https:\/\/kastenwagenzubehoer.de\/en\/wp-json\/wp\/v2\/product_brand?post=1618"},{"taxonomy":"product_cat","embeddable":true,"href":"https:\/\/kastenwagenzubehoer.de\/en\/wp-json\/wp\/v2\/product_cat?post=1618"},{"taxonomy":"product_tag","embeddable":true,"href":"https:\/\/kastenwagenzubehoer.de\/en\/wp-json\/wp\/v2\/product_tag?post=1618"}],"curies":[{"name":"wp","href":"https:\/\/api.w.org\/{rel}","templated":true}]}}