{"id":1662,"date":"2022-05-12T09:02:53","date_gmt":"2022-05-12T09:02:53","guid":{"rendered":"https:\/\/kastenwagenzubehoer.de\/?post_type=product&#038;p=1662"},"modified":"2025-09-15T07:48:04","modified_gmt":"2025-09-15T07:48:04","slug":"schneidebrett","status":"publish","type":"product","link":"https:\/\/kastenwagenzubehoer.de\/en\/product\/schneidebrett\/","title":{"rendered":"PCS Schneidebrett"},"content":{"rendered":"<h2 data-start=\"92\" data-end=\"114\"><span style=\"color: #ffffff;\">Material und Aufbau<\/span><\/h2>\n<ul data-start=\"115\" data-end=\"316\">\n<li data-start=\"115\" data-end=\"175\">\n<p data-start=\"117\" data-end=\"175\">Gefertigt aus Bambus, der botanisch zu den Gr\u00e4sern z\u00e4hlt<\/p>\n<\/li>\n<li data-start=\"176\" data-end=\"241\">\n<p data-start=\"178\" data-end=\"241\">Zellstruktur enth\u00e4lt <strong data-start=\"199\" data-end=\"209\">Lignin<\/strong>, das f\u00fcr die Verholzung sorgt<\/p>\n<\/li>\n<li data-start=\"242\" data-end=\"316\">\n<p data-start=\"244\" data-end=\"316\">Durch die Verholzung entsteht eine besonders hohe H\u00e4rte und Robustheit<\/p>\n<\/li>\n<\/ul>\n<hr data-start=\"318\" data-end=\"321\" \/>\n<h2 data-start=\"323\" data-end=\"340\"><span style=\"color: #ffffff;\">H\u00e4rtevergleich<\/span><\/h2>\n<ul data-start=\"341\" data-end=\"491\">\n<li data-start=\"341\" data-end=\"370\">\n<p data-start=\"343\" data-end=\"370\">H\u00e4rte von Eiche: 34 N\/mm\u00b2<\/p>\n<\/li>\n<li data-start=\"371\" data-end=\"401\">\n<p data-start=\"373\" data-end=\"401\">H\u00e4rte von Bambus: 40 N\/mm\u00b2<\/p>\n<\/li>\n<li data-start=\"402\" data-end=\"491\">\n<p data-start=\"404\" data-end=\"491\">Bambus ist damit <strong data-start=\"421\" data-end=\"459\">noch h\u00e4rter und widerstandsf\u00e4higer<\/strong> als viele herk\u00f6mmliche H\u00f6lzer<\/p>\n<\/li>\n<\/ul>\n<hr data-start=\"493\" data-end=\"496\" \/>\n<h2 data-start=\"498\" data-end=\"521\"><span style=\"color: #ffffff;\">Vorteile im Gebrauch<\/span><\/h2>\n<ul data-start=\"522\" data-end=\"766\">\n<li data-start=\"522\" data-end=\"602\">\n<p data-start=\"524\" data-end=\"602\"><strong data-start=\"524\" data-end=\"548\">Robust und langlebig<\/strong>: widersteht auch starker Beanspruchung in der K\u00fcche<\/p>\n<\/li>\n<li data-start=\"603\" data-end=\"678\">\n<p data-start=\"605\" data-end=\"678\"><strong data-start=\"605\" data-end=\"628\">Schonend f\u00fcr Messer<\/strong>: trotz H\u00e4rte bleibt die Schneide funktionsf\u00e4hig<\/p>\n<\/li>\n<li data-start=\"679\" data-end=\"766\">\n<p data-start=\"681\" data-end=\"766\"><strong data-start=\"681\" data-end=\"699\">Antibakteriell<\/strong>: hygienisch vorteilhaft, ideal f\u00fcr den Einsatz bei Lebensmitteln<\/p>\n<\/li>\n<\/ul>","protected":false},"excerpt":{"rendered":"<p>Material und Aufbau Gefertigt aus Bambus, der botanisch zu den Gr\u00e4sern z\u00e4hlt Zellstruktur enth\u00e4lt Lignin, das f\u00fcr die Verholzung sorgt Durch die Verholzung entsteht eine besonders hohe H\u00e4rte und Robustheit H\u00e4rtevergleich H\u00e4rte von Eiche: 34 N\/mm\u00b2 H\u00e4rte von Bambus: 40 N\/mm\u00b2 Bambus ist damit noch h\u00e4rter und widerstandsf\u00e4higer als viele herk\u00f6mmliche H\u00f6lzer Vorteile im Gebrauch [&hellip;]<\/p>\n","protected":false},"featured_media":1663,"comment_status":"open","ping_status":"closed","template":"","meta":{"_et_pb_use_builder":"","_et_pb_old_content":"","_et_gb_content_width":""},"product_brand":[],"product_cat":[254,95],"product_tag":[],"class_list":{"0":"post-1662","1":"product","2":"type-product","3":"status-publish","4":"has-post-thumbnail","6":"product_cat-schneidebretter","7":"product_cat-zubehoer","8":"product_shipping_class-versandkostenpauschale-i","10":"first","11":"instock","12":"taxable","13":"shipping-taxable","14":"purchasable","15":"product-type-simple"},"aioseo_notices":[],"_links":{"self":[{"href":"https:\/\/kastenwagenzubehoer.de\/en\/wp-json\/wp\/v2\/product\/1662","targetHints":{"allow":["GET"]}}],"collection":[{"href":"https:\/\/kastenwagenzubehoer.de\/en\/wp-json\/wp\/v2\/product"}],"about":[{"href":"https:\/\/kastenwagenzubehoer.de\/en\/wp-json\/wp\/v2\/types\/product"}],"replies":[{"embeddable":true,"href":"https:\/\/kastenwagenzubehoer.de\/en\/wp-json\/wp\/v2\/comments?post=1662"}],"wp:featuredmedia":[{"embeddable":true,"href":"https:\/\/kastenwagenzubehoer.de\/en\/wp-json\/wp\/v2\/media\/1663"}],"wp:attachment":[{"href":"https:\/\/kastenwagenzubehoer.de\/en\/wp-json\/wp\/v2\/media?parent=1662"}],"wp:term":[{"taxonomy":"product_brand","embeddable":true,"href":"https:\/\/kastenwagenzubehoer.de\/en\/wp-json\/wp\/v2\/product_brand?post=1662"},{"taxonomy":"product_cat","embeddable":true,"href":"https:\/\/kastenwagenzubehoer.de\/en\/wp-json\/wp\/v2\/product_cat?post=1662"},{"taxonomy":"product_tag","embeddable":true,"href":"https:\/\/kastenwagenzubehoer.de\/en\/wp-json\/wp\/v2\/product_tag?post=1662"}],"curies":[{"name":"wp","href":"https:\/\/api.w.org\/{rel}","templated":true}]}}