{"id":1785,"date":"2022-05-30T12:55:08","date_gmt":"2022-05-30T12:55:08","guid":{"rendered":"https:\/\/kastenwagenzubehoer.de\/?post_type=product&#038;p=1785"},"modified":"2025-09-12T09:55:52","modified_gmt":"2025-09-12T09:55:52","slug":"cctv-stecker","status":"publish","type":"product","link":"https:\/\/kastenwagenzubehoer.de\/en\/product\/cctv-stecker\/","title":{"rendered":"DC Niedervolt-Steckverbinder Stecker, gerade 5.5 mm 2.1 mm"},"content":{"rendered":"<h2 data-start=\"160\" data-end=\"230\"><span style=\"color: #ffffff;\"><strong data-start=\"163\" data-end=\"228\">DC Niedervolt-Steckverbinder \u2013 Stecker gerade 5,5 mm \u00d7 2,1 mm<\/strong><\/span><\/h2>\n<p data-start=\"232\" data-end=\"515\">Mit diesem <strong data-start=\"243\" data-end=\"264\">DC-Steckverbinder<\/strong> verbinden Sie ganz einfach Ger\u00e4te oder Anschlusskabel mit <strong data-start=\"323\" data-end=\"370\">DC-Hohlbuchse (5,5 mm au\u00dfen \/ 2,1 mm innen)<\/strong> mit Produkten, die \u00fcber <strong data-start=\"395\" data-end=\"416\">offene Kabelenden<\/strong> verf\u00fcgen. Der Anschluss erfolgt bequem \u00fcber <strong data-start=\"461\" data-end=\"479\">Schraubklemmen<\/strong> \u2013 schnell, sicher und ohne L\u00f6ten.<\/p>\n<p data-start=\"517\" data-end=\"817\">Typische Einsatzbereiche sind z. B. <strong data-start=\"553\" data-end=\"592\">RGB-Controller, Dimmer, LED-Leisten<\/strong> oder unsere <strong data-start=\"605\" data-end=\"647\">2-poligen Anschlusskabel f\u00fcr Netzteile<\/strong>. Besonders praktisch ist der Adapter auch f\u00fcr <strong data-start=\"694\" data-end=\"733\">Einbaunetzteile ohne DC-Hohlstecker<\/strong> sowie f\u00fcr Anwendungen im <strong data-start=\"759\" data-end=\"774\">KFZ-Bereich<\/strong>, um offene Kabelenden nutzbar zu machen.<\/p>\n<hr data-start=\"819\" data-end=\"822\" \/>\n<h3 data-start=\"824\" data-end=\"848\"><span style=\"color: #ffffff;\"><strong data-start=\"828\" data-end=\"848\">Technische Daten<\/strong><\/span><\/h3>\n<ul data-start=\"849\" data-end=\"1121\">\n<li data-start=\"849\" data-end=\"895\">\n<p data-start=\"851\" data-end=\"895\"><strong data-start=\"851\" data-end=\"859\">Typ:<\/strong> DC-Steckverbinder, Stecker gerade<\/p>\n<\/li>\n<li data-start=\"896\" data-end=\"944\">\n<p data-start=\"898\" data-end=\"944\"><strong data-start=\"898\" data-end=\"914\">Abmessungen:<\/strong> 5,5 mm au\u00dfen \/ 2,1 mm innen<\/p>\n<\/li>\n<li data-start=\"945\" data-end=\"1000\">\n<p data-start=\"947\" data-end=\"1000\"><strong data-start=\"947\" data-end=\"961\">Anschluss:<\/strong> Schraubklemmen f\u00fcr offene Kabelenden<\/p>\n<\/li>\n<li data-start=\"1001\" data-end=\"1091\">\n<p data-start=\"1003\" data-end=\"1091\"><strong data-start=\"1003\" data-end=\"1023\">Einsatzbereiche:<\/strong> LED-Technik, RGB-Controller, Dimmer, Einbaunetzteile, KFZ-Bereich<\/p>\n<\/li>\n<li data-start=\"1092\" data-end=\"1121\">\n<p data-start=\"1094\" data-end=\"1121\"><strong data-start=\"1094\" data-end=\"1111\">Lieferumfang:<\/strong> 1 St\u00fcck<\/p>\n<\/li>\n<\/ul>","protected":false},"excerpt":{"rendered":"<p>DC Niedervolt-Steckverbinder \u2013 Stecker gerade 5,5 mm \u00d7 2,1 mm Mit diesem DC-Steckverbinder verbinden Sie ganz einfach Ger\u00e4te oder Anschlusskabel mit DC-Hohlbuchse (5,5 mm au\u00dfen \/ 2,1 mm innen) mit Produkten, die \u00fcber offene Kabelenden verf\u00fcgen. Der Anschluss erfolgt bequem \u00fcber Schraubklemmen \u2013 schnell, sicher und ohne L\u00f6ten. Typische Einsatzbereiche sind z. B. RGB-Controller, Dimmer, [&hellip;]<\/p>\n","protected":false},"featured_media":1786,"comment_status":"open","ping_status":"closed","template":"","meta":{"_et_pb_use_builder":"","_et_pb_old_content":"","_et_gb_content_width":""},"product_brand":[],"product_cat":[147,242],"product_tag":[],"class_list":{"0":"post-1785","1":"product","2":"type-product","3":"status-publish","4":"has-post-thumbnail","6":"product_cat-rueckfahrkameras","7":"product_cat-stecker","8":"product_shipping_class-versandkostenpauschale-i","10":"first","11":"instock","12":"taxable","13":"shipping-taxable","14":"purchasable","15":"product-type-simple"},"aioseo_notices":[],"_links":{"self":[{"href":"https:\/\/kastenwagenzubehoer.de\/en\/wp-json\/wp\/v2\/product\/1785","targetHints":{"allow":["GET"]}}],"collection":[{"href":"https:\/\/kastenwagenzubehoer.de\/en\/wp-json\/wp\/v2\/product"}],"about":[{"href":"https:\/\/kastenwagenzubehoer.de\/en\/wp-json\/wp\/v2\/types\/product"}],"replies":[{"embeddable":true,"href":"https:\/\/kastenwagenzubehoer.de\/en\/wp-json\/wp\/v2\/comments?post=1785"}],"wp:featuredmedia":[{"embeddable":true,"href":"https:\/\/kastenwagenzubehoer.de\/en\/wp-json\/wp\/v2\/media\/1786"}],"wp:attachment":[{"href":"https:\/\/kastenwagenzubehoer.de\/en\/wp-json\/wp\/v2\/media?parent=1785"}],"wp:term":[{"taxonomy":"product_brand","embeddable":true,"href":"https:\/\/kastenwagenzubehoer.de\/en\/wp-json\/wp\/v2\/product_brand?post=1785"},{"taxonomy":"product_cat","embeddable":true,"href":"https:\/\/kastenwagenzubehoer.de\/en\/wp-json\/wp\/v2\/product_cat?post=1785"},{"taxonomy":"product_tag","embeddable":true,"href":"https:\/\/kastenwagenzubehoer.de\/en\/wp-json\/wp\/v2\/product_tag?post=1785"}],"curies":[{"name":"wp","href":"https:\/\/api.w.org\/{rel}","templated":true}]}}