{"id":1791,"date":"2022-05-30T13:05:40","date_gmt":"2022-05-30T13:05:40","guid":{"rendered":"https:\/\/kastenwagenzubehoer.de\/?post_type=product&#038;p=1791"},"modified":"2024-12-05T09:24:31","modified_gmt":"2024-12-05T09:24:31","slug":"2-wegeschalter","status":"publish","type":"product","link":"https:\/\/kastenwagenzubehoer.de\/en\/product\/2-wegeschalter\/","title":{"rendered":"Wippschalter 2 x Ein\/Aus\/Ein rastend\/0\/rastend"},"content":{"rendered":"<p>Wippschalter 2polig f\u00fcr &#8222;Snap in Montage&#8220;, mit F\u00fchrungsnase zum Frontplatteneinbau.<\/p>\n<p>Technische Daten<\/p>\n<table class=\"has-title all magic-11\">\n<tbody>\n<tr>\n<td>\n<div class=\"magic-15\">Lochma\u00df<\/div>\n<\/td>\n<td colspan=\"3\">\n<div class=\"magic-17\" data-spm-anchor-id=\"a2700.wholesale.0.i8.14364c1esfnT3h\">20mm<\/div>\n<\/td>\n<\/tr>\n<tr>\n<td>\n<div class=\"magic-15\">Belastbarkeit<\/div>\n<\/td>\n<td colspan=\"3\">\n<div class=\"magic-17\" data-spm-anchor-id=\"a2700.wholesale.0.i8.14364c1esfnT3h\">6A 250V AC;<\/div>\n<div class=\"magic-17\" data-spm-anchor-id=\"a2700.wholesale.0.i8.14364c1esfnT3h\">10A 125V AC<\/div>\n<\/td>\n<\/tr>\n<tr>\n<td>\n<div class=\"magic-15\">Material<\/div>\n<\/td>\n<td colspan=\"3\">\n<div class=\"magic-17\">Kunststoff<\/div>\n<\/td>\n<\/tr>\n<tr>\n<td>\n<div class=\"magic-15\">Kontaktieren Widerstand<\/div>\n<\/td>\n<td colspan=\"3\">\n<div class=\"magic-17\">&lt;50m\u03a9<\/div>\n<\/td>\n<\/tr>\n<tr>\n<td>\n<div class=\"magic-15\">Isolierung Widerstand<\/div>\n<\/td>\n<td colspan=\"3\">\n<div class=\"magic-17\">&gt; 100M\u03a9<\/div>\n<\/td>\n<\/tr>\n<tr>\n<td>\n<div class=\"magic-15\">Spannungsfestigkeit<\/div>\n<\/td>\n<td colspan=\"3\">\n<div class=\"magic-16\">1500VAC \/ min<\/div>\n<\/td>\n<\/tr>\n<tr>\n<td>\n<div class=\"magic-15\">Betriebs Temp.<\/div>\n<\/td>\n<td colspan=\"3\">\n<div class=\"magic-18\">-25 \u2103 bis + 70 \u2103<\/div>\n<\/td>\n<\/tr>\n<tr>\n<td>\n<div class=\"magic-15\">Relative Feuchtigkeit<\/div>\n<\/td>\n<td colspan=\"3\">\n<div class=\"magic-16\">(40 \u2103) \u2264 95%<\/div>\n<\/td>\n<\/tr>\n<tr>\n<td>\n<div class=\"magic-15\">Mechanische Lebensdauer<\/div>\n<\/td>\n<td colspan=\"3\">\n<div class=\"magic-17\" data-spm-anchor-id=\"a2700.wholesale.0.i9.14364c1esfnT3h\">&gt; 10000 zyklen<\/div>\n<\/td>\n<\/tr>\n<\/tbody>\n<\/table>\n<p>&nbsp;<\/p>\n<p>Abmessungen<\/p>\n<p><a href=\"https:\/\/kastenwagenzubehoer.de\/wp-content\/uploads\/2022\/05\/Unbenannt.jpg\"><img loading=\"lazy\" decoding=\"async\" class=\"alignnone size-medium wp-image-2875\" src=\"https:\/\/kastenwagenzubehoer.de\/wp-content\/uploads\/2022\/05\/Unbenannt-300x214.jpg\" alt=\"\" width=\"300\" height=\"214\" srcset=\"https:\/\/kastenwagenzubehoer.de\/wp-content\/uploads\/2022\/05\/Unbenannt-300x214.jpg 300w, https:\/\/kastenwagenzubehoer.de\/wp-content\/uploads\/2022\/05\/Unbenannt.jpg 371w\" sizes=\"(max-width: 300px) 100vw, 300px\" \/><\/a><\/p>","protected":false},"excerpt":{"rendered":"<p>Wippschalter 2polig f\u00fcr &#8222;Snap in Montage&#8220;, mit F\u00fchrungsnase zum Frontplatteneinbau. Technische Daten Lochma\u00df 20mm Belastbarkeit 6A 250V AC; 10A 125V AC Material Kunststoff Kontaktieren Widerstand &lt;50m\u03a9 Isolierung Widerstand &gt; 100M\u03a9 Spannungsfestigkeit 1500VAC \/ min Betriebs Temp. -25 \u2103 bis + 70 \u2103 Relative Feuchtigkeit (40 \u2103) \u2264 95% Mechanische Lebensdauer &gt; 10000 zyklen &nbsp; Abmessungen<\/p>","protected":false},"featured_media":1792,"comment_status":"open","ping_status":"closed","template":"","meta":{"_et_pb_use_builder":"","_et_pb_old_content":"","_et_gb_content_width":""},"product_brand":[],"product_cat":[93,224],"product_tag":[],"class_list":{"0":"post-1791","1":"product","2":"type-product","3":"status-publish","4":"has-post-thumbnail","6":"product_cat-energie-solartechnik","7":"product_cat-wippschalter","8":"product_shipping_class-versandkostenpauschale-i","10":"first","11":"instock","12":"taxable","13":"shipping-taxable","14":"purchasable","15":"product-type-simple"},"aioseo_notices":[],"_links":{"self":[{"href":"https:\/\/kastenwagenzubehoer.de\/en\/wp-json\/wp\/v2\/product\/1791","targetHints":{"allow":["GET"]}}],"collection":[{"href":"https:\/\/kastenwagenzubehoer.de\/en\/wp-json\/wp\/v2\/product"}],"about":[{"href":"https:\/\/kastenwagenzubehoer.de\/en\/wp-json\/wp\/v2\/types\/product"}],"replies":[{"embeddable":true,"href":"https:\/\/kastenwagenzubehoer.de\/en\/wp-json\/wp\/v2\/comments?post=1791"}],"wp:featuredmedia":[{"embeddable":true,"href":"https:\/\/kastenwagenzubehoer.de\/en\/wp-json\/wp\/v2\/media\/1792"}],"wp:attachment":[{"href":"https:\/\/kastenwagenzubehoer.de\/en\/wp-json\/wp\/v2\/media?parent=1791"}],"wp:term":[{"taxonomy":"product_brand","embeddable":true,"href":"https:\/\/kastenwagenzubehoer.de\/en\/wp-json\/wp\/v2\/product_brand?post=1791"},{"taxonomy":"product_cat","embeddable":true,"href":"https:\/\/kastenwagenzubehoer.de\/en\/wp-json\/wp\/v2\/product_cat?post=1791"},{"taxonomy":"product_tag","embeddable":true,"href":"https:\/\/kastenwagenzubehoer.de\/en\/wp-json\/wp\/v2\/product_tag?post=1791"}],"curies":[{"name":"wp","href":"https:\/\/api.w.org\/{rel}","templated":true}]}}