{"id":1798,"date":"2022-05-30T14:59:27","date_gmt":"2022-05-30T14:59:27","guid":{"rendered":"https:\/\/kastenwagenzubehoer.de\/?post_type=product&#038;p=1798"},"modified":"2024-12-05T09:24:25","modified_gmt":"2024-12-05T09:24:25","slug":"videokamera-dvro25s","status":"publish","type":"product","link":"https:\/\/kastenwagenzubehoer.de\/en\/product\/videokamera-dvro25s\/","title":{"rendered":"XTRONS Videokamera DVRO25S"},"content":{"rendered":"<ul class=\"a-unordered-list a-vertical a-spacing-mini\">\n<li><span class=\"a-list-item\">Echte 1080P-Aufl\u00f6sung: Der eingebaute High-End-Chip ist f\u00fcr die Bildverarbeitung mit 1080p geeignet. Es ist mit der hochaufl\u00f6senden H.264-Videokomprimierung abgestimmt und erfasst somit sehr detaillierte und klare Bilder.<\/span><\/li>\n<li><span class=\"a-list-item\">Weitwinkelobjektiv, weniger blinde Flecken: Das Weitwinkelobjektiv (horizontal: ca. 140 \u00b0) erfasst Videos aus einem weiten Blickwinkel. Dies ist insbesondere f\u00fcr SUV- und 4&#215;4-Fahrzeuge von Vorteil, um weniger blinde Flecken zu gew\u00e4hrleisten.<\/span><\/li>\n<li><span class=\"a-list-item\">Loop-Aufnahme: Durch die Loop-Aufnahme k\u00f6nnen \u00e4ltere Videos mit neueren Aufnahmen \u00fcberschrieben werden. Dies erm\u00f6glicht eine vollautomatische und kontinuierliche Aufnahme. Unterst\u00fctzt Micro SD-Karten mit bis zu 64 GB.<\/span><\/li>\n<li><span class=\"a-list-item\">Dieser DVR ist mit den meisten nachr\u00fcstbaren Android-Hauptger\u00e4ten mit USB-Eingang kompatibel. Die Wiedergabe von Videoaufnahmen ist direkt am Hauptger\u00e4t m\u00f6glich.Dieses Ger\u00e4t verf\u00fcgt nicht \u00fcber die ADAS-Funktion. Wenn Sie diese Funktion ben\u00f6tigen, kaufen Sie bitte XTRONS DVR029. Bei Bedarf kontaktieren Sie uns bitte.<\/span><\/li>\n<li><span class=\"a-list-item\">Haltbarer 3M Aufkleber; unterst\u00fctzt 64 GB SD-Karte; Schr\u00e4nkt die Sicht nicht ein. Gr\u00f6\u00dfe: 87mm * 50mm. Lieferumfang: 1xCar DVR \/ 1xUSB-Kabel (230mm) \/ 1xBenutzerhandbuch<\/span><\/li>\n<\/ul>","protected":false},"excerpt":{"rendered":"<p>Echte 1080P-Aufl\u00f6sung: Der eingebaute High-End-Chip ist f\u00fcr die Bildverarbeitung mit 1080p geeignet. Es ist mit der hochaufl\u00f6senden H.264-Videokomprimierung abgestimmt und erfasst somit sehr detaillierte und klare Bilder. Weitwinkelobjektiv, weniger blinde Flecken: Das Weitwinkelobjektiv (horizontal: ca. 140 \u00b0) erfasst Videos aus einem weiten Blickwinkel. Dies ist insbesondere f\u00fcr SUV- und 4&#215;4-Fahrzeuge von Vorteil, um weniger blinde [&hellip;]<\/p>\n","protected":false},"featured_media":1799,"comment_status":"open","ping_status":"closed","template":"","meta":{"_et_pb_use_builder":"","_et_pb_old_content":"","_et_gb_content_width":""},"product_brand":[],"product_cat":[240,147],"product_tag":[],"class_list":{"0":"post-1798","1":"product","2":"type-product","3":"status-publish","4":"has-post-thumbnail","6":"product_cat-rueckfahrkameras-rueckfahrkamera","7":"product_cat-rueckfahrkameras","8":"product_shipping_class-versandkostenpauschale-i","10":"first","11":"instock","12":"taxable","13":"shipping-taxable","14":"purchasable","15":"product-type-simple"},"aioseo_notices":[],"_links":{"self":[{"href":"https:\/\/kastenwagenzubehoer.de\/en\/wp-json\/wp\/v2\/product\/1798","targetHints":{"allow":["GET"]}}],"collection":[{"href":"https:\/\/kastenwagenzubehoer.de\/en\/wp-json\/wp\/v2\/product"}],"about":[{"href":"https:\/\/kastenwagenzubehoer.de\/en\/wp-json\/wp\/v2\/types\/product"}],"replies":[{"embeddable":true,"href":"https:\/\/kastenwagenzubehoer.de\/en\/wp-json\/wp\/v2\/comments?post=1798"}],"wp:featuredmedia":[{"embeddable":true,"href":"https:\/\/kastenwagenzubehoer.de\/en\/wp-json\/wp\/v2\/media\/1799"}],"wp:attachment":[{"href":"https:\/\/kastenwagenzubehoer.de\/en\/wp-json\/wp\/v2\/media?parent=1798"}],"wp:term":[{"taxonomy":"product_brand","embeddable":true,"href":"https:\/\/kastenwagenzubehoer.de\/en\/wp-json\/wp\/v2\/product_brand?post=1798"},{"taxonomy":"product_cat","embeddable":true,"href":"https:\/\/kastenwagenzubehoer.de\/en\/wp-json\/wp\/v2\/product_cat?post=1798"},{"taxonomy":"product_tag","embeddable":true,"href":"https:\/\/kastenwagenzubehoer.de\/en\/wp-json\/wp\/v2\/product_tag?post=1798"}],"curies":[{"name":"wp","href":"https:\/\/api.w.org\/{rel}","templated":true}]}}