{"id":1941,"date":"2022-07-05T09:40:26","date_gmt":"2022-07-05T09:40:26","guid":{"rendered":"https:\/\/kastenwagenzubehoer.de\/?post_type=product&#038;p=1941"},"modified":"2026-02-26T15:49:48","modified_gmt":"2026-02-26T15:49:48","slug":"pcs-wechselrichter-1500-watt","status":"publish","type":"product","link":"https:\/\/kastenwagenzubehoer.de\/en\/product\/pcs-wechselrichter-1500-watt\/","title":{"rendered":"PCS Wechselrichter 1500 Watt mit integriertem Ladeger\u00e4t"},"content":{"rendered":"<div class=\"product--description\">\n<p>Dieser Spannungswandler erkennt ob \u00a0230 V Netzspannung als Eingangsspannung anliegt und schaltet zwischen Batterie- und Netzspannung um. Liegen 230 V als Eingangsspannung an, wird Ihre Batterie durch das integrierte 15 A Ladeger\u00e4t nachgeladen.\u00a0<strong>Der separate \u201eCharger\u201c Schalter muss eingeschaltet sein, um die Batterie mit anliegender Netzspannung aufzuladen.<\/strong><\/p>\n<p>Kompatibel mit allen Batterien (Akku) ab 150 Ah bei 1500 Watt und 14,4V Ladeschlussspannung<\/p>\n<p>Lieferumfang: Wandler, Netzkabel, Kabelfernbedienung<\/p>\n<ul>\n<li>USV &#8211; Unterbrechungsfreie Stromversorgung<\/li>\n<li>Umschaltzeit &lt; 25 ms<\/li>\n<li>reine SINUS Spannung<\/li>\n<li>Softstart Funktion<\/li>\n<li>2x Schutzkontaktdose<\/li>\n<li>durchschnittlicher Eigenverbrauch im ausgeschalteten \u00a0Zustand 0 Watt<\/li>\n<li>Verpolungsschutz f\u00fcr Batterie (Sicherung l\u00f6st aus)<\/li>\n<li>Automatische Abschaltung bei \u00dcberlast oder Kurzschluss<\/li>\n<li>zum Betrieb im KFZ zugelassen<\/li>\n<li>Stabiles Geh\u00e4use aus Aluminium und Formblech<\/li>\n<li>Zertifikate: Wandler, CE, RoHS; E8 Fertigung nach DIN ISO 9001:2000<\/li>\n<\/ul>\n<p>Bitte beachten Sie, dass der Wechselrichter eine leistungsabh\u00e4ngige Steuerung der L\u00fcfter hat. Dies bedeutet, dass ab ca. 10% der Dauerleistung die internen L\u00fcfter laufen.<\/p>\n<p>Sollten Sie einen Verbraucher an den Wechselrichter anschlie\u00dfen, der unterhalb der 10% bleibt, so laufen auch die L\u00fcfter nicht mit an.<\/p>\n<p>Ab einer intern gemessen Temperatur von ca. 60\u00b0C schaltet sich der Wechselrichter komplett ab.<\/p>\n<\/div>\n<div class=\"product--properties panel has--border\">\n<table class=\"product--properties-table\">\n<tbody>\n<tr class=\"product--properties-row\">\n<td class=\"product--properties-label is--bold\">Gewicht:<\/td>\n<td class=\"product--properties-value\">5 kg<\/td>\n<\/tr>\n<tr class=\"product--properties-row\">\n<td class=\"product--properties-label is--bold\">Ma\u00dfe:<\/td>\n<td class=\"product--properties-value\">400 mm x 255 mm x 105 mm<\/td>\n<\/tr>\n<tr class=\"product--properties-row\">\n<td class=\"product--properties-label is--bold\">Ausgangsspannung:<\/td>\n<td class=\"product--properties-value\">230 V (50 Hz)<\/td>\n<\/tr>\n<tr class=\"product--properties-row\">\n<td class=\"product--properties-label is--bold\">Spitzenleistung:<\/td>\n<td class=\"product--properties-value\">3000 W mind. 20 ms f\u00fcr Anlauf- bzw. Kaltstr\u00f6me<\/td>\n<\/tr>\n<tr class=\"product--properties-row\">\n<td class=\"product--properties-label is--bold\">Steckdose:<\/td>\n<td class=\"product--properties-value\">2 Schukosteckdosen<\/td>\n<\/tr>\n<tr class=\"product--properties-row\">\n<td class=\"product--properties-label is--bold\">Dauerleistung:<\/td>\n<td class=\"product--properties-value\">1500 W<\/td>\n<\/tr>\n<tr class=\"product--properties-row\">\n<td class=\"product--properties-label is--bold\">Einbau Kabelfernbedienung:<\/td>\n<td class=\"product--properties-value\">Ist m\u00f6glich, Wandler mit Fernbedienung bitte zusammen bestellen. Ein nachtr\u00e4glicher Einbau ist nur mit Einsendung des Wandlers m\u00f6glich.<\/td>\n<\/tr>\n<tr class=\"product--properties-row\">\n<td class=\"product--properties-label is--bold\">Eingangsspannung:<\/td>\n<td class=\"product--properties-value\">12 V<\/td>\n<\/tr>\n<tr class=\"product--properties-row\">\n<td class=\"product--properties-label is--bold\">Unterspannungsabschaltung:<\/td>\n<td class=\"product--properties-value\">&lt; 10,4 V<\/td>\n<\/tr>\n<tr class=\"product--properties-row\">\n<td class=\"product--properties-label is--bold\">Unterspannungsalarm:<\/td>\n<td class=\"product--properties-value\">&lt; 10,6 V<\/td>\n<\/tr>\n<tr class=\"product--properties-row\">\n<td class=\"product--properties-label is--bold\">\u00dcberspannungsabschaltung:<\/td>\n<td class=\"product--properties-value\">&gt; 15,0 V<\/td>\n<\/tr>\n<tr class=\"product--properties-row\">\n<td class=\"product--properties-label is--bold\">\u00dcbertemperaturschutzabschaltung:<\/td>\n<td class=\"product--properties-value\">&gt; 60 \u00b0C<\/td>\n<\/tr>\n<tr class=\"product--properties-row\">\n<td class=\"product--properties-label is--bold\">relative Luftfeuchte:<\/td>\n<td class=\"product--properties-value\">&lt; 60%<\/td>\n<\/tr>\n<tr class=\"product--properties-row\">\n<td class=\"product--properties-label is--bold\">Ladestrom:<\/td>\n<td class=\"product--properties-value\">max. 10 A<\/td>\n<\/tr>\n<tr class=\"product--properties-row\">\n<td class=\"product--properties-label is--bold\">Wirkungsgrad:<\/td>\n<td class=\"product--properties-value\">&gt; 85% (typisch ca. 92%)<\/td>\n<\/tr>\n<tr class=\"product--properties-row\">\n<td class=\"product--properties-label is--bold\">durchschnittlicher Eigenverbrauch im Standby &#8211; ohne Last:<\/td>\n<td class=\"product--properties-value\">typisch bei &gt;12,5 V ca. 13 W und bei &lt;11,5 V bis 35 W<\/td>\n<\/tr>\n<tr class=\"product--properties-row\">\n<td class=\"product--properties-label is--bold\">Anschlusskabel Anzahl:<\/td>\n<td class=\"product--properties-value\">1x Plus und 1x Minus mitgeliefert<\/td>\n<\/tr>\n<tr class=\"product--properties-row\">\n<td class=\"product--properties-label is--bold\">Anschlusskabel Querschnitt:<\/td>\n<td class=\"product--properties-value\">16mm\u00b2<\/td>\n<\/tr>\n<tr class=\"product--properties-row\">\n<td class=\"product--properties-label is--bold\">Anschlusskabel L\u00e4nge:<\/td>\n<td class=\"product--properties-value\">ca. 50cm<\/td>\n<\/tr>\n<tr class=\"product--properties-row\">\n<td class=\"product--properties-label is--bold\">L\u00fcfterreglung:<\/td>\n<td class=\"product--properties-value\">ab ca. 10% der Dauerleistung<\/td>\n<\/tr>\n<tr class=\"product--properties-row\">\n<td class=\"product--properties-label is--bold\">geeignete Batterietypen:<\/td>\n<td class=\"product--properties-value\">Bleis\u00e4ure-, Gel- und AGM Akkus (keine LiFePO4-Akkus)<\/td>\n<\/tr>\n<\/tbody>\n<\/table>\n<\/div>\n<p>&nbsp;<\/p>\n<p><strong>Hinweis: Dieser Artikel ist ausschlie\u00dflich f\u00fcr den Caravan \/ Wohnmobilbereich geeignet und daher NICHT Mehrwertsteuerbefreit!<\/strong><\/p>\n<p>&nbsp;<\/p>\n<p>Oft benutztes Zubeh\u00f6r:<\/p>\n<table style=\"width: 410px;\">\n<tbody>\n<tr>\n<td style=\"width: 197px;\">\n<p style=\"text-align: center;\">PCS Remote Controller mit Display<\/p>\n<\/td>\n<td style=\"width: 197px;\">\n<p style=\"text-align: center;\">PCS Remote Controller mit Display<\/p>\n<\/td>\n<\/tr>\n<tr>\n<td style=\"width: 197px;\"><a href=\"https:\/\/kastenwagenzubehoer.de\/en\/product\/pcs-remote-controller-mit-display-2\/\" target=\"_blank\" rel=\"noopener\"><img loading=\"lazy\" decoding=\"async\" class=\"aligncenter wp-image-1569 size-medium\" src=\"https:\/\/kastenwagenzubehoer.de\/wp-content\/uploads\/2022\/02\/PCS-Remote-Controller-300x300.png\" alt=\"\" width=\"300\" height=\"300\" srcset=\"https:\/\/kastenwagenzubehoer.de\/wp-content\/uploads\/2022\/02\/PCS-Remote-Controller-300x300.png 300w, https:\/\/kastenwagenzubehoer.de\/wp-content\/uploads\/2022\/02\/PCS-Remote-Controller-100x100.png 100w, https:\/\/kastenwagenzubehoer.de\/wp-content\/uploads\/2022\/02\/PCS-Remote-Controller-400x400.png 400w, https:\/\/kastenwagenzubehoer.de\/wp-content\/uploads\/2022\/02\/PCS-Remote-Controller-150x150.png 150w, https:\/\/kastenwagenzubehoer.de\/wp-content\/uploads\/2022\/02\/PCS-Remote-Controller-768x768.png 768w, https:\/\/kastenwagenzubehoer.de\/wp-content\/uploads\/2022\/02\/PCS-Remote-Controller.png 800w\" sizes=\"(max-width: 300px) 100vw, 300px\" \/><\/a><\/td>\n<td style=\"width: 197px;\"><a href=\"https:\/\/kastenwagenzubehoer.de\/en\/product\/pcs-remote-controller-mit-display\/\" target=\"_blank\" rel=\"noopener\"><img loading=\"lazy\" decoding=\"async\" class=\"aligncenter wp-image-559 size-medium\" src=\"https:\/\/kastenwagenzubehoer.de\/wp-content\/uploads\/2021\/08\/PCS-Remote-Controller-mit-Display-300x300.jpg\" alt=\"PCS-Remote Controller mit Display\" width=\"300\" height=\"300\" srcset=\"https:\/\/kastenwagenzubehoer.de\/wp-content\/uploads\/2021\/08\/PCS-Remote-Controller-mit-Display-300x300.jpg 300w, https:\/\/kastenwagenzubehoer.de\/wp-content\/uploads\/2021\/08\/PCS-Remote-Controller-mit-Display-100x100.jpg 100w, https:\/\/kastenwagenzubehoer.de\/wp-content\/uploads\/2021\/08\/PCS-Remote-Controller-mit-Display-400x400.jpg 400w, https:\/\/kastenwagenzubehoer.de\/wp-content\/uploads\/2021\/08\/PCS-Remote-Controller-mit-Display-150x150.jpg 150w, https:\/\/kastenwagenzubehoer.de\/wp-content\/uploads\/2021\/08\/PCS-Remote-Controller-mit-Display-768x768.jpg 768w, https:\/\/kastenwagenzubehoer.de\/wp-content\/uploads\/2021\/08\/PCS-Remote-Controller-mit-Display.jpg 800w\" sizes=\"(max-width: 300px) 100vw, 300px\" \/><\/a><\/td>\n<\/tr>\n<\/tbody>\n<\/table>\n<p>&nbsp;<\/p>\n<p>&nbsp;<\/p>","protected":false},"excerpt":{"rendered":"<p>Dieser Spannungswandler erkennt ob \u00a0230 V Netzspannung als Eingangsspannung anliegt und schaltet zwischen Batterie- und Netzspannung um. Liegen 230 V als Eingangsspannung an, wird Ihre Batterie durch das integrierte 15 A Ladeger\u00e4t nachgeladen.\u00a0Der separate \u201eCharger\u201c Schalter muss eingeschaltet sein, um die Batterie mit anliegender Netzspannung aufzuladen. Kompatibel mit allen Batterien (Akku) ab 150 Ah bei [&hellip;]<\/p>\n","protected":false},"featured_media":1942,"comment_status":"open","ping_status":"closed","template":"","meta":{"_et_pb_use_builder":"","_et_pb_old_content":"","_et_gb_content_width":""},"product_brand":[],"product_cat":[276,279],"product_tag":[],"class_list":{"0":"post-1941","1":"product","2":"type-product","3":"status-publish","4":"has-post-thumbnail","6":"product_cat-energie","7":"product_cat-wechselrichter-energie","8":"product_shipping_class-versandkostenpauschale-i","10":"first","11":"instock","12":"taxable","13":"shipping-taxable","14":"purchasable","15":"product-type-simple"},"aioseo_notices":[],"_links":{"self":[{"href":"https:\/\/kastenwagenzubehoer.de\/en\/wp-json\/wp\/v2\/product\/1941","targetHints":{"allow":["GET"]}}],"collection":[{"href":"https:\/\/kastenwagenzubehoer.de\/en\/wp-json\/wp\/v2\/product"}],"about":[{"href":"https:\/\/kastenwagenzubehoer.de\/en\/wp-json\/wp\/v2\/types\/product"}],"replies":[{"embeddable":true,"href":"https:\/\/kastenwagenzubehoer.de\/en\/wp-json\/wp\/v2\/comments?post=1941"}],"wp:featuredmedia":[{"embeddable":true,"href":"https:\/\/kastenwagenzubehoer.de\/en\/wp-json\/wp\/v2\/media\/1942"}],"wp:attachment":[{"href":"https:\/\/kastenwagenzubehoer.de\/en\/wp-json\/wp\/v2\/media?parent=1941"}],"wp:term":[{"taxonomy":"product_brand","embeddable":true,"href":"https:\/\/kastenwagenzubehoer.de\/en\/wp-json\/wp\/v2\/product_brand?post=1941"},{"taxonomy":"product_cat","embeddable":true,"href":"https:\/\/kastenwagenzubehoer.de\/en\/wp-json\/wp\/v2\/product_cat?post=1941"},{"taxonomy":"product_tag","embeddable":true,"href":"https:\/\/kastenwagenzubehoer.de\/en\/wp-json\/wp\/v2\/product_tag?post=1941"}],"curies":[{"name":"wp","href":"https:\/\/api.w.org\/{rel}","templated":true}]}}