{"id":2507,"date":"2022-11-07T15:51:48","date_gmt":"2022-11-07T15:51:48","guid":{"rendered":"https:\/\/kastenwagenzubehoer.de\/?post_type=product&#038;p=2507"},"modified":"2025-09-12T09:19:32","modified_gmt":"2025-09-12T09:19:32","slug":"pcs-induktionskochfeld-1000-watt","status":"publish","type":"product","link":"https:\/\/kastenwagenzubehoer.de\/en\/product\/pcs-induktionskochfeld-1000-watt\/","title":{"rendered":"PCS Induktionskochfeld 1000 Watt"},"content":{"rendered":"<h2 data-start=\"119\" data-end=\"195\"><span style=\"color: #ffffff;\"><strong data-start=\"122\" data-end=\"193\">Induktionsheizger\u00e4t f\u00fcr den Arbeitsplatteneinbau \u2013 kompakt &amp; modern<\/strong><\/span><\/h2>\n<p data-start=\"197\" data-end=\"447\">Dieses <strong data-start=\"204\" data-end=\"227\">Induktionsheizger\u00e4t<\/strong> ist die perfekte L\u00f6sung f\u00fcr alle, die Wert auf <strong data-start=\"275\" data-end=\"317\">effizientes Kochen und modernes Design<\/strong> legen. Die <strong data-start=\"329\" data-end=\"370\">Heizfl\u00e4che aus schwarzem Kristallglas<\/strong> sorgt f\u00fcr eine elegante Optik und ist gleichzeitig besonders pflegeleicht.<\/p>\n<p data-start=\"449\" data-end=\"694\">Dank <strong data-start=\"454\" data-end=\"487\">10-stufiger Leistungsregelung<\/strong> l\u00e4sst sich die Kochleistung individuell anpassen. Ein <strong data-start=\"542\" data-end=\"579\">elektronischer \u00dcberhitzungsschutz<\/strong> garantiert dabei h\u00f6chste Sicherheit. Bedient wird das Ger\u00e4t komfortabel \u00fcber ein <strong data-start=\"661\" data-end=\"691\">Touchpanel mit LED-Anzeige<\/strong>.<\/p>\n<p data-start=\"696\" data-end=\"836\">Mit seinen kompakten Ma\u00dfen eignet sich das Induktionsfeld ideal f\u00fcr den <strong data-start=\"768\" data-end=\"796\">Einbau in Arbeitsplatten<\/strong> \u2013 platzsparend und stilvoll zugleich.<\/p>\n<hr data-start=\"838\" data-end=\"841\" \/>\n<h3 data-start=\"843\" data-end=\"867\"><span style=\"color: #ffffff;\"><strong data-start=\"847\" data-end=\"867\">Technische Daten<\/strong><\/span><\/h3>\n<ul data-start=\"868\" data-end=\"1148\">\n<li data-start=\"868\" data-end=\"892\">\n<p data-start=\"870\" data-end=\"892\"><strong data-start=\"870\" data-end=\"883\">Leistung:<\/strong> 1000 W<\/p>\n<\/li>\n<li data-start=\"893\" data-end=\"920\">\n<p data-start=\"895\" data-end=\"920\"><strong data-start=\"895\" data-end=\"908\">Spannung:<\/strong> 220\u2013240 V<\/p>\n<\/li>\n<li data-start=\"921\" data-end=\"964\">\n<p data-start=\"923\" data-end=\"964\"><strong data-start=\"923\" data-end=\"944\">Ma\u00dfe (L \u00d7 B \u00d7 H):<\/strong> 350 \u00d7 350 \u00d7 70 mm<\/p>\n<\/li>\n<li data-start=\"965\" data-end=\"987\">\n<p data-start=\"967\" data-end=\"987\"><strong data-start=\"967\" data-end=\"977\">Farbe:<\/strong> Schwarz<\/p>\n<\/li>\n<li data-start=\"988\" data-end=\"1020\">\n<p data-start=\"990\" data-end=\"1020\"><strong data-start=\"990\" data-end=\"1005\">Heizfl\u00e4che:<\/strong> Kristallglas<\/p>\n<\/li>\n<li data-start=\"1021\" data-end=\"1066\">\n<p data-start=\"1023\" data-end=\"1066\"><strong data-start=\"1023\" data-end=\"1037\">Bedienung:<\/strong> Touchpanel mit LED-Anzeige<\/p>\n<\/li>\n<li data-start=\"1067\" data-end=\"1094\">\n<p data-start=\"1069\" data-end=\"1094\"><strong data-start=\"1069\" data-end=\"1089\">Leistungsstufen:<\/strong> 10<\/p>\n<\/li>\n<li data-start=\"1095\" data-end=\"1148\">\n<p data-start=\"1097\" data-end=\"1148\"><strong data-start=\"1097\" data-end=\"1112\">Sicherheit:<\/strong> Elektronischer \u00dcberhitzungsschutz<\/p>\n<\/li>\n<\/ul>","protected":false},"excerpt":{"rendered":"<p>Induktionsheizger\u00e4t f\u00fcr den Arbeitsplatteneinbau \u2013 kompakt &amp; modern Dieses Induktionsheizger\u00e4t ist die perfekte L\u00f6sung f\u00fcr alle, die Wert auf effizientes Kochen und modernes Design legen. Die Heizfl\u00e4che aus schwarzem Kristallglas sorgt f\u00fcr eine elegante Optik und ist gleichzeitig besonders pflegeleicht. Dank 10-stufiger Leistungsregelung l\u00e4sst sich die Kochleistung individuell anpassen. Ein elektronischer \u00dcberhitzungsschutz garantiert dabei h\u00f6chste [&hellip;]<\/p>\n","protected":false},"featured_media":2508,"comment_status":"open","ping_status":"closed","template":"","meta":{"_et_pb_use_builder":"","_et_pb_old_content":"","_et_gb_content_width":""},"product_brand":[],"product_cat":[250,95],"product_tag":[],"class_list":{"0":"post-2507","1":"product","2":"type-product","3":"status-publish","4":"has-post-thumbnail","6":"product_cat-induktionskochfelder","7":"product_cat-zubehoer","8":"product_shipping_class-versandkostenpauschale-i","10":"first","11":"instock","12":"taxable","13":"shipping-taxable","14":"purchasable","15":"product-type-simple"},"aioseo_notices":[],"_links":{"self":[{"href":"https:\/\/kastenwagenzubehoer.de\/en\/wp-json\/wp\/v2\/product\/2507","targetHints":{"allow":["GET"]}}],"collection":[{"href":"https:\/\/kastenwagenzubehoer.de\/en\/wp-json\/wp\/v2\/product"}],"about":[{"href":"https:\/\/kastenwagenzubehoer.de\/en\/wp-json\/wp\/v2\/types\/product"}],"replies":[{"embeddable":true,"href":"https:\/\/kastenwagenzubehoer.de\/en\/wp-json\/wp\/v2\/comments?post=2507"}],"wp:featuredmedia":[{"embeddable":true,"href":"https:\/\/kastenwagenzubehoer.de\/en\/wp-json\/wp\/v2\/media\/2508"}],"wp:attachment":[{"href":"https:\/\/kastenwagenzubehoer.de\/en\/wp-json\/wp\/v2\/media?parent=2507"}],"wp:term":[{"taxonomy":"product_brand","embeddable":true,"href":"https:\/\/kastenwagenzubehoer.de\/en\/wp-json\/wp\/v2\/product_brand?post=2507"},{"taxonomy":"product_cat","embeddable":true,"href":"https:\/\/kastenwagenzubehoer.de\/en\/wp-json\/wp\/v2\/product_cat?post=2507"},{"taxonomy":"product_tag","embeddable":true,"href":"https:\/\/kastenwagenzubehoer.de\/en\/wp-json\/wp\/v2\/product_tag?post=2507"}],"curies":[{"name":"wp","href":"https:\/\/api.w.org\/{rel}","templated":true}]}}