{"id":2753,"date":"2023-01-18T12:31:12","date_gmt":"2023-01-18T12:31:12","guid":{"rendered":"https:\/\/kastenwagenzubehoer.de\/?post_type=product&#038;p=2753"},"modified":"2025-09-12T08:42:38","modified_gmt":"2025-09-12T08:42:38","slug":"startcraft-portable-power-station-tb1500","status":"publish","type":"product","link":"https:\/\/kastenwagenzubehoer.de\/en\/product\/startcraft-portable-power-station-tb1500\/","title":{"rendered":"Startcraft Portable Power Station TB1500"},"content":{"rendered":"<h2 data-start=\"245\" data-end=\"318\"><span style=\"color: #ffffff;\"><strong data-start=\"248\" data-end=\"318\">Startcraft Power Station TB1500 \u2013 Maximale Power im mobilen Format<\/strong><\/span><\/h2>\n<p data-start=\"320\" data-end=\"650\">Mit der <strong data-start=\"328\" data-end=\"376\">tragbaren Powerstation TB1500 von Startcraft<\/strong> hast Du immer genug Energie \u2013 ob beim Camping, auf Reisen oder als zuverl\u00e4ssige Notstroml\u00f6sung zuhause. Der <strong data-start=\"485\" data-end=\"513\">LiFePo4-Akku mit 1485 Wh<\/strong> und der <strong data-start=\"522\" data-end=\"580\">leistungsstarke 1500W reine Sinuswellen-Wechselrichter<\/strong> liefern konstanten <strong data-start=\"600\" data-end=\"623\">230V Haushaltsstrom<\/strong> \u00fcber vier EU-Steckdosen.<\/p>\n<p data-start=\"652\" data-end=\"986\">So kannst Du nicht nur Laptops, Drohnen, Beleuchtung oder Fernseher betreiben, sondern auch <strong data-start=\"744\" data-end=\"775\">leistungsintensivere Ger\u00e4te<\/strong> wie K\u00fchlschr\u00e4nke oder CPAP-Ger\u00e4te. F\u00fcr mobile Endger\u00e4te stehen <strong data-start=\"839\" data-end=\"902\">vier USB-A QC3.0-Anschl\u00fcsse und zwei USB-C-Ports (bis 100W)<\/strong> bereit. Jeder Ausgang ist separat ein- und ausschaltbar \u2013 f\u00fcr maximale Effizienz.<\/p>\n<p data-start=\"988\" data-end=\"1259\">Das <strong data-start=\"992\" data-end=\"1007\">LCD-Display<\/strong> h\u00e4lt Dich stets \u00fcber Akkustatus und Verbrauch auf dem Laufenden. Mit nur <strong data-start=\"1081\" data-end=\"1098\">16 kg Gewicht<\/strong> und einem kompakten Format l\u00e4sst sich die TB1500 \u00fcberallhin mitnehmen. Geladen wird flexibel \u00fcber <strong data-start=\"1197\" data-end=\"1256\">230V, 12V-DC oder den integrierten 12\u201330V Solar-Eingang<\/strong>.<\/p>\n<hr data-start=\"1261\" data-end=\"1264\" \/>\n<h3 data-start=\"1266\" data-end=\"1290\"><span style=\"color: #ffffff;\"><strong data-start=\"1270\" data-end=\"1290\">Technische Daten<\/strong><\/span><\/h3>\n<ul data-start=\"1291\" data-end=\"1783\">\n<li data-start=\"1291\" data-end=\"1334\">\n<p data-start=\"1293\" data-end=\"1334\"><strong data-start=\"1293\" data-end=\"1302\">Akku:<\/strong> LiFePo4, 1485 Wh (25.6V\/58Ah)<\/p>\n<\/li>\n<li data-start=\"1335\" data-end=\"1439\">\n<p data-start=\"1337\" data-end=\"1439\"><strong data-start=\"1337\" data-end=\"1350\">Leistung:<\/strong> 1500 W Dauerleistung, 1600 W Spitzenleistung (1 Min.), 2000 W Spitzenleistung (1 Sek.)<\/p>\n<\/li>\n<li data-start=\"1440\" data-end=\"1487\">\n<p data-start=\"1442\" data-end=\"1487\"><strong data-start=\"1442\" data-end=\"1461\">Ausg\u00e4nge EU\/AU:<\/strong> 4\u00d7 AC 200\u2013240 V \/ 50 Hz<\/p>\n<\/li>\n<li data-start=\"1488\" data-end=\"1543\">\n<p data-start=\"1490\" data-end=\"1543\"><strong data-start=\"1490\" data-end=\"1498\">USB:<\/strong> 4\u00d7 USB-A QC3.0 (bis 18W), 2\u00d7 USB-C PD 100W<\/p>\n<\/li>\n<li data-start=\"1544\" data-end=\"1610\">\n<p data-start=\"1546\" data-end=\"1610\"><strong data-start=\"1546\" data-end=\"1553\">DC:<\/strong> 1\u00d7 Auto-Steckdose 13.6V\/8A, 2\u00d7 DC5521 (je max. 108,8W)<\/p>\n<\/li>\n<li data-start=\"1611\" data-end=\"1692\">\n<p data-start=\"1613\" data-end=\"1692\"><strong data-start=\"1613\" data-end=\"1625\">Eingang:<\/strong> AC 700\u20131000W, XT60 (12\u201330V\/300W max.), DC5521 (12\u201330V\/200W max.)<\/p>\n<\/li>\n<li data-start=\"1693\" data-end=\"1725\">\n<p data-start=\"1695\" data-end=\"1725\"><strong data-start=\"1695\" data-end=\"1710\">Wellenform:<\/strong> Reiner Sinus<\/p>\n<\/li>\n<li data-start=\"1726\" data-end=\"1748\">\n<p data-start=\"1728\" data-end=\"1748\"><strong data-start=\"1728\" data-end=\"1740\">Gewicht:<\/strong> 16 kg<\/p>\n<\/li>\n<li data-start=\"1749\" data-end=\"1783\">\n<p data-start=\"1751\" data-end=\"1783\"><strong data-start=\"1751\" data-end=\"1760\">Ma\u00dfe:<\/strong> 370 \u00d7 311,5 \u00d7 235 mm<\/p>\n<\/li>\n<\/ul>","protected":false},"excerpt":{"rendered":"<p>Startcraft Power Station TB1500 \u2013 Maximale Power im mobilen Format Mit der tragbaren Powerstation TB1500 von Startcraft hast Du immer genug Energie \u2013 ob beim Camping, auf Reisen oder als zuverl\u00e4ssige Notstroml\u00f6sung zuhause. Der LiFePo4-Akku mit 1485 Wh und der leistungsstarke 1500W reine Sinuswellen-Wechselrichter liefern konstanten 230V Haushaltsstrom \u00fcber vier EU-Steckdosen. So kannst Du nicht [&hellip;]<\/p>\n","protected":false},"featured_media":2754,"comment_status":"open","ping_status":"closed","template":"","meta":{"_et_pb_use_builder":"","_et_pb_old_content":"","_et_gb_content_width":""},"product_brand":[],"product_cat":[145,211],"product_tag":[],"class_list":{"0":"post-2753","1":"product","2":"type-product","3":"status-publish","4":"has-post-thumbnail","6":"product_cat-batterien","7":"product_cat-power-stations","8":"product_shipping_class-versandkostenpauschale-ii","10":"first","11":"instock","12":"taxable","13":"shipping-taxable","14":"purchasable","15":"product-type-simple"},"aioseo_notices":[],"_links":{"self":[{"href":"https:\/\/kastenwagenzubehoer.de\/en\/wp-json\/wp\/v2\/product\/2753","targetHints":{"allow":["GET"]}}],"collection":[{"href":"https:\/\/kastenwagenzubehoer.de\/en\/wp-json\/wp\/v2\/product"}],"about":[{"href":"https:\/\/kastenwagenzubehoer.de\/en\/wp-json\/wp\/v2\/types\/product"}],"replies":[{"embeddable":true,"href":"https:\/\/kastenwagenzubehoer.de\/en\/wp-json\/wp\/v2\/comments?post=2753"}],"wp:featuredmedia":[{"embeddable":true,"href":"https:\/\/kastenwagenzubehoer.de\/en\/wp-json\/wp\/v2\/media\/2754"}],"wp:attachment":[{"href":"https:\/\/kastenwagenzubehoer.de\/en\/wp-json\/wp\/v2\/media?parent=2753"}],"wp:term":[{"taxonomy":"product_brand","embeddable":true,"href":"https:\/\/kastenwagenzubehoer.de\/en\/wp-json\/wp\/v2\/product_brand?post=2753"},{"taxonomy":"product_cat","embeddable":true,"href":"https:\/\/kastenwagenzubehoer.de\/en\/wp-json\/wp\/v2\/product_cat?post=2753"},{"taxonomy":"product_tag","embeddable":true,"href":"https:\/\/kastenwagenzubehoer.de\/en\/wp-json\/wp\/v2\/product_tag?post=2753"}],"curies":[{"name":"wp","href":"https:\/\/api.w.org\/{rel}","templated":true}]}}