{"id":3791,"date":"2023-07-03T12:02:48","date_gmt":"2023-07-03T12:02:48","guid":{"rendered":"https:\/\/kastenwagenzubehoer.de\/?post_type=product&#038;p=3791"},"modified":"2026-03-10T13:32:44","modified_gmt":"2026-03-10T13:32:44","slug":"pcs-touch-lampe-schwarz","status":"publish","type":"product","link":"https:\/\/kastenwagenzubehoer.de\/en\/product\/pcs-touch-lampe-schwarz\/","title":{"rendered":"PCS Touch-Lampe (Schwarz)"},"content":{"rendered":"<h2 data-start=\"260\" data-end=\"287\"><span style=\"color: #ffffff;\">Flache LED-Einbauleuchte<\/span><\/h2>\n<h3 data-start=\"289\" data-end=\"314\"><span style=\"color: #ffffff;\">Produktbeschreibung<\/span><\/h3>\n<p data-start=\"315\" data-end=\"730\">Die flache LED-Einbauleuchte \u00fcberzeugt durch ihre Vielseitigkeit und ihr zeitloses Design. Sie eignet sich ideal f\u00fcr die Beleuchtung von <strong data-start=\"452\" data-end=\"498\">Parkett, Holz-, Laminat- oder Fliesenb\u00f6den<\/strong> im Innenbereich sowie f\u00fcr <strong data-start=\"525\" data-end=\"567\">Winterg\u00e4rten, Decken- und Wandmontagen<\/strong>. Dank der hohen Schutzklasse <strong data-start=\"597\" data-end=\"605\">IP67<\/strong> sind die Einsatzm\u00f6glichkeiten nahezu unbegrenzt \u2013 auch im Caravan-Bereich ist sie ein unverzichtbares Ausstattungselement.<\/p>\n<p data-start=\"732\" data-end=\"914\">Die Lampe l\u00e4sst sich ebenso in <strong data-start=\"763\" data-end=\"792\">W\u00e4nde, Decken und Treppen<\/strong> integrieren und bietet durch ihre LED-Technologie eine <strong data-start=\"848\" data-end=\"881\">energieeffiziente Beleuchtung<\/strong> mit geringer W\u00e4rmeentwicklung.<\/p>\n<p data-start=\"916\" data-end=\"1048\">Das schlichte Design der <strong data-start=\"941\" data-end=\"960\">PCS Touch Lampe<\/strong> f\u00fcgt sich harmonisch in jedes Interieur ein und setzt gleichzeitig stilvolle Akzente.<\/p>\n<hr data-start=\"1050\" data-end=\"1053\" \/>\n<h3 data-start=\"1055\" data-end=\"1077\"><span style=\"color: #ffffff;\">Technische Daten<\/span><\/h3>\n<ul data-start=\"1079\" data-end=\"1301\">\n<li data-start=\"1079\" data-end=\"1117\">\n<p data-start=\"1081\" data-end=\"1117\"><strong data-start=\"1081\" data-end=\"1102\">Eingangsspannung:<\/strong> 10 \u2013 24 V DC<\/p>\n<\/li>\n<li data-start=\"1118\" data-end=\"1148\">\n<p data-start=\"1120\" data-end=\"1148\"><strong data-start=\"1120\" data-end=\"1142\">Leistungsaufnahme:<\/strong> 3 W<\/p>\n<\/li>\n<li data-start=\"1149\" data-end=\"1210\">\n<p data-start=\"1151\" data-end=\"1210\"><strong data-start=\"1151\" data-end=\"1183\">Lichtfarbe \/ Farbtemperatur:<\/strong> 2800 \u2013 3200 K (Warmwei\u00df)<\/p>\n<\/li>\n<li data-start=\"1211\" data-end=\"1237\">\n<p data-start=\"1213\" data-end=\"1237\"><strong data-start=\"1213\" data-end=\"1230\">Schutzklasse:<\/strong> IP67<\/p>\n<\/li>\n<li data-start=\"1211\" data-end=\"1237\"><strong>Energieeffizienzklasse:<\/strong> A<\/li>\n<li data-start=\"1238\" data-end=\"1301\">\n<p data-start=\"1240\" data-end=\"1301\"><strong data-start=\"1240\" data-end=\"1259\">Besonderheiten:<\/strong> Kaum W\u00e4rmeentwicklung, energieeffizient<\/p>\n<\/li>\n<\/ul>\n<hr data-start=\"1303\" data-end=\"1306\" \/>\n<h3 data-start=\"1308\" data-end=\"1332\"><span style=\"color: #ffffff;\">Anwendungsbereiche<\/span><\/h3>\n<ul data-start=\"1334\" data-end=\"1487\">\n<li data-start=\"1334\" data-end=\"1388\">\n<p data-start=\"1336\" data-end=\"1388\">Bodenbeleuchtung (Parkett, Holz, Laminat, Fliesen)<\/p>\n<\/li>\n<li data-start=\"1389\" data-end=\"1416\">\n<p data-start=\"1391\" data-end=\"1416\">Decken- und Wandmontage<\/p>\n<\/li>\n<li data-start=\"1417\" data-end=\"1433\">\n<p data-start=\"1419\" data-end=\"1433\">Winterg\u00e4rten<\/p>\n<\/li>\n<li data-start=\"1434\" data-end=\"1459\">\n<p data-start=\"1436\" data-end=\"1459\">Caravan-Innenbereiche<\/p>\n<\/li>\n<li data-start=\"1460\" data-end=\"1487\">\n<p data-start=\"1462\" data-end=\"1487\">Treppen- und Wandeinbau<\/p>\n<\/li>\n<\/ul>","protected":false},"excerpt":{"rendered":"<p>Flache LED-Einbauleuchte Produktbeschreibung Die flache LED-Einbauleuchte \u00fcberzeugt durch ihre Vielseitigkeit und ihr zeitloses Design. Sie eignet sich ideal f\u00fcr die Beleuchtung von Parkett, Holz-, Laminat- oder Fliesenb\u00f6den im Innenbereich sowie f\u00fcr Winterg\u00e4rten, Decken- und Wandmontagen. Dank der hohen Schutzklasse IP67 sind die Einsatzm\u00f6glichkeiten nahezu unbegrenzt \u2013 auch im Caravan-Bereich ist sie ein unverzichtbares Ausstattungselement. Die [&hellip;]<\/p>\n","protected":false},"featured_media":8690,"comment_status":"open","ping_status":"closed","template":"","meta":{"_et_pb_use_builder":"","_et_pb_old_content":"","_et_gb_content_width":""},"product_brand":[],"product_cat":[148],"product_tag":[],"class_list":{"0":"post-3791","1":"product","2":"type-product","3":"status-publish","4":"has-post-thumbnail","6":"product_cat-beleuchtung","7":"product_shipping_class-versandkostenpauschale-i","9":"first","10":"outofstock","11":"taxable","12":"shipping-taxable","13":"purchasable","14":"product-type-simple"},"aioseo_notices":[],"_links":{"self":[{"href":"https:\/\/kastenwagenzubehoer.de\/en\/wp-json\/wp\/v2\/product\/3791","targetHints":{"allow":["GET"]}}],"collection":[{"href":"https:\/\/kastenwagenzubehoer.de\/en\/wp-json\/wp\/v2\/product"}],"about":[{"href":"https:\/\/kastenwagenzubehoer.de\/en\/wp-json\/wp\/v2\/types\/product"}],"replies":[{"embeddable":true,"href":"https:\/\/kastenwagenzubehoer.de\/en\/wp-json\/wp\/v2\/comments?post=3791"}],"wp:featuredmedia":[{"embeddable":true,"href":"https:\/\/kastenwagenzubehoer.de\/en\/wp-json\/wp\/v2\/media\/8690"}],"wp:attachment":[{"href":"https:\/\/kastenwagenzubehoer.de\/en\/wp-json\/wp\/v2\/media?parent=3791"}],"wp:term":[{"taxonomy":"product_brand","embeddable":true,"href":"https:\/\/kastenwagenzubehoer.de\/en\/wp-json\/wp\/v2\/product_brand?post=3791"},{"taxonomy":"product_cat","embeddable":true,"href":"https:\/\/kastenwagenzubehoer.de\/en\/wp-json\/wp\/v2\/product_cat?post=3791"},{"taxonomy":"product_tag","embeddable":true,"href":"https:\/\/kastenwagenzubehoer.de\/en\/wp-json\/wp\/v2\/product_tag?post=3791"}],"curies":[{"name":"wp","href":"https:\/\/api.w.org\/{rel}","templated":true}]}}