{"id":4012,"date":"2023-08-29T13:58:31","date_gmt":"2023-08-29T13:58:31","guid":{"rendered":"https:\/\/kastenwagenzubehoer.de\/?post_type=product&#038;p=4012"},"modified":"2026-02-27T08:22:19","modified_gmt":"2026-02-27T08:22:19","slug":"startcraft-lithium-batterie-150ah-wp","status":"publish","type":"product","link":"https:\/\/kastenwagenzubehoer.de\/en\/product\/startcraft-lithium-batterie-150ah-wp\/","title":{"rendered":"Startcraft Lithium-Batterie 150AH WP"},"content":{"rendered":"<p><strong>Integriertes BMS &#8211; Batterie-Management-System<\/strong><\/p>\n<ul>\n<li>sch\u00fctzt die Lithiumbatterie vor \u00dcberladung, Tiefentladung und Kurzschluss<\/li>\n<li>\u00fcberwacht die Temperatur<\/li>\n<li>adaptiver Zellausgleich<\/li>\n<li>alle IU-geregelten Ladeger\u00e4te verwendbar<\/li>\n<\/ul>\n<p><strong>Drop-in L\u00f6sung &#8211; einfacher Austausch vorhandener Bleis\u00e4ureakkus<\/strong><\/p>\n<ul>\n<li>identisches Geh\u00e4use\/Abma\u00dfe wie bei allen g\u00e4ngigen GEL, AGM oder Bleis\u00e4ure-Batterien<\/li>\n<li>passt in die bisherige Batteriehalterung<\/li>\n<li>Rundpole sind identisch, vorhandene Polklemmen sind weiterhin verwendbar<\/li>\n<li>keine \u00c4nderung der Lade-\/Entladestruktur notwendig<\/li>\n<\/ul>\n<p><strong>Batterie immer im Visier mit der Startcraft Bluetooth-App<\/strong><\/p>\n<ul>\n<li>integrierte Bluetooth 4.0 \u00dcberwachung<\/li>\n<li>stets alle wichtigen Batteriedaten auf Android oder Apple iOS Ger\u00e4ten in Echtzeit abrufbar<\/li>\n<li>ganzes System (mehrere LIT150WP) im Blick<\/li>\n<\/ul>\n<p><strong>Integriertes vollautomatisches Heizsystem<\/strong><\/p>\n<ul>\n<li>gleichm\u00e4\u00dfige Erw\u00e4rmung unter 0\u00b0C<\/li>\n<li>automatische Aktivierung der Ladung bei ausreichender Temperatur<\/li>\n<li>Ladung bis -30\u00b0C m\u00f6glich<\/li>\n<\/ul>\n<p><strong>Innovatives Heizsystem<\/strong><\/p>\n<ul>\n<li>hoher Wirkungsgrad durch Verwendung spezieller Heizmatten<\/li>\n<li>unter 5\u00b0C bis -10\u00b0C &#8211; Empfehlung Ladestrom \u2265 12A<\/li>\n<li>unter -10\u00b0C bis -30\u00b0C &#8211; Empfehlung Ladestrom \u2265 15A<\/li>\n<\/ul>\n<p><strong>Schlafmodus nach 30 Tagen<\/strong><\/p>\n<ul>\n<li>Reduzierung der Selbstentladung durch automatischen Schlafmodus<\/li>\n<li>BMS aktiviert nach 30 Tagen den Schlafmodus<\/li>\n<\/ul>","protected":false},"excerpt":{"rendered":"<p>Integriertes BMS &#8211; Batterie-Management-System sch\u00fctzt die Lithiumbatterie vor \u00dcberladung, Tiefentladung und Kurzschluss \u00fcberwacht die Temperatur adaptiver Zellausgleich alle IU-geregelten Ladeger\u00e4te verwendbar Drop-in L\u00f6sung &#8211; einfacher Austausch vorhandener Bleis\u00e4ureakkus identisches Geh\u00e4use\/Abma\u00dfe wie bei allen g\u00e4ngigen GEL, AGM oder Bleis\u00e4ure-Batterien passt in die bisherige Batteriehalterung Rundpole sind identisch, vorhandene Polklemmen sind weiterhin verwendbar keine \u00c4nderung der Lade-\/Entladestruktur [&hellip;]<\/p>\n","protected":false},"featured_media":4152,"comment_status":"open","ping_status":"closed","template":"","meta":{"_et_pb_use_builder":"","_et_pb_old_content":"","_et_gb_content_width":""},"product_brand":[],"product_cat":[213,145],"product_tag":[],"class_list":{"0":"post-4012","1":"product","2":"type-product","3":"status-publish","4":"has-post-thumbnail","6":"product_cat-batterien-batterie","7":"product_cat-batterien","8":"product_shipping_class-versandkostenpauschale-v","10":"first","11":"instock","12":"taxable","13":"shipping-taxable","14":"purchasable","15":"product-type-simple"},"aioseo_notices":[],"_links":{"self":[{"href":"https:\/\/kastenwagenzubehoer.de\/en\/wp-json\/wp\/v2\/product\/4012","targetHints":{"allow":["GET"]}}],"collection":[{"href":"https:\/\/kastenwagenzubehoer.de\/en\/wp-json\/wp\/v2\/product"}],"about":[{"href":"https:\/\/kastenwagenzubehoer.de\/en\/wp-json\/wp\/v2\/types\/product"}],"replies":[{"embeddable":true,"href":"https:\/\/kastenwagenzubehoer.de\/en\/wp-json\/wp\/v2\/comments?post=4012"}],"wp:featuredmedia":[{"embeddable":true,"href":"https:\/\/kastenwagenzubehoer.de\/en\/wp-json\/wp\/v2\/media\/4152"}],"wp:attachment":[{"href":"https:\/\/kastenwagenzubehoer.de\/en\/wp-json\/wp\/v2\/media?parent=4012"}],"wp:term":[{"taxonomy":"product_brand","embeddable":true,"href":"https:\/\/kastenwagenzubehoer.de\/en\/wp-json\/wp\/v2\/product_brand?post=4012"},{"taxonomy":"product_cat","embeddable":true,"href":"https:\/\/kastenwagenzubehoer.de\/en\/wp-json\/wp\/v2\/product_cat?post=4012"},{"taxonomy":"product_tag","embeddable":true,"href":"https:\/\/kastenwagenzubehoer.de\/en\/wp-json\/wp\/v2\/product_tag?post=4012"}],"curies":[{"name":"wp","href":"https:\/\/api.w.org\/{rel}","templated":true}]}}