{"id":4027,"date":"2023-09-01T11:35:20","date_gmt":"2023-09-01T11:35:20","guid":{"rendered":"https:\/\/kastenwagenzubehoer.de\/?post_type=product&#038;p=4027"},"modified":"2026-01-09T12:39:53","modified_gmt":"2026-01-09T12:39:53","slug":"led-ambientebeleuchtung-2","status":"publish","type":"product","link":"https:\/\/kastenwagenzubehoer.de\/en\/product\/led-ambientebeleuchtung-2\/","title":{"rendered":"LED Ambientebeleuchtung D260B"},"content":{"rendered":"<h2 data-start=\"167\" data-end=\"186\"><span style=\"color: #ffffff;\">Technische Daten<\/span><\/h2>\n<ul data-start=\"188\" data-end=\"429\">\n<li data-start=\"188\" data-end=\"213\">\n<p data-start=\"190\" data-end=\"213\"><strong data-start=\"190\" data-end=\"207\">Leuchtmittel:<\/strong> LED<\/p>\n<\/li>\n<li data-start=\"214\" data-end=\"247\">\n<p data-start=\"216\" data-end=\"247\"><strong data-start=\"216\" data-end=\"237\">Spannungseingang:<\/strong> 12 V DC<\/p>\n<\/li>\n<li data-start=\"248\" data-end=\"269\">\n<p data-start=\"250\" data-end=\"269\"><strong data-start=\"250\" data-end=\"263\">Leistung:<\/strong> 1 W<\/p>\n<\/li>\n<li data-start=\"270\" data-end=\"350\">\n<p data-start=\"272\" data-end=\"306\"><strong data-start=\"272\" data-end=\"304\">Lichtfarbe \/ Farbtemperatur:<\/strong><\/p>\n<ul data-start=\"309\" data-end=\"350\">\n<li data-start=\"309\" data-end=\"326\">\n<p data-start=\"311\" data-end=\"326\">2200 K (Gelb)<\/p>\n<\/li>\n<li data-start=\"329\" data-end=\"350\">\n<p data-start=\"331\" data-end=\"350\">3000 K (Warmwei\u00df)<\/p>\n<\/li>\n<\/ul>\n<\/li>\n<li><strong>Energieeffizienzklasse:<\/strong> A<\/li>\n<li data-start=\"351\" data-end=\"399\">\n<p data-start=\"353\" data-end=\"399\"><strong data-start=\"353\" data-end=\"381\">Abmessungen (L \u00d7 B \u00d7 H):<\/strong> 38 \u00d7 38 \u00d7 25 mm<\/p>\n<\/li>\n<li data-start=\"400\" data-end=\"429\">\n<p data-start=\"402\" data-end=\"429\"><strong data-start=\"402\" data-end=\"419\">Geh\u00e4usefarbe:<\/strong> Schwarz<\/p>\n<\/li>\n<\/ul>","protected":false},"excerpt":{"rendered":"<p>Technische Daten Leuchtmittel: LED Spannungseingang: 12 V DC Leistung: 1 W Lichtfarbe \/ Farbtemperatur: 2200 K (Gelb) 3000 K (Warmwei\u00df) Energieeffizienzklasse: A Abmessungen (L \u00d7 B \u00d7 H): 38 \u00d7 38 \u00d7 25 mm Geh\u00e4usefarbe: Schwarz<\/p>","protected":false},"featured_media":8680,"comment_status":"open","ping_status":"closed","template":"","meta":{"_et_pb_use_builder":"","_et_pb_old_content":"","_et_gb_content_width":""},"product_brand":[],"product_cat":[148],"product_tag":[],"class_list":{"0":"post-4027","1":"product","2":"type-product","3":"status-publish","4":"has-post-thumbnail","6":"product_cat-beleuchtung","7":"product_shipping_class-versandkostenpauschale-i","9":"first","10":"instock","11":"taxable","12":"shipping-taxable","13":"purchasable","14":"product-type-variable"},"aioseo_notices":[],"_links":{"self":[{"href":"https:\/\/kastenwagenzubehoer.de\/en\/wp-json\/wp\/v2\/product\/4027","targetHints":{"allow":["GET"]}}],"collection":[{"href":"https:\/\/kastenwagenzubehoer.de\/en\/wp-json\/wp\/v2\/product"}],"about":[{"href":"https:\/\/kastenwagenzubehoer.de\/en\/wp-json\/wp\/v2\/types\/product"}],"replies":[{"embeddable":true,"href":"https:\/\/kastenwagenzubehoer.de\/en\/wp-json\/wp\/v2\/comments?post=4027"}],"wp:featuredmedia":[{"embeddable":true,"href":"https:\/\/kastenwagenzubehoer.de\/en\/wp-json\/wp\/v2\/media\/8680"}],"wp:attachment":[{"href":"https:\/\/kastenwagenzubehoer.de\/en\/wp-json\/wp\/v2\/media?parent=4027"}],"wp:term":[{"taxonomy":"product_brand","embeddable":true,"href":"https:\/\/kastenwagenzubehoer.de\/en\/wp-json\/wp\/v2\/product_brand?post=4027"},{"taxonomy":"product_cat","embeddable":true,"href":"https:\/\/kastenwagenzubehoer.de\/en\/wp-json\/wp\/v2\/product_cat?post=4027"},{"taxonomy":"product_tag","embeddable":true,"href":"https:\/\/kastenwagenzubehoer.de\/en\/wp-json\/wp\/v2\/product_tag?post=4027"}],"curies":[{"name":"wp","href":"https:\/\/api.w.org\/{rel}","templated":true}]}}