{"id":4035,"date":"2023-09-07T14:07:21","date_gmt":"2023-09-07T14:07:21","guid":{"rendered":"https:\/\/kastenwagenzubehoer.de\/?post_type=product&#038;p=4035"},"modified":"2024-12-05T09:20:04","modified_gmt":"2024-12-05T09:20:04","slug":"pcs-solarhalterung-gerade-flaeche","status":"publish","type":"product","link":"https:\/\/kastenwagenzubehoer.de\/en\/produkt\/pcs-solarhalterung-gerade-flaeche\/","title":{"rendered":"PCS Solar Mounting Stainless Steel Sheet (Flat Surface)"},"content":{"rendered":"<p>Mit den Edelstahlblechen lassen sich Ihre Solarpanele fixieren, was f\u00fcr ein erh\u00f6hte Stabilit\u00e4t sorgt.<\/p>","protected":false},"excerpt":{"rendered":"<p>Mit den Edelstahlblechen lassen sich Ihre Solarpanele fixieren, was f\u00fcr ein erh\u00f6hte Stabilit\u00e4t sorgt.<\/p>","protected":false},"featured_media":4036,"comment_status":"open","ping_status":"closed","template":"","meta":{"_et_pb_use_builder":"","_et_pb_old_content":"","_et_gb_content_width":""},"product_brand":[],"product_cat":[222,93],"product_tag":[],"class_list":{"0":"post-4035","1":"product","2":"type-product","3":"status-publish","4":"has-post-thumbnail","6":"product_cat-solarpanel-halterungen","7":"product_cat-energie-solartechnik","8":"product_shipping_class-versandkostenpauschale-i","10":"first","11":"instock","12":"taxable","13":"shipping-taxable","14":"purchasable","15":"product-type-simple"},"aioseo_notices":[],"_links":{"self":[{"href":"https:\/\/kastenwagenzubehoer.de\/en\/wp-json\/wp\/v2\/product\/4035","targetHints":{"allow":["GET"]}}],"collection":[{"href":"https:\/\/kastenwagenzubehoer.de\/en\/wp-json\/wp\/v2\/product"}],"about":[{"href":"https:\/\/kastenwagenzubehoer.de\/en\/wp-json\/wp\/v2\/types\/product"}],"replies":[{"embeddable":true,"href":"https:\/\/kastenwagenzubehoer.de\/en\/wp-json\/wp\/v2\/comments?post=4035"}],"wp:featuredmedia":[{"embeddable":true,"href":"https:\/\/kastenwagenzubehoer.de\/en\/wp-json\/wp\/v2\/media\/4036"}],"wp:attachment":[{"href":"https:\/\/kastenwagenzubehoer.de\/en\/wp-json\/wp\/v2\/media?parent=4035"}],"wp:term":[{"taxonomy":"product_brand","embeddable":true,"href":"https:\/\/kastenwagenzubehoer.de\/en\/wp-json\/wp\/v2\/product_brand?post=4035"},{"taxonomy":"product_cat","embeddable":true,"href":"https:\/\/kastenwagenzubehoer.de\/en\/wp-json\/wp\/v2\/product_cat?post=4035"},{"taxonomy":"product_tag","embeddable":true,"href":"https:\/\/kastenwagenzubehoer.de\/en\/wp-json\/wp\/v2\/product_tag?post=4035"}],"curies":[{"name":"wp","href":"https:\/\/api.w.org\/{rel}","templated":true}]}}