{"id":4040,"date":"2023-09-15T07:16:36","date_gmt":"2023-09-15T07:16:36","guid":{"rendered":"https:\/\/kastenwagenzubehoer.de\/?post_type=product&#038;p=4040"},"modified":"2024-12-05T09:19:57","modified_gmt":"2024-12-05T09:19:57","slug":"universalhaltersatz-fuer-lit100-100wp-150wp","status":"publish","type":"product","link":"https:\/\/kastenwagenzubehoer.de\/en\/product\/universalhaltersatz-fuer-lit100-100wp-150wp\/","title":{"rendered":"Universalhaltersatz f\u00fcr LIT100\/100WP\/150WP"},"content":{"rendered":"<p>Mit diesem Batteriehalter k\u00f6nnen alle Batterien mit B13 Bodenleiste und einer Breite von 175 mm am Boden des Fahrzeuges fixiert werden. Die Befestigung am Fahrzeugboden kann flach oder bei geneigten B\u00f6den durch Biegen der Befestigungslaschen erfolgen. Zur zus\u00e4tzlichen Abst\u00fctzung kann die anpassbare Mittelst\u00fctze genutzt werden.<\/p>\n<p>Unser Multihalter kann an der Vorderseite, zur Befestigung von Relais, Ladebooster etc. erweitert werden.<\/p>","protected":false},"excerpt":{"rendered":"<p>Mit diesem Batteriehalter k\u00f6nnen alle Batterien mit B13 Bodenleiste und einer Breite von 175 mm am Boden des Fahrzeuges fixiert werden. Die Befestigung am Fahrzeugboden kann flach oder bei geneigten B\u00f6den durch Biegen der Befestigungslaschen erfolgen. Zur zus\u00e4tzlichen Abst\u00fctzung kann die anpassbare Mittelst\u00fctze genutzt werden. Unser Multihalter kann an der Vorderseite, zur Befestigung von Relais, [&hellip;]<\/p>\n","protected":false},"featured_media":4041,"comment_status":"open","ping_status":"closed","template":"","meta":{"_et_pb_use_builder":"","_et_pb_old_content":"","_et_gb_content_width":""},"product_brand":[],"product_cat":[214,145],"product_tag":[],"class_list":{"0":"post-4040","1":"product","2":"type-product","3":"status-publish","4":"has-post-thumbnail","6":"product_cat-batterie-halterungen","7":"product_cat-batterien","8":"product_shipping_class-versandkostenpauschale-i","10":"first","11":"instock","12":"taxable","13":"shipping-taxable","14":"purchasable","15":"product-type-simple"},"aioseo_notices":[],"_links":{"self":[{"href":"https:\/\/kastenwagenzubehoer.de\/en\/wp-json\/wp\/v2\/product\/4040","targetHints":{"allow":["GET"]}}],"collection":[{"href":"https:\/\/kastenwagenzubehoer.de\/en\/wp-json\/wp\/v2\/product"}],"about":[{"href":"https:\/\/kastenwagenzubehoer.de\/en\/wp-json\/wp\/v2\/types\/product"}],"replies":[{"embeddable":true,"href":"https:\/\/kastenwagenzubehoer.de\/en\/wp-json\/wp\/v2\/comments?post=4040"}],"wp:featuredmedia":[{"embeddable":true,"href":"https:\/\/kastenwagenzubehoer.de\/en\/wp-json\/wp\/v2\/media\/4041"}],"wp:attachment":[{"href":"https:\/\/kastenwagenzubehoer.de\/en\/wp-json\/wp\/v2\/media?parent=4040"}],"wp:term":[{"taxonomy":"product_brand","embeddable":true,"href":"https:\/\/kastenwagenzubehoer.de\/en\/wp-json\/wp\/v2\/product_brand?post=4040"},{"taxonomy":"product_cat","embeddable":true,"href":"https:\/\/kastenwagenzubehoer.de\/en\/wp-json\/wp\/v2\/product_cat?post=4040"},{"taxonomy":"product_tag","embeddable":true,"href":"https:\/\/kastenwagenzubehoer.de\/en\/wp-json\/wp\/v2\/product_tag?post=4040"}],"curies":[{"name":"wp","href":"https:\/\/api.w.org\/{rel}","templated":true}]}}