{"id":4047,"date":"2023-09-15T07:32:49","date_gmt":"2023-09-15T07:32:49","guid":{"rendered":"https:\/\/kastenwagenzubehoer.de\/?post_type=product&#038;p=4047"},"modified":"2025-09-11T09:46:33","modified_gmt":"2025-09-11T09:46:33","slug":"fahrzeugspezifischer-haltersatz-fuer-boxer-jumper-und-ducato-lit200-200wp","status":"publish","type":"product","link":"https:\/\/kastenwagenzubehoer.de\/en\/product\/fahrzeugspezifischer-haltersatz-fuer-boxer-jumper-und-ducato-lit200-200wp\/","title":{"rendered":"Fahrzeugspezifischer Haltersatz f\u00fcr Boxer, Jumper und Ducato (LIT200\/200WP)"},"content":{"rendered":"<h2 data-start=\"352\" data-end=\"392\"><span style=\"color: #ffffff;\">Befestigungssatz f\u00fcr Untersitzmontage<\/span><\/h2>\n<h3 data-start=\"394\" data-end=\"446\"><span style=\"color: #ffffff;\">Sicherheit durch schnelle und passgenaue Montage<\/span><\/h3>\n<p data-start=\"447\" data-end=\"648\">F\u00fcr die Fahrzeugmodelle <strong data-start=\"471\" data-end=\"520\">Citro\u00ebn Jumper, Peugeot Boxer und Fiat Ducato<\/strong> wurde ein einzigartiger Befestigungssatz entwickelt, der eine <strong data-start=\"583\" data-end=\"634\">schnelle, einfache und sichere Untersitzmontage<\/strong> erm\u00f6glicht.<\/p>\n<h3 data-start=\"650\" data-end=\"680\"><span style=\"color: #ffffff;\">Eigenschaften und Vorteile<\/span><\/h3>\n<ul data-start=\"681\" data-end=\"1012\">\n<li data-start=\"681\" data-end=\"760\">\n<p data-start=\"683\" data-end=\"760\"><strong data-start=\"683\" data-end=\"706\">Optimale Stabilit\u00e4t<\/strong>: Fester und sicherer Halt der Batterie im Fahrzeug.<\/p>\n<\/li>\n<li data-start=\"761\" data-end=\"926\">\n<p data-start=\"763\" data-end=\"926\"><strong data-start=\"763\" data-end=\"797\">Benutzerfreundliche Handhabung<\/strong>: Seitlich angebrachte Griffe erleichtern sowohl die <strong data-start=\"850\" data-end=\"883\">Positionierung unter dem Sitz<\/strong> als auch den <strong data-start=\"897\" data-end=\"923\">Transport der Batterie<\/strong>.<\/p>\n<\/li>\n<li data-start=\"927\" data-end=\"1012\">\n<p data-start=\"929\" data-end=\"1012\"><strong data-start=\"929\" data-end=\"952\">Spezielle Anpassung<\/strong>: Passgenaue Konstruktion f\u00fcr die genannten Fahrzeugtypen.<\/p>\n<\/li>\n<\/ul>\n<h3 data-start=\"1014\" data-end=\"1032\"><span style=\"color: #ffffff;\">Einsatzbereich<\/span><\/h3>\n<p data-start=\"1033\" data-end=\"1145\">Ideal f\u00fcr Fahrzeuge, bei denen die Batterie platzsparend und sicher im Unterbodenbereich montiert werden soll.<\/p>","protected":false},"excerpt":{"rendered":"<p>Befestigungssatz f\u00fcr Untersitzmontage Sicherheit durch schnelle und passgenaue Montage F\u00fcr die Fahrzeugmodelle Citro\u00ebn Jumper, Peugeot Boxer und Fiat Ducato wurde ein einzigartiger Befestigungssatz entwickelt, der eine schnelle, einfache und sichere Untersitzmontage erm\u00f6glicht. Eigenschaften und Vorteile Optimale Stabilit\u00e4t: Fester und sicherer Halt der Batterie im Fahrzeug. Benutzerfreundliche Handhabung: Seitlich angebrachte Griffe erleichtern sowohl die Positionierung unter [&hellip;]<\/p>\n","protected":false},"featured_media":4048,"comment_status":"open","ping_status":"closed","template":"","meta":{"_et_pb_use_builder":"","_et_pb_old_content":"","_et_gb_content_width":""},"product_brand":[],"product_cat":[214,145],"product_tag":[],"class_list":{"0":"post-4047","1":"product","2":"type-product","3":"status-publish","4":"has-post-thumbnail","6":"product_cat-batterie-halterungen","7":"product_cat-batterien","8":"product_shipping_class-versandkostenpauschale-i","10":"first","11":"instock","12":"taxable","13":"shipping-taxable","14":"purchasable","15":"product-type-simple"},"aioseo_notices":[],"_links":{"self":[{"href":"https:\/\/kastenwagenzubehoer.de\/en\/wp-json\/wp\/v2\/product\/4047","targetHints":{"allow":["GET"]}}],"collection":[{"href":"https:\/\/kastenwagenzubehoer.de\/en\/wp-json\/wp\/v2\/product"}],"about":[{"href":"https:\/\/kastenwagenzubehoer.de\/en\/wp-json\/wp\/v2\/types\/product"}],"replies":[{"embeddable":true,"href":"https:\/\/kastenwagenzubehoer.de\/en\/wp-json\/wp\/v2\/comments?post=4047"}],"wp:featuredmedia":[{"embeddable":true,"href":"https:\/\/kastenwagenzubehoer.de\/en\/wp-json\/wp\/v2\/media\/4048"}],"wp:attachment":[{"href":"https:\/\/kastenwagenzubehoer.de\/en\/wp-json\/wp\/v2\/media?parent=4047"}],"wp:term":[{"taxonomy":"product_brand","embeddable":true,"href":"https:\/\/kastenwagenzubehoer.de\/en\/wp-json\/wp\/v2\/product_brand?post=4047"},{"taxonomy":"product_cat","embeddable":true,"href":"https:\/\/kastenwagenzubehoer.de\/en\/wp-json\/wp\/v2\/product_cat?post=4047"},{"taxonomy":"product_tag","embeddable":true,"href":"https:\/\/kastenwagenzubehoer.de\/en\/wp-json\/wp\/v2\/product_tag?post=4047"}],"curies":[{"name":"wp","href":"https:\/\/api.w.org\/{rel}","templated":true}]}}