{"id":407,"date":"2021-08-01T14:56:13","date_gmt":"2021-08-01T14:56:13","guid":{"rendered":"https:\/\/kastenwagenzubehoer.de\/?post_type=product&#038;p=407"},"modified":"2025-09-15T10:01:11","modified_gmt":"2025-09-15T10:01:11","slug":"radioblende-2-din-citroen-fiat-peugeot","status":"publish","type":"product","link":"https:\/\/kastenwagenzubehoer.de\/en\/product\/radioblende-2-din-citroen-fiat-peugeot\/","title":{"rendered":"Radioblende 2-DIN Citroen\/ Fiat\/ Peugeot"},"content":{"rendered":"<h2 data-start=\"119\" data-end=\"134\"><span style=\"color: #ffffff;\">Beschreibung<\/span><\/h2>\n<p data-start=\"135\" data-end=\"379\">Viele Fahrzeughersteller verbauen eigene fahrzeugspezifische Radios, die optisch in die Mittelkonsole integriert sind.<br data-start=\"253\" data-end=\"256\" \/>F\u00fcr den Austausch gegen ein handels\u00fcbliches <strong data-start=\"300\" data-end=\"330\">DIN- oder Doppel-DIN-Radio<\/strong> wird daher eine passende Radioblende ben\u00f6tigt.<\/p>\n<p data-start=\"381\" data-end=\"460\">Zus\u00e4tzlich k\u00f6nnen \u2013 je nach Ausstattung \u2013 folgende Adapter erforderlich sein:<\/p>\n<ul data-start=\"461\" data-end=\"598\">\n<li data-start=\"461\" data-end=\"504\">\n<p data-start=\"463\" data-end=\"504\">fahrzeugspezifische Radioanschlusskabel<\/p>\n<\/li>\n<li data-start=\"505\" data-end=\"524\">\n<p data-start=\"507\" data-end=\"524\">Antennenadapter<\/p>\n<\/li>\n<li data-start=\"525\" data-end=\"557\">\n<p data-start=\"527\" data-end=\"557\">Lenkradfernbedienungsadapter<\/p>\n<\/li>\n<li data-start=\"558\" data-end=\"575\">\n<p data-start=\"560\" data-end=\"575\">Kameraadapter<\/p>\n<\/li>\n<li data-start=\"576\" data-end=\"598\">\n<p data-start=\"578\" data-end=\"598\">Aktivsystemadapter<\/p>\n<\/li>\n<\/ul>\n<hr data-start=\"600\" data-end=\"603\" \/>\n<h2 data-start=\"605\" data-end=\"616\"><span style=\"color: #ffffff;\">Hinweise<\/span><\/h2>\n<ul data-start=\"617\" data-end=\"717\">\n<li data-start=\"617\" data-end=\"667\">\n<p data-start=\"619\" data-end=\"667\">Geeignet f\u00fcr Fahrzeuge mit <strong data-start=\"646\" data-end=\"665\">1-DIN OEM Ger\u00e4t<\/strong><\/p>\n<\/li>\n<li data-start=\"668\" data-end=\"717\">\n<p data-start=\"670\" data-end=\"717\">Auch f\u00fcr Fahrzeuge mit <strong data-start=\"693\" data-end=\"714\">Radiovorbereitung<\/strong>*<\/p>\n<\/li>\n<\/ul>\n<hr data-start=\"719\" data-end=\"722\" \/>\n<h2 data-start=\"724\" data-end=\"749\"><span style=\"color: #ffffff;\">Fahrzeugkompatibilit\u00e4t<\/span><\/h2>\n<ul data-start=\"750\" data-end=\"922\">\n<li data-start=\"750\" data-end=\"792\">\n<p data-start=\"752\" data-end=\"792\">Citro\u00ebn Jumper (250) Baujahr 2006\u20132021<\/p>\n<\/li>\n<li data-start=\"793\" data-end=\"834\">\n<p data-start=\"795\" data-end=\"834\">Citro\u00ebn Relay (250) Baujahr 2006\u20132021<\/p>\n<\/li>\n<li data-start=\"835\" data-end=\"877\">\n<p data-start=\"837\" data-end=\"877\">Fiat Ducato (250) Baujahr 06\/2006\u20132021<\/p>\n<\/li>\n<li data-start=\"878\" data-end=\"922\">\n<p data-start=\"880\" data-end=\"922\">Peugeot Boxer (250) Baujahr 04\/2006\u20132021<\/p>\n<\/li>\n<\/ul>\n<hr data-start=\"924\" data-end=\"927\" \/>\n<h2 data-start=\"929\" data-end=\"948\"><span style=\"color: #ffffff;\">Technische Daten<\/span><\/h2>\n<ul data-start=\"949\" data-end=\"1031\">\n<li data-start=\"949\" data-end=\"979\">\n<p data-start=\"951\" data-end=\"979\">Farbe: Klavierlack Schwarz<\/p>\n<\/li>\n<li data-start=\"980\" data-end=\"1031\">\n<p data-start=\"982\" data-end=\"1031\">Einbauausschnitt Radiodisplay: 172 mm \u00d7 98,5 mm<\/p>\n<\/li>\n<\/ul>","protected":false},"excerpt":{"rendered":"<p>Beschreibung Viele Fahrzeughersteller verbauen eigene fahrzeugspezifische Radios, die optisch in die Mittelkonsole integriert sind.F\u00fcr den Austausch gegen ein handels\u00fcbliches DIN- oder Doppel-DIN-Radio wird daher eine passende Radioblende ben\u00f6tigt. Zus\u00e4tzlich k\u00f6nnen \u2013 je nach Ausstattung \u2013 folgende Adapter erforderlich sein: fahrzeugspezifische Radioanschlusskabel Antennenadapter Lenkradfernbedienungsadapter Kameraadapter Aktivsystemadapter Hinweise Geeignet f\u00fcr Fahrzeuge mit 1-DIN OEM Ger\u00e4t Auch f\u00fcr [&hellip;]<\/p>\n","protected":false},"featured_media":512,"comment_status":"open","ping_status":"closed","template":"","meta":{"_et_pb_use_builder":"","_et_pb_old_content":"","_et_gb_content_width":""},"product_brand":[],"product_cat":[239,94],"product_tag":[109,85,108],"class_list":{"0":"post-407","1":"product","2":"type-product","3":"status-publish","4":"has-post-thumbnail","6":"product_cat-blenden","7":"product_cat-navigationssysteme","8":"product_tag-blende","9":"product_tag-radio","10":"product_tag-radioblende","11":"product_shipping_class-versandkostenpauschale-i","13":"first","14":"instock","15":"taxable","16":"shipping-taxable","17":"purchasable","18":"product-type-simple"},"aioseo_notices":[],"_links":{"self":[{"href":"https:\/\/kastenwagenzubehoer.de\/en\/wp-json\/wp\/v2\/product\/407","targetHints":{"allow":["GET"]}}],"collection":[{"href":"https:\/\/kastenwagenzubehoer.de\/en\/wp-json\/wp\/v2\/product"}],"about":[{"href":"https:\/\/kastenwagenzubehoer.de\/en\/wp-json\/wp\/v2\/types\/product"}],"replies":[{"embeddable":true,"href":"https:\/\/kastenwagenzubehoer.de\/en\/wp-json\/wp\/v2\/comments?post=407"}],"wp:featuredmedia":[{"embeddable":true,"href":"https:\/\/kastenwagenzubehoer.de\/en\/wp-json\/wp\/v2\/media\/512"}],"wp:attachment":[{"href":"https:\/\/kastenwagenzubehoer.de\/en\/wp-json\/wp\/v2\/media?parent=407"}],"wp:term":[{"taxonomy":"product_brand","embeddable":true,"href":"https:\/\/kastenwagenzubehoer.de\/en\/wp-json\/wp\/v2\/product_brand?post=407"},{"taxonomy":"product_cat","embeddable":true,"href":"https:\/\/kastenwagenzubehoer.de\/en\/wp-json\/wp\/v2\/product_cat?post=407"},{"taxonomy":"product_tag","embeddable":true,"href":"https:\/\/kastenwagenzubehoer.de\/en\/wp-json\/wp\/v2\/product_tag?post=407"}],"curies":[{"name":"wp","href":"https:\/\/api.w.org\/{rel}","templated":true}]}}