{"id":414,"date":"2021-08-01T16:15:33","date_gmt":"2021-08-01T16:15:33","guid":{"rendered":"https:\/\/kastenwagenzubehoer.de\/?post_type=product&#038;p=414"},"modified":"2026-02-26T15:50:06","modified_gmt":"2026-02-26T15:50:06","slug":"reiner-sinus-wechselrichter-1000w-inkl-externem-lcd-display","status":"publish","type":"product","link":"https:\/\/kastenwagenzubehoer.de\/en\/product\/reiner-sinus-wechselrichter-1000w-inkl-externem-lcd-display\/","title":{"rendered":"PCS Wechselrichter 1000 Watt"},"content":{"rendered":"<p class=\"p1\">Mit diesem Ger\u00e4t k\u00f6nnen Sie aus 12 V Gleichspannung (z.B. aus Autobatterien oder Batterien von Solarinselanlagen) 230 V Wechselspannung erzeugen und damit viele Haushaltsger\u00e4te mit 230 V Nennspannung betreiben.<\/p>\n<p class=\"p1\">Der PCS reiner Sinus Wechselrichter hat eine leistungsabh\u00e4ngige Steuerung der L\u00fcfter. Dies bedeutet, dass ab ca. 10% der Dauerleistung die internen L\u00fcfter laufen. Sollten Sie einen Verbraucher an den Wechselrichter anschlie\u00dfen, der unterhalb der 10% bleibt, so laufen auch die L\u00fcfter nicht mit an.<\/p>\n<p class=\"p1\">Ab einer intern gemessen Temperatur von ca. 60\u00b0C schaltet sich der Wechselrichter komplett ab.<\/p>\n<ul class=\"ul1\">\n<li class=\"li1\">Reiner SINUS Spannung<\/li>\n<li class=\"li1\">Softstart Funktion<\/li>\n<li class=\"li1\">Power USB mit 5V &#8211; 2.1A<\/li>\n<li class=\"li1\">durchschnittlicher Eigenverbrauch im ausgeschalteten Zustand 0 Watt<\/li>\n<li class=\"li1\">Verpolungsschutz f\u00fcr Batterie (Sicherung l\u00f6st aus)<\/li>\n<li class=\"li1\">Automatische Abschaltung bei \u00dcberlast oder Kurzschluss<\/li>\n<li class=\"li1\">Zum Betrieb im KFZ zugelassen<\/li>\n<li class=\"li1\">Fernbedienung optional mit Kabel oder Funkfernbedienung, zum selber montieren, erh\u00e4ltlich<\/li>\n<li class=\"li1\">Stabiles Geh\u00e4use aus Aluminium und Formblech<\/li>\n<li class=\"li1\">Zertifikate: Wandler, CE, RoHS; E8 Fertigung nach DIN ISO 9001:2000<\/li>\n<li class=\"li1\">Farbe: Blau<\/li>\n<\/ul>\n<p class=\"p1\"><b>Lieferumfang:<\/b> Wandler, Netzkabel, Bedienungsanleitung inkl. Schema zur Verschaltung<\/p>\n<p>&nbsp;<\/p>\n<p class=\"p1\"><b>Technische Daten:<\/b><\/p>\n<table cellspacing=\"0\" cellpadding=\"0\">\n<tbody>\n<tr>\n<td valign=\"middle\"><span style=\"color: #000000; font-family: Calibri; font-size: medium;\"><b>Gewicht:<\/b><\/span><\/td>\n<td valign=\"middle\"><span style=\"color: #000000; font-family: Calibri; font-size: medium;\"><b>3 kg<\/b><\/span><\/td>\n<\/tr>\n<tr>\n<td valign=\"middle\"><span style=\"color: #000000; font-family: Calibri; font-size: medium;\"><b>Ma\u00dfe:<\/b><\/span><\/td>\n<td valign=\"middle\"><span style=\"color: #000000; font-family: Calibri; font-size: medium;\"><b>314 mm x 174 mm x 103 mm<\/b><\/span><\/td>\n<\/tr>\n<tr>\n<td valign=\"middle\"><span style=\"color: #000000; font-family: Calibri; font-size: medium;\"><b>Ausgangsspannung:<\/b><\/span><\/td>\n<td valign=\"middle\"><span style=\"color: #000000; font-family: Calibri; font-size: medium;\"><b>230 V (50 Hz)<\/b><\/span><\/td>\n<\/tr>\n<tr>\n<td valign=\"middle\"><span style=\"color: #000000; font-family: Calibri; font-size: medium;\"><b>Spitzenleistung:<\/b><\/span><\/td>\n<td valign=\"middle\"><span style=\"color: #000000; font-family: Calibri; font-size: medium;\"><b>2000 W mind. 20 ms f\u00fcr Anlauf- bzw. Kaltstr\u00f6me<\/b><\/span><\/td>\n<\/tr>\n<tr>\n<td valign=\"middle\"><span style=\"color: #000000; font-family: Calibri; font-size: medium;\"><b>Steckdose:<\/b><\/span><\/td>\n<td valign=\"middle\"><span style=\"color: #000000; font-family: Calibri; font-size: medium;\"><b>1x Schukosteckdose<\/b><\/span><\/td>\n<\/tr>\n<tr>\n<td valign=\"middle\"><span style=\"color: #000000; font-family: Calibri; font-size: medium;\"><b>Dauerleistung:<\/b><\/span><\/td>\n<td valign=\"middle\"><span style=\"color: #000000; font-family: Calibri; font-size: medium;\"><b>1000 W<\/b><\/span><\/td>\n<\/tr>\n<tr>\n<td valign=\"middle\"><span style=\"color: #000000; font-family: Calibri; font-size: medium;\"><b>Eingangsspannung:<\/b><\/span><\/td>\n<td valign=\"middle\"><span style=\"color: #000000; font-family: Calibri; font-size: medium;\"><b>12 V<\/b><\/span><\/td>\n<\/tr>\n<tr>\n<td valign=\"middle\"><span style=\"color: #000000; font-family: Calibri; font-size: medium;\"><b>Unterspannungsabschaltung:<\/b><\/span><\/td>\n<td valign=\"middle\"><span style=\"color: #000000; font-family: Calibri; font-size: medium;\"><b>&lt; 10,4 V<\/b><\/span><\/td>\n<\/tr>\n<tr>\n<td valign=\"middle\"><span style=\"color: #000000; font-family: Calibri; font-size: medium;\"><b>\u00dcberspannungsabschaltung:<\/b><\/span><\/td>\n<td valign=\"middle\"><span style=\"color: #000000; font-family: Calibri; font-size: medium;\"><b>&gt; 15,0 V<\/b><\/span><\/td>\n<\/tr>\n<tr>\n<td valign=\"middle\"><span style=\"color: #000000; font-family: Calibri; font-size: medium;\"><b>\u00dcbertemperaturschutzabschaltung:<\/b><\/span><\/td>\n<td valign=\"middle\"><span style=\"color: #000000; font-family: Calibri; font-size: medium;\"><b>&gt; 60 \u00b0C<\/b><\/span><\/td>\n<\/tr>\n<tr>\n<td valign=\"middle\"><span style=\"color: #000000; font-family: Calibri; font-size: medium;\"><b>relative Luftfeuchte:<\/b><\/span><\/td>\n<td valign=\"middle\"><span style=\"color: #000000; font-family: Calibri; font-size: medium;\"><b>&lt; 60%<\/b><\/span><\/td>\n<\/tr>\n<tr>\n<td valign=\"middle\"><span style=\"color: #000000; font-family: Calibri; font-size: medium;\"><b>USB Ger\u00e4te Stromversorgung:<\/b><\/span><\/td>\n<td valign=\"middle\"><span style=\"color: #000000; font-family: Calibri; font-size: medium;\"><b>1x 5 V 2,1 A<\/b><\/span><\/td>\n<\/tr>\n<tr>\n<td valign=\"middle\"><span style=\"color: #000000; font-family: Calibri; font-size: medium;\"><b>Wirkungsgrad:<\/b><\/span><\/td>\n<td valign=\"middle\"><span style=\"color: #000000; font-family: Calibri; font-size: medium;\"><b>&gt; 85% (typisch ca. 92%)<\/b><\/span><\/td>\n<\/tr>\n<tr>\n<td valign=\"middle\"><span style=\"color: #000000; font-family: Calibri; font-size: medium;\"><b>durchschnittlicher Eigenverbrauch im Standby &#8211; ohne Last:<\/b><\/span><\/td>\n<td valign=\"middle\"><span style=\"color: #000000; font-family: Calibri; font-size: medium;\"><b>typisch bei &gt;12,5 V ca. 13 W und bei &lt;11,5 V bis 35 W<\/b><\/span><\/td>\n<\/tr>\n<tr>\n<td valign=\"middle\"><span style=\"color: #000000; font-family: Calibri; font-size: medium;\"><b>Anschlusskabel Anzahl:<\/b><\/span><\/td>\n<td valign=\"middle\"><span style=\"color: #000000; font-family: Calibri; font-size: medium;\"><b>1x Plus und 1x Minus mitgeliefert<\/b><\/span><\/td>\n<\/tr>\n<tr>\n<td valign=\"middle\"><span style=\"color: #000000; font-family: Calibri; font-size: medium;\"><b>Anschlusskabel Querschnitt:<\/b><\/span><\/td>\n<td valign=\"middle\"><span style=\"color: #000000; font-family: Calibri; font-size: medium;\"><b>10mm\u00b2<\/b><\/span><\/td>\n<\/tr>\n<tr>\n<td valign=\"middle\"><span style=\"color: #000000; font-family: Calibri; font-size: medium;\"><b>Anschlusskabel L\u00e4nge:<\/b><\/span><\/td>\n<td valign=\"middle\"><span style=\"color: #000000; font-family: Calibri; font-size: medium;\"><b>ca. 50cm<\/b><\/span><\/td>\n<\/tr>\n<tr>\n<td valign=\"middle\"><span style=\"color: #000000; font-family: Calibri; font-size: medium;\"><b>L\u00fcfterreglung:<\/b><\/span><\/td>\n<td valign=\"middle\"><span style=\"color: #000000; font-family: Calibri; font-size: medium;\"><b>ab ca. 10% der Dauerleistung<\/b><\/span><\/td>\n<\/tr>\n<\/tbody>\n<\/table>\n<p>&nbsp;<\/p>\n<p><strong>Hinweis: Dieser Artikel ist ausschlie\u00dflich f\u00fcr den Caravan \/ Wohnmobilbereich geeignet und daher NICHT Mehrwertsteuerbefreit!<\/strong><\/p>\n<p>&nbsp;<\/p>\n<table style=\"height: 127px;\" width=\"985\">\n<tbody>\n<tr>\n<td width=\"302\">Dokumente:<\/td>\n<td width=\"302\"><\/td>\n<\/tr>\n<tr>\n<td width=\"302\">Anleitung<\/td>\n<td style=\"text-align: right;\" width=\"302\"><a href=\"https:\/\/kastenwagenzubehoer.de\/wp-content\/uploads\/2021\/08\/Anleitung-Wechselrichter-1000-Watt.pdf\">Anleitung &#8211; Wechselrichter 1000 Watt<\/a>\u00a0(Ger)<\/td>\n<\/tr>\n<\/tbody>\n<\/table>\n<p>&nbsp;<\/p>\n<p>Oft benutztes Zubeh\u00f6r:<\/p>\n<table style=\"width: 410px;\">\n<tbody>\n<tr>\n<td style=\"width: 197px;\">\n<p style=\"text-align: center;\">PCS Remote Controller mit Display<\/p>\n<\/td>\n<td style=\"width: 197px;\">\n<p style=\"text-align: center;\">PCS Remote Controller mit Display<\/p>\n<\/td>\n<\/tr>\n<tr>\n<td style=\"width: 197px;\"><a href=\"https:\/\/kastenwagenzubehoer.de\/en\/product\/pcs-remote-controller-mit-display-2\/\" target=\"_blank\" rel=\"noopener\"><img loading=\"lazy\" decoding=\"async\" class=\"aligncenter wp-image-1569 size-medium\" src=\"https:\/\/kastenwagenzubehoer.de\/wp-content\/uploads\/2022\/02\/PCS-Remote-Controller-300x300.png\" alt=\"\" width=\"300\" height=\"300\" srcset=\"https:\/\/kastenwagenzubehoer.de\/wp-content\/uploads\/2022\/02\/PCS-Remote-Controller-300x300.png 300w, https:\/\/kastenwagenzubehoer.de\/wp-content\/uploads\/2022\/02\/PCS-Remote-Controller-100x100.png 100w, https:\/\/kastenwagenzubehoer.de\/wp-content\/uploads\/2022\/02\/PCS-Remote-Controller-400x400.png 400w, https:\/\/kastenwagenzubehoer.de\/wp-content\/uploads\/2022\/02\/PCS-Remote-Controller-150x150.png 150w, https:\/\/kastenwagenzubehoer.de\/wp-content\/uploads\/2022\/02\/PCS-Remote-Controller-768x768.png 768w, https:\/\/kastenwagenzubehoer.de\/wp-content\/uploads\/2022\/02\/PCS-Remote-Controller.png 800w\" sizes=\"(max-width: 300px) 100vw, 300px\" \/><\/a><\/td>\n<td style=\"width: 197px;\"><a href=\"https:\/\/kastenwagenzubehoer.de\/en\/product\/pcs-remote-controller-mit-display\/\" target=\"_blank\" rel=\"noopener\"><img loading=\"lazy\" decoding=\"async\" class=\"aligncenter wp-image-559 size-medium\" src=\"https:\/\/kastenwagenzubehoer.de\/wp-content\/uploads\/2021\/08\/PCS-Remote-Controller-mit-Display-300x300.jpg\" alt=\"PCS-Remote Controller mit Display\" width=\"300\" height=\"300\" srcset=\"https:\/\/kastenwagenzubehoer.de\/wp-content\/uploads\/2021\/08\/PCS-Remote-Controller-mit-Display-300x300.jpg 300w, https:\/\/kastenwagenzubehoer.de\/wp-content\/uploads\/2021\/08\/PCS-Remote-Controller-mit-Display-100x100.jpg 100w, https:\/\/kastenwagenzubehoer.de\/wp-content\/uploads\/2021\/08\/PCS-Remote-Controller-mit-Display-400x400.jpg 400w, https:\/\/kastenwagenzubehoer.de\/wp-content\/uploads\/2021\/08\/PCS-Remote-Controller-mit-Display-150x150.jpg 150w, https:\/\/kastenwagenzubehoer.de\/wp-content\/uploads\/2021\/08\/PCS-Remote-Controller-mit-Display-768x768.jpg 768w, https:\/\/kastenwagenzubehoer.de\/wp-content\/uploads\/2021\/08\/PCS-Remote-Controller-mit-Display.jpg 800w\" sizes=\"(max-width: 300px) 100vw, 300px\" \/><\/a><\/td>\n<\/tr>\n<\/tbody>\n<\/table>\n<p>&nbsp;<\/p>","protected":false},"excerpt":{"rendered":"<p>Mit diesem Ger\u00e4t k\u00f6nnen Sie aus 12 V Gleichspannung (z.B. aus Autobatterien oder Batterien von Solarinselanlagen) 230 V Wechselspannung erzeugen und damit viele Haushaltsger\u00e4te mit 230 V Nennspannung betreiben. Der PCS reiner Sinus Wechselrichter hat eine leistungsabh\u00e4ngige Steuerung der L\u00fcfter. Dies bedeutet, dass ab ca. 10% der Dauerleistung die internen L\u00fcfter laufen. Sollten Sie einen [&hellip;]<\/p>\n","protected":false},"featured_media":1727,"comment_status":"open","ping_status":"closed","template":"","meta":{"_et_pb_use_builder":"","_et_pb_old_content":"","_et_gb_content_width":""},"product_brand":[],"product_cat":[276,279],"product_tag":[113,73],"class_list":{"0":"post-414","1":"product","2":"type-product","3":"status-publish","4":"has-post-thumbnail","6":"product_cat-energie","7":"product_cat-wechselrichter-energie","8":"product_tag-spannungswandler","9":"product_tag-wechselrichter","10":"product_shipping_class-versandkostenpauschale-ii","12":"first","13":"instock","14":"taxable","15":"shipping-taxable","16":"purchasable","17":"product-type-simple"},"aioseo_notices":[],"_links":{"self":[{"href":"https:\/\/kastenwagenzubehoer.de\/en\/wp-json\/wp\/v2\/product\/414","targetHints":{"allow":["GET"]}}],"collection":[{"href":"https:\/\/kastenwagenzubehoer.de\/en\/wp-json\/wp\/v2\/product"}],"about":[{"href":"https:\/\/kastenwagenzubehoer.de\/en\/wp-json\/wp\/v2\/types\/product"}],"replies":[{"embeddable":true,"href":"https:\/\/kastenwagenzubehoer.de\/en\/wp-json\/wp\/v2\/comments?post=414"}],"wp:featuredmedia":[{"embeddable":true,"href":"https:\/\/kastenwagenzubehoer.de\/en\/wp-json\/wp\/v2\/media\/1727"}],"wp:attachment":[{"href":"https:\/\/kastenwagenzubehoer.de\/en\/wp-json\/wp\/v2\/media?parent=414"}],"wp:term":[{"taxonomy":"product_brand","embeddable":true,"href":"https:\/\/kastenwagenzubehoer.de\/en\/wp-json\/wp\/v2\/product_brand?post=414"},{"taxonomy":"product_cat","embeddable":true,"href":"https:\/\/kastenwagenzubehoer.de\/en\/wp-json\/wp\/v2\/product_cat?post=414"},{"taxonomy":"product_tag","embeddable":true,"href":"https:\/\/kastenwagenzubehoer.de\/en\/wp-json\/wp\/v2\/product_tag?post=414"}],"curies":[{"name":"wp","href":"https:\/\/api.w.org\/{rel}","templated":true}]}}