{"id":416,"date":"2021-08-01T16:18:40","date_gmt":"2021-08-01T16:18:40","guid":{"rendered":"https:\/\/kastenwagenzubehoer.de\/?post_type=product&#038;p=416"},"modified":"2025-02-21T10:14:03","modified_gmt":"2025-02-21T10:14:03","slug":"mppt-solarregler-30a-duo","status":"publish","type":"product","link":"https:\/\/kastenwagenzubehoer.de\/en\/product\/mppt-solarregler-30a-duo\/","title":{"rendered":"PCS MPPT Solarregler 30A- Duo"},"content":{"rendered":"<p class=\"p1\">Der PCS MPPT Solarregler 30A- Duo mit der fortschrittlichsten MPPT-Steuerungsalgorithmus. Der maximale Leistungspunkt der PV-Anlage kann in jeder Umgebung schnell verfolgt werden, so dass die maximale Energie aus dem Solarmodul gewonnen werden kann und die Energienutzung im Solarsystem deutlich verbessert wird.<\/p>\n<p class=\"p1\">Mit dem PCS MPPT Solarregler kann man zwei Batterien mit unterschiedlichen Ladekennlinien laden.<span class=\"Apple-converted-space\">\u00a0<\/span><\/p>\n<ul class=\"ul1\">\n<li class=\"li1\">Hochwertige Komponenten wurden verwendet, um die Systemleistung zu verbessern und um den maximalen Umwandlungswirkungsgrad von 97 % erreichen zu k\u00f6nnen.<\/li>\n<li class=\"li1\">gro\u00dfer Betriebsspannungsbereich f\u00fcr PV-Anlagen mit hohem Wirkungsgrad<\/li>\n<li class=\"li1\">12\/24 V automatische Spannungserkennung<\/li>\n<li class=\"li1\">Kompatibel mit dem PCS- LCD Monitor<\/li>\n<li class=\"li1\">GEL, AGM, Lead Acid; LiFePo4 und Li(NiCoMn)O2 Ladeverfahren w\u00e4hlbar<\/li>\n<li class=\"li1\">Dual Ladefunktion zwei Batterien mit unterschiedlichen Ladelinien m\u00f6glich<\/li>\n<li class=\"li1\">Funktion der Batterietemperaturkompensation<\/li>\n<li class=\"li1\">Unterst\u00fctzung von PC-Monitoren, externen Anzeigeger\u00e4ten und anderen Peripherieger\u00e4ten zur Anzeige von Echtzeitdaten und zur Einstellung von Parametern<\/li>\n<\/ul>\n<p>&nbsp;<\/p>\n<p class=\"p1\"><b>Technische Daten:<\/b><\/p>\n<table cellspacing=\"0\" cellpadding=\"0\">\n<tbody>\n<tr>\n<td valign=\"top\"><span style=\"color: #000000; font-family: Calibri; font-size: medium;\">Technische Daten<\/span><\/td>\n<td valign=\"top\"><span style=\"color: #000000; font-family: Calibri; font-size: medium;\">MPPT5030A-Duo<\/span><\/td>\n<\/tr>\n<tr>\n<td valign=\"top\"><span style=\"color: #000000; font-family: Calibri; font-size: medium;\">Kapazit\u00e4t Solarmodul<\/span><\/td>\n<td valign=\"top\"><span style=\"color: #000000; font-family: Calibri; font-size: medium;\">50 &#8211; 390W<\/span><\/td>\n<\/tr>\n<tr>\n<td valign=\"top\"><span style=\"color: #000000; font-family: Calibri; font-size: medium;\">Spannung Solarmodul<\/span><\/td>\n<td valign=\"top\"><span style=\"color: #000000; font-family: Calibri; font-size: medium;\">Max. 50V<\/span><\/td>\n<\/tr>\n<tr>\n<td valign=\"top\"><span style=\"color: #000000; font-family: Calibri; font-size: medium;\">Spannung Batterie<\/span><\/td>\n<td valign=\"top\"><span style=\"color: #000000; font-family: Calibri; font-size: medium;\">9 \u2013 32 V<\/span><\/td>\n<\/tr>\n<tr>\n<td valign=\"top\"><span style=\"color: #000000; font-family: Calibri; font-size: medium;\">Eigenstromverbauch<\/span><\/td>\n<td valign=\"top\"><span style=\"color: #000000; font-family: Calibri; font-size: medium;\">16 \u2013 18 mA<\/span><\/td>\n<\/tr>\n<tr>\n<td valign=\"top\"><span style=\"color: #000000; font-family: Calibri; font-size: medium;\">\u00dcberladeschutz<\/span><\/td>\n<td valign=\"top\"><span style=\"color: #000000; font-family: Calibri; font-size: medium;\">Ja<\/span><\/td>\n<\/tr>\n<tr>\n<td valign=\"top\"><span style=\"color: #000000; font-family: Calibri; font-size: medium;\">Kurzschlussschutz<\/span><\/td>\n<td valign=\"top\"><span style=\"color: #000000; font-family: Calibri; font-size: medium;\">Ja<\/span><\/td>\n<\/tr>\n<tr>\n<td valign=\"top\"><span style=\"color: #000000; font-family: Calibri; font-size: medium;\">Schutz vor \u00dcberhitzung<\/span><\/td>\n<td valign=\"top\"><span style=\"color: #000000; font-family: Calibri; font-size: medium;\">Ja<\/span><\/td>\n<\/tr>\n<tr>\n<td valign=\"top\"><span style=\"color: #000000; font-family: Calibri; font-size: medium;\">K\u00fchlung mit Temp. Kontroller<\/span><\/td>\n<td valign=\"top\"><span style=\"color: #000000; font-family: Calibri; font-size: medium;\">Ja<\/span><\/td>\n<\/tr>\n<tr>\n<td valign=\"top\"><span style=\"color: #000000; font-family: Calibri; font-size: medium;\">Integrierte Sicherung<\/span><\/td>\n<td valign=\"top\"><span style=\"color: #000000; font-family: Calibri; font-size: medium;\">30A<\/span><\/td>\n<\/tr>\n<tr>\n<td valign=\"top\"><span style=\"color: #000000; font-family: Calibri; font-size: medium;\">Temperatur Sensorinput Batterie 1 und Batterie 2<\/span><\/td>\n<td valign=\"top\"><span style=\"color: #000000; font-family: Calibri; font-size: medium;\">Ja<\/span><\/td>\n<\/tr>\n<tr>\n<td valign=\"top\"><span style=\"color: #000000; font-family: Calibri; font-size: medium;\">Lade Timer<\/span><\/td>\n<td valign=\"top\"><span style=\"color: #000000; font-family: Calibri; font-size: medium;\">Ja<\/span><\/td>\n<\/tr>\n<tr>\n<td valign=\"top\"><span style=\"color: #000000; font-family: Calibri; font-size: medium;\">Abmessungen<\/span><\/td>\n<td valign=\"top\"><span style=\"color: #000000; font-family: Calibri; font-size: medium;\">155 x 147 x 43 mm<\/span><\/td>\n<\/tr>\n<tr>\n<td valign=\"top\"><span style=\"color: #000000; font-family: Calibri; font-size: medium;\">Gewicht<\/span><\/td>\n<td valign=\"top\"><span style=\"color: #000000; font-family: Calibri; font-size: medium;\">0,78 kg<\/span><\/td>\n<\/tr>\n<tr>\n<td valign=\"top\"><span style=\"color: #000000; font-family: Calibri; font-size: medium;\">Umgebungsbedingungen, Luftfeuchte<\/span><\/td>\n<td valign=\"top\"><span style=\"color: #000000; font-family: Calibri; font-size: medium;\">max. 95% RH, keine Kondensation<\/span><\/td>\n<\/tr>\n<tr>\n<td valign=\"top\"><span style=\"color: #000000; font-family: Calibri; font-size: medium;\">Erh\u00e4ltliches Zubeh\u00f6r<\/span><\/td>\n<td valign=\"top\"><span style=\"color: #000000; font-family: Calibri; font-size: medium;\">Temperatursensor<\/span><\/p>\n<p><span style=\"color: #000000; font-family: Calibri; font-size: medium;\">LCD-Display<\/span><\/p>\n<p><span style=\"color: #000000; font-family: Calibri; font-size: medium;\">Bluetooth Dongle<\/span><\/td>\n<\/tr>\n<\/tbody>\n<\/table>\n<p>&nbsp;<\/p>\n<p><strong>Hinweis: Dieser Artikel ist ausschlie\u00dflich f\u00fcr den Caravan \/ Wohnmobilbereich geeignet und daher NICHT Mehrwertsteuerbefreit!<\/strong><\/p>\n<table style=\"height: 127px;\" width=\"985\">\n<tbody>\n<tr>\n<td width=\"302\">Dokumente:<\/td>\n<td width=\"302\"><\/td>\n<\/tr>\n<tr>\n<td width=\"302\">Anleitung<\/td>\n<td style=\"text-align: right;\" width=\"302\"><a href=\"https:\/\/kastenwagenzubehoer.de\/wp-content\/uploads\/2021\/08\/Anleitung-MPPT-Solarregler-30A.pdf\">Anleitung &#8211; MPPT Solarregler 30A<\/a>\u00a0(Ger)<\/td>\n<\/tr>\n<\/tbody>\n<\/table>","protected":false},"excerpt":{"rendered":"<p>Der PCS MPPT Solarregler 30A- Duo mit der fortschrittlichsten MPPT-Steuerungsalgorithmus. Der maximale Leistungspunkt der PV-Anlage kann in jeder Umgebung schnell verfolgt werden, so dass die maximale Energie aus dem Solarmodul gewonnen werden kann und die Energienutzung im Solarsystem deutlich verbessert wird. Mit dem PCS MPPT Solarregler kann man zwei Batterien mit unterschiedlichen Ladekennlinien laden.\u00a0 Hochwertige [&hellip;]<\/p>\n","protected":false},"featured_media":484,"comment_status":"open","ping_status":"closed","template":"","meta":{"_et_pb_use_builder":"","_et_pb_old_content":"","_et_gb_content_width":""},"product_brand":[],"product_cat":[219,93],"product_tag":[],"class_list":{"0":"post-416","1":"product","2":"type-product","3":"status-publish","4":"has-post-thumbnail","6":"product_cat-solarregler","7":"product_cat-energie-solartechnik","8":"product_shipping_class-versandkostenpauschale-ii","10":"first","11":"instock","12":"taxable","13":"shipping-taxable","14":"purchasable","15":"product-type-simple"},"aioseo_notices":[],"_links":{"self":[{"href":"https:\/\/kastenwagenzubehoer.de\/en\/wp-json\/wp\/v2\/product\/416","targetHints":{"allow":["GET"]}}],"collection":[{"href":"https:\/\/kastenwagenzubehoer.de\/en\/wp-json\/wp\/v2\/product"}],"about":[{"href":"https:\/\/kastenwagenzubehoer.de\/en\/wp-json\/wp\/v2\/types\/product"}],"replies":[{"embeddable":true,"href":"https:\/\/kastenwagenzubehoer.de\/en\/wp-json\/wp\/v2\/comments?post=416"}],"wp:featuredmedia":[{"embeddable":true,"href":"https:\/\/kastenwagenzubehoer.de\/en\/wp-json\/wp\/v2\/media\/484"}],"wp:attachment":[{"href":"https:\/\/kastenwagenzubehoer.de\/en\/wp-json\/wp\/v2\/media?parent=416"}],"wp:term":[{"taxonomy":"product_brand","embeddable":true,"href":"https:\/\/kastenwagenzubehoer.de\/en\/wp-json\/wp\/v2\/product_brand?post=416"},{"taxonomy":"product_cat","embeddable":true,"href":"https:\/\/kastenwagenzubehoer.de\/en\/wp-json\/wp\/v2\/product_cat?post=416"},{"taxonomy":"product_tag","embeddable":true,"href":"https:\/\/kastenwagenzubehoer.de\/en\/wp-json\/wp\/v2\/product_tag?post=416"}],"curies":[{"name":"wp","href":"https:\/\/api.w.org\/{rel}","templated":true}]}}