{"id":418,"date":"2021-08-01T16:33:11","date_gmt":"2021-08-01T16:33:11","guid":{"rendered":"https:\/\/kastenwagenzubehoer.de\/?post_type=product&#038;p=418"},"modified":"2025-02-21T10:15:28","modified_gmt":"2025-02-21T10:15:28","slug":"mppt-solarregler-40a-duo","status":"publish","type":"product","link":"https:\/\/kastenwagenzubehoer.de\/en\/product\/mppt-solarregler-40a-duo\/","title":{"rendered":"PCS MPPT Solarregler 40A"},"content":{"rendered":"<p class=\"p1\">Der PCS MPPT Solarregler 40A mit dem fortschrittlichsten MPPT-Steuerungsalgorithmus. Der maximale Leistungspunkt der PV-Anlage kann in jeder Umgebung schnell verfolgt werden, so dass die maximale Energie aus dem Solarmodul gewonnen werden kann und die Energienutzung im Solarsystem deutlich verbessert wird.<\/p>\n<ul class=\"ul1\">\n<li class=\"li1\">Hochwertige Komponenten wurden verwendet, um die Systemleistung zu verbessern und um den maximalen Umwandlungswirkungsgrad von 97 % erreichen zu k\u00f6nnen.<\/li>\n<li class=\"li1\">gro\u00dfer Betriebsspannungsbereich f\u00fcr PV-Anlagen mit hohem Wirkungsgrad<\/li>\n<li class=\"li1\">12\/24 V automatische Spannungserkennung<\/li>\n<li class=\"li1\">Kompatibel mit dem PCS- LCD Monitor<\/li>\n<li class=\"li1\">GEL, AGM, Lead Acid; LiFePo4 und Li(NiCoMn)O2 Ladeverfahren w\u00e4hlbar<\/li>\n<li class=\"li1\">Funktion der Batterietemperaturkompensation<\/li>\n<li class=\"li1\">Unterst\u00fctzung von PC-Monitoren, externen Anzeigeger\u00e4ten und anderen Peripherieger\u00e4ten zur Anzeige von Echtzeitdaten und zur Einstellung von Parametern<\/li>\n<\/ul>\n<p>&nbsp;<\/p>\n<p class=\"p1\"><b>Technische Daten:<\/b><\/p>\n<table cellspacing=\"0\" cellpadding=\"0\">\n<tbody>\n<tr>\n<td valign=\"top\"><span style=\"color: #000000; font-family: Calibri; font-size: medium;\">Technische Daten<\/span><\/td>\n<td valign=\"top\"><span style=\"color: #000000; font-family: Calibri; font-size: medium;\">MPPT5040A<\/span><\/td>\n<\/tr>\n<tr>\n<td valign=\"top\"><span style=\"color: #000000; font-family: Calibri; font-size: medium;\">Kapazit\u00e4t Solarmodul<\/span><\/td>\n<td valign=\"top\"><span style=\"color: #000000; font-family: Calibri; font-size: medium;\">50 &#8211; 480W<\/span><\/td>\n<\/tr>\n<tr>\n<td valign=\"top\"><span style=\"color: #000000; font-family: Calibri; font-size: medium;\">Spannung Solarmodul<\/span><\/td>\n<td valign=\"top\"><span style=\"color: #000000; font-family: Calibri; font-size: medium;\">Max. 50V<\/span><\/td>\n<\/tr>\n<tr>\n<td valign=\"top\"><span style=\"color: #000000; font-family: Calibri; font-size: medium;\">Eigenstromverbauch<\/span><\/td>\n<td valign=\"top\"><span style=\"color: #000000; font-family: Calibri; font-size: medium;\">40 mA<\/span><\/td>\n<\/tr>\n<tr>\n<td valign=\"top\"><span style=\"color: #000000; font-family: Calibri; font-size: medium;\">\u00dcberladeschutz<\/span><\/td>\n<td valign=\"top\"><span style=\"color: #000000; font-family: Calibri; font-size: medium;\">Ja<\/span><\/td>\n<\/tr>\n<tr>\n<td valign=\"top\"><span style=\"color: #000000; font-family: Calibri; font-size: medium;\">Kurzschlussschutz<\/span><\/td>\n<td valign=\"top\"><span style=\"color: #000000; font-family: Calibri; font-size: medium;\">Ja<\/span><\/td>\n<\/tr>\n<tr>\n<td valign=\"top\"><span style=\"color: #000000; font-family: Calibri; font-size: medium;\">Schutz vor \u00dcberhitzung<\/span><\/td>\n<td valign=\"top\"><span style=\"color: #000000; font-family: Calibri; font-size: medium;\">Ja<\/span><\/td>\n<\/tr>\n<tr>\n<td valign=\"top\"><span style=\"color: #000000; font-family: Calibri; font-size: medium;\">K\u00fchlung mit Temp. Kontroller<\/span><\/td>\n<td valign=\"top\"><span style=\"color: #000000; font-family: Calibri; font-size: medium;\">Ja<\/span><\/td>\n<\/tr>\n<tr>\n<td valign=\"top\"><span style=\"color: #000000; font-family: Calibri; font-size: medium;\">Integrierte Sicherung<\/span><\/td>\n<td valign=\"top\"><span style=\"color: #000000; font-family: Calibri; font-size: medium;\">40A<\/span><\/td>\n<\/tr>\n<tr>\n<td valign=\"top\"><span style=\"color: #000000; font-family: Calibri; font-size: medium;\">Temperatur Sensorinput Batterie 1 und Batterie 2<\/span><\/td>\n<td valign=\"top\"><span style=\"color: #000000; font-family: Calibri; font-size: medium;\">Ja<\/span><\/td>\n<\/tr>\n<tr>\n<td valign=\"top\"><span style=\"color: #000000; font-family: Calibri; font-size: medium;\">Lade Timer<\/span><\/td>\n<td valign=\"top\"><span style=\"color: #000000; font-family: Calibri; font-size: medium;\">Ja<\/span><\/td>\n<\/tr>\n<tr>\n<td valign=\"top\"><span style=\"color: #000000; font-family: Calibri; font-size: medium;\">Abmessungen<\/span><\/td>\n<td valign=\"top\"><span style=\"color: #000000; font-family: Calibri; font-size: medium;\">155 x 147 x 40 mm<\/span><\/td>\n<\/tr>\n<tr>\n<td valign=\"top\"><span style=\"color: #000000; font-family: Calibri; font-size: medium;\">Gewicht<\/span><\/td>\n<td valign=\"top\"><span style=\"color: #000000; font-family: Calibri; font-size: medium;\">0,82 kg<\/span><\/td>\n<\/tr>\n<tr>\n<td valign=\"top\"><span style=\"color: #000000; font-family: Calibri; font-size: medium;\">Umgebungsbedingungen, Luftfeuchte<\/span><\/td>\n<td valign=\"top\"><span style=\"color: #000000; font-family: Calibri; font-size: medium;\">max. 95% RH, keine Kondensation<\/span><\/td>\n<\/tr>\n<tr>\n<td valign=\"top\"><span style=\"color: #000000; font-family: Calibri; font-size: medium;\">Erh\u00e4ltliches Zubeh\u00f6r<\/span><\/td>\n<td valign=\"top\"><span style=\"color: #000000; font-family: Calibri; font-size: medium;\">Temperatursensor<\/span><\/p>\n<p><span style=\"color: #000000; font-family: Calibri; font-size: medium;\">LCD-Display<\/span><\/p>\n<p><span style=\"color: #000000; font-family: Calibri; font-size: medium;\">Bluetooth Dongle<\/span><\/p>\n<p><div id=\"attachment_419\" style=\"width: 310px\" class=\"wp-caption alignnone\"><img loading=\"lazy\" decoding=\"async\" aria-describedby=\"caption-attachment-419\" class=\"size-medium wp-image-419\" src=\"https:\/\/kastenwagenzubehoer.de\/wp-content\/uploads\/2021\/08\/image002.jpg-4-300x225.png\" alt=\"Schaltplan MPPT Regler\" width=\"300\" height=\"225\" srcset=\"https:\/\/kastenwagenzubehoer.de\/wp-content\/uploads\/2021\/08\/image002.jpg-4-300x225.png 300w, https:\/\/kastenwagenzubehoer.de\/wp-content\/uploads\/2021\/08\/image002.jpg-4-400x300.png 400w, https:\/\/kastenwagenzubehoer.de\/wp-content\/uploads\/2021\/08\/image002.jpg-4.png 600w\" sizes=\"(max-width: 300px) 100vw, 300px\" \/><p id=\"caption-attachment-419\" class=\"wp-caption-text\">Schaltplan MPPT Regler<\/p><\/div><\/td>\n<\/tr>\n<\/tbody>\n<\/table>\n<p>&nbsp;<\/p>\n<p><strong>Hinweis: Dieser Artikel ist ausschlie\u00dflich f\u00fcr den Caravan \/ Wohnmobilbereich geeignet und daher NICHT Mehrwertsteuerbefreit!<\/strong><\/p>","protected":false},"excerpt":{"rendered":"<p>Der PCS MPPT Solarregler 40A mit dem fortschrittlichsten MPPT-Steuerungsalgorithmus. Der maximale Leistungspunkt der PV-Anlage kann in jeder Umgebung schnell verfolgt werden, so dass die maximale Energie aus dem Solarmodul gewonnen werden kann und die Energienutzung im Solarsystem deutlich verbessert wird. Hochwertige Komponenten wurden verwendet, um die Systemleistung zu verbessern und um den maximalen Umwandlungswirkungsgrad von [&hellip;]<\/p>\n","protected":false},"featured_media":488,"comment_status":"open","ping_status":"closed","template":"","meta":{"_et_pb_use_builder":"","_et_pb_old_content":"","_et_gb_content_width":""},"product_brand":[],"product_cat":[219,93],"product_tag":[],"class_list":{"0":"post-418","1":"product","2":"type-product","3":"status-publish","4":"has-post-thumbnail","6":"product_cat-solarregler","7":"product_cat-energie-solartechnik","8":"product_shipping_class-versandkostenpauschale-ii","10":"first","11":"instock","12":"taxable","13":"shipping-taxable","14":"purchasable","15":"product-type-simple"},"aioseo_notices":[],"_links":{"self":[{"href":"https:\/\/kastenwagenzubehoer.de\/en\/wp-json\/wp\/v2\/product\/418","targetHints":{"allow":["GET"]}}],"collection":[{"href":"https:\/\/kastenwagenzubehoer.de\/en\/wp-json\/wp\/v2\/product"}],"about":[{"href":"https:\/\/kastenwagenzubehoer.de\/en\/wp-json\/wp\/v2\/types\/product"}],"replies":[{"embeddable":true,"href":"https:\/\/kastenwagenzubehoer.de\/en\/wp-json\/wp\/v2\/comments?post=418"}],"wp:featuredmedia":[{"embeddable":true,"href":"https:\/\/kastenwagenzubehoer.de\/en\/wp-json\/wp\/v2\/media\/488"}],"wp:attachment":[{"href":"https:\/\/kastenwagenzubehoer.de\/en\/wp-json\/wp\/v2\/media?parent=418"}],"wp:term":[{"taxonomy":"product_brand","embeddable":true,"href":"https:\/\/kastenwagenzubehoer.de\/en\/wp-json\/wp\/v2\/product_brand?post=418"},{"taxonomy":"product_cat","embeddable":true,"href":"https:\/\/kastenwagenzubehoer.de\/en\/wp-json\/wp\/v2\/product_cat?post=418"},{"taxonomy":"product_tag","embeddable":true,"href":"https:\/\/kastenwagenzubehoer.de\/en\/wp-json\/wp\/v2\/product_tag?post=418"}],"curies":[{"name":"wp","href":"https:\/\/api.w.org\/{rel}","templated":true}]}}