{"id":425,"date":"2021-08-01T16:59:07","date_gmt":"2021-08-01T16:59:07","guid":{"rendered":"https:\/\/kastenwagenzubehoer.de\/?post_type=product&#038;p=425"},"modified":"2026-01-09T14:53:08","modified_gmt":"2026-01-09T14:53:08","slug":"pcs-touch-lampe","status":"publish","type":"product","link":"https:\/\/kastenwagenzubehoer.de\/en\/product\/pcs-touch-lampe\/","title":{"rendered":"PCS Touch-Lampe (Silber)"},"content":{"rendered":"<h2 data-start=\"95\" data-end=\"115\"><span style=\"color: #ffffff;\">Produkthighlights<\/span><\/h2>\n<ul data-start=\"116\" data-end=\"698\">\n<li data-start=\"116\" data-end=\"190\">\n<p data-start=\"118\" data-end=\"190\">Vielseitig einsetzbare <strong data-start=\"141\" data-end=\"158\">Einbauleuchte<\/strong> f\u00fcr Caravan und Innenbereiche<\/p>\n<\/li>\n<li data-start=\"191\" data-end=\"292\">\n<p data-start=\"193\" data-end=\"292\">Geeignet f\u00fcr: Parkett-, Holz-, Laminat- und Fliesenb\u00f6den, Winterg\u00e4rten, W\u00e4nde, Decken und Treppen<\/p>\n<\/li>\n<li data-start=\"293\" data-end=\"391\">\n<p data-start=\"295\" data-end=\"391\"><strong data-start=\"295\" data-end=\"316\">Schutzklasse IP67<\/strong>: staub- und wasserdicht, dadurch nahezu unbegrenzte Einsatzm\u00f6glichkeiten<\/p>\n<\/li>\n<li data-start=\"392\" data-end=\"480\">\n<p data-start=\"394\" data-end=\"480\"><strong data-start=\"394\" data-end=\"412\">Energiesparend<\/strong> mit nur 3 W Leistungsaufnahme und Eingangsspannung von 10\u201324 V DC<\/p>\n<\/li>\n<li data-start=\"481\" data-end=\"542\">\n<p data-start=\"483\" data-end=\"542\">LED-Technologie: kaum W\u00e4rmeentwicklung, lange Lebensdauer<\/p>\n<\/li>\n<li data-start=\"543\" data-end=\"606\">\n<p data-start=\"545\" data-end=\"606\">Warmwei\u00dfe Lichtfarbe (3000 K) f\u00fcr angenehme Atmosph\u00e4re<\/p>\n<\/li>\n<li data-start=\"607\" data-end=\"698\">\n<p data-start=\"609\" data-end=\"698\">Zeitloses, schlichtes Design \u2013 f\u00fcgt sich unauff\u00e4llig und elegant in jedes Interieur ein<\/p>\n<\/li>\n<\/ul>\n<hr data-start=\"700\" data-end=\"703\" \/>\n<h2 data-start=\"705\" data-end=\"727\"><span style=\"color: #ffffff;\">Technische Eckdaten<\/span><\/h2>\n<ul data-start=\"728\" data-end=\"849\">\n<li data-start=\"728\" data-end=\"760\">\n<p data-start=\"730\" data-end=\"760\">Eingangsspannung: 10\u201324 V DC<\/p>\n<\/li>\n<li data-start=\"761\" data-end=\"787\">\n<p data-start=\"763\" data-end=\"787\">Leistungsaufnahme: 3 W<\/p>\n<\/li>\n<li data-start=\"788\" data-end=\"826\">\n<p data-start=\"790\" data-end=\"826\">Lichtfarbe: 3000 K (warmwei\u00df)<\/p>\n<\/li>\n<li data-start=\"827\" data-end=\"849\">\n<p data-start=\"829\" data-end=\"849\">Schutzklasse: IP67<\/p>\n<\/li>\n<li data-start=\"827\" data-end=\"849\">Energieeffizienzklasse: A<\/li>\n<\/ul>","protected":false},"excerpt":{"rendered":"<p>Produkthighlights Vielseitig einsetzbare Einbauleuchte f\u00fcr Caravan und Innenbereiche Geeignet f\u00fcr: Parkett-, Holz-, Laminat- und Fliesenb\u00f6den, Winterg\u00e4rten, W\u00e4nde, Decken und Treppen Schutzklasse IP67: staub- und wasserdicht, dadurch nahezu unbegrenzte Einsatzm\u00f6glichkeiten Energiesparend mit nur 3 W Leistungsaufnahme und Eingangsspannung von 10\u201324 V DC LED-Technologie: kaum W\u00e4rmeentwicklung, lange Lebensdauer Warmwei\u00dfe Lichtfarbe (3000 K) f\u00fcr angenehme Atmosph\u00e4re Zeitloses, schlichtes [&hellip;]<\/p>\n","protected":false},"featured_media":8689,"comment_status":"open","ping_status":"closed","template":"","meta":{"_et_pb_use_builder":"","_et_pb_old_content":"","_et_gb_content_width":""},"product_brand":[],"product_cat":[148],"product_tag":[110],"class_list":{"0":"post-425","1":"product","2":"type-product","3":"status-publish","4":"has-post-thumbnail","6":"product_cat-beleuchtung","7":"product_tag-beleuchtung","8":"product_shipping_class-versandkostenpauschale-ii","10":"first","11":"instock","12":"taxable","13":"shipping-taxable","14":"purchasable","15":"product-type-simple"},"aioseo_notices":[],"_links":{"self":[{"href":"https:\/\/kastenwagenzubehoer.de\/en\/wp-json\/wp\/v2\/product\/425","targetHints":{"allow":["GET"]}}],"collection":[{"href":"https:\/\/kastenwagenzubehoer.de\/en\/wp-json\/wp\/v2\/product"}],"about":[{"href":"https:\/\/kastenwagenzubehoer.de\/en\/wp-json\/wp\/v2\/types\/product"}],"replies":[{"embeddable":true,"href":"https:\/\/kastenwagenzubehoer.de\/en\/wp-json\/wp\/v2\/comments?post=425"}],"wp:featuredmedia":[{"embeddable":true,"href":"https:\/\/kastenwagenzubehoer.de\/en\/wp-json\/wp\/v2\/media\/8689"}],"wp:attachment":[{"href":"https:\/\/kastenwagenzubehoer.de\/en\/wp-json\/wp\/v2\/media?parent=425"}],"wp:term":[{"taxonomy":"product_brand","embeddable":true,"href":"https:\/\/kastenwagenzubehoer.de\/en\/wp-json\/wp\/v2\/product_brand?post=425"},{"taxonomy":"product_cat","embeddable":true,"href":"https:\/\/kastenwagenzubehoer.de\/en\/wp-json\/wp\/v2\/product_cat?post=425"},{"taxonomy":"product_tag","embeddable":true,"href":"https:\/\/kastenwagenzubehoer.de\/en\/wp-json\/wp\/v2\/product_tag?post=425"}],"curies":[{"name":"wp","href":"https:\/\/api.w.org\/{rel}","templated":true}]}}