{"id":431,"date":"2021-08-01T17:15:53","date_gmt":"2021-08-01T17:15:53","guid":{"rendered":"https:\/\/kastenwagenzubehoer.de\/?post_type=product&#038;p=431"},"modified":"2026-02-20T14:36:16","modified_gmt":"2026-02-20T14:36:16","slug":"pcs-solar-charger-mppt-20-a","status":"publish","type":"product","link":"https:\/\/kastenwagenzubehoer.de\/en\/product\/pcs-solar-charger-mppt-20-a\/","title":{"rendered":"PCS MPPT Solarregler 20A"},"content":{"rendered":"<h2 data-start=\"79\" data-end=\"99\"><span style=\"color: #ffffff;\">Produkthighlights<\/span><\/h2>\n<ul data-start=\"100\" data-end=\"984\">\n<li data-start=\"100\" data-end=\"210\">\n<p data-start=\"102\" data-end=\"210\">Fortschrittlicher <strong data-start=\"120\" data-end=\"140\">MPPT-Algorithmus<\/strong> zur schnellen und pr\u00e4zisen Verfolgung des maximalen Leistungspunkts<\/p>\n<\/li>\n<li data-start=\"211\" data-end=\"299\">\n<p data-start=\"213\" data-end=\"299\">Maximale Energieausbeute aus dem Solarmodul, <strong data-start=\"258\" data-end=\"297\">Umwandlungswirkungsgrad bis zu 97 %<\/strong><\/p>\n<\/li>\n<li data-start=\"300\" data-end=\"370\">\n<p data-start=\"302\" data-end=\"370\">Automatische <strong data-start=\"315\" data-end=\"345\">12\/24 V Spannungserkennung<\/strong> f\u00fcr flexible Anwendung<\/p>\n<\/li>\n<li data-start=\"371\" data-end=\"453\">\n<p data-start=\"373\" data-end=\"453\"><strong data-start=\"373\" data-end=\"388\">LCD-Anzeige<\/strong> f\u00fcr dynamische Darstellung von Betriebsdaten und Arbeitsstatus<\/p>\n<\/li>\n<li data-start=\"454\" data-end=\"551\">\n<p data-start=\"456\" data-end=\"551\">Vielf\u00e4ltige Laststeuerungsmodi: allgemeiner Modus, Lichtsteuerung, Dualzeit, reiner Lademodus<\/p>\n<\/li>\n<li data-start=\"552\" data-end=\"645\">\n<p data-start=\"554\" data-end=\"645\">Kompatibel mit verschiedenen Batterietypen: <strong data-start=\"598\" data-end=\"643\">Seal, GEL, Flooded, LiFePo4, Li(NiCoMn)O2<\/strong><\/p>\n<\/li>\n<li data-start=\"646\" data-end=\"719\">\n<p data-start=\"648\" data-end=\"719\">Temperaturkompensation und Leistungsstatistik-Aufzeichnung integriert<\/p>\n<\/li>\n<li data-start=\"720\" data-end=\"845\">\n<p data-start=\"722\" data-end=\"845\">Erweiterbar durch <strong data-start=\"740\" data-end=\"794\">PC-Monitore, externe Displays und Peripherieger\u00e4te<\/strong> zur Echtzeit\u00fcberwachung und Parametereinstellung<\/p>\n<\/li>\n<li data-start=\"846\" data-end=\"984\">\n<p data-start=\"848\" data-end=\"984\">Geeignet f\u00fcr Caravan- und Wohnmobilbereich, au\u00dferdem nutzbar in Solarstra\u00dfenlampen, Hofbeleuchtung, Ampelanlagen und Hausstromsystemen<\/p>\n<\/li>\n<\/ul>\n<hr data-start=\"986\" data-end=\"989\" \/>\n<h2 data-start=\"991\" data-end=\"1010\"><span style=\"color: #ffffff;\">Technische Daten<\/span><\/h2>\n<ul data-start=\"1011\" data-end=\"1272\">\n<li data-start=\"1011\" data-end=\"1035\">\n<p data-start=\"1013\" data-end=\"1035\">Nenn-Ladestrom: 20 A<\/p>\n<\/li>\n<li data-start=\"1036\" data-end=\"1095\">\n<p data-start=\"1038\" data-end=\"1095\">System-Nennspannung: 12 \/ 24 V (automatische Erkennung)<\/p>\n<\/li>\n<li data-start=\"1096\" data-end=\"1137\">\n<p data-start=\"1098\" data-end=\"1137\">Spannungsbereich Batterie: 8 V \u2013 32 V<\/p>\n<\/li>\n<li data-start=\"1138\" data-end=\"1185\">\n<p data-start=\"1140\" data-end=\"1185\">Maximale Eingangsspannung Solarmodul: 100 V \/ 150 V (Optional)<\/p>\n<\/li>\n<li data-start=\"1186\" data-end=\"1213\">\n<p data-start=\"1188\" data-end=\"1213\">Sicherheitsklasse: IP30<\/p>\n<\/li>\n<li data-start=\"1214\" data-end=\"1250\">\n<p data-start=\"1216\" data-end=\"1250\">Abmessungen: 174,5 \u00d7 145 \u00d7 50 mm<\/p>\n<\/li>\n<li data-start=\"1251\" data-end=\"1272\">\n<p data-start=\"1253\" data-end=\"1272\">Gewicht: 0,525 kg<\/p>\n<\/li>\n<\/ul>\n<hr data-start=\"1274\" data-end=\"1277\" \/>\n<h2 data-start=\"1279\" data-end=\"1289\"><span style=\"color: #ffffff;\">Hinweis<\/span><\/h2>\n<p data-start=\"1290\" data-end=\"1422\">Dieser Artikel ist ausschlie\u00dflich f\u00fcr den <strong data-start=\"1332\" data-end=\"1365\">Caravan- und Wohnmobilbereich<\/strong> geeignet und <strong data-start=\"1379\" data-end=\"1419\">nicht von der Mehrwertsteuer befreit<\/strong>.<\/p>","protected":false},"excerpt":{"rendered":"<p>Produkthighlights Fortschrittlicher MPPT-Algorithmus zur schnellen und pr\u00e4zisen Verfolgung des maximalen Leistungspunkts Maximale Energieausbeute aus dem Solarmodul, Umwandlungswirkungsgrad bis zu 97 % Automatische 12\/24 V Spannungserkennung f\u00fcr flexible Anwendung LCD-Anzeige f\u00fcr dynamische Darstellung von Betriebsdaten und Arbeitsstatus Vielf\u00e4ltige Laststeuerungsmodi: allgemeiner Modus, Lichtsteuerung, Dualzeit, reiner Lademodus Kompatibel mit verschiedenen Batterietypen: Seal, GEL, Flooded, LiFePo4, Li(NiCoMn)O2 Temperaturkompensation und [&hellip;]<\/p>\n","protected":false},"featured_media":9790,"comment_status":"open","ping_status":"closed","template":"","meta":{"_et_pb_use_builder":"","_et_pb_old_content":"","_et_gb_content_width":""},"product_brand":[],"product_cat":[118,219,93],"product_tag":[119],"class_list":{"0":"post-431","1":"product","2":"type-product","3":"status-publish","4":"has-post-thumbnail","6":"product_cat-aktionen-sonderposten","7":"product_cat-solarregler","8":"product_cat-energie-solartechnik","9":"product_tag-solar-charger","10":"product_shipping_class-versandkostenpauschale-i","12":"first","13":"instock","14":"sale","15":"taxable","16":"shipping-taxable","17":"purchasable","18":"product-type-simple"},"aioseo_notices":[],"_links":{"self":[{"href":"https:\/\/kastenwagenzubehoer.de\/en\/wp-json\/wp\/v2\/product\/431","targetHints":{"allow":["GET"]}}],"collection":[{"href":"https:\/\/kastenwagenzubehoer.de\/en\/wp-json\/wp\/v2\/product"}],"about":[{"href":"https:\/\/kastenwagenzubehoer.de\/en\/wp-json\/wp\/v2\/types\/product"}],"replies":[{"embeddable":true,"href":"https:\/\/kastenwagenzubehoer.de\/en\/wp-json\/wp\/v2\/comments?post=431"}],"wp:featuredmedia":[{"embeddable":true,"href":"https:\/\/kastenwagenzubehoer.de\/en\/wp-json\/wp\/v2\/media\/9790"}],"wp:attachment":[{"href":"https:\/\/kastenwagenzubehoer.de\/en\/wp-json\/wp\/v2\/media?parent=431"}],"wp:term":[{"taxonomy":"product_brand","embeddable":true,"href":"https:\/\/kastenwagenzubehoer.de\/en\/wp-json\/wp\/v2\/product_brand?post=431"},{"taxonomy":"product_cat","embeddable":true,"href":"https:\/\/kastenwagenzubehoer.de\/en\/wp-json\/wp\/v2\/product_cat?post=431"},{"taxonomy":"product_tag","embeddable":true,"href":"https:\/\/kastenwagenzubehoer.de\/en\/wp-json\/wp\/v2\/product_tag?post=431"}],"curies":[{"name":"wp","href":"https:\/\/api.w.org\/{rel}","templated":true}]}}