{"id":456,"date":"2021-08-09T09:35:33","date_gmt":"2021-08-09T09:35:33","guid":{"rendered":"https:\/\/kastenwagenzubehoer.de\/?post_type=product&#038;p=456"},"modified":"2025-09-30T13:34:15","modified_gmt":"2025-09-30T13:34:15","slug":"ergaenzung-carrier-one-radaufnahme-fuer-lk-118-und-lk-130","status":"publish","type":"product","link":"https:\/\/kastenwagenzubehoer.de\/en\/product\/ergaenzung-carrier-one-radaufnahme-fuer-lk-118-und-lk-130\/","title":{"rendered":"Erg\u00e4nzung Carrier One Radaufnahme f\u00fcr LK 118 und LK 130"},"content":{"rendered":"<p class=\"p1\">Perfekte Erg\u00e4nzung f\u00fcr Ihre Carrier one Reserveradhalterung. Hiermit lassen sich Reserver\u00e4der mit einem Lochkreis von 118 und 130 perfekt befestigen.<span class=\"Apple-converted-space\">\u00a0<\/span><\/p>\n<p><span style=\"color: #ff0000;\"><strong>ACHTUNG!<\/strong><\/span><\/p>\n<p><span style=\"color: #ff0000;\"><strong>Zur Befestigung des Reserverades werden Radschrauben mit einer Gr\u00f6\u00dfe von 16&#215;1,25 ben\u00f6tigt.<\/strong><\/span><\/p>\n<p>&nbsp;<\/p>\n<p class=\"p1\"><b>Technische Daten:<\/b><\/p>\n<table class=\"t1\" cellspacing=\"0\" cellpadding=\"0\">\n<tbody>\n<tr>\n<td class=\"td1\" valign=\"top\">\n<p class=\"p1\">Gewicht Radaufnahme<\/p>\n<\/td>\n<td class=\"td2\" valign=\"top\">\n<p class=\"p3\">3 kg<\/p>\n<\/td>\n<\/tr>\n<\/tbody>\n<\/table>","protected":false},"excerpt":{"rendered":"<p>Perfekte Erg\u00e4nzung f\u00fcr Ihre Carrier one Reserveradhalterung. Hiermit lassen sich Reserver\u00e4der mit einem Lochkreis von 118 und 130 perfekt befestigen.\u00a0 ACHTUNG! Zur Befestigung des Reserverades werden Radschrauben mit einer Gr\u00f6\u00dfe von 16&#215;1,25 ben\u00f6tigt. &nbsp; Technische Daten: Gewicht Radaufnahme 3 kg<\/p>","protected":false},"featured_media":1613,"comment_status":"open","ping_status":"closed","template":"","meta":{"_et_pb_use_builder":"","_et_pb_old_content":"","_et_gb_content_width":""},"product_brand":[],"product_cat":[96,212,267],"product_tag":[],"class_list":{"0":"post-456","1":"product","2":"type-product","3":"status-publish","4":"has-post-thumbnail","6":"product_cat-aufbau","7":"product_cat-elicamp","8":"product_cat-reserveradhalter-und-radaufnahmen","9":"product_shipping_class-versandkostenpauschale-i","11":"first","12":"instock","13":"taxable","14":"shipping-taxable","15":"purchasable","16":"product-type-simple"},"aioseo_notices":[],"_links":{"self":[{"href":"https:\/\/kastenwagenzubehoer.de\/en\/wp-json\/wp\/v2\/product\/456","targetHints":{"allow":["GET"]}}],"collection":[{"href":"https:\/\/kastenwagenzubehoer.de\/en\/wp-json\/wp\/v2\/product"}],"about":[{"href":"https:\/\/kastenwagenzubehoer.de\/en\/wp-json\/wp\/v2\/types\/product"}],"replies":[{"embeddable":true,"href":"https:\/\/kastenwagenzubehoer.de\/en\/wp-json\/wp\/v2\/comments?post=456"}],"wp:featuredmedia":[{"embeddable":true,"href":"https:\/\/kastenwagenzubehoer.de\/en\/wp-json\/wp\/v2\/media\/1613"}],"wp:attachment":[{"href":"https:\/\/kastenwagenzubehoer.de\/en\/wp-json\/wp\/v2\/media?parent=456"}],"wp:term":[{"taxonomy":"product_brand","embeddable":true,"href":"https:\/\/kastenwagenzubehoer.de\/en\/wp-json\/wp\/v2\/product_brand?post=456"},{"taxonomy":"product_cat","embeddable":true,"href":"https:\/\/kastenwagenzubehoer.de\/en\/wp-json\/wp\/v2\/product_cat?post=456"},{"taxonomy":"product_tag","embeddable":true,"href":"https:\/\/kastenwagenzubehoer.de\/en\/wp-json\/wp\/v2\/product_tag?post=456"}],"curies":[{"name":"wp","href":"https:\/\/api.w.org\/{rel}","templated":true}]}}