{"id":4633,"date":"2024-03-25T15:57:22","date_gmt":"2024-03-25T15:57:22","guid":{"rendered":"https:\/\/kastenwagenzubehoer.de\/?post_type=product&#038;p=4633"},"modified":"2025-09-02T08:15:46","modified_gmt":"2025-09-02T08:15:46","slug":"roofstar-4-dachfenster-2","status":"publish","type":"product","link":"https:\/\/kastenwagenzubehoer.de\/en\/product\/roofstar-4-dachfenster-2\/","title":{"rendered":"roofSTAR-4 Dachhaube"},"content":{"rendered":"<h2 data-start=\"195\" data-end=\"253\"><span style=\"color: #ffffff;\">roofSTAR \u2013 innovatives Dachfenster mit flachem Design<\/span><\/h2>\n<p data-start=\"255\" data-end=\"518\">Die <strong data-start=\"259\" data-end=\"271\">roofSTAR<\/strong> kombiniert ein modernes, innovatives Design mit deutlicher Gewichtsersparnis.<br data-start=\"349\" data-end=\"352\" \/>Durch das <strong data-start=\"362\" data-end=\"386\">extrem flache Profil<\/strong> verbessert sich die Aerodynamik erheblich, was zu einer sp\u00fcrbaren <strong data-start=\"453\" data-end=\"509\">Reduktion von Windwiderstand und Ger\u00e4uschentwicklung<\/strong> f\u00fchrt.<\/p>\n<hr data-start=\"520\" data-end=\"523\" \/>\n<h3 data-start=\"525\" data-end=\"547\"><span style=\"color: #ffffff;\">Technische Daten<\/span><\/h3>\n<ul data-start=\"548\" data-end=\"862\">\n<li data-start=\"548\" data-end=\"583\">\n<p data-start=\"550\" data-end=\"583\"><strong data-start=\"550\" data-end=\"568\">Ausschnittma\u00df:<\/strong> 400 \u00d7 400 mm<\/p>\n<\/li>\n<li data-start=\"584\" data-end=\"608\">\n<p data-start=\"586\" data-end=\"608\"><strong data-start=\"586\" data-end=\"600\">Au\u00dfenh\u00f6he:<\/strong> 72 mm<\/p>\n<\/li>\n<li data-start=\"609\" data-end=\"640\">\n<p data-start=\"611\" data-end=\"640\"><strong data-start=\"611\" data-end=\"630\">Aufstellwinkel:<\/strong> bis 60\u00b0<\/p>\n<\/li>\n<li data-start=\"641\" data-end=\"677\">\n<p data-start=\"643\" data-end=\"677\"><strong data-start=\"643\" data-end=\"653\">Farbe:<\/strong> RAL 9003 (Signalwei\u00df)<\/p>\n<\/li>\n<li data-start=\"678\" data-end=\"701\">\n<p data-start=\"680\" data-end=\"701\"><strong data-start=\"680\" data-end=\"692\">Gewicht:<\/strong> 3,7 kg<\/p>\n<\/li>\n<li data-start=\"702\" data-end=\"764\">\n<p data-start=\"704\" data-end=\"764\"><strong data-start=\"704\" data-end=\"719\">Dachst\u00e4rke:<\/strong> 25\u201345 mm (mit optionalem Befestigungs-Kit)<\/p>\n<\/li>\n<li data-start=\"765\" data-end=\"805\">\n<p data-start=\"767\" data-end=\"805\"><strong data-start=\"767\" data-end=\"788\">Zwangsentl\u00fcftung:<\/strong> 0 oder 150 cm\u00b2<\/p>\n<\/li>\n<li data-start=\"806\" data-end=\"862\">\n<p data-start=\"808\" data-end=\"862\"><strong data-start=\"808\" data-end=\"824\">Beleuchtung:<\/strong> Innenbeleuchtung optional verf\u00fcgbar<\/p>\n<\/li>\n<\/ul>\n<hr data-start=\"864\" data-end=\"867\" \/>\n<h2 data-start=\"869\" data-end=\"898\"><span style=\"color: #ffffff;\">Vorteile auf einen Blick<\/span><\/h2>\n<ul data-start=\"899\" data-end=\"1166\">\n<li data-start=\"899\" data-end=\"952\">\n<p data-start=\"901\" data-end=\"952\">Flaches, modernes Design mit innovativer Bauweise<\/p>\n<\/li>\n<li data-start=\"953\" data-end=\"1019\">\n<p data-start=\"955\" data-end=\"1019\">Optimierte Aerodynamik reduziert Windger\u00e4usche und Widerst\u00e4nde<\/p>\n<\/li>\n<li data-start=\"1020\" data-end=\"1073\">\n<p data-start=\"1022\" data-end=\"1073\">Leichtgewicht f\u00fcr einfache Handhabung und Montage<\/p>\n<\/li>\n<li data-start=\"1074\" data-end=\"1110\">\n<p data-start=\"1076\" data-end=\"1110\">Variabler Aufstellwinkel bis 60\u00b0<\/p>\n<\/li>\n<li data-start=\"1111\" data-end=\"1166\">\n<p data-start=\"1113\" data-end=\"1166\">Optionale Innenbeleuchtung f\u00fcr zus\u00e4tzlichen Komfort<\/p>\n<\/li>\n<\/ul>","protected":false},"excerpt":{"rendered":"<p>roofSTAR \u2013 innovatives Dachfenster mit flachem Design Die roofSTAR kombiniert ein modernes, innovatives Design mit deutlicher Gewichtsersparnis.Durch das extrem flache Profil verbessert sich die Aerodynamik erheblich, was zu einer sp\u00fcrbaren Reduktion von Windwiderstand und Ger\u00e4uschentwicklung f\u00fchrt. Technische Daten Ausschnittma\u00df: 400 \u00d7 400 mm Au\u00dfenh\u00f6he: 72 mm Aufstellwinkel: bis 60\u00b0 Farbe: RAL 9003 (Signalwei\u00df) Gewicht: 3,7 [&hellip;]<\/p>\n","protected":false},"featured_media":4709,"comment_status":"open","ping_status":"closed","template":"","meta":{"_et_pb_use_builder":"","_et_pb_old_content":"","_et_gb_content_width":""},"product_brand":[],"product_cat":[96,228],"product_tag":[],"class_list":{"0":"post-4633","1":"product","2":"type-product","3":"status-publish","4":"has-post-thumbnail","6":"product_cat-aufbau","7":"product_cat-dachhauben","8":"product_shipping_class-versandkostenpauschale-ii","10":"first","11":"instock","12":"taxable","13":"shipping-taxable","14":"purchasable","15":"product-type-variable"},"aioseo_notices":[],"_links":{"self":[{"href":"https:\/\/kastenwagenzubehoer.de\/en\/wp-json\/wp\/v2\/product\/4633","targetHints":{"allow":["GET"]}}],"collection":[{"href":"https:\/\/kastenwagenzubehoer.de\/en\/wp-json\/wp\/v2\/product"}],"about":[{"href":"https:\/\/kastenwagenzubehoer.de\/en\/wp-json\/wp\/v2\/types\/product"}],"replies":[{"embeddable":true,"href":"https:\/\/kastenwagenzubehoer.de\/en\/wp-json\/wp\/v2\/comments?post=4633"}],"wp:featuredmedia":[{"embeddable":true,"href":"https:\/\/kastenwagenzubehoer.de\/en\/wp-json\/wp\/v2\/media\/4709"}],"wp:attachment":[{"href":"https:\/\/kastenwagenzubehoer.de\/en\/wp-json\/wp\/v2\/media?parent=4633"}],"wp:term":[{"taxonomy":"product_brand","embeddable":true,"href":"https:\/\/kastenwagenzubehoer.de\/en\/wp-json\/wp\/v2\/product_brand?post=4633"},{"taxonomy":"product_cat","embeddable":true,"href":"https:\/\/kastenwagenzubehoer.de\/en\/wp-json\/wp\/v2\/product_cat?post=4633"},{"taxonomy":"product_tag","embeddable":true,"href":"https:\/\/kastenwagenzubehoer.de\/en\/wp-json\/wp\/v2\/product_tag?post=4633"}],"curies":[{"name":"wp","href":"https:\/\/api.w.org\/{rel}","templated":true}]}}