{"id":4762,"date":"2024-06-04T08:40:17","date_gmt":"2024-06-04T08:40:17","guid":{"rendered":"https:\/\/kastenwagenzubehoer.de\/?post_type=product&#038;p=4762"},"modified":"2025-09-02T08:06:01","modified_gmt":"2025-09-02T08:06:01","slug":"cob-led-streifen","status":"publish","type":"product","link":"https:\/\/kastenwagenzubehoer.de\/en\/product\/cob-led-streifen\/","title":{"rendered":"COB LED-Streifen"},"content":{"rendered":"<h2 data-start=\"127\" data-end=\"200\"><span style=\"color: #ffffff;\">COB LED-Streifen \u2013 flexibel, leistungsstark und einfach zu montieren<\/span><\/h2>\n<p data-start=\"202\" data-end=\"445\">Der <strong data-start=\"206\" data-end=\"226\">COB LED-Streifen<\/strong> \u00fcberzeugt durch seine homogene Lichtabgabe und die einfache Montage dank selbstklebendem <strong data-start=\"316\" data-end=\"327\">3M-Band<\/strong>.<br data-start=\"328\" data-end=\"331\" \/>Er eignet sich ideal f\u00fcr den Einsatz in Wohnmobilen, Booten, im Haushalt oder f\u00fcr dekorative Beleuchtungszwecke.<\/p>\n<hr data-start=\"447\" data-end=\"450\" \/>\n<h3 data-start=\"452\" data-end=\"474\"><span style=\"color: #ffffff;\">Technische Daten<\/span><\/h3>\n<ul data-start=\"475\" data-end=\"662\">\n<li data-start=\"475\" data-end=\"493\">\n<p data-start=\"477\" data-end=\"493\"><strong data-start=\"477\" data-end=\"487\">L\u00e4nge:<\/strong> 5 m<\/p>\n<\/li>\n<li data-start=\"494\" data-end=\"524\">\n<p data-start=\"496\" data-end=\"524\"><strong data-start=\"496\" data-end=\"511\">LED-Dichte:<\/strong> 480 LEDs\/m<\/p>\n<\/li>\n<li data-start=\"525\" data-end=\"550\">\n<p data-start=\"527\" data-end=\"550\"><strong data-start=\"527\" data-end=\"540\">Spannung:<\/strong> DC 12 V<\/p>\n<\/li>\n<li data-start=\"551\" data-end=\"592\">\n<p data-start=\"553\" data-end=\"592\"><strong data-start=\"553\" data-end=\"572\">Farbtemperatur:<\/strong> Warmwei\u00df (3000 K)<\/p>\n<\/li>\n<li data-start=\"593\" data-end=\"632\">\n<p data-start=\"595\" data-end=\"632\"><strong data-start=\"595\" data-end=\"625\">Farbwiedergabeindex (CRI):<\/strong> &gt; 80<\/p>\n<\/li>\n<li data-start=\"633\" data-end=\"662\">\n<p data-start=\"635\" data-end=\"662\"><strong data-start=\"635\" data-end=\"652\">Lieferumfang:<\/strong> 1 Rolle<\/p>\n<\/li>\n<\/ul>\n<hr data-start=\"664\" data-end=\"667\" \/>\n<h2 data-start=\"669\" data-end=\"698\"><span style=\"color: #ffffff;\">Vorteile auf einen Blick<\/span><\/h2>\n<ul data-start=\"699\" data-end=\"920\">\n<li data-start=\"699\" data-end=\"746\">\n<p data-start=\"701\" data-end=\"746\">Homogene Lichtausgabe durch COB-Technologie<\/p>\n<\/li>\n<li data-start=\"747\" data-end=\"783\">\n<p data-start=\"749\" data-end=\"783\">Flexible Anwendungsm\u00f6glichkeiten<\/p>\n<\/li>\n<li data-start=\"784\" data-end=\"833\">\n<p data-start=\"786\" data-end=\"833\">Einfache Montage dank selbstklebendem 3M-Band<\/p>\n<\/li>\n<li data-start=\"834\" data-end=\"879\">\n<p data-start=\"836\" data-end=\"879\">Warmwei\u00dfes Licht f\u00fcr angenehme Atmosph\u00e4re<\/p>\n<\/li>\n<li data-start=\"880\" data-end=\"920\">\n<p data-start=\"882\" data-end=\"920\">Hoher Farbwiedergabeindex (CRI &gt; 80)<\/p>\n<\/li>\n<\/ul>\n<p>&nbsp;<\/p>","protected":false},"excerpt":{"rendered":"<p>COB LED-Streifen \u2013 flexibel, leistungsstark und einfach zu montieren Der COB LED-Streifen \u00fcberzeugt durch seine homogene Lichtabgabe und die einfache Montage dank selbstklebendem 3M-Band.Er eignet sich ideal f\u00fcr den Einsatz in Wohnmobilen, Booten, im Haushalt oder f\u00fcr dekorative Beleuchtungszwecke. Technische Daten L\u00e4nge: 5 m LED-Dichte: 480 LEDs\/m Spannung: DC 12 V Farbtemperatur: Warmwei\u00df (3000 K) [&hellip;]<\/p>\n","protected":false},"featured_media":4763,"comment_status":"open","ping_status":"closed","template":"","meta":{"_et_pb_use_builder":"","_et_pb_old_content":"","_et_gb_content_width":""},"product_brand":[],"product_cat":[148],"product_tag":[],"class_list":{"0":"post-4762","1":"product","2":"type-product","3":"status-publish","4":"has-post-thumbnail","6":"product_cat-beleuchtung","7":"product_shipping_class-versandkostenpauschale-i","9":"first","10":"instock","11":"taxable","12":"shipping-taxable","13":"purchasable","14":"product-type-simple"},"aioseo_notices":[],"_links":{"self":[{"href":"https:\/\/kastenwagenzubehoer.de\/en\/wp-json\/wp\/v2\/product\/4762","targetHints":{"allow":["GET"]}}],"collection":[{"href":"https:\/\/kastenwagenzubehoer.de\/en\/wp-json\/wp\/v2\/product"}],"about":[{"href":"https:\/\/kastenwagenzubehoer.de\/en\/wp-json\/wp\/v2\/types\/product"}],"replies":[{"embeddable":true,"href":"https:\/\/kastenwagenzubehoer.de\/en\/wp-json\/wp\/v2\/comments?post=4762"}],"wp:featuredmedia":[{"embeddable":true,"href":"https:\/\/kastenwagenzubehoer.de\/en\/wp-json\/wp\/v2\/media\/4763"}],"wp:attachment":[{"href":"https:\/\/kastenwagenzubehoer.de\/en\/wp-json\/wp\/v2\/media?parent=4762"}],"wp:term":[{"taxonomy":"product_brand","embeddable":true,"href":"https:\/\/kastenwagenzubehoer.de\/en\/wp-json\/wp\/v2\/product_brand?post=4762"},{"taxonomy":"product_cat","embeddable":true,"href":"https:\/\/kastenwagenzubehoer.de\/en\/wp-json\/wp\/v2\/product_cat?post=4762"},{"taxonomy":"product_tag","embeddable":true,"href":"https:\/\/kastenwagenzubehoer.de\/en\/wp-json\/wp\/v2\/product_tag?post=4762"}],"curies":[{"name":"wp","href":"https:\/\/api.w.org\/{rel}","templated":true}]}}