{"id":4767,"date":"2024-06-04T11:36:42","date_gmt":"2024-06-04T11:36:42","guid":{"rendered":"https:\/\/kastenwagenzubehoer.de\/?post_type=product&#038;p=4767"},"modified":"2026-02-24T07:31:14","modified_gmt":"2026-02-24T07:31:14","slug":"pcs-fahrerhausbeleuchtung-lite-silber","status":"publish","type":"product","link":"https:\/\/kastenwagenzubehoer.de\/en\/product\/pcs-fahrerhausbeleuchtung-lite-silber\/","title":{"rendered":"PCS Fahrerhausbeleuchtung Lite (LED) (Silber)"},"content":{"rendered":"<h2 data-start=\"130\" data-end=\"210\"><span style=\"color: #ffffff;\">PCS Fahrerhausbeleuchtung Lite \u2013 stilvoll, effizient und fahrzeugspezifisch<\/span><\/h2>\n<p data-start=\"212\" data-end=\"505\">Die <strong data-start=\"216\" data-end=\"250\">PCS Fahrerhausbeleuchtung Lite<\/strong> wurde speziell f\u00fcr den <strong data-start=\"274\" data-end=\"323\">Fiat Ducato, Peugeot Boxer und Citro\u00ebn Jumper<\/strong> entwickelt.<br data-start=\"335\" data-end=\"338\" \/>Dezent in die B-S\u00e4ulenverkleidung integriert, f\u00fcgt sie sich harmonisch in das Interieur ein und sorgt f\u00fcr eine gleichm\u00e4\u00dfige, angenehme Ausleuchtung des Fahrerhauses.<\/p>\n<p data-start=\"507\" data-end=\"671\">Das warmwei\u00dfe LED-Licht schafft eine wohnliche Atmosph\u00e4re und l\u00e4sst sich \u00fcber einen praktischen Sensorschalter individuell f\u00fcr Fahrer- und Beifahrerseite steuern.<\/p>\n<hr data-start=\"673\" data-end=\"676\" \/>\n<h3 data-start=\"678\" data-end=\"700\"><span style=\"color: #ffffff;\">Technische Daten<\/span><\/h3>\n<ul data-start=\"701\" data-end=\"974\">\n<li data-start=\"701\" data-end=\"726\">\n<p data-start=\"703\" data-end=\"726\"><strong data-start=\"703\" data-end=\"720\">Leuchtmittel:<\/strong> LED<\/p>\n<\/li>\n<li data-start=\"727\" data-end=\"760\">\n<p data-start=\"729\" data-end=\"760\"><strong data-start=\"729\" data-end=\"750\">Spannungseingang:<\/strong> 12 V DC<\/p>\n<\/li>\n<li data-start=\"761\" data-end=\"792\">\n<p data-start=\"763\" data-end=\"792\"><strong data-start=\"763\" data-end=\"785\">Leistungsaufnahme:<\/strong> 12 W<\/p>\n<\/li>\n<li data-start=\"793\" data-end=\"821\">\n<p data-start=\"795\" data-end=\"821\"><strong data-start=\"795\" data-end=\"810\">Lichtfarbe:<\/strong> Warmwei\u00df<\/p>\n<\/li>\n<li data-start=\"822\" data-end=\"853\">\n<p data-start=\"824\" data-end=\"853\"><strong data-start=\"824\" data-end=\"844\">Lichttemperatur:<\/strong> 3000 K<\/p>\n<\/li>\n<li data-start=\"854\" data-end=\"881\">\n<p data-start=\"856\" data-end=\"881\"><strong data-start=\"856\" data-end=\"869\">Material:<\/strong> Aluminium<\/p>\n<\/li>\n<li data-start=\"882\" data-end=\"924\">\n<p data-start=\"884\" data-end=\"924\"><strong data-start=\"884\" data-end=\"901\">Art der Verarbeitung:<\/strong> <span style=\"color: #ff0000;\">Aluminium-Hohlprofil<\/span><\/p>\n<\/li>\n<li data-start=\"882\" data-end=\"924\"><strong>Gewicht: 0,8 kg<\/strong><\/li>\n<li data-start=\"925\" data-end=\"974\">\n<p data-start=\"927\" data-end=\"974\"><strong data-start=\"927\" data-end=\"955\">Abmessungen (L \u00d7 B \u00d7 H):<\/strong> 1195 \u00d7 50 \u00d7 4 mm<\/p>\n<\/li>\n<\/ul>\n<hr data-start=\"976\" data-end=\"979\" \/>\n<h2 data-start=\"981\" data-end=\"1010\"><span style=\"color: #ffffff;\">Vorteile auf einen Blick<\/span><\/h2>\n<ul data-start=\"1011\" data-end=\"1266\">\n<li data-start=\"1011\" data-end=\"1074\">\n<p data-start=\"1013\" data-end=\"1074\">Passgenau f\u00fcr Fiat Ducato, Peugeot Boxer und Citro\u00ebn Jumper<\/p>\n<\/li>\n<li data-start=\"1075\" data-end=\"1125\">\n<p data-start=\"1077\" data-end=\"1125\">Dezente Integration in die B-S\u00e4ulenverkleidung<\/p>\n<\/li>\n<li data-start=\"1126\" data-end=\"1171\">\n<p data-start=\"1128\" data-end=\"1171\">Warmwei\u00dfes Licht f\u00fcr angenehme Atmosph\u00e4re<\/p>\n<\/li>\n<li data-start=\"1172\" data-end=\"1225\">\n<p data-start=\"1174\" data-end=\"1225\">Separate Steuerung f\u00fcr Fahrer- und Beifahrerseite<\/p>\n<\/li>\n<li data-start=\"1226\" data-end=\"1266\">\n<p data-start=\"1228\" data-end=\"1266\">Hochwertige Ausf\u00fchrung aus Aluminium<\/p>\n<\/li>\n<\/ul>\n<p>&nbsp;<\/p>\n<p><a href=\"https:\/\/kastenwagenzubehoer.de\/wp-content\/uploads\/2023\/06\/Anleitung-Fahrerhausbeleuchtung.pdf\" target=\"_blank\" rel=\"noopener\">Anleitung &#8211; Fahrerhausbeleuchtung (Deutsch)<\/a><\/p>\n<p>&nbsp;<\/p>\n<p><strong>Video zum Einbau der PCS Fahrerhausbeleuchtung:<\/strong><\/p>\n<div style=\"width: 1080px;\" class=\"wp-video\"><video class=\"wp-video-shortcode\" id=\"video-4767-1\" width=\"1080\" height=\"608\" poster=\"https:\/\/kastenwagenzubehoer.de\/wp-content\/uploads\/2024\/06\/Einbau-der-PCS-Fahrerhausbeleuchtung-scaled.jpg\" preload=\"metadata\" controls=\"controls\"><source type=\"video\/mp4\" src=\"https:\/\/kastenwagenzubehoer.de\/wp-content\/uploads\/2024\/09\/Einbau-der-PCS-Fahrerhausbeleuchtung-Variante-2.mp4?_=1\" \/><a href=\"https:\/\/kastenwagenzubehoer.de\/wp-content\/uploads\/2024\/09\/Einbau-der-PCS-Fahrerhausbeleuchtung-Variante-2.mp4\">https:\/\/kastenwagenzubehoer.de\/wp-content\/uploads\/2024\/09\/Einbau-der-PCS-Fahrerhausbeleuchtung-Variante-2.mp4<\/a><\/video><\/div>","protected":false},"excerpt":{"rendered":"<p>PCS Fahrerhausbeleuchtung Lite \u2013 stilvoll, effizient und fahrzeugspezifisch Die PCS Fahrerhausbeleuchtung Lite wurde speziell f\u00fcr den Fiat Ducato, Peugeot Boxer und Citro\u00ebn Jumper entwickelt.Dezent in die B-S\u00e4ulenverkleidung integriert, f\u00fcgt sie sich harmonisch in das Interieur ein und sorgt f\u00fcr eine gleichm\u00e4\u00dfige, angenehme Ausleuchtung des Fahrerhauses. Das warmwei\u00dfe LED-Licht schafft eine wohnliche Atmosph\u00e4re und l\u00e4sst sich [&hellip;]<\/p>\n","protected":false},"featured_media":5822,"comment_status":"open","ping_status":"closed","template":"","meta":{"_et_pb_use_builder":"","_et_pb_old_content":"","_et_gb_content_width":""},"product_brand":[],"product_cat":[148],"product_tag":[],"class_list":{"0":"post-4767","1":"product","2":"type-product","3":"status-publish","4":"has-post-thumbnail","6":"product_cat-beleuchtung","7":"product_shipping_class-versandkostenpauschale-iii","9":"first","10":"instock","11":"taxable","12":"shipping-taxable","13":"purchasable","14":"product-type-simple"},"aioseo_notices":[],"_links":{"self":[{"href":"https:\/\/kastenwagenzubehoer.de\/en\/wp-json\/wp\/v2\/product\/4767","targetHints":{"allow":["GET"]}}],"collection":[{"href":"https:\/\/kastenwagenzubehoer.de\/en\/wp-json\/wp\/v2\/product"}],"about":[{"href":"https:\/\/kastenwagenzubehoer.de\/en\/wp-json\/wp\/v2\/types\/product"}],"replies":[{"embeddable":true,"href":"https:\/\/kastenwagenzubehoer.de\/en\/wp-json\/wp\/v2\/comments?post=4767"}],"wp:featuredmedia":[{"embeddable":true,"href":"https:\/\/kastenwagenzubehoer.de\/en\/wp-json\/wp\/v2\/media\/5822"}],"wp:attachment":[{"href":"https:\/\/kastenwagenzubehoer.de\/en\/wp-json\/wp\/v2\/media?parent=4767"}],"wp:term":[{"taxonomy":"product_brand","embeddable":true,"href":"https:\/\/kastenwagenzubehoer.de\/en\/wp-json\/wp\/v2\/product_brand?post=4767"},{"taxonomy":"product_cat","embeddable":true,"href":"https:\/\/kastenwagenzubehoer.de\/en\/wp-json\/wp\/v2\/product_cat?post=4767"},{"taxonomy":"product_tag","embeddable":true,"href":"https:\/\/kastenwagenzubehoer.de\/en\/wp-json\/wp\/v2\/product_tag?post=4767"}],"curies":[{"name":"wp","href":"https:\/\/api.w.org\/{rel}","templated":true}]}}