{"id":4786,"date":"2024-06-18T09:27:21","date_gmt":"2024-06-18T09:27:21","guid":{"rendered":"https:\/\/kastenwagenzubehoer.de\/?post_type=product&#038;p=4786"},"modified":"2026-04-11T06:46:46","modified_gmt":"2026-04-11T06:46:46","slug":"pcs-ausstellfenster-in-schwarz","status":"publish","type":"product","link":"https:\/\/kastenwagenzubehoer.de\/en\/product\/pcs-ausstellfenster-in-schwarz\/","title":{"rendered":"PCS Ausstellfenster (Schwarz)"},"content":{"rendered":"<h2 data-start=\"145\" data-end=\"221\"><span style=\"color: #ffffff;\">Acrylglas-Fenster mit Aluminiumrahmen \u2013 stabil, funktional und flexibel<\/span><\/h2>\n<p data-start=\"223\" data-end=\"467\">Dieses hochwertige Acrylglas-Fenster mit schwarzem Rahmen \u00fcberzeugt durch eine klare Linienf\u00fchrung, robuste Materialien und durchdachte Funktionen. Es eignet sich ideal f\u00fcr den Einsatz in Freizeitfahrzeugen, Booten oder im h\u00e4uslichen Bereich.<\/p>\n<h3 data-start=\"469\" data-end=\"493\"><span style=\"color: #ffffff;\">Erh\u00e4ltliche Gr\u00f6\u00dfen<\/span><\/h3>\n<p data-start=\"494\" data-end=\"567\">Das Fenster ist in mehreren Ausschnittgr\u00f6\u00dfen (Breite \u00d7 H\u00f6he) verf\u00fcgbar:<\/p>\n<ul data-start=\"568\" data-end=\"635\">\n<li data-start=\"568\" data-end=\"584\">\n<p data-start=\"570\" data-end=\"584\">350 \u00d7 500 mm<\/p>\n<\/li>\n<li data-start=\"585\" data-end=\"601\">\n<p data-start=\"587\" data-end=\"601\">450 \u00d7 500 mm<\/p>\n<\/li>\n<li data-start=\"602\" data-end=\"618\">\n<p data-start=\"604\" data-end=\"618\">800 \u00d7 500 mm<\/p>\n<\/li>\n<li data-start=\"619\" data-end=\"635\">\n<p data-start=\"621\" data-end=\"635\">900 \u00d7 500 mm<\/p>\n<\/li>\n<\/ul>\n<h3 data-start=\"637\" data-end=\"662\"><span style=\"color: #ffffff;\">Technische Merkmale<\/span><\/h3>\n<ul data-start=\"663\" data-end=\"938\">\n<li data-start=\"663\" data-end=\"711\">\n<p data-start=\"665\" data-end=\"711\">Rahmen und Acrylglas in schwarzer Ausf\u00fchrung<\/p>\n<\/li>\n<li data-start=\"712\" data-end=\"731\">\n<p data-start=\"714\" data-end=\"731\">Dicke: 25\u201335 mm<\/p>\n<\/li>\n<li data-start=\"732\" data-end=\"763\">\n<p data-start=\"734\" data-end=\"763\">Gebogener Radius: R 5000 mm<\/p>\n<\/li>\n<li data-start=\"764\" data-end=\"835\">\n<p data-start=\"766\" data-end=\"835\">Stufenlos verstellbare Fensterheber f\u00fcr individuelle \u00d6ffnungswinkel<\/p>\n<\/li>\n<li data-start=\"836\" data-end=\"876\">\n<p data-start=\"838\" data-end=\"876\">Plissee mit stabilem Aluminiumrahmen<\/p>\n<\/li>\n<li data-start=\"877\" data-end=\"938\">\n<p data-start=\"879\" data-end=\"938\">Integriertes Moskitonetz f\u00fcr zuverl\u00e4ssigen Insektenschutz<\/p>\n<\/li>\n<\/ul>\n<hr data-start=\"940\" data-end=\"943\" \/>\n<h2 data-start=\"945\" data-end=\"974\"><span style=\"color: #ffffff;\">Vorteile auf einen Blick<\/span><\/h2>\n<ul data-start=\"975\" data-end=\"1222\">\n<li data-start=\"975\" data-end=\"1032\">\n<p data-start=\"977\" data-end=\"1032\">Verschiedene Gr\u00f6\u00dfen f\u00fcr flexible Einsatzm\u00f6glichkeiten<\/p>\n<\/li>\n<li data-start=\"1033\" data-end=\"1072\">\n<p data-start=\"1035\" data-end=\"1072\">Hochwertige, langlebige Materialien<\/p>\n<\/li>\n<li data-start=\"1073\" data-end=\"1122\">\n<p data-start=\"1075\" data-end=\"1122\">Stufenlose Verstellung f\u00fcr optimale Bel\u00fcftung<\/p>\n<\/li>\n<li data-start=\"1123\" data-end=\"1177\">\n<p data-start=\"1125\" data-end=\"1177\">Schutz vor Insekten durch integriertes Moskitonetz<\/p>\n<\/li>\n<li data-start=\"1178\" data-end=\"1222\">\n<p data-start=\"1180\" data-end=\"1222\">Elegante Optik durch schwarze Ausf\u00fchrung<\/p>\n<\/li>\n<\/ul>","protected":false},"excerpt":{"rendered":"<p>Acrylglas-Fenster mit Aluminiumrahmen \u2013 stabil, funktional und flexibel Dieses hochwertige Acrylglas-Fenster mit schwarzem Rahmen \u00fcberzeugt durch eine klare Linienf\u00fchrung, robuste Materialien und durchdachte Funktionen. Es eignet sich ideal f\u00fcr den Einsatz in Freizeitfahrzeugen, Booten oder im h\u00e4uslichen Bereich. Erh\u00e4ltliche Gr\u00f6\u00dfen Das Fenster ist in mehreren Ausschnittgr\u00f6\u00dfen (Breite \u00d7 H\u00f6he) verf\u00fcgbar: 350 \u00d7 500 mm 450 [&hellip;]<\/p>\n","protected":false},"featured_media":8336,"comment_status":"open","ping_status":"closed","template":"","meta":{"_et_pb_use_builder":"","_et_pb_old_content":"","_et_gb_content_width":""},"product_brand":[],"product_cat":[96,231],"product_tag":[],"class_list":{"0":"post-4786","1":"product","2":"type-product","3":"status-publish","4":"has-post-thumbnail","6":"product_cat-aufbau","7":"product_cat-ausstellfenster","8":"product_shipping_class-versandkostenpauschale-ii","10":"first","11":"instock","12":"taxable","13":"shipping-taxable","14":"purchasable","15":"product-type-variable"},"aioseo_notices":[],"_links":{"self":[{"href":"https:\/\/kastenwagenzubehoer.de\/en\/wp-json\/wp\/v2\/product\/4786","targetHints":{"allow":["GET"]}}],"collection":[{"href":"https:\/\/kastenwagenzubehoer.de\/en\/wp-json\/wp\/v2\/product"}],"about":[{"href":"https:\/\/kastenwagenzubehoer.de\/en\/wp-json\/wp\/v2\/types\/product"}],"replies":[{"embeddable":true,"href":"https:\/\/kastenwagenzubehoer.de\/en\/wp-json\/wp\/v2\/comments?post=4786"}],"wp:featuredmedia":[{"embeddable":true,"href":"https:\/\/kastenwagenzubehoer.de\/en\/wp-json\/wp\/v2\/media\/8336"}],"wp:attachment":[{"href":"https:\/\/kastenwagenzubehoer.de\/en\/wp-json\/wp\/v2\/media?parent=4786"}],"wp:term":[{"taxonomy":"product_brand","embeddable":true,"href":"https:\/\/kastenwagenzubehoer.de\/en\/wp-json\/wp\/v2\/product_brand?post=4786"},{"taxonomy":"product_cat","embeddable":true,"href":"https:\/\/kastenwagenzubehoer.de\/en\/wp-json\/wp\/v2\/product_cat?post=4786"},{"taxonomy":"product_tag","embeddable":true,"href":"https:\/\/kastenwagenzubehoer.de\/en\/wp-json\/wp\/v2\/product_tag?post=4786"}],"curies":[{"name":"wp","href":"https:\/\/api.w.org\/{rel}","templated":true}]}}