{"id":5141,"date":"2024-06-26T10:12:43","date_gmt":"2024-06-26T10:12:43","guid":{"rendered":"https:\/\/kastenwagenzubehoer.de\/?post_type=product&#038;p=5141"},"modified":"2025-09-02T07:57:02","modified_gmt":"2025-09-02T07:57:02","slug":"pcs-tischbein-mit-drehkopf-schwarz","status":"publish","type":"product","link":"https:\/\/kastenwagenzubehoer.de\/en\/product\/pcs-tischbein-mit-drehkopf-schwarz\/","title":{"rendered":"PCS Tischbein mit Drehkopf (Schwarz)"},"content":{"rendered":"<h2 data-start=\"297\" data-end=\"374\"><span style=\"color: #ffffff;\">PCS Tischbein mit Drehkopf \u2013 funktional, kompakt und korrosionsbest\u00e4ndig<\/span><\/h2>\n<p data-start=\"376\" data-end=\"625\">Das <strong data-start=\"380\" data-end=\"410\">PCS Tischbein mit Drehkopf<\/strong> kombiniert hohe Funktionalit\u00e4t mit erstklassiger Verarbeitung.<br data-start=\"473\" data-end=\"476\" \/>Es eignet sich ideal f\u00fcr den Einsatz auf Booten, in Wohnmobilen oder im Wohnbereich und \u00fcberzeugt durch Flexibilit\u00e4t, Stabilit\u00e4t und Langlebigkeit.<\/p>\n<h3 data-start=\"627\" data-end=\"651\"><span style=\"color: #ffffff;\">Schnelle Demontage<\/span><\/h3>\n<p data-start=\"652\" data-end=\"802\">Das Tischbein kann ohne Werkzeug z\u00fcgig abgebaut und wieder montiert werden.<br data-start=\"727\" data-end=\"730\" \/>Dies erm\u00f6glicht eine flexible Nutzung und erleichtert Standortwechsel.<\/p>\n<h3 data-start=\"804\" data-end=\"827\"><span style=\"color: #ffffff;\">Kompaktes Packma\u00df<\/span><\/h3>\n<p data-start=\"828\" data-end=\"1006\">Das durchdachte Design erfordert nur minimalen Stauraum und erleichtert den Transport.<br data-start=\"914\" data-end=\"917\" \/>Eine optimale L\u00f6sung f\u00fcr mobile Anwendungen und Umgebungen mit begrenztem Platzangebot.<\/p>\n<h3 data-start=\"1008\" data-end=\"1036\"><span style=\"color: #ffffff;\">Ergonomische PP-Griffe<\/span><\/h3>\n<p data-start=\"1037\" data-end=\"1190\">Die Griffe aus Polypropylen erm\u00f6glichen eine einfache, werkzeugfreie Fixierung.<br data-start=\"1116\" data-end=\"1119\" \/>So l\u00e4sst sich der Tisch jederzeit sicher und bedarfsgerecht anpassen.<\/p>\n<h3 data-start=\"1192\" data-end=\"1216\"><span style=\"color: #ffffff;\">Seewasserresistenz<\/span><\/h3>\n<p data-start=\"1217\" data-end=\"1418\">Durch die Fertigung aus eloxiertem Aluminium ist das Tischbein besonders widerstandsf\u00e4hig gegen\u00fcber seewasserbedingter Korrosion.<br data-start=\"1346\" data-end=\"1349\" \/>Damit eignet es sich auch f\u00fcr maritime und feuchte Einsatzbereiche.<\/p>\n<h3 data-start=\"1420\" data-end=\"1460\"><span style=\"color: #ffffff;\">Befestigungsplatte im Lieferumfang<\/span><\/h3>\n<p data-start=\"1461\" data-end=\"1611\">Zur sicheren Montage geh\u00f6rt eine robuste Befestigungsplatte.<br data-start=\"1521\" data-end=\"1524\" \/>Sie sorgt f\u00fcr zus\u00e4tzliche Stabilit\u00e4t und er\u00f6ffnet flexible Befestigungsm\u00f6glichkeiten.<\/p>\n<hr data-start=\"1613\" data-end=\"1616\" \/>\n<h2 data-start=\"1618\" data-end=\"1647\"><span style=\"color: #ffffff;\">Vorteile auf einen Blick<\/span><\/h2>\n<ul data-start=\"1648\" data-end=\"1923\">\n<li data-start=\"1648\" data-end=\"1681\">\n<p data-start=\"1650\" data-end=\"1681\">Drehkopf f\u00fcr flexible Nutzung<\/p>\n<\/li>\n<li data-start=\"1682\" data-end=\"1724\">\n<p data-start=\"1684\" data-end=\"1724\">Schneller Auf- und Abbau ohne Werkzeug<\/p>\n<\/li>\n<li data-start=\"1725\" data-end=\"1768\">\n<p data-start=\"1727\" data-end=\"1768\">Kompaktes, transportfreundliches Design<\/p>\n<\/li>\n<li data-start=\"1769\" data-end=\"1821\">\n<p data-start=\"1771\" data-end=\"1821\">Hochwertige Materialien, langlebige Konstruktion<\/p>\n<\/li>\n<li data-start=\"1822\" data-end=\"1870\">\n<p data-start=\"1824\" data-end=\"1870\">Seewasserresistent dank eloxiertem Aluminium<\/p>\n<\/li>\n<li data-start=\"1871\" data-end=\"1923\">\n<p data-start=\"1873\" data-end=\"1923\">Sichere Montage durch stabile Befestigungsplatte<\/p>\n<\/li>\n<\/ul>","protected":false},"excerpt":{"rendered":"<p>PCS Tischbein mit Drehkopf \u2013 funktional, kompakt und korrosionsbest\u00e4ndig Das PCS Tischbein mit Drehkopf kombiniert hohe Funktionalit\u00e4t mit erstklassiger Verarbeitung.Es eignet sich ideal f\u00fcr den Einsatz auf Booten, in Wohnmobilen oder im Wohnbereich und \u00fcberzeugt durch Flexibilit\u00e4t, Stabilit\u00e4t und Langlebigkeit. Schnelle Demontage Das Tischbein kann ohne Werkzeug z\u00fcgig abgebaut und wieder montiert werden.Dies erm\u00f6glicht eine [&hellip;]<\/p>\n","protected":false},"featured_media":5143,"comment_status":"open","ping_status":"closed","template":"","meta":{"_et_pb_use_builder":"","_et_pb_old_content":"","_et_gb_content_width":""},"product_brand":[],"product_cat":[96,230],"product_tag":[],"class_list":{"0":"post-5141","1":"product","2":"type-product","3":"status-publish","4":"has-post-thumbnail","6":"product_cat-aufbau","7":"product_cat-tischbeine","8":"product_shipping_class-versandkostenpauschale-i","10":"first","11":"instock","12":"taxable","13":"shipping-taxable","14":"purchasable","15":"product-type-simple"},"aioseo_notices":[],"_links":{"self":[{"href":"https:\/\/kastenwagenzubehoer.de\/en\/wp-json\/wp\/v2\/product\/5141","targetHints":{"allow":["GET"]}}],"collection":[{"href":"https:\/\/kastenwagenzubehoer.de\/en\/wp-json\/wp\/v2\/product"}],"about":[{"href":"https:\/\/kastenwagenzubehoer.de\/en\/wp-json\/wp\/v2\/types\/product"}],"replies":[{"embeddable":true,"href":"https:\/\/kastenwagenzubehoer.de\/en\/wp-json\/wp\/v2\/comments?post=5141"}],"wp:featuredmedia":[{"embeddable":true,"href":"https:\/\/kastenwagenzubehoer.de\/en\/wp-json\/wp\/v2\/media\/5143"}],"wp:attachment":[{"href":"https:\/\/kastenwagenzubehoer.de\/en\/wp-json\/wp\/v2\/media?parent=5141"}],"wp:term":[{"taxonomy":"product_brand","embeddable":true,"href":"https:\/\/kastenwagenzubehoer.de\/en\/wp-json\/wp\/v2\/product_brand?post=5141"},{"taxonomy":"product_cat","embeddable":true,"href":"https:\/\/kastenwagenzubehoer.de\/en\/wp-json\/wp\/v2\/product_cat?post=5141"},{"taxonomy":"product_tag","embeddable":true,"href":"https:\/\/kastenwagenzubehoer.de\/en\/wp-json\/wp\/v2\/product_tag?post=5141"}],"curies":[{"name":"wp","href":"https:\/\/api.w.org\/{rel}","templated":true}]}}