{"id":5145,"date":"2024-06-26T10:18:48","date_gmt":"2024-06-26T10:18:48","guid":{"rendered":"https:\/\/kastenwagenzubehoer.de\/?post_type=product&#038;p=5145"},"modified":"2025-09-02T07:51:00","modified_gmt":"2025-09-02T07:51:00","slug":"pcs-tischbein-mit-drehkopf-silber","status":"publish","type":"product","link":"https:\/\/kastenwagenzubehoer.de\/en\/product\/pcs-tischbein-mit-drehkopf-silber\/","title":{"rendered":"PCS Tischbein mit Drehkopf (Silber)"},"content":{"rendered":"<h2 data-start=\"280\" data-end=\"354\"><span style=\"color: #ffffff;\">PCS Tischbein mit Drehkopf \u2013 flexibel, stabil und korrosionsbest\u00e4ndig<\/span><\/h2>\n<p data-start=\"356\" data-end=\"586\">Das <strong data-start=\"360\" data-end=\"390\">PCS Tischbein mit Drehkopf<\/strong> \u00fcberzeugt durch hohe Funktionalit\u00e4t und eine erstklassige Verarbeitung.<br data-start=\"462\" data-end=\"465\" \/>Egal ob auf Booten, in Wohnmobilen oder im Wohnbereich \u2013 es bietet maximale Flexibilit\u00e4t, Stabilit\u00e4t und Langlebigkeit.<\/p>\n<hr data-start=\"588\" data-end=\"591\" \/>\n<h3 data-start=\"593\" data-end=\"617\"><span style=\"color: #ffffff;\">Schnelle Demontage<\/span><\/h3>\n<p data-start=\"618\" data-end=\"780\">Das Tischbein l\u00e4sst sich ohne gro\u00dfen Aufwand abbauen und jederzeit flexibel einsetzen.<br data-start=\"704\" data-end=\"707\" \/>Eine ideale L\u00f6sung f\u00fcr den mobilen Einsatz und h\u00e4ufige Standortwechsel.<\/p>\n<h3 data-start=\"782\" data-end=\"805\"><span style=\"color: #ffffff;\">Kompaktes Packma\u00df<\/span><\/h3>\n<p data-start=\"806\" data-end=\"973\">Das platzsparende Design sorgt f\u00fcr minimalen Stauraumbedarf und erleichtert den Transport.<br data-start=\"896\" data-end=\"899\" \/>Perfekt geeignet f\u00fcr Reisen oder Umgebungen mit begrenztem Platzangebot.<\/p>\n<h3 data-start=\"975\" data-end=\"1003\"><span style=\"color: #ffffff;\">Ergonomische PP-Griffe<\/span><\/h3>\n<p data-start=\"1004\" data-end=\"1194\">Die Griffe aus Polypropylen erm\u00f6glichen eine werkzeugfreie Fixierung des Tischbeins in jeder gew\u00fcnschten Position.<br data-start=\"1118\" data-end=\"1121\" \/>So l\u00e4sst sich der Tisch optimal an individuelle Anforderungen anpassen.<\/p>\n<h3 data-start=\"1196\" data-end=\"1220\"><span style=\"color: #ffffff;\">Seewasserresistent<\/span><\/h3>\n<p data-start=\"1221\" data-end=\"1407\">Gefertigt aus eloxiertem Aluminium ist das Tischbein widerstandsf\u00e4hig gegen Korrosion durch Seewasser.<br data-start=\"1323\" data-end=\"1326\" \/>Damit eignet es sich auch f\u00fcr den Einsatz in maritimen und feuchten Umgebungen.<\/p>\n<h3 data-start=\"1409\" data-end=\"1443\"><span style=\"color: #ffffff;\">Befestigungsplatte inklusive<\/span><\/h3>\n<p data-start=\"1444\" data-end=\"1624\">Im Lieferumfang enthalten ist eine robuste Befestigungsplatte, die eine sichere Montage erm\u00f6glicht.<br data-start=\"1543\" data-end=\"1546\" \/>Dies gew\u00e4hrleistet zus\u00e4tzliche Stabilit\u00e4t und flexible Einsatzm\u00f6glichkeiten.<\/p>\n<hr data-start=\"1626\" data-end=\"1629\" \/>\n<h2 data-start=\"1631\" data-end=\"1657\"><span style=\"color: #ffffff;\">Vorteile im \u00dcberblick<\/span><\/h2>\n<ul data-start=\"1658\" data-end=\"1938\">\n<li data-start=\"1658\" data-end=\"1691\">\n<p data-start=\"1660\" data-end=\"1691\">Drehkopf f\u00fcr flexible Nutzung<\/p>\n<\/li>\n<li data-start=\"1692\" data-end=\"1747\">\n<p data-start=\"1694\" data-end=\"1747\">Hochwertige Materialien und langlebige Konstruktion<\/p>\n<\/li>\n<li data-start=\"1748\" data-end=\"1790\">\n<p data-start=\"1750\" data-end=\"1790\">Schneller Auf- und Abbau ohne Werkzeug<\/p>\n<\/li>\n<li data-start=\"1791\" data-end=\"1837\">\n<p data-start=\"1793\" data-end=\"1837\">Kompaktes, leicht transportierbares Design<\/p>\n<\/li>\n<li data-start=\"1838\" data-end=\"1885\">\n<p data-start=\"1840\" data-end=\"1885\">Best\u00e4ndig gegen seewasserbedingte Korrosion<\/p>\n<\/li>\n<li data-start=\"1886\" data-end=\"1938\">\n<p data-start=\"1888\" data-end=\"1938\">Sichere Montage dank stabiler Befestigungsplatte<\/p>\n<\/li>\n<\/ul>","protected":false},"excerpt":{"rendered":"<p>PCS Tischbein mit Drehkopf \u2013 flexibel, stabil und korrosionsbest\u00e4ndig Das PCS Tischbein mit Drehkopf \u00fcberzeugt durch hohe Funktionalit\u00e4t und eine erstklassige Verarbeitung.Egal ob auf Booten, in Wohnmobilen oder im Wohnbereich \u2013 es bietet maximale Flexibilit\u00e4t, Stabilit\u00e4t und Langlebigkeit. Schnelle Demontage Das Tischbein l\u00e4sst sich ohne gro\u00dfen Aufwand abbauen und jederzeit flexibel einsetzen.Eine ideale L\u00f6sung f\u00fcr [&hellip;]<\/p>\n","protected":false},"featured_media":5146,"comment_status":"open","ping_status":"closed","template":"","meta":{"_et_pb_use_builder":"","_et_pb_old_content":"","_et_gb_content_width":""},"product_brand":[],"product_cat":[96,230],"product_tag":[],"class_list":{"0":"post-5145","1":"product","2":"type-product","3":"status-publish","4":"has-post-thumbnail","6":"product_cat-aufbau","7":"product_cat-tischbeine","8":"product_shipping_class-versandkostenpauschale-i","10":"first","11":"instock","12":"taxable","13":"shipping-taxable","14":"purchasable","15":"product-type-simple"},"aioseo_notices":[],"_links":{"self":[{"href":"https:\/\/kastenwagenzubehoer.de\/en\/wp-json\/wp\/v2\/product\/5145","targetHints":{"allow":["GET"]}}],"collection":[{"href":"https:\/\/kastenwagenzubehoer.de\/en\/wp-json\/wp\/v2\/product"}],"about":[{"href":"https:\/\/kastenwagenzubehoer.de\/en\/wp-json\/wp\/v2\/types\/product"}],"replies":[{"embeddable":true,"href":"https:\/\/kastenwagenzubehoer.de\/en\/wp-json\/wp\/v2\/comments?post=5145"}],"wp:featuredmedia":[{"embeddable":true,"href":"https:\/\/kastenwagenzubehoer.de\/en\/wp-json\/wp\/v2\/media\/5146"}],"wp:attachment":[{"href":"https:\/\/kastenwagenzubehoer.de\/en\/wp-json\/wp\/v2\/media?parent=5145"}],"wp:term":[{"taxonomy":"product_brand","embeddable":true,"href":"https:\/\/kastenwagenzubehoer.de\/en\/wp-json\/wp\/v2\/product_brand?post=5145"},{"taxonomy":"product_cat","embeddable":true,"href":"https:\/\/kastenwagenzubehoer.de\/en\/wp-json\/wp\/v2\/product_cat?post=5145"},{"taxonomy":"product_tag","embeddable":true,"href":"https:\/\/kastenwagenzubehoer.de\/en\/wp-json\/wp\/v2\/product_tag?post=5145"}],"curies":[{"name":"wp","href":"https:\/\/api.w.org\/{rel}","templated":true}]}}