{"id":5149,"date":"2024-06-26T10:20:58","date_gmt":"2024-06-26T10:20:58","guid":{"rendered":"https:\/\/kastenwagenzubehoer.de\/?post_type=product&#038;p=5149"},"modified":"2025-09-02T07:44:59","modified_gmt":"2025-09-02T07:44:59","slug":"pcs-tischbein-schwarz","status":"publish","type":"product","link":"https:\/\/kastenwagenzubehoer.de\/en\/product\/pcs-tischbein-schwarz\/","title":{"rendered":"PCS Tischbein (Schwarz)"},"content":{"rendered":"<h2 data-start=\"213\" data-end=\"274\">PCS Tischbein \u2013 flexibel, stabil und korrosionsbest\u00e4ndig<\/h2>\n<p data-start=\"276\" data-end=\"481\">Das <strong data-start=\"280\" data-end=\"297\">PCS Tischbein<\/strong> \u00fcberzeugt durch hohe Funktionalit\u00e4t und erstklassige Verarbeitung.<br data-start=\"364\" data-end=\"367\" \/>Ob auf Booten, im Wohnmobil oder im Wohnbereich \u2013 es bietet maximale Flexibilit\u00e4t, Stabilit\u00e4t und Langlebigkeit.<\/p>\n<hr data-start=\"483\" data-end=\"486\" \/>\n<h3 data-start=\"488\" data-end=\"514\"><span style=\"color: #ffffff;\">Schnelle Demontage<\/span> \u26a1<\/h3>\n<p data-start=\"515\" data-end=\"671\">Das Tischbein l\u00e4sst sich unkompliziert und ohne gro\u00dfen Zeitaufwand abbauen.<br data-start=\"590\" data-end=\"593\" \/>Dies erm\u00f6glicht eine flexible Nutzung sowie einen einfachen Standortwechsel.<\/p>\n<h3 data-start=\"673\" data-end=\"698\"><span style=\"color: #ffffff;\">Kompaktes Design<\/span> \ud83d\udce6<\/h3>\n<p data-start=\"699\" data-end=\"898\">Durch das geringe Packma\u00df ben\u00f6tigt das Tischbein nur minimalen Stauraum und ist leicht zu transportieren.<br data-start=\"804\" data-end=\"807\" \/>Eine ideale L\u00f6sung f\u00fcr Anwender mit begrenztem Platzangebot oder f\u00fcr den mobilen Einsatz.<\/p>\n<h3 data-start=\"900\" data-end=\"928\"><span style=\"color: #ffffff;\">Ergonomische PP-Griffe<\/span><\/h3>\n<p data-start=\"929\" data-end=\"1090\">Die Griffe aus Polypropylen erlauben eine werkzeugfreie Fixierung in jeder gew\u00fcnschten Position.<br data-start=\"1025\" data-end=\"1028\" \/>So kann der Tisch jederzeit bedarfsgerecht angepasst werden.<\/p>\n<h3 data-start=\"1092\" data-end=\"1119\"><span style=\"color: #ffffff;\">Seewasserresistent<\/span> \ud83c\udf0a<\/h3>\n<p data-start=\"1120\" data-end=\"1296\">Dank eloxiertem Aluminium ist das Tischbein best\u00e4ndig gegen seewasserbedingte Korrosion.<br data-start=\"1208\" data-end=\"1211\" \/>Es eignet sich daher besonders f\u00fcr maritime Umgebungen und feuchte Einsatzbereiche.<\/p>\n<h3 data-start=\"1298\" data-end=\"1338\"><span style=\"color: #ffffff;\">Befestigungsplatte im Lieferumfang<\/span><\/h3>\n<p data-start=\"1339\" data-end=\"1507\">Zur sicheren Montage wird eine stabile Befestigungsplatte mitgeliefert.<br data-start=\"1410\" data-end=\"1413\" \/>Diese sorgt f\u00fcr zus\u00e4tzliche Stabilit\u00e4t und bietet flexible M\u00f6glichkeiten bei der Anbringung.<\/p>\n<hr data-start=\"1509\" data-end=\"1512\" \/>\n<h2 data-start=\"1514\" data-end=\"1543\"><span style=\"color: #ffffff;\">Vorteile auf einen Blick<\/span><\/h2>\n<ul data-start=\"1544\" data-end=\"1778\">\n<li data-start=\"1544\" data-end=\"1599\">\n<p data-start=\"1546\" data-end=\"1599\">Hochwertige Materialien und langlebige Konstruktion<\/p>\n<\/li>\n<li data-start=\"1600\" data-end=\"1658\">\n<p data-start=\"1602\" data-end=\"1658\">Flexibler Einsatzbereich: Boot, Wohnmobil oder Zuhause<\/p>\n<\/li>\n<li data-start=\"1659\" data-end=\"1706\">\n<p data-start=\"1661\" data-end=\"1706\">Kompakte Bauweise, leicht zu transportieren<\/p>\n<\/li>\n<li data-start=\"1707\" data-end=\"1778\">\n<p data-start=\"1709\" data-end=\"1778\">Korrosionsbest\u00e4ndig und besonders f\u00fcr maritime Bedingungen geeignet<\/p>\n<\/li>\n<\/ul>","protected":false},"excerpt":{"rendered":"<p>PCS Tischbein \u2013 flexibel, stabil und korrosionsbest\u00e4ndig Das PCS Tischbein \u00fcberzeugt durch hohe Funktionalit\u00e4t und erstklassige Verarbeitung.Ob auf Booten, im Wohnmobil oder im Wohnbereich \u2013 es bietet maximale Flexibilit\u00e4t, Stabilit\u00e4t und Langlebigkeit. Schnelle Demontage \u26a1 Das Tischbein l\u00e4sst sich unkompliziert und ohne gro\u00dfen Zeitaufwand abbauen.Dies erm\u00f6glicht eine flexible Nutzung sowie einen einfachen Standortwechsel. Kompaktes Design [&hellip;]<\/p>\n","protected":false},"featured_media":5162,"comment_status":"open","ping_status":"closed","template":"","meta":{"_et_pb_use_builder":"","_et_pb_old_content":"","_et_gb_content_width":""},"product_brand":[],"product_cat":[96,230],"product_tag":[],"class_list":{"0":"post-5149","1":"product","2":"type-product","3":"status-publish","4":"has-post-thumbnail","6":"product_cat-aufbau","7":"product_cat-tischbeine","8":"product_shipping_class-versandkostenpauschale-i","10":"first","11":"instock","12":"taxable","13":"shipping-taxable","14":"purchasable","15":"product-type-simple"},"aioseo_notices":[],"_links":{"self":[{"href":"https:\/\/kastenwagenzubehoer.de\/en\/wp-json\/wp\/v2\/product\/5149","targetHints":{"allow":["GET"]}}],"collection":[{"href":"https:\/\/kastenwagenzubehoer.de\/en\/wp-json\/wp\/v2\/product"}],"about":[{"href":"https:\/\/kastenwagenzubehoer.de\/en\/wp-json\/wp\/v2\/types\/product"}],"replies":[{"embeddable":true,"href":"https:\/\/kastenwagenzubehoer.de\/en\/wp-json\/wp\/v2\/comments?post=5149"}],"wp:featuredmedia":[{"embeddable":true,"href":"https:\/\/kastenwagenzubehoer.de\/en\/wp-json\/wp\/v2\/media\/5162"}],"wp:attachment":[{"href":"https:\/\/kastenwagenzubehoer.de\/en\/wp-json\/wp\/v2\/media?parent=5149"}],"wp:term":[{"taxonomy":"product_brand","embeddable":true,"href":"https:\/\/kastenwagenzubehoer.de\/en\/wp-json\/wp\/v2\/product_brand?post=5149"},{"taxonomy":"product_cat","embeddable":true,"href":"https:\/\/kastenwagenzubehoer.de\/en\/wp-json\/wp\/v2\/product_cat?post=5149"},{"taxonomy":"product_tag","embeddable":true,"href":"https:\/\/kastenwagenzubehoer.de\/en\/wp-json\/wp\/v2\/product_tag?post=5149"}],"curies":[{"name":"wp","href":"https:\/\/api.w.org\/{rel}","templated":true}]}}