{"id":561,"date":"2021-08-10T09:49:12","date_gmt":"2021-08-10T09:49:12","guid":{"rendered":"https:\/\/kastenwagenzubehoer.de\/?post_type=product&#038;p=561"},"modified":"2025-09-15T09:15:51","modified_gmt":"2025-09-15T09:15:51","slug":"pcs-adapterkabel-6-pol-auf-6-pol-fuer-rueckfahrkamera","status":"publish","type":"product","link":"https:\/\/kastenwagenzubehoer.de\/en\/product\/pcs-adapterkabel-6-pol-auf-6-pol-fuer-rueckfahrkamera\/","title":{"rendered":"Adapterkabel 6 POL (m) auf 6 POL (m) f\u00fcr PCS R\u00fcckfahrkamera"},"content":{"rendered":"<h2 data-start=\"105\" data-end=\"125\"><span style=\"color: #ffffff;\">Produkthighlights<\/span><\/h2>\n<ul data-start=\"126\" data-end=\"644\">\n<li data-start=\"126\" data-end=\"255\">\n<p data-start=\"128\" data-end=\"255\">Erm\u00f6glicht den Anschluss einer <strong data-start=\"159\" data-end=\"201\">PCS R\u00fcckfahrkamera (6-Pol, Sony Linse)<\/strong> an ein bereits vorhandenes <strong data-start=\"229\" data-end=\"253\">6-Pol Kabel von ESX\u00ae<\/strong><\/p>\n<\/li>\n<li data-start=\"256\" data-end=\"324\">\n<p data-start=\"258\" data-end=\"324\">Kein neues Kabel erforderlich \u2013 einfache und saubere Nachr\u00fcstung<\/p>\n<\/li>\n<li data-start=\"325\" data-end=\"412\">\n<p data-start=\"327\" data-end=\"412\"><strong data-start=\"327\" data-end=\"354\">Direkte Kabelverbindung<\/strong> sorgt f\u00fcr eine stabile Signal\u00fcbertragung ohne Aussetzer<\/p>\n<\/li>\n<li data-start=\"413\" data-end=\"508\">\n<p data-start=\"415\" data-end=\"508\"><strong data-start=\"415\" data-end=\"443\">QuickSafe-Gewindestecker<\/strong> garantieren sicheren Halt und eine unkomplizierte Installation<\/p>\n<\/li>\n<li data-start=\"509\" data-end=\"644\">\n<p data-start=\"511\" data-end=\"644\">Alle n\u00f6tigen Leitungen f\u00fcr <strong data-start=\"538\" data-end=\"563\">Strom- und Bildsignal<\/strong> sind bereits integriert \u2013 keine weiteren Anschl\u00fcsse oder Zusatzkabel notwendig<\/p>\n<\/li>\n<\/ul>\n<hr data-start=\"646\" data-end=\"649\" \/>\n<h2 data-start=\"651\" data-end=\"664\"><span style=\"color: #ffffff;\">Anschl\u00fcsse<\/span><\/h2>\n<ul data-start=\"665\" data-end=\"814\">\n<li data-start=\"665\" data-end=\"735\">\n<p data-start=\"667\" data-end=\"735\">Seite 1: 6-Pol male QuickSafe Stecker mit Gewinde (f\u00fcr ESX\u00ae Kabel)<\/p>\n<\/li>\n<li data-start=\"736\" data-end=\"814\">\n<p data-start=\"738\" data-end=\"814\">Seite 2: 6-Pol male QuickSafe Stecker mit Gewinde (f\u00fcr PCS R\u00fcckfahrkamera)<\/p>\n<\/li>\n<\/ul>","protected":false},"excerpt":{"rendered":"<p>Produkthighlights Erm\u00f6glicht den Anschluss einer PCS R\u00fcckfahrkamera (6-Pol, Sony Linse) an ein bereits vorhandenes 6-Pol Kabel von ESX\u00ae Kein neues Kabel erforderlich \u2013 einfache und saubere Nachr\u00fcstung Direkte Kabelverbindung sorgt f\u00fcr eine stabile Signal\u00fcbertragung ohne Aussetzer QuickSafe-Gewindestecker garantieren sicheren Halt und eine unkomplizierte Installation Alle n\u00f6tigen Leitungen f\u00fcr Strom- und Bildsignal sind bereits integriert \u2013 [&hellip;]<\/p>\n","protected":false},"featured_media":1315,"comment_status":"open","ping_status":"closed","template":"","meta":{"_et_pb_use_builder":"","_et_pb_old_content":"","_et_gb_content_width":""},"product_brand":[],"product_cat":[243,147],"product_tag":[128],"class_list":{"0":"post-561","1":"product","2":"type-product","3":"status-publish","4":"has-post-thumbnail","6":"product_cat-adapter","7":"product_cat-rueckfahrkameras","8":"product_tag-pcs-adapterkabel-6-pol-auf-6-pol-fuer-rueckfahrkamera","9":"product_shipping_class-versandkostenpauschale-i","11":"first","12":"instock","13":"taxable","14":"shipping-taxable","15":"purchasable","16":"product-type-simple"},"aioseo_notices":[],"_links":{"self":[{"href":"https:\/\/kastenwagenzubehoer.de\/en\/wp-json\/wp\/v2\/product\/561","targetHints":{"allow":["GET"]}}],"collection":[{"href":"https:\/\/kastenwagenzubehoer.de\/en\/wp-json\/wp\/v2\/product"}],"about":[{"href":"https:\/\/kastenwagenzubehoer.de\/en\/wp-json\/wp\/v2\/types\/product"}],"replies":[{"embeddable":true,"href":"https:\/\/kastenwagenzubehoer.de\/en\/wp-json\/wp\/v2\/comments?post=561"}],"wp:featuredmedia":[{"embeddable":true,"href":"https:\/\/kastenwagenzubehoer.de\/en\/wp-json\/wp\/v2\/media\/1315"}],"wp:attachment":[{"href":"https:\/\/kastenwagenzubehoer.de\/en\/wp-json\/wp\/v2\/media?parent=561"}],"wp:term":[{"taxonomy":"product_brand","embeddable":true,"href":"https:\/\/kastenwagenzubehoer.de\/en\/wp-json\/wp\/v2\/product_brand?post=561"},{"taxonomy":"product_cat","embeddable":true,"href":"https:\/\/kastenwagenzubehoer.de\/en\/wp-json\/wp\/v2\/product_cat?post=561"},{"taxonomy":"product_tag","embeddable":true,"href":"https:\/\/kastenwagenzubehoer.de\/en\/wp-json\/wp\/v2\/product_tag?post=561"}],"curies":[{"name":"wp","href":"https:\/\/api.w.org\/{rel}","templated":true}]}}