{"id":5716,"date":"2024-08-28T07:40:30","date_gmt":"2024-08-28T07:40:30","guid":{"rendered":"https:\/\/kastenwagenzubehoer.de\/?post_type=product&#038;p=5716"},"modified":"2025-11-11T13:10:25","modified_gmt":"2025-11-11T13:10:25","slug":"plus-fan-dachluefter","status":"publish","type":"product","link":"https:\/\/kastenwagenzubehoer.de\/en\/product\/plus-fan-dachluefter\/","title":{"rendered":"PLUS FAN Dachl\u00fcfter 12V | Neues Modell, Neue Platine |"},"content":{"rendered":"<h2 data-start=\"104\" data-end=\"178\">\ud83c\udf2c\ufe0f<span style=\"color: #ffffff;\"> PLUS FAN \u2013 12 V Dachl\u00fcftungsanlage mit Thermostat &amp; Fernbedienung<\/span><\/h2>\n<p data-start=\"180\" data-end=\"533\">Der <strong data-start=\"184\" data-end=\"196\">PLUS FAN<\/strong> ist eine leistungsstarke 12-Volt-Dachl\u00fcftungsanlage, die f\u00fcr Komfort und Flexibilit\u00e4t in Ihrem Fahrzeug sorgt.<br data-start=\"307\" data-end=\"310\" \/>Mit ge\u00f6ffneter Klappe erm\u00f6glicht er wahlweise <strong data-start=\"356\" data-end=\"375\">Au\u00dfenluftzufuhr<\/strong> oder den <strong data-start=\"385\" data-end=\"408\">Abzug der Innenluft<\/strong>.<br data-start=\"409\" data-end=\"412\" \/>Bei geschlossener Klappe arbeitet der PLUS FAN als <strong data-start=\"463\" data-end=\"479\">Umluftsystem<\/strong>, das die Innenraumluft effizient zirkulieren l\u00e4sst.<\/p>\n<p data-start=\"535\" data-end=\"817\">Dank des integrierten <strong data-start=\"557\" data-end=\"587\">elektronischen Thermostats<\/strong> k\u00f6nnen Sie die gew\u00fcnschte Temperatur einstellen \u2013 die Anlage passt den Betriebsmodus automatisch an.<br data-start=\"688\" data-end=\"691\" \/>Die Bedienung erfolgt komfortabel \u00fcber <strong data-start=\"730\" data-end=\"773\">manuelle Steuerung, elektrische \u00d6ffnung<\/strong> oder die mitgelieferte <strong data-start=\"797\" data-end=\"814\">Fernbedienung<\/strong>.<\/p>\n<hr data-start=\"819\" data-end=\"822\" \/>\n<h3 data-start=\"824\" data-end=\"838\">\u2728 <span style=\"color: #ffffff;\">Merkmale<\/span><\/h3>\n<ul data-start=\"839\" data-end=\"1103\">\n<li data-start=\"839\" data-end=\"890\">\n<p data-start=\"841\" data-end=\"890\"><strong data-start=\"841\" data-end=\"861\">10 Gebl\u00e4sestufen<\/strong> f\u00fcr individuelle Bel\u00fcftung<\/p>\n<\/li>\n<li data-start=\"891\" data-end=\"966\">\n<p data-start=\"893\" data-end=\"966\"><strong data-start=\"893\" data-end=\"921\">Automatische Umschaltung<\/strong> zwischen Zu- und Abluft je nach Temperatur<\/p>\n<\/li>\n<li data-start=\"967\" data-end=\"1027\">\n<p data-start=\"969\" data-end=\"1027\"><strong data-start=\"969\" data-end=\"989\">Leise im Betrieb<\/strong> (\u2264 29 dB bis \u2264 53 dB je nach Stufe)<\/p>\n<\/li>\n<li data-start=\"1028\" data-end=\"1103\">\n<p data-start=\"1030\" data-end=\"1103\"><strong data-start=\"1030\" data-end=\"1058\">Integriertes Moskitonetz<\/strong> und <strong data-start=\"1063\" data-end=\"1085\">Verdunkelungsrollo<\/strong> im Lieferumfang<\/p>\n<\/li>\n<\/ul>\n<hr data-start=\"1105\" data-end=\"1108\" \/>\n<h3 data-start=\"1110\" data-end=\"1133\">\u2699\ufe0f <span style=\"color: #ffffff;\">Technische Daten<\/span><\/h3>\n<ul data-start=\"1134\" data-end=\"1632\">\n<li data-start=\"1134\" data-end=\"1158\">\n<p data-start=\"1136\" data-end=\"1158\">Normalspannung: 12 V<\/p>\n<\/li>\n<li data-start=\"1159\" data-end=\"1187\">\n<p data-start=\"1161\" data-end=\"1187\">Betriebsspannung: 9\u201316 V<\/p>\n<\/li>\n<li data-start=\"1188\" data-end=\"1254\">\n<p data-start=\"1190\" data-end=\"1254\">Stromaufnahme: 0,25 \u2013 1,6 A (max. 2,0 A bei blockiertem Rotor)<\/p>\n<\/li>\n<li data-start=\"1255\" data-end=\"1316\">\n<p data-start=\"1257\" data-end=\"1316\">Volllastleistung: 20 W + 4 W (max. Gebl\u00e4se + Beleuchtung)<\/p>\n<\/li>\n<li data-start=\"1317\" data-end=\"1351\">\n<p data-start=\"1319\" data-end=\"1351\">Luftvolumen: bis zu 3.000 m\u00b3\/h<\/p>\n<\/li>\n<li data-start=\"1352\" data-end=\"1371\">\n<p data-start=\"1354\" data-end=\"1371\">Schutzart: IPX4<\/p>\n<\/li>\n<li data-start=\"1372\" data-end=\"1512\">\n<p data-start=\"1374\" data-end=\"1390\">Ger\u00e4uschpegel:<\/p>\n<ul data-start=\"1393\" data-end=\"1512\">\n<li data-start=\"1393\" data-end=\"1451\">\n<p data-start=\"1395\" data-end=\"1451\">Au\u00dfenluftzufuhr: \u2264 29 dB (Stufe 4), \u2264 47 dB (Stufe 10)<\/p>\n<\/li>\n<li data-start=\"1454\" data-end=\"1512\">\n<p data-start=\"1456\" data-end=\"1512\">Innenluft-Abzug: \u2264 32 dB (Stufe 4), \u2264 53 dB (Stufe 10)<\/p>\n<\/li>\n<\/ul>\n<\/li>\n<li data-start=\"1513\" data-end=\"1540\">\n<p data-start=\"1515\" data-end=\"1540\">Dach\u00f6ffnung: 40 \u00d7 40 cm<\/p>\n<\/li>\n<li data-start=\"1541\" data-end=\"1567\">\n<p data-start=\"1543\" data-end=\"1567\">Dachst\u00e4rke: 27 \u2013 80 mm<\/p>\n<\/li>\n<li data-start=\"1568\" data-end=\"1608\">\n<p data-start=\"1570\" data-end=\"1608\">Abmessungen (L\u00d7B\u00d7H): 61 \u00d7 47 \u00d7 23 cm<\/p>\n<\/li>\n<li data-start=\"1609\" data-end=\"1632\">\n<p data-start=\"1611\" data-end=\"1632\">Gewicht: ca. 4,7 kg<\/p>\n<\/li>\n<\/ul>\n<hr data-start=\"1634\" data-end=\"1637\" \/>\n<h3 data-start=\"1639\" data-end=\"1658\">\ud83d\udce6 <span style=\"color: #ffffff;\">Lieferumfang<\/span><\/h3>\n<ul data-start=\"1659\" data-end=\"1721\">\n<li data-start=\"1659\" data-end=\"1682\">\n<p data-start=\"1661\" data-end=\"1682\">PLUS FAN Dachl\u00fcfter<\/p>\n<\/li>\n<li data-start=\"1683\" data-end=\"1698\">\n<p data-start=\"1685\" data-end=\"1698\">Moskitonetz<\/p>\n<\/li>\n<li data-start=\"1699\" data-end=\"1721\">\n<p data-start=\"1701\" data-end=\"1721\">Verdunkelungsrollo<\/p>\n<\/li>\n<\/ul>","protected":false},"excerpt":{"rendered":"<p>\ud83c\udf2c\ufe0f PLUS FAN \u2013 12 V Dachl\u00fcftungsanlage mit Thermostat &amp; Fernbedienung Der PLUS FAN ist eine leistungsstarke 12-Volt-Dachl\u00fcftungsanlage, die f\u00fcr Komfort und Flexibilit\u00e4t in Ihrem Fahrzeug sorgt.Mit ge\u00f6ffneter Klappe erm\u00f6glicht er wahlweise Au\u00dfenluftzufuhr oder den Abzug der Innenluft.Bei geschlossener Klappe arbeitet der PLUS FAN als Umluftsystem, das die Innenraumluft effizient zirkulieren l\u00e4sst. Dank des integrierten [&hellip;]<\/p>\n","protected":false},"featured_media":8503,"comment_status":"open","ping_status":"closed","template":"","meta":{"_et_pb_use_builder":"","_et_pb_old_content":"","_et_gb_content_width":""},"product_brand":[],"product_cat":[96,229],"product_tag":[],"class_list":{"0":"post-5716","1":"product","2":"type-product","3":"status-publish","4":"has-post-thumbnail","6":"product_cat-aufbau","7":"product_cat-dachluefter","8":"product_shipping_class-versandkostenpauschale-ii","10":"first","11":"instock","12":"taxable","13":"shipping-taxable","14":"purchasable","15":"product-type-variable"},"aioseo_notices":[],"_links":{"self":[{"href":"https:\/\/kastenwagenzubehoer.de\/en\/wp-json\/wp\/v2\/product\/5716","targetHints":{"allow":["GET"]}}],"collection":[{"href":"https:\/\/kastenwagenzubehoer.de\/en\/wp-json\/wp\/v2\/product"}],"about":[{"href":"https:\/\/kastenwagenzubehoer.de\/en\/wp-json\/wp\/v2\/types\/product"}],"replies":[{"embeddable":true,"href":"https:\/\/kastenwagenzubehoer.de\/en\/wp-json\/wp\/v2\/comments?post=5716"}],"wp:featuredmedia":[{"embeddable":true,"href":"https:\/\/kastenwagenzubehoer.de\/en\/wp-json\/wp\/v2\/media\/8503"}],"wp:attachment":[{"href":"https:\/\/kastenwagenzubehoer.de\/en\/wp-json\/wp\/v2\/media?parent=5716"}],"wp:term":[{"taxonomy":"product_brand","embeddable":true,"href":"https:\/\/kastenwagenzubehoer.de\/en\/wp-json\/wp\/v2\/product_brand?post=5716"},{"taxonomy":"product_cat","embeddable":true,"href":"https:\/\/kastenwagenzubehoer.de\/en\/wp-json\/wp\/v2\/product_cat?post=5716"},{"taxonomy":"product_tag","embeddable":true,"href":"https:\/\/kastenwagenzubehoer.de\/en\/wp-json\/wp\/v2\/product_tag?post=5716"}],"curies":[{"name":"wp","href":"https:\/\/api.w.org\/{rel}","templated":true}]}}