{"id":5737,"date":"2024-08-30T10:54:55","date_gmt":"2024-08-30T10:54:55","guid":{"rendered":"https:\/\/kastenwagenzubehoer.de\/?post_type=product&#038;p=5737"},"modified":"2025-08-29T10:45:13","modified_gmt":"2025-08-29T10:45:13","slug":"rv-kassettentoilette","status":"publish","type":"product","link":"https:\/\/kastenwagenzubehoer.de\/en\/product\/rv-kassettentoilette\/","title":{"rendered":"RV Kassettentoilette"},"content":{"rendered":"<h1 data-start=\"159\" data-end=\"220\">\ud83d\udebd <span style=\"color: #ffffff;\">Tragbare Kassettentoilette mit 17,2-Liter-F\u00e4kalientank<\/span><\/h1>\n<p data-start=\"222\" data-end=\"462\">Diese <strong data-start=\"228\" data-end=\"258\">tragbare Kassettentoilette<\/strong> ist die ideale L\u00f6sung f\u00fcr Reisemobile, Boote oder Campingpl\u00e4tze. Dank ihres durchdachten Designs und der kompakten Bauweise l\u00e4sst sie sich platzsparend einsetzen, ohne auf Komfort verzichten zu m\u00fcssen.<\/p>\n<hr data-start=\"464\" data-end=\"467\" \/>\n<h3 data-start=\"469\" data-end=\"492\">\ud83c\udf1f <span style=\"color: #ffffff;\">Besonderheiten<\/span><\/h3>\n<ul data-start=\"493\" data-end=\"875\">\n<li data-start=\"493\" data-end=\"590\">\n<p data-start=\"495\" data-end=\"590\">Sitz um bis zu <strong data-start=\"510\" data-end=\"549\">90\u00b0 in beide Richtungen verstellbar<\/strong> \u2013 f\u00fcr flexible Nutzung in engen R\u00e4umen<\/p>\n<\/li>\n<li data-start=\"591\" data-end=\"647\">\n<p data-start=\"593\" data-end=\"647\"><strong data-start=\"593\" data-end=\"612\">Soft-Close-Sitz<\/strong> f\u00fcr leises und sanftes Schlie\u00dfen<\/p>\n<\/li>\n<li data-start=\"648\" data-end=\"706\">\n<p data-start=\"650\" data-end=\"706\"><strong data-start=\"650\" data-end=\"667\">Leichtgewicht<\/strong> mit praktischer <strong data-start=\"684\" data-end=\"704\">Eco-Sp\u00fclfunktion<\/strong><\/p>\n<\/li>\n<li data-start=\"707\" data-end=\"756\">\n<p data-start=\"709\" data-end=\"756\"><strong data-start=\"709\" data-end=\"736\">17,2 l Fassungsverm\u00f6gen<\/strong> des F\u00e4kalientanks<\/p>\n<\/li>\n<li data-start=\"757\" data-end=\"805\">\n<p data-start=\"759\" data-end=\"805\"><strong data-start=\"759\" data-end=\"783\">Komfortable Sitzh\u00f6he<\/strong> f\u00fcr bequemes Sitzen<\/p>\n<\/li>\n<li data-start=\"806\" data-end=\"875\">\n<p data-start=\"808\" data-end=\"875\"><strong data-start=\"808\" data-end=\"830\">Externe Zugangst\u00fcr<\/strong> f\u00fcr die Kassette im Lieferumfang enthalten<\/p>\n<\/li>\n<\/ul>\n<hr data-start=\"877\" data-end=\"880\" \/>\n<h3 data-start=\"882\" data-end=\"907\">\u2699\ufe0f<span style=\"color: #ffffff;\"> Technische Daten<\/span><\/h3>\n<ul data-start=\"908\" data-end=\"988\">\n<li data-start=\"908\" data-end=\"959\">\n<p data-start=\"910\" data-end=\"959\"><strong data-start=\"910\" data-end=\"926\">Abmessungen:<\/strong> 577 (L) \u00d7 370 (B) \u00d7 538 mm (H)<\/p>\n<\/li>\n<li data-start=\"960\" data-end=\"988\">\n<p data-start=\"962\" data-end=\"988\"><strong data-start=\"962\" data-end=\"979\">Nettogewicht:<\/strong> 8,3 kg<\/p>\n<\/li>\n<\/ul>\n<hr data-start=\"990\" data-end=\"993\" \/>\n<p data-start=\"995\" data-end=\"1073\">\u2728 <strong data-start=\"997\" data-end=\"1071\">Kompakt, flexibel und komfortabel \u2013 die perfekte L\u00f6sung f\u00fcr unterwegs!<\/strong><\/p>","protected":false},"excerpt":{"rendered":"<p>\ud83d\udebd Tragbare Kassettentoilette mit 17,2-Liter-F\u00e4kalientank Diese tragbare Kassettentoilette ist die ideale L\u00f6sung f\u00fcr Reisemobile, Boote oder Campingpl\u00e4tze. Dank ihres durchdachten Designs und der kompakten Bauweise l\u00e4sst sie sich platzsparend einsetzen, ohne auf Komfort verzichten zu m\u00fcssen. \ud83c\udf1f Besonderheiten Sitz um bis zu 90\u00b0 in beide Richtungen verstellbar \u2013 f\u00fcr flexible Nutzung in engen R\u00e4umen Soft-Close-Sitz [&hellip;]<\/p>\n","protected":false},"featured_media":5740,"comment_status":"open","ping_status":"closed","template":"","meta":{"_et_pb_use_builder":"","_et_pb_old_content":"","_et_gb_content_width":""},"product_brand":[],"product_cat":[252,95],"product_tag":[],"class_list":{"0":"post-5737","1":"product","2":"type-product","3":"status-publish","4":"has-post-thumbnail","6":"product_cat-toiletten","7":"product_cat-zubehoer","8":"product_shipping_class-versandkostenpauschale-ii","10":"first","11":"instock","12":"taxable","13":"shipping-taxable","14":"purchasable","15":"product-type-simple"},"aioseo_notices":[],"_links":{"self":[{"href":"https:\/\/kastenwagenzubehoer.de\/en\/wp-json\/wp\/v2\/product\/5737","targetHints":{"allow":["GET"]}}],"collection":[{"href":"https:\/\/kastenwagenzubehoer.de\/en\/wp-json\/wp\/v2\/product"}],"about":[{"href":"https:\/\/kastenwagenzubehoer.de\/en\/wp-json\/wp\/v2\/types\/product"}],"replies":[{"embeddable":true,"href":"https:\/\/kastenwagenzubehoer.de\/en\/wp-json\/wp\/v2\/comments?post=5737"}],"wp:featuredmedia":[{"embeddable":true,"href":"https:\/\/kastenwagenzubehoer.de\/en\/wp-json\/wp\/v2\/media\/5740"}],"wp:attachment":[{"href":"https:\/\/kastenwagenzubehoer.de\/en\/wp-json\/wp\/v2\/media?parent=5737"}],"wp:term":[{"taxonomy":"product_brand","embeddable":true,"href":"https:\/\/kastenwagenzubehoer.de\/en\/wp-json\/wp\/v2\/product_brand?post=5737"},{"taxonomy":"product_cat","embeddable":true,"href":"https:\/\/kastenwagenzubehoer.de\/en\/wp-json\/wp\/v2\/product_cat?post=5737"},{"taxonomy":"product_tag","embeddable":true,"href":"https:\/\/kastenwagenzubehoer.de\/en\/wp-json\/wp\/v2\/product_tag?post=5737"}],"curies":[{"name":"wp","href":"https:\/\/api.w.org\/{rel}","templated":true}]}}